{"id":1026,"date":"2021-06-03T18:09:13","date_gmt":"2021-06-03T18:09:13","guid":{"rendered":"https:\/\/m365-boutique.fr\/produit\/cache-feux-arriere-pour-xiaomi-m365-m365-pro"},"modified":"2023-12-23T16:36:51","modified_gmt":"2023-12-23T14:36:51","slug":"cache-feux-arriere-pour-xiaomi-m365-m365-pro","status":"publish","type":"product","link":"https:\/\/m365-boutique.fr\/?product=cache-feux-arriere-pour-xiaomi-m365-m365-pro","title":{"rendered":"Cache feux arri\u00e8re pour Xiaomi M365\/M365 Pro"},"content":{"rendered":"<p>Cache feux arri\u00e8re pour Xiaomi M365 \/ M365 Pro<\/p>\n<p>Permet de remplacer le cache rouge en cas de casse. Fourni avec le cache arri\u00e8re et vis.<\/p>\n","protected":false},"excerpt":{"rendered":"<p>Cache feux arri\u00e8re pour Xiaomi M365 \/ M365 Pro Permet de remplacer le cache rouge en cas de casse. Fourni avec le cache arri\u00e8re et vis.<\/p>\n","protected":false},"featured_media":1023,"comment_status":"open","ping_status":"closed","template":"","meta":[],"product_brand":[],"product_cat":[19],"product_tag":[],"class_list":{"0":"post-1026","1":"product","2":"type-product","3":"status-publish","4":"has-post-thumbnail","6":"product_cat-boutique","8":"first","9":"instock","10":"sale","11":"purchasable","12":"product-type-simple"},"aioseo_notices":[],"jetpack-related-posts":[{"id":407,"url":"https:\/\/m365-boutique.fr\/?product=feux-arriere-pour-xiaomi-m365-m365-pro","url_meta":{"origin":1026,"position":0},"title":"Feux arri\u00e8re pour Xiaomi M365\/M365 Pro","author":"m365boutique","date":"6 juillet 2020","format":false,"excerpt":"Feux arri\u00e8re avec son cable pour Xiaomi M365 & M365 Pro. Facile d\u2019installation.","rel":"","context":"Avec 17 commentaires","block_context":{"text":"Avec 17 commentaires","link":"https:\/\/m365-boutique.fr\/?product=feux-arriere-pour-xiaomi-m365-m365-pro#comments"},"img":{"alt_text":"","src":"https:\/\/i0.wp.com\/m365-boutique.fr\/wp-content\/uploads\/2020\/07\/F089D223-A157-4306-ABCC-651D51A70CC3.jpeg?resize=350%2C200&ssl=1","width":350,"height":200,"srcset":"https:\/\/i0.wp.com\/m365-boutique.fr\/wp-content\/uploads\/2020\/07\/F089D223-A157-4306-ABCC-651D51A70CC3.jpeg?resize=350%2C200&ssl=1 1x, https:\/\/i0.wp.com\/m365-boutique.fr\/wp-content\/uploads\/2020\/07\/F089D223-A157-4306-ABCC-651D51A70CC3.jpeg?resize=525%2C300&ssl=1 1.5x, https:\/\/i0.wp.com\/m365-boutique.fr\/wp-content\/uploads\/2020\/07\/F089D223-A157-4306-ABCC-651D51A70CC3.jpeg?resize=700%2C400&ssl=1 2x, https:\/\/i0.wp.com\/m365-boutique.fr\/wp-content\/uploads\/2020\/07\/F089D223-A157-4306-ABCC-651D51A70CC3.jpeg?resize=1050%2C600&ssl=1 3x"},"classes":[]},{"id":1899,"url":"https:\/\/m365-boutique.fr\/?product=cable-de-connexion-feux-arriere-pour-xiaomi-m365-m365-pro-essential-1s-mi-scooter-3","url_meta":{"origin":1026,"position":1},"title":"C\u00e2ble de connexion feux arri\u00e8re pour Xiaomi M365\/M365 Pro\/Essential\/1S\/Mi Scooter 3","author":"m365boutique","date":"9 mai 2022","format":false,"excerpt":"C\u00e2ble de conexion feux arri\u00e8re pour Xiaomi M365 \/ M365 Pro \/ Essential \/ 1S \/ Mi Scooter 3 Permet de remplacer le c\u00e2ble qui relie la batterie \u00e0 votre feux arri\u00e8re de trottinette \u00e9lectrique.","rel":"","context":"Avec 6 commentaires","block_context":{"text":"Avec 6 commentaires","link":"https:\/\/m365-boutique.fr\/?product=cable-de-connexion-feux-arriere-pour-xiaomi-m365-m365-pro-essential-1s-mi-scooter-3#comments"},"img":{"alt_text":"","src":"https:\/\/i0.wp.com\/m365-boutique.fr\/wp-content\/uploads\/2022\/05\/img_6749.jpeg?resize=350%2C200&ssl=1","width":350,"height":200,"srcset":"https:\/\/i0.wp.com\/m365-boutique.fr\/wp-content\/uploads\/2022\/05\/img_6749.jpeg?resize=350%2C200&ssl=1 1x, https:\/\/i0.wp.com\/m365-boutique.fr\/wp-content\/uploads\/2022\/05\/img_6749.jpeg?resize=525%2C300&ssl=1 1.5x, https:\/\/i0.wp.com\/m365-boutique.fr\/wp-content\/uploads\/2022\/05\/img_6749.jpeg?resize=700%2C400&ssl=1 2x, https:\/\/i0.wp.com\/m365-boutique.fr\/wp-content\/uploads\/2022\/05\/img_6749.jpeg?resize=1050%2C600&ssl=1 3x"},"classes":[]},{"id":1615,"url":"https:\/\/m365-boutique.fr\/?product=feux-arriere-pour-xiaomi-m365-pro-essential-1s-mi-scooter-3","url_meta":{"origin":1026,"position":2},"title":"Feux arri\u00e8re pour Xiaomi M365 Pro\/Essential\/1S\/Mi Scooter 3\/Xiaomi Pro 4","author":"m365boutique","date":"9 d\u00e9cembre 2021","format":false,"excerpt":"Feux arri\u00e8re avec son cable pour Xiaomi M365 Pro \/ Essential \/ 1S \/ Mi Scooter 3 \/ Xiaomi Pro 4 Facile d\u2019installation.","rel":"","context":"Avec 3 commentaires","block_context":{"text":"Avec 3 commentaires","link":"https:\/\/m365-boutique.fr\/?product=feux-arriere-pour-xiaomi-m365-pro-essential-1s-mi-scooter-3#comments"},"img":{"alt_text":"","src":"https:\/\/i0.wp.com\/m365-boutique.fr\/wp-content\/uploads\/2021\/12\/img_6070-1.jpeg?resize=350%2C200&ssl=1","width":350,"height":200,"srcset":"https:\/\/i0.wp.com\/m365-boutique.fr\/wp-content\/uploads\/2021\/12\/img_6070-1.jpeg?resize=350%2C200&ssl=1 1x, https:\/\/i0.wp.com\/m365-boutique.fr\/wp-content\/uploads\/2021\/12\/img_6070-1.jpeg?resize=525%2C300&ssl=1 1.5x, https:\/\/i0.wp.com\/m365-boutique.fr\/wp-content\/uploads\/2021\/12\/img_6070-1.jpeg?resize=700%2C400&ssl=1 2x, https:\/\/i0.wp.com\/m365-boutique.fr\/wp-content\/uploads\/2021\/12\/img_6070-1.jpeg?resize=1050%2C600&ssl=1 3x"},"classes":[]},{"id":912,"url":"https:\/\/m365-boutique.fr\/?product=protection-avant-et-arriere-pour-xiaomi-m365-m365-pro","url_meta":{"origin":1026,"position":3},"title":"Protection avant et arri\u00e8re pour Xiaomi M365\/M365 Pro","author":"m365boutique","date":"7 avril 2021","format":false,"excerpt":"Cache de protection roue avant et arri\u00e8re pour Xiaomi M365 & M365 Pro. Couleur : NOIR OU BLANC","rel":"","context":"Avec 5 commentaires","block_context":{"text":"Avec 5 commentaires","link":"https:\/\/m365-boutique.fr\/?product=protection-avant-et-arriere-pour-xiaomi-m365-m365-pro#comments"},"img":{"alt_text":"","src":"https:\/\/i0.wp.com\/m365-boutique.fr\/wp-content\/uploads\/2021\/04\/img_5023.jpeg?resize=350%2C200&ssl=1","width":350,"height":200,"srcset":"https:\/\/i0.wp.com\/m365-boutique.fr\/wp-content\/uploads\/2021\/04\/img_5023.jpeg?resize=350%2C200&ssl=1 1x, https:\/\/i0.wp.com\/m365-boutique.fr\/wp-content\/uploads\/2021\/04\/img_5023.jpeg?resize=525%2C300&ssl=1 1.5x, https:\/\/i0.wp.com\/m365-boutique.fr\/wp-content\/uploads\/2021\/04\/img_5023.jpeg?resize=700%2C400&ssl=1 2x, https:\/\/i0.wp.com\/m365-boutique.fr\/wp-content\/uploads\/2021\/04\/img_5023.jpeg?resize=1050%2C600&ssl=1 3x"},"classes":[]},{"id":1387,"url":"https:\/\/m365-boutique.fr\/?product=protection-avant-et-arriere-pour-xiaomi-m365-pro-essential-1s-mi-scooter-3","url_meta":{"origin":1026,"position":4},"title":"Protection avant et arri\u00e8re pour Xiaomi M365 Pro\/Essential\/1S\/Mi Scooter 3","author":"m365boutique","date":"14 septembre 2021","format":false,"excerpt":"Cache de protection roue avant et arri\u00e8re pour Xiaomi M365 Pro \/ Essential \/ 1S \/ Mi Scooter 3 Plusieu coloris","rel":"","context":"Article similaire","block_context":{"text":"Article similaire","link":""},"img":{"alt_text":"","src":"https:\/\/i0.wp.com\/m365-boutique.fr\/wp-content\/uploads\/2021\/09\/img_5761.jpeg?resize=350%2C200&ssl=1","width":350,"height":200,"srcset":"https:\/\/i0.wp.com\/m365-boutique.fr\/wp-content\/uploads\/2021\/09\/img_5761.jpeg?resize=350%2C200&ssl=1 1x, https:\/\/i0.wp.com\/m365-boutique.fr\/wp-content\/uploads\/2021\/09\/img_5761.jpeg?resize=525%2C300&ssl=1 1.5x, https:\/\/i0.wp.com\/m365-boutique.fr\/wp-content\/uploads\/2021\/09\/img_5761.jpeg?resize=700%2C400&ssl=1 2x, https:\/\/i0.wp.com\/m365-boutique.fr\/wp-content\/uploads\/2021\/09\/img_5761.jpeg?resize=1050%2C600&ssl=1 3x"},"classes":[]},{"id":3635,"url":"https:\/\/m365-boutique.fr\/?product=protection-avant-et-arriere-pour-xiaomi-pro-4","url_meta":{"origin":1026,"position":5},"title":"Protection avant et arri\u00e8re pour Xiaomi Pro 4","author":"m365boutique","date":"19 mars 2024","format":false,"excerpt":"Cache de protection roue avant et arri\u00e8re pour Xiaomi Pro 4","rel":"","context":"Article similaire","block_context":{"text":"Article similaire","link":""},"img":{"alt_text":"","src":"https:\/\/i0.wp.com\/m365-boutique.fr\/wp-content\/uploads\/2024\/03\/img_0899.jpeg?resize=350%2C200&ssl=1","width":350,"height":200,"srcset":"https:\/\/i0.wp.com\/m365-boutique.fr\/wp-content\/uploads\/2024\/03\/img_0899.jpeg?resize=350%2C200&ssl=1 1x, https:\/\/i0.wp.com\/m365-boutique.fr\/wp-content\/uploads\/2024\/03\/img_0899.jpeg?resize=525%2C300&ssl=1 1.5x, https:\/\/i0.wp.com\/m365-boutique.fr\/wp-content\/uploads\/2024\/03\/img_0899.jpeg?resize=700%2C400&ssl=1 2x"},"classes":[]}],"jetpack_sharing_enabled":true,"amp_enabled":true,"_links":{"self":[{"href":"https:\/\/m365-boutique.fr\/index.php?rest_route=\/wp\/v2\/product\/1026","targetHints":{"allow":["GET"]}}],"collection":[{"href":"https:\/\/m365-boutique.fr\/index.php?rest_route=\/wp\/v2\/product"}],"about":[{"href":"https:\/\/m365-boutique.fr\/index.php?rest_route=\/wp\/v2\/types\/product"}],"replies":[{"embeddable":true,"href":"https:\/\/m365-boutique.fr\/index.php?rest_route=%2Fwp%2Fv2%2Fcomments&post=1026"}],"wp:featuredmedia":[{"embeddable":true,"href":"https:\/\/m365-boutique.fr\/index.php?rest_route=\/wp\/v2\/media\/1023"}],"wp:attachment":[{"href":"https:\/\/m365-boutique.fr\/index.php?rest_route=%2Fwp%2Fv2%2Fmedia&parent=1026"}],"wp:term":[{"taxonomy":"product_brand","embeddable":true,"href":"https:\/\/m365-boutique.fr\/index.php?rest_route=%2Fwp%2Fv2%2Fproduct_brand&post=1026"},{"taxonomy":"product_cat","embeddable":true,"href":"https:\/\/m365-boutique.fr\/index.php?rest_route=%2Fwp%2Fv2%2Fproduct_cat&post=1026"},{"taxonomy":"product_tag","embeddable":true,"href":"https:\/\/m365-boutique.fr\/index.php?rest_route=%2Fwp%2Fv2%2Fproduct_tag&post=1026"}],"curies":[{"name":"wp","href":"https:\/\/api.w.org\/{rel}","templated":true}]}}