{"id":1040,"date":"2021-06-08T21:24:09","date_gmt":"2021-06-08T19:24:09","guid":{"rendered":"https:\/\/m365-boutique.fr\/produit\/moteur-pour-xiaomi-m365-essential-1s"},"modified":"2023-10-15T00:27:17","modified_gmt":"2023-10-14T22:27:17","slug":"moteur-pour-xiaomi-m365-essential-1s-mi-scooter-3","status":"publish","type":"product","link":"https:\/\/m365-boutique.fr\/?product=moteur-pour-xiaomi-m365-essential-1s-mi-scooter-3","title":{"rendered":"Moteur pour Xiaomi M365\/Essential\/1S\/Mi Scooter 3"},"content":{"rendered":"<p>Moteur avec pneu et chambre a air pour Xiaomi M365 \/ Essential \/ 1S \/ Mi Scooter 3<\/p>\n<p>Dot\u00e9 d&#8217;une puissance de 350W qui vous procurera une acc\u00e9l\u00e9ration rapide et \u00e9galement de mont\u00e9e en pente plus facilement.<\/p>\n","protected":false},"excerpt":{"rendered":"<p>Moteur avec pneu et chambre a air pour Xiaomi M365 \/ Essential \/ 1S \/ Mi Scooter 3 Dot\u00e9 d&#8217;une puissance de 350W qui vous procurera une acc\u00e9l\u00e9ration rapide et \u00e9galement de mont\u00e9e en pente plus facilement.<\/p>\n","protected":false},"featured_media":1039,"comment_status":"open","ping_status":"closed","template":"","meta":[],"product_brand":[],"product_cat":[19],"product_tag":[],"class_list":{"0":"post-1040","1":"product","2":"type-product","3":"status-publish","4":"has-post-thumbnail","6":"product_cat-boutique","8":"first","9":"instock","10":"sale","11":"purchasable","12":"product-type-simple"},"aioseo_notices":[],"jetpack-related-posts":[{"id":1898,"url":"https:\/\/m365-boutique.fr\/?product=cable-moteur-pour-xiaomi-m365-m365-pro-essential-1s-mi-scooter-3","url_meta":{"origin":1040,"position":0},"title":"C\u00e2ble moteur pour Xiaomi M365\/M365 Pro\/Essential\/1S\/Mi Scooter 3","author":"m365boutique","date":"9 mai 2022","format":false,"excerpt":"C\u00e2ble mour pour trottinette \u00e9lectrique Xiaomi M365 \/ M365 Pro \/ Essential \/ 1S \/ Mi Scooter 3 Cette pi\u00e8ces permet de relier le moteur au contr\u00f4leur de votre trottinette \u00e9lectrique.","rel":"","context":"Article similaire","block_context":{"text":"Article similaire","link":""},"img":{"alt_text":"","src":"https:\/\/i0.wp.com\/m365-boutique.fr\/wp-content\/uploads\/2022\/05\/img_6747.jpeg?resize=350%2C200&ssl=1","width":350,"height":200,"srcset":"https:\/\/i0.wp.com\/m365-boutique.fr\/wp-content\/uploads\/2022\/05\/img_6747.jpeg?resize=350%2C200&ssl=1 1x, https:\/\/i0.wp.com\/m365-boutique.fr\/wp-content\/uploads\/2022\/05\/img_6747.jpeg?resize=525%2C300&ssl=1 1.5x, https:\/\/i0.wp.com\/m365-boutique.fr\/wp-content\/uploads\/2022\/05\/img_6747.jpeg?resize=700%2C400&ssl=1 2x, https:\/\/i0.wp.com\/m365-boutique.fr\/wp-content\/uploads\/2022\/05\/img_6747.jpeg?resize=1050%2C600&ssl=1 3x"},"classes":[]},{"id":3270,"url":"https:\/\/m365-boutique.fr\/?product=moteur-by-ninebot-pour-xiaomi-m365-m365-pro-essential-1s-mi-scooter-3","url_meta":{"origin":1040,"position":1},"title":"Moteur by Ninebot pour Xiaomi M365\/M365 Pro\/Essential\/1S\/Mi Scooter 3","author":"m365boutique","date":"28 juillet 2023","format":false,"excerpt":"Moteur de la Marque Ninebot con\u00e7u sp\u00e9cialement pour les trottinettes Xiaomi M365 \/ M365 Pro \/ Essential \/ 1S \/ Mi Scooter 3. D'une puissance de 350W qui est sup\u00e9rieure a ceux propos\u00e9s, celle ci permettra \u00e0 votre trottinette d'avoir plus de couples en mont\u00e9e et plus de vitesse.","rel":"","context":"Article similaire","block_context":{"text":"Article similaire","link":""},"img":{"alt_text":"","src":"https:\/\/i0.wp.com\/m365-boutique.fr\/wp-content\/uploads\/2023\/07\/img_9872.jpeg?resize=350%2C200&ssl=1","width":350,"height":200},"classes":[]},{"id":900,"url":"https:\/\/m365-boutique.fr\/?product=fourche-avant-pour-xiaomi-m365-m365-pro-essential-1s-mi-scooter-3","url_meta":{"origin":1040,"position":2},"title":"Fourche avant pour Xiaomi M365\/M365 Pro\/Essential\/1S\/Mi Scooter 3","author":"m365boutique","date":"7 avril 2021","format":false,"excerpt":"Fourche avant pour Xiaomi M365 \/ M365 Pro \/ Essential \/ 1S \/ Mi Scooter 3","rel":"","context":"Article similaire","block_context":{"text":"Article similaire","link":""},"img":{"alt_text":"","src":"https:\/\/i0.wp.com\/m365-boutique.fr\/wp-content\/uploads\/2021\/04\/img_5011.jpeg?resize=350%2C200&ssl=1","width":350,"height":200,"srcset":"https:\/\/i0.wp.com\/m365-boutique.fr\/wp-content\/uploads\/2021\/04\/img_5011.jpeg?resize=350%2C200&ssl=1 1x, https:\/\/i0.wp.com\/m365-boutique.fr\/wp-content\/uploads\/2021\/04\/img_5011.jpeg?resize=525%2C300&ssl=1 1.5x, https:\/\/i0.wp.com\/m365-boutique.fr\/wp-content\/uploads\/2021\/04\/img_5011.jpeg?resize=700%2C400&ssl=1 2x, https:\/\/i0.wp.com\/m365-boutique.fr\/wp-content\/uploads\/2021\/04\/img_5011.jpeg?resize=1050%2C600&ssl=1 3x"},"classes":[]},{"id":301,"url":"https:\/\/m365-boutique.fr\/?product=support-telephone-pour-xiaomi-m365-m365-pro-essential-1s-mi-scooter-3","url_meta":{"origin":1040,"position":3},"title":"Support t\u00e9l\u00e9phone pour Xiaomi M365\/M365 Pro\/Essential\/1S\/Mi Scooter 3","author":"m365boutique","date":"25 mai 2020","format":false,"excerpt":"Support t\u00e9l\u00e9phone pour Xiaomi M365 \/ M365 Pro \/ Essential \/ 1S \/ Mi Scooter 3 Compatible\u00a0tous mod\u00e8les de t\u00e9l\u00e9phones. COULEUR : GRIS","rel":"","context":"Article similaire","block_context":{"text":"Article similaire","link":""},"img":{"alt_text":"","src":"https:\/\/i0.wp.com\/m365-boutique.fr\/wp-content\/uploads\/2020\/05\/5D5FE00A-E7DB-45A3-BED2-DF2B51475C51.jpeg?resize=350%2C200&ssl=1","width":350,"height":200,"srcset":"https:\/\/i0.wp.com\/m365-boutique.fr\/wp-content\/uploads\/2020\/05\/5D5FE00A-E7DB-45A3-BED2-DF2B51475C51.jpeg?resize=350%2C200&ssl=1 1x, https:\/\/i0.wp.com\/m365-boutique.fr\/wp-content\/uploads\/2020\/05\/5D5FE00A-E7DB-45A3-BED2-DF2B51475C51.jpeg?resize=525%2C300&ssl=1 1.5x, https:\/\/i0.wp.com\/m365-boutique.fr\/wp-content\/uploads\/2020\/05\/5D5FE00A-E7DB-45A3-BED2-DF2B51475C51.jpeg?resize=700%2C400&ssl=1 2x, https:\/\/i0.wp.com\/m365-boutique.fr\/wp-content\/uploads\/2020\/05\/5D5FE00A-E7DB-45A3-BED2-DF2B51475C51.jpeg?resize=1050%2C600&ssl=1 3x"},"classes":[]},{"id":247,"url":"https:\/\/m365-boutique.fr\/?product=crochet-pour-xiaomi-m365-m365-pro-essential-1s-mi-scooter-3-3","url_meta":{"origin":1040,"position":4},"title":"Crochet pour Xiaomi M365\/M365 Pro\/Essential\/1S\/Mi Scooter 3 (B)","author":"m365boutique","date":"24 mai 2020","format":false,"excerpt":"Crochet pour Xiaomi M365 \/ M365 Pro \/ Essential \/ 1S \/ Mi Scooter 3 Pratique et\u00a0tr\u00e8s r\u00e9sistant pour supporter tout types de charge. Couleur : BLANC","rel":"","context":"Article similaire","block_context":{"text":"Article similaire","link":""},"img":{"alt_text":"","src":"https:\/\/i0.wp.com\/m365-boutique.fr\/wp-content\/uploads\/2020\/05\/BAB96050-9FD7-488F-B62B-7E5A4E8D89E9.jpeg?resize=350%2C200&ssl=1","width":350,"height":200,"srcset":"https:\/\/i0.wp.com\/m365-boutique.fr\/wp-content\/uploads\/2020\/05\/BAB96050-9FD7-488F-B62B-7E5A4E8D89E9.jpeg?resize=350%2C200&ssl=1 1x, https:\/\/i0.wp.com\/m365-boutique.fr\/wp-content\/uploads\/2020\/05\/BAB96050-9FD7-488F-B62B-7E5A4E8D89E9.jpeg?resize=525%2C300&ssl=1 1.5x, https:\/\/i0.wp.com\/m365-boutique.fr\/wp-content\/uploads\/2020\/05\/BAB96050-9FD7-488F-B62B-7E5A4E8D89E9.jpeg?resize=700%2C400&ssl=1 2x, https:\/\/i0.wp.com\/m365-boutique.fr\/wp-content\/uploads\/2020\/05\/BAB96050-9FD7-488F-B62B-7E5A4E8D89E9.jpeg?resize=1050%2C600&ssl=1 3x"},"classes":[]},{"id":1472,"url":"https:\/\/m365-boutique.fr\/?product=protection-avant-pour-xiaomi-m365-pro-essential-1s-mi-scooter-3","url_meta":{"origin":1040,"position":5},"title":"Protection avant pour Xiaomi M365 Pro\/ Essential\/1S\/Mi Scooter 3","author":"m365boutique","date":"14 octobre 2021","format":false,"excerpt":"Cache de protection roue avant pour Xiaomi M365 Pro \/ Essential \/ 1S \/ Mi Scooter 3 Plusieurs coloris","rel":"","context":"Avec 1 commentaire","block_context":{"text":"Avec 1 commentaire","link":"https:\/\/m365-boutique.fr\/?product=protection-avant-pour-xiaomi-m365-pro-essential-1s-mi-scooter-3#comments"},"img":{"alt_text":"","src":"https:\/\/i0.wp.com\/m365-boutique.fr\/wp-content\/uploads\/2021\/10\/img_5879-3.jpeg?resize=350%2C200&ssl=1","width":350,"height":200,"srcset":"https:\/\/i0.wp.com\/m365-boutique.fr\/wp-content\/uploads\/2021\/10\/img_5879-3.jpeg?resize=350%2C200&ssl=1 1x, https:\/\/i0.wp.com\/m365-boutique.fr\/wp-content\/uploads\/2021\/10\/img_5879-3.jpeg?resize=525%2C300&ssl=1 1.5x, https:\/\/i0.wp.com\/m365-boutique.fr\/wp-content\/uploads\/2021\/10\/img_5879-3.jpeg?resize=700%2C400&ssl=1 2x, https:\/\/i0.wp.com\/m365-boutique.fr\/wp-content\/uploads\/2021\/10\/img_5879-3.jpeg?resize=1050%2C600&ssl=1 3x"},"classes":[]}],"jetpack_sharing_enabled":true,"amp_enabled":true,"_links":{"self":[{"href":"https:\/\/m365-boutique.fr\/index.php?rest_route=\/wp\/v2\/product\/1040","targetHints":{"allow":["GET"]}}],"collection":[{"href":"https:\/\/m365-boutique.fr\/index.php?rest_route=\/wp\/v2\/product"}],"about":[{"href":"https:\/\/m365-boutique.fr\/index.php?rest_route=\/wp\/v2\/types\/product"}],"replies":[{"embeddable":true,"href":"https:\/\/m365-boutique.fr\/index.php?rest_route=%2Fwp%2Fv2%2Fcomments&post=1040"}],"wp:featuredmedia":[{"embeddable":true,"href":"https:\/\/m365-boutique.fr\/index.php?rest_route=\/wp\/v2\/media\/1039"}],"wp:attachment":[{"href":"https:\/\/m365-boutique.fr\/index.php?rest_route=%2Fwp%2Fv2%2Fmedia&parent=1040"}],"wp:term":[{"taxonomy":"product_brand","embeddable":true,"href":"https:\/\/m365-boutique.fr\/index.php?rest_route=%2Fwp%2Fv2%2Fproduct_brand&post=1040"},{"taxonomy":"product_cat","embeddable":true,"href":"https:\/\/m365-boutique.fr\/index.php?rest_route=%2Fwp%2Fv2%2Fproduct_cat&post=1040"},{"taxonomy":"product_tag","embeddable":true,"href":"https:\/\/m365-boutique.fr\/index.php?rest_route=%2Fwp%2Fv2%2Fproduct_tag&post=1040"}],"curies":[{"name":"wp","href":"https:\/\/api.w.org\/{rel}","templated":true}]}}