{"id":1044,"date":"2021-06-08T21:25:39","date_gmt":"2021-06-08T19:25:39","guid":{"rendered":"https:\/\/m365-boutique.fr\/produit\/moteur-pour-xiaomi-m365-pro"},"modified":"2023-07-28T15:27:42","modified_gmt":"2023-07-28T13:27:42","slug":"moteur-pour-xiaomi-m365-pro","status":"publish","type":"product","link":"https:\/\/m365-boutique.fr\/?product=moteur-pour-xiaomi-m365-pro","title":{"rendered":"Moteur pour Xiaomi M365 Pro"},"content":{"rendered":"<p>Moteur avec pneu et chambre a air pour Xiaomi M365 Pro.<\/p>\n<p>Dot\u00e9 d&#8217;une puissance de 350W qui vous procurera une acc\u00e9l\u00e9ration rapide et \u00e9galement de mont\u00e9e en pente plus facilement.<\/p>\n","protected":false},"excerpt":{"rendered":"<p>Moteur avec pneu et chambre a air pour Xiaomi M365 Pro. Dot\u00e9 d&#8217;une puissance de 350W qui vous procurera une acc\u00e9l\u00e9ration rapide et \u00e9galement de mont\u00e9e en pente plus facilement.<\/p>\n","protected":false},"featured_media":1043,"comment_status":"open","ping_status":"closed","template":"","meta":[],"product_brand":[],"product_cat":[19],"product_tag":[],"class_list":{"0":"post-1044","1":"product","2":"type-product","3":"status-publish","4":"has-post-thumbnail","6":"product_cat-boutique","8":"first","9":"instock","10":"sale","11":"purchasable","12":"product-type-simple"},"aioseo_notices":[],"jetpack-related-posts":[{"id":1898,"url":"https:\/\/m365-boutique.fr\/?product=cable-moteur-pour-xiaomi-m365-m365-pro-essential-1s-mi-scooter-3","url_meta":{"origin":1044,"position":0},"title":"C\u00e2ble moteur pour Xiaomi M365\/M365 Pro\/Essential\/1S\/Mi Scooter 3","author":"m365boutique","date":"9 mai 2022","format":false,"excerpt":"C\u00e2ble mour pour trottinette \u00e9lectrique Xiaomi M365 \/ M365 Pro \/ Essential \/ 1S \/ Mi Scooter 3 Cette pi\u00e8ces permet de relier le moteur au contr\u00f4leur de votre trottinette \u00e9lectrique.","rel":"","context":"Article similaire","block_context":{"text":"Article similaire","link":""},"img":{"alt_text":"","src":"https:\/\/i0.wp.com\/m365-boutique.fr\/wp-content\/uploads\/2022\/05\/img_6747.jpeg?resize=350%2C200&ssl=1","width":350,"height":200,"srcset":"https:\/\/i0.wp.com\/m365-boutique.fr\/wp-content\/uploads\/2022\/05\/img_6747.jpeg?resize=350%2C200&ssl=1 1x, https:\/\/i0.wp.com\/m365-boutique.fr\/wp-content\/uploads\/2022\/05\/img_6747.jpeg?resize=525%2C300&ssl=1 1.5x, https:\/\/i0.wp.com\/m365-boutique.fr\/wp-content\/uploads\/2022\/05\/img_6747.jpeg?resize=700%2C400&ssl=1 2x, https:\/\/i0.wp.com\/m365-boutique.fr\/wp-content\/uploads\/2022\/05\/img_6747.jpeg?resize=1050%2C600&ssl=1 3x"},"classes":[]},{"id":3270,"url":"https:\/\/m365-boutique.fr\/?product=moteur-by-ninebot-pour-xiaomi-m365-m365-pro-essential-1s-mi-scooter-3","url_meta":{"origin":1044,"position":1},"title":"Moteur by Ninebot pour Xiaomi M365\/M365 Pro\/Essential\/1S\/Mi Scooter 3","author":"m365boutique","date":"28 juillet 2023","format":false,"excerpt":"Moteur de la Marque Ninebot con\u00e7u sp\u00e9cialement pour les trottinettes Xiaomi M365 \/ M365 Pro \/ Essential \/ 1S \/ Mi Scooter 3. D'une puissance de 350W qui est sup\u00e9rieure a ceux propos\u00e9s, celle ci permettra \u00e0 votre trottinette d'avoir plus de couples en mont\u00e9e et plus de vitesse.","rel":"","context":"Article similaire","block_context":{"text":"Article similaire","link":""},"img":{"alt_text":"","src":"https:\/\/i0.wp.com\/m365-boutique.fr\/wp-content\/uploads\/2023\/07\/img_9872.jpeg?resize=350%2C200&ssl=1","width":350,"height":200},"classes":[]},{"id":1040,"url":"https:\/\/m365-boutique.fr\/?product=moteur-pour-xiaomi-m365-essential-1s-mi-scooter-3","url_meta":{"origin":1044,"position":2},"title":"Moteur pour Xiaomi M365\/Essential\/1S\/Mi Scooter 3","author":"m365boutique","date":"8 juin 2021","format":false,"excerpt":"Moteur avec pneu et chambre a air pour Xiaomi M365 \/ Essential \/ 1S \/ Mi Scooter 3 Dot\u00e9 d'une puissance de 350W qui vous procurera une acc\u00e9l\u00e9ration rapide et \u00e9galement de mont\u00e9e en pente plus facilement.","rel":"","context":"Article similaire","block_context":{"text":"Article similaire","link":""},"img":{"alt_text":"","src":"https:\/\/i0.wp.com\/m365-boutique.fr\/wp-content\/uploads\/2021\/06\/img_5298-1.jpeg?resize=350%2C200&ssl=1","width":350,"height":200,"srcset":"https:\/\/i0.wp.com\/m365-boutique.fr\/wp-content\/uploads\/2021\/06\/img_5298-1.jpeg?resize=350%2C200&ssl=1 1x, https:\/\/i0.wp.com\/m365-boutique.fr\/wp-content\/uploads\/2021\/06\/img_5298-1.jpeg?resize=525%2C300&ssl=1 1.5x, https:\/\/i0.wp.com\/m365-boutique.fr\/wp-content\/uploads\/2021\/06\/img_5298-1.jpeg?resize=700%2C400&ssl=1 2x, https:\/\/i0.wp.com\/m365-boutique.fr\/wp-content\/uploads\/2021\/06\/img_5298-1.jpeg?resize=1050%2C600&ssl=1 3x"},"classes":[]},{"id":1193,"url":"https:\/\/m365-boutique.fr\/?product=suspension-arriere-monorim-pour-xiaomi-m365-m365-pro-essential-1s-mi-scooter-3","url_meta":{"origin":1044,"position":3},"title":"Suspension arri\u00e8re Monorim pour Xiaomi M365\/M365 Pro\/Essential\/1S\/Mi Scooter 3","author":"m365boutique","date":"27 juillet 2021","format":false,"excerpt":"Suspension arri\u00e8re Monorim pour Xiaomi M365 \/ M365 Pro \/ Essential \/ 1S \/ Mi Scooter 3 Si vous cherchez plus de confort lors de vos d\u00e9placements en trottinette alors vous \u00eates au bon endroit. De plus, ces suspensions vous assurent plus de stabilit\u00e9 et vous permettent donc de rouler\u2026","rel":"","context":"Avec 2 commentaires","block_context":{"text":"Avec 2 commentaires","link":"https:\/\/m365-boutique.fr\/?product=suspension-arriere-monorim-pour-xiaomi-m365-m365-pro-essential-1s-mi-scooter-3#comments"},"img":{"alt_text":"","src":"https:\/\/i0.wp.com\/m365-boutique.fr\/wp-content\/uploads\/2021\/07\/img_5550.jpeg?resize=350%2C200&ssl=1","width":350,"height":200,"srcset":"https:\/\/i0.wp.com\/m365-boutique.fr\/wp-content\/uploads\/2021\/07\/img_5550.jpeg?resize=350%2C200&ssl=1 1x, https:\/\/i0.wp.com\/m365-boutique.fr\/wp-content\/uploads\/2021\/07\/img_5550.jpeg?resize=525%2C300&ssl=1 1.5x, https:\/\/i0.wp.com\/m365-boutique.fr\/wp-content\/uploads\/2021\/07\/img_5550.jpeg?resize=700%2C400&ssl=1 2x, https:\/\/i0.wp.com\/m365-boutique.fr\/wp-content\/uploads\/2021\/07\/img_5550.jpeg?resize=1050%2C600&ssl=1 3x"},"classes":[]},{"id":182,"url":"https:\/\/m365-boutique.fr\/?product=poignee-de-frein-pour-xiaomi-m365-m365-pro-essential-1s-mi-scooter-3","url_meta":{"origin":1044,"position":4},"title":"Poign\u00e9e de frein pour Xiaomi M365\/M365 Pro\/Essential\/1S\/Mi Scooter 3\/Xiaomi Pro 4","author":"m365boutique","date":"21 mai 2020","format":false,"excerpt":"Poign\u00e9e de frein pour Xiaomi M365 \/ M365 Pro \/ Essential \/ 1S \/ Mi Scooter 3 \/ Xiaomi Pro 4","rel":"","context":"Avec 18 commentaires","block_context":{"text":"Avec 18 commentaires","link":"https:\/\/m365-boutique.fr\/?product=poignee-de-frein-pour-xiaomi-m365-m365-pro-essential-1s-mi-scooter-3#comments"},"img":{"alt_text":"","src":"https:\/\/i0.wp.com\/m365-boutique.fr\/wp-content\/uploads\/2020\/05\/E77F49E2-1B65-4851-855F-751635216528.jpeg?resize=350%2C200&ssl=1","width":350,"height":200,"srcset":"https:\/\/i0.wp.com\/m365-boutique.fr\/wp-content\/uploads\/2020\/05\/E77F49E2-1B65-4851-855F-751635216528.jpeg?resize=350%2C200&ssl=1 1x, https:\/\/i0.wp.com\/m365-boutique.fr\/wp-content\/uploads\/2020\/05\/E77F49E2-1B65-4851-855F-751635216528.jpeg?resize=525%2C300&ssl=1 1.5x"},"classes":[]},{"id":904,"url":"https:\/\/m365-boutique.fr\/?product=etrier-de-frein-pour-xiaomi-m365-m365-pro-essential-1s","url_meta":{"origin":1044,"position":5},"title":"\u00c9trier de frein pour Xiaomi M365\/M365 Pro\/Essential\/1S","author":"m365boutique","date":"7 avril 2021","format":false,"excerpt":"\u00c9trier de frein pour Xiaomi M365 \/ M365 Pro \/ Essential \/ 1S","rel":"","context":"Avec 3 commentaires","block_context":{"text":"Avec 3 commentaires","link":"https:\/\/m365-boutique.fr\/?product=etrier-de-frein-pour-xiaomi-m365-m365-pro-essential-1s#comments"},"img":{"alt_text":"","src":"https:\/\/i0.wp.com\/m365-boutique.fr\/wp-content\/uploads\/2021\/04\/img_5014.jpeg?resize=350%2C200&ssl=1","width":350,"height":200,"srcset":"https:\/\/i0.wp.com\/m365-boutique.fr\/wp-content\/uploads\/2021\/04\/img_5014.jpeg?resize=350%2C200&ssl=1 1x, https:\/\/i0.wp.com\/m365-boutique.fr\/wp-content\/uploads\/2021\/04\/img_5014.jpeg?resize=525%2C300&ssl=1 1.5x, https:\/\/i0.wp.com\/m365-boutique.fr\/wp-content\/uploads\/2021\/04\/img_5014.jpeg?resize=700%2C400&ssl=1 2x, https:\/\/i0.wp.com\/m365-boutique.fr\/wp-content\/uploads\/2021\/04\/img_5014.jpeg?resize=1050%2C600&ssl=1 3x"},"classes":[]}],"jetpack_sharing_enabled":true,"amp_enabled":true,"_links":{"self":[{"href":"https:\/\/m365-boutique.fr\/index.php?rest_route=\/wp\/v2\/product\/1044","targetHints":{"allow":["GET"]}}],"collection":[{"href":"https:\/\/m365-boutique.fr\/index.php?rest_route=\/wp\/v2\/product"}],"about":[{"href":"https:\/\/m365-boutique.fr\/index.php?rest_route=\/wp\/v2\/types\/product"}],"replies":[{"embeddable":true,"href":"https:\/\/m365-boutique.fr\/index.php?rest_route=%2Fwp%2Fv2%2Fcomments&post=1044"}],"wp:featuredmedia":[{"embeddable":true,"href":"https:\/\/m365-boutique.fr\/index.php?rest_route=\/wp\/v2\/media\/1043"}],"wp:attachment":[{"href":"https:\/\/m365-boutique.fr\/index.php?rest_route=%2Fwp%2Fv2%2Fmedia&parent=1044"}],"wp:term":[{"taxonomy":"product_brand","embeddable":true,"href":"https:\/\/m365-boutique.fr\/index.php?rest_route=%2Fwp%2Fv2%2Fproduct_brand&post=1044"},{"taxonomy":"product_cat","embeddable":true,"href":"https:\/\/m365-boutique.fr\/index.php?rest_route=%2Fwp%2Fv2%2Fproduct_cat&post=1044"},{"taxonomy":"product_tag","embeddable":true,"href":"https:\/\/m365-boutique.fr\/index.php?rest_route=%2Fwp%2Fv2%2Fproduct_tag&post=1044"}],"curies":[{"name":"wp","href":"https:\/\/api.w.org\/{rel}","templated":true}]}}