{"id":1125,"date":"2021-07-12T21:43:15","date_gmt":"2021-07-12T19:43:15","guid":{"rendered":"https:\/\/m365-boutique.fr\/produit\/cloche-pour-xiaomi-m365-essential-1s"},"modified":"2024-09-08T17:47:23","modified_gmt":"2024-09-08T15:47:23","slug":"cloche-pour-xiaomi-m365-essential-1s","status":"publish","type":"product","link":"https:\/\/m365-boutique.fr\/?product=cloche-pour-xiaomi-m365-essential-1s","title":{"rendered":"Cloche pour Xiaomi M365\/Essential\/1S"},"content":{"rendered":"<p><span style=\"font-family: Arial, Helvetica, sans-serif;font-size: 12px;font-style: normal;font-weight: normal;letter-spacing: normal;text-align: start;text-indent: 0px;text-transform: none;text-decoration: none;float: none\">Cloche d&#8217;origine pour votre trottinette \u00e9lectrique Xiaomi M365 \/ Essential \/ 1S. <\/span><\/p>\n<p><span style=\"font-family: Arial, Helvetica, sans-serif;font-size: 12px;font-style: normal;font-weight: normal;letter-spacing: normal;text-align: start;text-indent: 0px;text-transform: none;text-decoration: none;float: none\">Roulez en toutes s\u00e9curit\u00e9 avec votre klaxon en bon \u00e9tat de fonctionnement. <\/span><\/p>\n","protected":false},"excerpt":{"rendered":"<p>Cloche d&#8217;origine pour votre trottinette \u00e9lectrique Xiaomi M365 \/ Essential \/ 1S. Roulez en toutes s\u00e9curit\u00e9 avec votre klaxon en bon \u00e9tat de fonctionnement.<\/p>\n","protected":false},"featured_media":1121,"comment_status":"open","ping_status":"closed","template":"","meta":[],"product_brand":[],"product_cat":[19],"product_tag":[],"class_list":{"0":"post-1125","1":"product","2":"type-product","3":"status-publish","4":"has-post-thumbnail","6":"product_cat-boutique","8":"first","9":"instock","10":"sale","11":"purchasable","12":"product-type-simple"},"aioseo_notices":[],"jetpack-related-posts":[{"id":415,"url":"https:\/\/m365-boutique.fr\/?product=cloche-multi-son-pour-xiaomi-m365-m365-pro-essential-1s-mi-scooter-3","url_meta":{"origin":1125,"position":0},"title":"Cloche multi son pour Xiaomi M365\/M365 Pro\/Essential\/1S\/Mi Scooter 3","author":"m365boutique","date":"7 juillet 2020","format":false,"excerpt":"Cloche multi son pour Xiaomi M365 \/ M365 Pro \/ Essential \/ 1S \/ Mi Scooter 3 Id\u00e9al pour signaler votre pr\u00e9sence.","rel":"","context":"Article similaire","block_context":{"text":"Article similaire","link":""},"img":{"alt_text":"","src":"https:\/\/i0.wp.com\/m365-boutique.fr\/wp-content\/uploads\/2020\/07\/B3170FF2-6432-4EE7-A4F0-96005DDD5BB3.jpeg?resize=350%2C200&ssl=1","width":350,"height":200,"srcset":"https:\/\/i0.wp.com\/m365-boutique.fr\/wp-content\/uploads\/2020\/07\/B3170FF2-6432-4EE7-A4F0-96005DDD5BB3.jpeg?resize=350%2C200&ssl=1 1x, https:\/\/i0.wp.com\/m365-boutique.fr\/wp-content\/uploads\/2020\/07\/B3170FF2-6432-4EE7-A4F0-96005DDD5BB3.jpeg?resize=525%2C300&ssl=1 1.5x, https:\/\/i0.wp.com\/m365-boutique.fr\/wp-content\/uploads\/2020\/07\/B3170FF2-6432-4EE7-A4F0-96005DDD5BB3.jpeg?resize=700%2C400&ssl=1 2x, https:\/\/i0.wp.com\/m365-boutique.fr\/wp-content\/uploads\/2020\/07\/B3170FF2-6432-4EE7-A4F0-96005DDD5BB3.jpeg?resize=1050%2C600&ssl=1 3x"},"classes":[]},{"id":1130,"url":"https:\/\/m365-boutique.fr\/?product=cloche-pour-xiaomi-m365-pro-essential-1s-mi-scooter-3","url_meta":{"origin":1125,"position":1},"title":"Cloche pour Xiaomi M365 Pro\/Essential\/1S\/Mi Scooter 3","author":"m365boutique","date":"12 juillet 2021","format":false,"excerpt":"Cloche d'origine pour votre trottinette \u00e9lectrique Xiaomi M365 Pro \/ Essential \/ 1S \/ Mi Scooter 3 Roulez en toutes s\u00e9curit\u00e9 avec votre klaxon en bon \u00e9tat de fonctionnement.","rel":"","context":"Avec 2 commentaires","block_context":{"text":"Avec 2 commentaires","link":"https:\/\/m365-boutique.fr\/?product=cloche-pour-xiaomi-m365-pro-essential-1s-mi-scooter-3#comments"},"img":{"alt_text":"","src":"https:\/\/i0.wp.com\/m365-boutique.fr\/wp-content\/uploads\/2021\/07\/img_5420.jpeg?resize=350%2C200&ssl=1","width":350,"height":200,"srcset":"https:\/\/i0.wp.com\/m365-boutique.fr\/wp-content\/uploads\/2021\/07\/img_5420.jpeg?resize=350%2C200&ssl=1 1x, https:\/\/i0.wp.com\/m365-boutique.fr\/wp-content\/uploads\/2021\/07\/img_5420.jpeg?resize=525%2C300&ssl=1 1.5x, https:\/\/i0.wp.com\/m365-boutique.fr\/wp-content\/uploads\/2021\/07\/img_5420.jpeg?resize=700%2C400&ssl=1 2x, https:\/\/i0.wp.com\/m365-boutique.fr\/wp-content\/uploads\/2021\/07\/img_5420.jpeg?resize=1050%2C600&ssl=1 3x"},"classes":[]},{"id":904,"url":"https:\/\/m365-boutique.fr\/?product=etrier-de-frein-pour-xiaomi-m365-m365-pro-essential-1s","url_meta":{"origin":1125,"position":2},"title":"\u00c9trier de frein pour Xiaomi M365\/M365 Pro\/Essential\/1S","author":"m365boutique","date":"7 avril 2021","format":false,"excerpt":"\u00c9trier de frein pour Xiaomi M365 \/ M365 Pro \/ Essential \/ 1S","rel":"","context":"Avec 3 commentaires","block_context":{"text":"Avec 3 commentaires","link":"https:\/\/m365-boutique.fr\/?product=etrier-de-frein-pour-xiaomi-m365-m365-pro-essential-1s#comments"},"img":{"alt_text":"","src":"https:\/\/i0.wp.com\/m365-boutique.fr\/wp-content\/uploads\/2021\/04\/img_5014.jpeg?resize=350%2C200&ssl=1","width":350,"height":200,"srcset":"https:\/\/i0.wp.com\/m365-boutique.fr\/wp-content\/uploads\/2021\/04\/img_5014.jpeg?resize=350%2C200&ssl=1 1x, https:\/\/i0.wp.com\/m365-boutique.fr\/wp-content\/uploads\/2021\/04\/img_5014.jpeg?resize=525%2C300&ssl=1 1.5x, https:\/\/i0.wp.com\/m365-boutique.fr\/wp-content\/uploads\/2021\/04\/img_5014.jpeg?resize=700%2C400&ssl=1 2x, https:\/\/i0.wp.com\/m365-boutique.fr\/wp-content\/uploads\/2021\/04\/img_5014.jpeg?resize=1050%2C600&ssl=1 3x"},"classes":[]},{"id":1193,"url":"https:\/\/m365-boutique.fr\/?product=suspension-arriere-monorim-pour-xiaomi-m365-m365-pro-essential-1s-mi-scooter-3","url_meta":{"origin":1125,"position":3},"title":"Suspension arri\u00e8re Monorim pour Xiaomi M365\/M365 Pro\/Essential\/1S\/Mi Scooter 3","author":"m365boutique","date":"27 juillet 2021","format":false,"excerpt":"Suspension arri\u00e8re Monorim pour Xiaomi M365 \/ M365 Pro \/ Essential \/ 1S \/ Mi Scooter 3 Si vous cherchez plus de confort lors de vos d\u00e9placements en trottinette alors vous \u00eates au bon endroit. De plus, ces suspensions vous assurent plus de stabilit\u00e9 et vous permettent donc de rouler\u2026","rel":"","context":"Avec 2 commentaires","block_context":{"text":"Avec 2 commentaires","link":"https:\/\/m365-boutique.fr\/?product=suspension-arriere-monorim-pour-xiaomi-m365-m365-pro-essential-1s-mi-scooter-3#comments"},"img":{"alt_text":"","src":"https:\/\/i0.wp.com\/m365-boutique.fr\/wp-content\/uploads\/2021\/07\/img_5550.jpeg?resize=350%2C200&ssl=1","width":350,"height":200,"srcset":"https:\/\/i0.wp.com\/m365-boutique.fr\/wp-content\/uploads\/2021\/07\/img_5550.jpeg?resize=350%2C200&ssl=1 1x, https:\/\/i0.wp.com\/m365-boutique.fr\/wp-content\/uploads\/2021\/07\/img_5550.jpeg?resize=525%2C300&ssl=1 1.5x, https:\/\/i0.wp.com\/m365-boutique.fr\/wp-content\/uploads\/2021\/07\/img_5550.jpeg?resize=700%2C400&ssl=1 2x, https:\/\/i0.wp.com\/m365-boutique.fr\/wp-content\/uploads\/2021\/07\/img_5550.jpeg?resize=1050%2C600&ssl=1 3x"},"classes":[]},{"id":900,"url":"https:\/\/m365-boutique.fr\/?product=fourche-avant-pour-xiaomi-m365-m365-pro-essential-1s-mi-scooter-3","url_meta":{"origin":1125,"position":4},"title":"Fourche avant pour Xiaomi M365\/M365 Pro\/Essential\/1S\/Mi Scooter 3","author":"m365boutique","date":"7 avril 2021","format":false,"excerpt":"Fourche avant pour Xiaomi M365 \/ M365 Pro \/ Essential \/ 1S \/ Mi Scooter 3","rel":"","context":"Article similaire","block_context":{"text":"Article similaire","link":""},"img":{"alt_text":"","src":"https:\/\/i0.wp.com\/m365-boutique.fr\/wp-content\/uploads\/2021\/04\/img_5011.jpeg?resize=350%2C200&ssl=1","width":350,"height":200,"srcset":"https:\/\/i0.wp.com\/m365-boutique.fr\/wp-content\/uploads\/2021\/04\/img_5011.jpeg?resize=350%2C200&ssl=1 1x, https:\/\/i0.wp.com\/m365-boutique.fr\/wp-content\/uploads\/2021\/04\/img_5011.jpeg?resize=525%2C300&ssl=1 1.5x, https:\/\/i0.wp.com\/m365-boutique.fr\/wp-content\/uploads\/2021\/04\/img_5011.jpeg?resize=700%2C400&ssl=1 2x, https:\/\/i0.wp.com\/m365-boutique.fr\/wp-content\/uploads\/2021\/04\/img_5011.jpeg?resize=1050%2C600&ssl=1 3x"},"classes":[]},{"id":301,"url":"https:\/\/m365-boutique.fr\/?product=support-telephone-pour-xiaomi-m365-m365-pro-essential-1s-mi-scooter-3","url_meta":{"origin":1125,"position":5},"title":"Support t\u00e9l\u00e9phone pour Xiaomi M365\/M365 Pro\/Essential\/1S\/Mi Scooter 3","author":"m365boutique","date":"25 mai 2020","format":false,"excerpt":"Support t\u00e9l\u00e9phone pour Xiaomi M365 \/ M365 Pro \/ Essential \/ 1S \/ Mi Scooter 3 Compatible\u00a0tous mod\u00e8les de t\u00e9l\u00e9phones. COULEUR : GRIS","rel":"","context":"Article similaire","block_context":{"text":"Article similaire","link":""},"img":{"alt_text":"","src":"https:\/\/i0.wp.com\/m365-boutique.fr\/wp-content\/uploads\/2020\/05\/5D5FE00A-E7DB-45A3-BED2-DF2B51475C51.jpeg?resize=350%2C200&ssl=1","width":350,"height":200,"srcset":"https:\/\/i0.wp.com\/m365-boutique.fr\/wp-content\/uploads\/2020\/05\/5D5FE00A-E7DB-45A3-BED2-DF2B51475C51.jpeg?resize=350%2C200&ssl=1 1x, https:\/\/i0.wp.com\/m365-boutique.fr\/wp-content\/uploads\/2020\/05\/5D5FE00A-E7DB-45A3-BED2-DF2B51475C51.jpeg?resize=525%2C300&ssl=1 1.5x, https:\/\/i0.wp.com\/m365-boutique.fr\/wp-content\/uploads\/2020\/05\/5D5FE00A-E7DB-45A3-BED2-DF2B51475C51.jpeg?resize=700%2C400&ssl=1 2x, https:\/\/i0.wp.com\/m365-boutique.fr\/wp-content\/uploads\/2020\/05\/5D5FE00A-E7DB-45A3-BED2-DF2B51475C51.jpeg?resize=1050%2C600&ssl=1 3x"},"classes":[]}],"jetpack_sharing_enabled":true,"amp_enabled":true,"_links":{"self":[{"href":"https:\/\/m365-boutique.fr\/index.php?rest_route=\/wp\/v2\/product\/1125","targetHints":{"allow":["GET"]}}],"collection":[{"href":"https:\/\/m365-boutique.fr\/index.php?rest_route=\/wp\/v2\/product"}],"about":[{"href":"https:\/\/m365-boutique.fr\/index.php?rest_route=\/wp\/v2\/types\/product"}],"replies":[{"embeddable":true,"href":"https:\/\/m365-boutique.fr\/index.php?rest_route=%2Fwp%2Fv2%2Fcomments&post=1125"}],"wp:featuredmedia":[{"embeddable":true,"href":"https:\/\/m365-boutique.fr\/index.php?rest_route=\/wp\/v2\/media\/1121"}],"wp:attachment":[{"href":"https:\/\/m365-boutique.fr\/index.php?rest_route=%2Fwp%2Fv2%2Fmedia&parent=1125"}],"wp:term":[{"taxonomy":"product_brand","embeddable":true,"href":"https:\/\/m365-boutique.fr\/index.php?rest_route=%2Fwp%2Fv2%2Fproduct_brand&post=1125"},{"taxonomy":"product_cat","embeddable":true,"href":"https:\/\/m365-boutique.fr\/index.php?rest_route=%2Fwp%2Fv2%2Fproduct_cat&post=1125"},{"taxonomy":"product_tag","embeddable":true,"href":"https:\/\/m365-boutique.fr\/index.php?rest_route=%2Fwp%2Fv2%2Fproduct_tag&post=1125"}],"curies":[{"name":"wp","href":"https:\/\/api.w.org\/{rel}","templated":true}]}}