{"id":1208,"date":"2021-07-30T03:31:08","date_gmt":"2021-07-30T01:31:08","guid":{"rendered":"https:\/\/m365-boutique.fr\/produit\/pack-confort-pour-xiaomi-m365"},"modified":"2026-04-21T16:40:28","modified_gmt":"2026-04-21T14:40:28","slug":"pack-confort-pour-xiaomi-m365-m365-pro","status":"publish","type":"product","link":"https:\/\/m365-boutique.fr\/?product=pack-confort-pour-xiaomi-m365-m365-pro","title":{"rendered":"Pack confort pour Xiaomi M365\/M365 Pro"},"content":{"rendered":"<p>Pack confort pour Xiaomi M365\/ M365 Pro.<\/p>\n<p>&#8211; 1 support garde boue arri\u00e8re noir<\/p>\n<p>&#8211; 1 housse de protection \u00e9tanche noir<\/p>\n<p>&#8211; 3 caoutchouc anti vibration<\/p>\n<p>&#8211; 1 crochet de support<\/p>\n","protected":false},"excerpt":{"rendered":"<p>Pack confort pour Xiaomi M365\/ M365 Pro. &#8211; 1 support garde boue arri\u00e8re noir &#8211; 1 housse de protection \u00e9tanche noir &#8211; 3 caoutchouc anti vibration &#8211; 1 crochet de support<\/p>\n","protected":false},"featured_media":1206,"comment_status":"open","ping_status":"closed","template":"","meta":[],"product_brand":[],"product_cat":[19],"product_tag":[],"class_list":{"0":"post-1208","1":"product","2":"type-product","3":"status-publish","4":"has-post-thumbnail","6":"product_cat-boutique","8":"first","9":"instock","10":"sale","11":"taxable","12":"shipping-taxable","13":"purchasable","14":"product-type-simple"},"aioseo_notices":[],"jetpack-related-posts":[{"id":787,"url":"https:\/\/m365-boutique.fr\/?product=pack-garde-boue-arriere-pour-xiaomi-m365-m365-pro-essential-1s-mi-scooter-3","url_meta":{"origin":1208,"position":0},"title":"Pack garde boue arri\u00e8re pour Xiaomi M365\/M365 Pro\/Essential\/1S\/Mi Scooter 3","author":"m365boutique","date":"7 mars 2021","format":false,"excerpt":"Pack garde boue arri\u00e8re pour Xiaomi M365 \/ M365 Pro \/ M365 Pro 2 \/ Essential \/ 1S \/ Mi Scooter 3 1 Garde boue arri\u00e8re Noir 1 feux arri\u00e8re 1 Support garde boue 1 kit de vis Couleur : NOIR ET BLANC","rel":"","context":"Avec 14 commentaires","block_context":{"text":"Avec 14 commentaires","link":"https:\/\/m365-boutique.fr\/?product=pack-garde-boue-arriere-pour-xiaomi-m365-m365-pro-essential-1s-mi-scooter-3#comments"},"img":{"alt_text":"","src":"https:\/\/i0.wp.com\/m365-boutique.fr\/wp-content\/uploads\/2021\/03\/img_4822-1.jpeg?resize=350%2C200&ssl=1","width":350,"height":200,"srcset":"https:\/\/i0.wp.com\/m365-boutique.fr\/wp-content\/uploads\/2021\/03\/img_4822-1.jpeg?resize=350%2C200&ssl=1 1x, https:\/\/i0.wp.com\/m365-boutique.fr\/wp-content\/uploads\/2021\/03\/img_4822-1.jpeg?resize=525%2C300&ssl=1 1.5x, https:\/\/i0.wp.com\/m365-boutique.fr\/wp-content\/uploads\/2021\/03\/img_4822-1.jpeg?resize=700%2C400&ssl=1 2x, https:\/\/i0.wp.com\/m365-boutique.fr\/wp-content\/uploads\/2021\/03\/img_4822-1.jpeg?resize=1050%2C600&ssl=1 3x"},"classes":[]},{"id":606,"url":"https:\/\/m365-boutique.fr\/?product=pack-garde-boue-arriere-pour-xiaomi-m365-m365-pro","url_meta":{"origin":1208,"position":1},"title":"Pack garde boue arri\u00e8re pour Xiaomi M365\/M365 Pro","author":"m365boutique","date":"1 octobre 2020","format":false,"excerpt":"Pack garde boue arri\u00e8re pour Xiaomi M365 & M365 Pro. 1 Garde boue arri\u00e8re Noir ou Blanc 1 feux arri\u00e8re 1 Support garde boue 1 kit de vis \u00a0","rel":"","context":"Avec 14 commentaires","block_context":{"text":"Avec 14 commentaires","link":"https:\/\/m365-boutique.fr\/?product=pack-garde-boue-arriere-pour-xiaomi-m365-m365-pro#comments"},"img":{"alt_text":"","src":"https:\/\/i0.wp.com\/m365-boutique.fr\/wp-content\/uploads\/2020\/10\/8509C8F5-EE51-4363-824E-9161A20B7C45.jpeg?resize=350%2C200&ssl=1","width":350,"height":200,"srcset":"https:\/\/i0.wp.com\/m365-boutique.fr\/wp-content\/uploads\/2020\/10\/8509C8F5-EE51-4363-824E-9161A20B7C45.jpeg?resize=350%2C200&ssl=1 1x, https:\/\/i0.wp.com\/m365-boutique.fr\/wp-content\/uploads\/2020\/10\/8509C8F5-EE51-4363-824E-9161A20B7C45.jpeg?resize=525%2C300&ssl=1 1.5x, https:\/\/i0.wp.com\/m365-boutique.fr\/wp-content\/uploads\/2020\/10\/8509C8F5-EE51-4363-824E-9161A20B7C45.jpeg?resize=700%2C400&ssl=1 2x, https:\/\/i0.wp.com\/m365-boutique.fr\/wp-content\/uploads\/2020\/10\/8509C8F5-EE51-4363-824E-9161A20B7C45.jpeg?resize=1050%2C600&ssl=1 3x"},"classes":[]},{"id":2864,"url":"https:\/\/m365-boutique.fr\/?product=pack-rehausseur-pour-xiaomi-m365-m365-pro-essential-1s-mi-scooter-3","url_meta":{"origin":1208,"position":2},"title":"Pack r\u00e9hausseur pour Xiaomi M365\/M365 Pro\/Essential\/1S\/Mi Scooter 3","author":"m365boutique","date":"2 f\u00e9vrier 2023","format":false,"excerpt":"Pack r\u00e9hausseur 10 Pouces pour trottinette \u00e9lectrique Xiaomi M365 \/ M365 Pro Essential \/ 1S \/ Mi Scooter 3. En \u00e9quipant votre trottinette de pneus 10 Pouces vous gagnerez en confort, en adh\u00e9rence et en stabilit\u00e9 lors de vos d\u00e9placements quotidiens. Le pack comporte : - 2 Pneu 10 Pouces\u2026","rel":"","context":"Avec 2 commentaires","block_context":{"text":"Avec 2 commentaires","link":"https:\/\/m365-boutique.fr\/?product=pack-rehausseur-pour-xiaomi-m365-m365-pro-essential-1s-mi-scooter-3#comments"},"img":{"alt_text":"","src":"https:\/\/i0.wp.com\/m365-boutique.fr\/wp-content\/uploads\/2023\/02\/img_9005.jpeg?resize=350%2C200&ssl=1","width":350,"height":200,"srcset":"https:\/\/i0.wp.com\/m365-boutique.fr\/wp-content\/uploads\/2023\/02\/img_9005.jpeg?resize=350%2C200&ssl=1 1x, https:\/\/i0.wp.com\/m365-boutique.fr\/wp-content\/uploads\/2023\/02\/img_9005.jpeg?resize=525%2C300&ssl=1 1.5x, https:\/\/i0.wp.com\/m365-boutique.fr\/wp-content\/uploads\/2023\/02\/img_9005.jpeg?resize=700%2C400&ssl=1 2x, https:\/\/i0.wp.com\/m365-boutique.fr\/wp-content\/uploads\/2023\/02\/img_9005.jpeg?resize=1050%2C600&ssl=1 3x"},"classes":[]},{"id":312,"url":"https:\/\/m365-boutique.fr\/?product=pack-lumiere-led-pour-xiaomi-m365-m365-pro-essential-1s-mi-scooter-3","url_meta":{"origin":1208,"position":3},"title":"Pack lumiere led pour Xiaomi M365\/M365 Pro\/Essential\/1S\/Mi Scooter 3","author":"m365boutique","date":"26 mai 2020","format":false,"excerpt":"Lumi\u00e8re USB rechargeable feux arri\u00e8re de s\u00e9curit\u00e9 pour Xiaomi M365 \/ M365 Pro \/ Essential \/ 1S \/ Mi Scooter 3 Le pack comprend 2 lumi\u00e8res LED.","rel":"","context":"Avec 5 commentaires","block_context":{"text":"Avec 5 commentaires","link":"https:\/\/m365-boutique.fr\/?product=pack-lumiere-led-pour-xiaomi-m365-m365-pro-essential-1s-mi-scooter-3#comments"},"img":{"alt_text":"","src":"https:\/\/i0.wp.com\/m365-boutique.fr\/wp-content\/uploads\/2020\/05\/726BDA2D-CA3E-43CB-B92D-D48FB26777AF.jpeg?resize=350%2C200&ssl=1","width":350,"height":200},"classes":[]},{"id":210,"url":"https:\/\/m365-boutique.fr\/?product=crochet-pour-xiaomi-m365-m365-pro-essential-1s-mi-scooter-3-4","url_meta":{"origin":1208,"position":4},"title":"Crochet pour Xiaomi M365\/M365 Pro\/Essential\/1S\/Mi Scooter 3 (N)","author":"m365boutique","date":"23 mai 2020","format":false,"excerpt":"Crochet pour Xiaomi M365 \/ M365 Pro \/ Essential \/ 1S \/ Mi Scooter 3 Pratique et\u00a0tr\u00e8s r\u00e9sistant pour supporter tout types de charge. COULEUR : BLANC\/NOIR OU NOIR\/BLANC","rel":"","context":"Avec 2 commentaires","block_context":{"text":"Avec 2 commentaires","link":"https:\/\/m365-boutique.fr\/?product=crochet-pour-xiaomi-m365-m365-pro-essential-1s-mi-scooter-3-4#comments"},"img":{"alt_text":"","src":"https:\/\/i0.wp.com\/m365-boutique.fr\/wp-content\/uploads\/2020\/05\/2982A467-C33B-47FD-A3A7-02B64DB7D195.jpeg?resize=350%2C200&ssl=1","width":350,"height":200,"srcset":"https:\/\/i0.wp.com\/m365-boutique.fr\/wp-content\/uploads\/2020\/05\/2982A467-C33B-47FD-A3A7-02B64DB7D195.jpeg?resize=350%2C200&ssl=1 1x, https:\/\/i0.wp.com\/m365-boutique.fr\/wp-content\/uploads\/2020\/05\/2982A467-C33B-47FD-A3A7-02B64DB7D195.jpeg?resize=525%2C300&ssl=1 1.5x, https:\/\/i0.wp.com\/m365-boutique.fr\/wp-content\/uploads\/2020\/05\/2982A467-C33B-47FD-A3A7-02B64DB7D195.jpeg?resize=700%2C400&ssl=1 2x, https:\/\/i0.wp.com\/m365-boutique.fr\/wp-content\/uploads\/2020\/05\/2982A467-C33B-47FD-A3A7-02B64DB7D195.jpeg?resize=1050%2C600&ssl=1 3x"},"classes":[]},{"id":327,"url":"https:\/\/m365-boutique.fr\/?product=protection-en-silicone-pour-xiaomi-m365-m365-pro-essential-1s-mi-scooter-3","url_meta":{"origin":1208,"position":5},"title":"Protection en silicone pour Xiaomi M365\/M365 Pro\/Essential\/1S\/Mi Scooter 3","author":"m365boutique","date":"26 mai 2020","format":false,"excerpt":"Protection en silicone pour poign\u00e9e de frein pour Xiaomi M365 \/ M365 Pro \/ Essential \/ 1S \/ Mi Scooter 3 Am\u00e9liore la sensation, doux, confortable et facile \u00e0 installer. couleur : NOIR","rel":"","context":"Avec 1 commentaire","block_context":{"text":"Avec 1 commentaire","link":"https:\/\/m365-boutique.fr\/?product=protection-en-silicone-pour-xiaomi-m365-m365-pro-essential-1s-mi-scooter-3#comments"},"img":{"alt_text":"","src":"https:\/\/i0.wp.com\/m365-boutique.fr\/wp-content\/uploads\/2020\/05\/55549F13-CCD7-42B7-B28C-39296D4E8F3A.jpeg?resize=350%2C200&ssl=1","width":350,"height":200,"srcset":"https:\/\/i0.wp.com\/m365-boutique.fr\/wp-content\/uploads\/2020\/05\/55549F13-CCD7-42B7-B28C-39296D4E8F3A.jpeg?resize=350%2C200&ssl=1 1x, https:\/\/i0.wp.com\/m365-boutique.fr\/wp-content\/uploads\/2020\/05\/55549F13-CCD7-42B7-B28C-39296D4E8F3A.jpeg?resize=525%2C300&ssl=1 1.5x, https:\/\/i0.wp.com\/m365-boutique.fr\/wp-content\/uploads\/2020\/05\/55549F13-CCD7-42B7-B28C-39296D4E8F3A.jpeg?resize=700%2C400&ssl=1 2x, https:\/\/i0.wp.com\/m365-boutique.fr\/wp-content\/uploads\/2020\/05\/55549F13-CCD7-42B7-B28C-39296D4E8F3A.jpeg?resize=1050%2C600&ssl=1 3x"},"classes":[]}],"jetpack_sharing_enabled":true,"amp_enabled":true,"_links":{"self":[{"href":"https:\/\/m365-boutique.fr\/index.php?rest_route=\/wp\/v2\/product\/1208","targetHints":{"allow":["GET"]}}],"collection":[{"href":"https:\/\/m365-boutique.fr\/index.php?rest_route=\/wp\/v2\/product"}],"about":[{"href":"https:\/\/m365-boutique.fr\/index.php?rest_route=\/wp\/v2\/types\/product"}],"replies":[{"embeddable":true,"href":"https:\/\/m365-boutique.fr\/index.php?rest_route=%2Fwp%2Fv2%2Fcomments&post=1208"}],"wp:featuredmedia":[{"embeddable":true,"href":"https:\/\/m365-boutique.fr\/index.php?rest_route=\/wp\/v2\/media\/1206"}],"wp:attachment":[{"href":"https:\/\/m365-boutique.fr\/index.php?rest_route=%2Fwp%2Fv2%2Fmedia&parent=1208"}],"wp:term":[{"taxonomy":"product_brand","embeddable":true,"href":"https:\/\/m365-boutique.fr\/index.php?rest_route=%2Fwp%2Fv2%2Fproduct_brand&post=1208"},{"taxonomy":"product_cat","embeddable":true,"href":"https:\/\/m365-boutique.fr\/index.php?rest_route=%2Fwp%2Fv2%2Fproduct_cat&post=1208"},{"taxonomy":"product_tag","embeddable":true,"href":"https:\/\/m365-boutique.fr\/index.php?rest_route=%2Fwp%2Fv2%2Fproduct_tag&post=1208"}],"curies":[{"name":"wp","href":"https:\/\/api.w.org\/{rel}","templated":true}]}}