{"id":1427,"date":"2021-09-30T15:35:42","date_gmt":"2021-09-30T13:35:42","guid":{"rendered":"https:\/\/m365-boutique.fr\/produit\/boite-a-outils-63-element"},"modified":"2024-10-27T14:16:28","modified_gmt":"2024-10-27T12:16:28","slug":"boite-a-outils-63-element","status":"publish","type":"product","link":"https:\/\/m365-boutique.fr\/?product=boite-a-outils-63-element","title":{"rendered":"Bo\u00eete \u00e0 outils 63 \u00e9l\u00e9ment"},"content":{"rendered":"<p>Bo\u00eete \u00e0 outils contenant 63 t\u00eates en aluminium pour bricoler votre trottinette de A \u00e0 Z.<\/p>\n","protected":false},"excerpt":{"rendered":"<p>Bo\u00eete \u00e0 outils contenant 63 t\u00eates en aluminium pour bricoler votre trottinette de A \u00e0 Z.<\/p>\n","protected":false},"featured_media":1425,"comment_status":"open","ping_status":"closed","template":"","meta":[],"product_brand":[],"product_cat":[19],"product_tag":[],"class_list":{"0":"post-1427","1":"product","2":"type-product","3":"status-publish","4":"has-post-thumbnail","6":"product_cat-boutique","8":"first","9":"instock","10":"sale","11":"purchasable","12":"product-type-simple"},"aioseo_notices":[],"jetpack-related-posts":[{"id":1869,"url":"https:\/\/m365-boutique.fr\/?product=extension-de-guidon-pour-trottinette-electrique","url_meta":{"origin":1427,"position":0},"title":"Extension de guidon pour trottinette \u00e9lectrique","author":"m365boutique","date":"8 mai 2022","format":false,"excerpt":"Extension de guidon en aluminium pour tous mod\u00e8les de trottinette \u00e9lectrique. Id\u00e9al pour installer des \u00e9quipements suppl\u00e9mentaires ( smartphone, klaxon, lampes, gps ) sur votre guidon d'origine. Dimension : 20 x 2.22 x 9.5 cm Couleur : Noir","rel":"","context":"Article similaire","block_context":{"text":"Article similaire","link":""},"img":{"alt_text":"","src":"https:\/\/i0.wp.com\/m365-boutique.fr\/wp-content\/uploads\/2022\/05\/img_6707-1.jpeg?resize=350%2C200&ssl=1","width":350,"height":200,"srcset":"https:\/\/i0.wp.com\/m365-boutique.fr\/wp-content\/uploads\/2022\/05\/img_6707-1.jpeg?resize=350%2C200&ssl=1 1x, https:\/\/i0.wp.com\/m365-boutique.fr\/wp-content\/uploads\/2022\/05\/img_6707-1.jpeg?resize=525%2C300&ssl=1 1.5x, https:\/\/i0.wp.com\/m365-boutique.fr\/wp-content\/uploads\/2022\/05\/img_6707-1.jpeg?resize=700%2C400&ssl=1 2x, https:\/\/i0.wp.com\/m365-boutique.fr\/wp-content\/uploads\/2022\/05\/img_6707-1.jpeg?resize=1050%2C600&ssl=1 3x"},"classes":[]},{"id":1193,"url":"https:\/\/m365-boutique.fr\/?product=suspension-arriere-monorim-pour-xiaomi-m365-m365-pro-essential-1s-mi-scooter-3","url_meta":{"origin":1427,"position":1},"title":"Suspension arri\u00e8re Monorim pour Xiaomi M365\/M365 Pro\/Essential\/1S\/Mi Scooter 3","author":"m365boutique","date":"27 juillet 2021","format":false,"excerpt":"Suspension arri\u00e8re Monorim pour Xiaomi M365 \/ M365 Pro \/ Essential \/ 1S \/ Mi Scooter 3 Si vous cherchez plus de confort lors de vos d\u00e9placements en trottinette alors vous \u00eates au bon endroit. De plus, ces suspensions vous assurent plus de stabilit\u00e9 et vous permettent donc de rouler\u2026","rel":"","context":"Avec 2 commentaires","block_context":{"text":"Avec 2 commentaires","link":"https:\/\/m365-boutique.fr\/?product=suspension-arriere-monorim-pour-xiaomi-m365-m365-pro-essential-1s-mi-scooter-3#comments"},"img":{"alt_text":"","src":"https:\/\/i0.wp.com\/m365-boutique.fr\/wp-content\/uploads\/2021\/07\/img_5550.jpeg?resize=350%2C200&ssl=1","width":350,"height":200,"srcset":"https:\/\/i0.wp.com\/m365-boutique.fr\/wp-content\/uploads\/2021\/07\/img_5550.jpeg?resize=350%2C200&ssl=1 1x, https:\/\/i0.wp.com\/m365-boutique.fr\/wp-content\/uploads\/2021\/07\/img_5550.jpeg?resize=525%2C300&ssl=1 1.5x, https:\/\/i0.wp.com\/m365-boutique.fr\/wp-content\/uploads\/2021\/07\/img_5550.jpeg?resize=700%2C400&ssl=1 2x, https:\/\/i0.wp.com\/m365-boutique.fr\/wp-content\/uploads\/2021\/07\/img_5550.jpeg?resize=1050%2C600&ssl=1 3x"},"classes":[]},{"id":1981,"url":"https:\/\/m365-boutique.fr\/?product=cadenas-pour-trottinette-electrique","url_meta":{"origin":1427,"position":2},"title":"Cadenas pour trottinette \u00e9lectrique","author":"m365boutique","date":"29 mai 2022","format":false,"excerpt":"Cadenas cod\u00e9 de marque Ninebot pour toutes trottinette \u00e9lectrique. Fabriqu\u00e9 en c\u00e2ble torsad\u00e9 r\u00e9sistant envelopp\u00e9 d'une mati\u00e8re en vinyle r\u00e9sistant a l'eau. Dimension : 120x1.2x1.2 cm","rel":"","context":"Article similaire","block_context":{"text":"Article similaire","link":""},"img":{"alt_text":"","src":"https:\/\/i0.wp.com\/m365-boutique.fr\/wp-content\/uploads\/2022\/05\/img_6864.jpeg?resize=350%2C200&ssl=1","width":350,"height":200,"srcset":"https:\/\/i0.wp.com\/m365-boutique.fr\/wp-content\/uploads\/2022\/05\/img_6864.jpeg?resize=350%2C200&ssl=1 1x, https:\/\/i0.wp.com\/m365-boutique.fr\/wp-content\/uploads\/2022\/05\/img_6864.jpeg?resize=525%2C300&ssl=1 1.5x, https:\/\/i0.wp.com\/m365-boutique.fr\/wp-content\/uploads\/2022\/05\/img_6864.jpeg?resize=700%2C400&ssl=1 2x, https:\/\/i0.wp.com\/m365-boutique.fr\/wp-content\/uploads\/2022\/05\/img_6864.jpeg?resize=1050%2C600&ssl=1 3x"},"classes":[]},{"id":3379,"url":"https:\/\/m365-boutique.fr\/?product=tete-de-guidon-pour-xiaomi-m365-m365-pro-essential-1s-mi-scooter-3","url_meta":{"origin":1427,"position":3},"title":"T\u00eate de guidon pour Xiaomi M365\/M365 Pro\/Essential\/1S\/Mi Scooter 3","author":"m365boutique","date":"29 septembre 2023","format":false,"excerpt":"T\u00eate de guidon pour trottinette Xiaomi M365 \/ M365 Pro \/ Essential \/ 1S \/ Mi Scooter 3. Pieces faisant partie du guidon, installation facile.","rel":"","context":"Article similaire","block_context":{"text":"Article similaire","link":""},"img":{"alt_text":"","src":"https:\/\/i0.wp.com\/m365-boutique.fr\/wp-content\/uploads\/2023\/09\/img_0019.png?resize=350%2C200&ssl=1","width":350,"height":200},"classes":[]},{"id":3270,"url":"https:\/\/m365-boutique.fr\/?product=moteur-by-ninebot-pour-xiaomi-m365-m365-pro-essential-1s-mi-scooter-3","url_meta":{"origin":1427,"position":4},"title":"Moteur by Ninebot pour Xiaomi M365\/M365 Pro\/Essential\/1S\/Mi Scooter 3","author":"m365boutique","date":"28 juillet 2023","format":false,"excerpt":"Moteur de la Marque Ninebot con\u00e7u sp\u00e9cialement pour les trottinettes Xiaomi M365 \/ M365 Pro \/ Essential \/ 1S \/ Mi Scooter 3. D'une puissance de 350W qui est sup\u00e9rieure a ceux propos\u00e9s, celle ci permettra \u00e0 votre trottinette d'avoir plus de couples en mont\u00e9e et plus de vitesse.","rel":"","context":"Article similaire","block_context":{"text":"Article similaire","link":""},"img":{"alt_text":"","src":"https:\/\/i0.wp.com\/m365-boutique.fr\/wp-content\/uploads\/2023\/07\/img_9872.jpeg?resize=350%2C200&ssl=1","width":350,"height":200},"classes":[]},{"id":2864,"url":"https:\/\/m365-boutique.fr\/?product=pack-rehausseur-pour-xiaomi-m365-m365-pro-essential-1s-mi-scooter-3","url_meta":{"origin":1427,"position":5},"title":"Pack r\u00e9hausseur pour Xiaomi M365\/M365 Pro\/Essential\/1S\/Mi Scooter 3","author":"m365boutique","date":"2 f\u00e9vrier 2023","format":false,"excerpt":"Pack r\u00e9hausseur 10 Pouces pour trottinette \u00e9lectrique Xiaomi M365 \/ M365 Pro Essential \/ 1S \/ Mi Scooter 3. En \u00e9quipant votre trottinette de pneus 10 Pouces vous gagnerez en confort, en adh\u00e9rence et en stabilit\u00e9 lors de vos d\u00e9placements quotidiens. Le pack comporte : - 2 Pneu 10 Pouces\u2026","rel":"","context":"Avec 2 commentaires","block_context":{"text":"Avec 2 commentaires","link":"https:\/\/m365-boutique.fr\/?product=pack-rehausseur-pour-xiaomi-m365-m365-pro-essential-1s-mi-scooter-3#comments"},"img":{"alt_text":"","src":"https:\/\/i0.wp.com\/m365-boutique.fr\/wp-content\/uploads\/2023\/02\/img_9005.jpeg?resize=350%2C200&ssl=1","width":350,"height":200,"srcset":"https:\/\/i0.wp.com\/m365-boutique.fr\/wp-content\/uploads\/2023\/02\/img_9005.jpeg?resize=350%2C200&ssl=1 1x, https:\/\/i0.wp.com\/m365-boutique.fr\/wp-content\/uploads\/2023\/02\/img_9005.jpeg?resize=525%2C300&ssl=1 1.5x, https:\/\/i0.wp.com\/m365-boutique.fr\/wp-content\/uploads\/2023\/02\/img_9005.jpeg?resize=700%2C400&ssl=1 2x, https:\/\/i0.wp.com\/m365-boutique.fr\/wp-content\/uploads\/2023\/02\/img_9005.jpeg?resize=1050%2C600&ssl=1 3x"},"classes":[]}],"jetpack_sharing_enabled":true,"amp_enabled":true,"_links":{"self":[{"href":"https:\/\/m365-boutique.fr\/index.php?rest_route=\/wp\/v2\/product\/1427","targetHints":{"allow":["GET"]}}],"collection":[{"href":"https:\/\/m365-boutique.fr\/index.php?rest_route=\/wp\/v2\/product"}],"about":[{"href":"https:\/\/m365-boutique.fr\/index.php?rest_route=\/wp\/v2\/types\/product"}],"replies":[{"embeddable":true,"href":"https:\/\/m365-boutique.fr\/index.php?rest_route=%2Fwp%2Fv2%2Fcomments&post=1427"}],"wp:featuredmedia":[{"embeddable":true,"href":"https:\/\/m365-boutique.fr\/index.php?rest_route=\/wp\/v2\/media\/1425"}],"wp:attachment":[{"href":"https:\/\/m365-boutique.fr\/index.php?rest_route=%2Fwp%2Fv2%2Fmedia&parent=1427"}],"wp:term":[{"taxonomy":"product_brand","embeddable":true,"href":"https:\/\/m365-boutique.fr\/index.php?rest_route=%2Fwp%2Fv2%2Fproduct_brand&post=1427"},{"taxonomy":"product_cat","embeddable":true,"href":"https:\/\/m365-boutique.fr\/index.php?rest_route=%2Fwp%2Fv2%2Fproduct_cat&post=1427"},{"taxonomy":"product_tag","embeddable":true,"href":"https:\/\/m365-boutique.fr\/index.php?rest_route=%2Fwp%2Fv2%2Fproduct_tag&post=1427"}],"curies":[{"name":"wp","href":"https:\/\/api.w.org\/{rel}","templated":true}]}}