{"id":181,"date":"2020-05-21T23:05:36","date_gmt":"2020-05-21T21:05:36","guid":{"rendered":"https:\/\/m365-boutique.fr\/?post_type=product&#038;p=181"},"modified":"2023-12-21T17:51:39","modified_gmt":"2023-12-21T15:51:39","slug":"plaquettes-de-frein-pour-xiaomi-m365","status":"publish","type":"product","link":"https:\/\/m365-boutique.fr\/?product=plaquettes-de-frein-pour-xiaomi-m365","title":{"rendered":"Plaquettes de frein pour Xiaomi M365"},"content":{"rendered":"<p class=\"p1\"><span class=\"s1\">Kit Plaquettes de freins pour <\/span>trottinette<span class=\"s1\"> Xiaomi M365<\/span>.<\/p>\n<p class=\"p1\"><span class=\"s1\">Vendu par paire.<\/span><\/p>\n","protected":false},"excerpt":{"rendered":"<p>Kit Plaquettes de freins pour trottinette Xiaomi M365. Vendu par paire.<\/p>\n","protected":false},"featured_media":157,"comment_status":"open","ping_status":"closed","template":"","meta":[],"product_brand":[],"product_cat":[19],"product_tag":[],"class_list":{"0":"post-181","1":"product","2":"type-product","3":"status-publish","4":"has-post-thumbnail","6":"product_cat-boutique","8":"first","9":"instock","10":"sale","11":"taxable","12":"shipping-taxable","13":"purchasable","14":"product-type-simple"},"aioseo_notices":[],"jetpack-related-posts":[{"id":2863,"url":"https:\/\/m365-boutique.fr\/?product=plaquettes-de-frein-pour-xiaomi-3","url_meta":{"origin":181,"position":0},"title":"Plaquettes de frein pour Mi Scooter 3","author":"m365boutique","date":"2 f\u00e9vrier 2023","format":false,"excerpt":"Kit Plaquettes de freins pour trottinette Mi Scooter 3 Vendu par paire.","rel":"","context":"Article similaire","block_context":{"text":"Article similaire","link":""},"img":{"alt_text":"","src":"https:\/\/i0.wp.com\/m365-boutique.fr\/wp-content\/uploads\/2022\/05\/img_6679-1.jpeg?resize=350%2C200&ssl=1","width":350,"height":200,"srcset":"https:\/\/i0.wp.com\/m365-boutique.fr\/wp-content\/uploads\/2022\/05\/img_6679-1.jpeg?resize=350%2C200&ssl=1 1x, https:\/\/i0.wp.com\/m365-boutique.fr\/wp-content\/uploads\/2022\/05\/img_6679-1.jpeg?resize=525%2C300&ssl=1 1.5x, https:\/\/i0.wp.com\/m365-boutique.fr\/wp-content\/uploads\/2022\/05\/img_6679-1.jpeg?resize=700%2C400&ssl=1 2x, https:\/\/i0.wp.com\/m365-boutique.fr\/wp-content\/uploads\/2022\/05\/img_6679-1.jpeg?resize=1050%2C600&ssl=1 3x"},"classes":[]},{"id":444,"url":"https:\/\/m365-boutique.fr\/?product=plaquettes-de-frein-pour-xiaomi-m365-pro-essential-1s-mi-scooter-3","url_meta":{"origin":181,"position":1},"title":"Plaquettes de frein pour Xiaomi M365 Pro\/Essential\/1S\/Mi Scooter 3","author":"m365boutique","date":"20 juillet 2020","format":false,"excerpt":"Kit Plaquettes de freins pour trottinette Xiaomi M365 Pro \/ Essential \/ 1S \/ Mi Scooter 3 Vendu par paire.","rel":"","context":"Avec 16 commentaires","block_context":{"text":"Avec 16 commentaires","link":"https:\/\/m365-boutique.fr\/?product=plaquettes-de-frein-pour-xiaomi-m365-pro-essential-1s-mi-scooter-3#comments"},"img":{"alt_text":"","src":"https:\/\/i0.wp.com\/m365-boutique.fr\/wp-content\/uploads\/2020\/07\/87D8B16D-E7DD-4FA1-864C-2B8DDE4EFA2A.jpeg?resize=350%2C200&ssl=1","width":350,"height":200,"srcset":"https:\/\/i0.wp.com\/m365-boutique.fr\/wp-content\/uploads\/2020\/07\/87D8B16D-E7DD-4FA1-864C-2B8DDE4EFA2A.jpeg?resize=350%2C200&ssl=1 1x, https:\/\/i0.wp.com\/m365-boutique.fr\/wp-content\/uploads\/2020\/07\/87D8B16D-E7DD-4FA1-864C-2B8DDE4EFA2A.jpeg?resize=525%2C300&ssl=1 1.5x, https:\/\/i0.wp.com\/m365-boutique.fr\/wp-content\/uploads\/2020\/07\/87D8B16D-E7DD-4FA1-864C-2B8DDE4EFA2A.jpeg?resize=700%2C400&ssl=1 2x"},"classes":[]},{"id":1854,"url":"https:\/\/m365-boutique.fr\/?product=plaquettes-de-frein-pour-etrier-x-tech","url_meta":{"origin":181,"position":2},"title":"Plaquettes de frein pour \u00e9trier X-TECH","author":"m365boutique","date":"5 mai 2022","format":false,"excerpt":"Kit Plaquettes de freins pour \u00e9trier X-TECH Vendu par paire.","rel":"","context":"Avec 1 commentaire","block_context":{"text":"Avec 1 commentaire","link":"https:\/\/m365-boutique.fr\/?product=plaquettes-de-frein-pour-etrier-x-tech#comments"},"img":{"alt_text":"","src":"https:\/\/i0.wp.com\/m365-boutique.fr\/wp-content\/uploads\/2022\/05\/img_6681-1.jpeg?resize=350%2C200&ssl=1","width":350,"height":200,"srcset":"https:\/\/i0.wp.com\/m365-boutique.fr\/wp-content\/uploads\/2022\/05\/img_6681-1.jpeg?resize=350%2C200&ssl=1 1x, https:\/\/i0.wp.com\/m365-boutique.fr\/wp-content\/uploads\/2022\/05\/img_6681-1.jpeg?resize=525%2C300&ssl=1 1.5x, https:\/\/i0.wp.com\/m365-boutique.fr\/wp-content\/uploads\/2022\/05\/img_6681-1.jpeg?resize=700%2C400&ssl=1 2x, https:\/\/i0.wp.com\/m365-boutique.fr\/wp-content\/uploads\/2022\/05\/img_6681-1.jpeg?resize=1050%2C600&ssl=1 3x"},"classes":[]},{"id":3047,"url":"https:\/\/m365-boutique.fr\/?product=plaquettes-de-frein-renforce-pour-xiaomi-m365-pro-essential-1s-mi-scooter-3","url_meta":{"origin":181,"position":3},"title":"Plaquettes de frein renforc\u00e9 pour Xiaomi M365 Pro\/Essential\/1S\/Mi Scooter 3","author":"m365boutique","date":"26 mars 2023","format":false,"excerpt":"Plaquettes renforc\u00e9 pour Xiaomi M365 Pro \/ Essential \/ 1S \/ Mi Scooter 3. C\u00e9ramique beaucoup plus r\u00e9sistant qui vous apportera moins d'usure lors de vos freinages.","rel":"","context":"Article similaire","block_context":{"text":"Article similaire","link":""},"img":{"alt_text":"","src":"https:\/\/i0.wp.com\/m365-boutique.fr\/wp-content\/uploads\/2023\/03\/img_9356.jpeg?resize=350%2C200&ssl=1","width":350,"height":200,"srcset":"https:\/\/i0.wp.com\/m365-boutique.fr\/wp-content\/uploads\/2023\/03\/img_9356.jpeg?resize=350%2C200&ssl=1 1x, https:\/\/i0.wp.com\/m365-boutique.fr\/wp-content\/uploads\/2023\/03\/img_9356.jpeg?resize=525%2C300&ssl=1 1.5x, https:\/\/i0.wp.com\/m365-boutique.fr\/wp-content\/uploads\/2023\/03\/img_9356.jpeg?resize=700%2C400&ssl=1 2x, https:\/\/i0.wp.com\/m365-boutique.fr\/wp-content\/uploads\/2023\/03\/img_9356.jpeg?resize=1050%2C600&ssl=1 3x"},"classes":[]},{"id":1621,"url":"https:\/\/m365-boutique.fr\/?product=bloc-disque-pour-xiaomi-m365-m365-pro-essential-1s-mi-scooter-3","url_meta":{"origin":181,"position":4},"title":"Bloc disque pour Xiaomi M365\/M365 Pro\/Essential\/1S\/Mi Scooter 3","author":"m365boutique","date":"9 d\u00e9cembre 2021","format":false,"excerpt":"Bloc disque pour Xiaomi M365 \/ M365 Pro \/Essential \/ 1S \/ Mi Scooter 3 permettant de s\u00e9curiser votre trottinette. Convient aux freins \u00e0 disque d'une \u00e9paisseur inf\u00e9rieure \u00e0 7 mm. Vendu avec la cordelette d'attache et son support a fixer.","rel":"","context":"Article similaire","block_context":{"text":"Article similaire","link":""},"img":{"alt_text":"","src":"https:\/\/i0.wp.com\/m365-boutique.fr\/wp-content\/uploads\/2021\/12\/img_6061.jpeg?resize=350%2C200&ssl=1","width":350,"height":200,"srcset":"https:\/\/i0.wp.com\/m365-boutique.fr\/wp-content\/uploads\/2021\/12\/img_6061.jpeg?resize=350%2C200&ssl=1 1x, https:\/\/i0.wp.com\/m365-boutique.fr\/wp-content\/uploads\/2021\/12\/img_6061.jpeg?resize=525%2C300&ssl=1 1.5x, https:\/\/i0.wp.com\/m365-boutique.fr\/wp-content\/uploads\/2021\/12\/img_6061.jpeg?resize=700%2C400&ssl=1 2x, https:\/\/i0.wp.com\/m365-boutique.fr\/wp-content\/uploads\/2021\/12\/img_6061.jpeg?resize=1050%2C600&ssl=1 3x"},"classes":[]},{"id":391,"url":"https:\/\/m365-boutique.fr\/?product=disque-de-frein-pour-xiaomi-m365-pro-essential-1s-mi-scooter-3","url_meta":{"origin":181,"position":5},"title":"Disque de frein pour Xiaomi M365\/M365 Pro\/Essential\/1S\/Mi Scooter 3","author":"m365boutique","date":"6 juillet 2020","format":false,"excerpt":"Disque de frein pour trottinette Xiaomi M365 \/ M365 Pro \/ Essential \/ 1S \/ Mi Scooter 3 Fourni avec les vis, montage facile. M365 : 110MM M365 Pro\/Essential\/1S\/Mi Scooter 3 : 120MM","rel":"","context":"Avec 6 commentaires","block_context":{"text":"Avec 6 commentaires","link":"https:\/\/m365-boutique.fr\/?product=disque-de-frein-pour-xiaomi-m365-pro-essential-1s-mi-scooter-3#comments"},"img":{"alt_text":"","src":"https:\/\/i0.wp.com\/m365-boutique.fr\/wp-content\/uploads\/2020\/07\/B8D33CE3-7589-44FD-904F-B8F99139CF4D.jpeg?resize=350%2C200&ssl=1","width":350,"height":200,"srcset":"https:\/\/i0.wp.com\/m365-boutique.fr\/wp-content\/uploads\/2020\/07\/B8D33CE3-7589-44FD-904F-B8F99139CF4D.jpeg?resize=350%2C200&ssl=1 1x, https:\/\/i0.wp.com\/m365-boutique.fr\/wp-content\/uploads\/2020\/07\/B8D33CE3-7589-44FD-904F-B8F99139CF4D.jpeg?resize=525%2C300&ssl=1 1.5x, https:\/\/i0.wp.com\/m365-boutique.fr\/wp-content\/uploads\/2020\/07\/B8D33CE3-7589-44FD-904F-B8F99139CF4D.jpeg?resize=700%2C400&ssl=1 2x, https:\/\/i0.wp.com\/m365-boutique.fr\/wp-content\/uploads\/2020\/07\/B8D33CE3-7589-44FD-904F-B8F99139CF4D.jpeg?resize=1050%2C600&ssl=1 3x"},"classes":[]}],"jetpack_sharing_enabled":true,"amp_enabled":true,"_links":{"self":[{"href":"https:\/\/m365-boutique.fr\/index.php?rest_route=\/wp\/v2\/product\/181","targetHints":{"allow":["GET"]}}],"collection":[{"href":"https:\/\/m365-boutique.fr\/index.php?rest_route=\/wp\/v2\/product"}],"about":[{"href":"https:\/\/m365-boutique.fr\/index.php?rest_route=\/wp\/v2\/types\/product"}],"replies":[{"embeddable":true,"href":"https:\/\/m365-boutique.fr\/index.php?rest_route=%2Fwp%2Fv2%2Fcomments&post=181"}],"wp:featuredmedia":[{"embeddable":true,"href":"https:\/\/m365-boutique.fr\/index.php?rest_route=\/wp\/v2\/media\/157"}],"wp:attachment":[{"href":"https:\/\/m365-boutique.fr\/index.php?rest_route=%2Fwp%2Fv2%2Fmedia&parent=181"}],"wp:term":[{"taxonomy":"product_brand","embeddable":true,"href":"https:\/\/m365-boutique.fr\/index.php?rest_route=%2Fwp%2Fv2%2Fproduct_brand&post=181"},{"taxonomy":"product_cat","embeddable":true,"href":"https:\/\/m365-boutique.fr\/index.php?rest_route=%2Fwp%2Fv2%2Fproduct_cat&post=181"},{"taxonomy":"product_tag","embeddable":true,"href":"https:\/\/m365-boutique.fr\/index.php?rest_route=%2Fwp%2Fv2%2Fproduct_tag&post=181"}],"curies":[{"name":"wp","href":"https:\/\/api.w.org\/{rel}","templated":true}]}}