{"id":1838,"date":"2022-05-05T03:51:08","date_gmt":"2022-05-05T01:51:08","guid":{"rendered":"https:\/\/m365-boutique.fr\/produit\/pneu-pour-xiaomi-m365-m365-pro-essential-1s"},"modified":"2023-11-08T00:29:35","modified_gmt":"2023-11-07T22:29:35","slug":"pneu-plein-pour-xiaomi-4-pro","status":"publish","type":"product","link":"https:\/\/m365-boutique.fr\/?product=pneu-plein-pour-xiaomi-4-pro","title":{"rendered":"Pneu plein pour Xiaomi 4 Pro"},"content":{"rendered":"<p>Pneu plein pour Xiaomi 4 Pro, d&#8217;une souplesse qui vous procurera une tr\u00e8s bonne adh\u00e9rence sur les routes.<\/p>\n<p>Dimension : 10 x 2,50 Pouces<\/p>\n","protected":false},"excerpt":{"rendered":"<p>Pneu plein pour Xiaomi 4 Pro, d&#8217;une souplesse qui vous procurera une tr\u00e8s bonne adh\u00e9rence sur les routes. Dimension : 10 x 2,50 Pouces<\/p>\n","protected":false},"featured_media":3004,"comment_status":"open","ping_status":"closed","template":"","meta":[],"product_brand":[],"product_cat":[19],"product_tag":[],"class_list":{"0":"post-1838","1":"product","2":"type-product","3":"status-publish","4":"has-post-thumbnail","6":"product_cat-boutique","8":"first","9":"instock","10":"sale","11":"taxable","12":"shipping-taxable","13":"purchasable","14":"product-type-variable"},"aioseo_notices":[],"jetpack-related-posts":[{"id":532,"url":"https:\/\/m365-boutique.fr\/?product=pneu-plein-fluorescent-pour-xiaomi-m365-m365-pro-essential-1s-mi-scooter-3","url_meta":{"origin":1838,"position":0},"title":"Pneu plein fluorescent pour Xiaomi M365\/M365 Pro\/Essential\/1S\/Mi Scooter 3","author":"m365boutique","date":"31 ao\u00fbt 2020","format":false,"excerpt":"2 Pneu plein fluorescent pour Xiaomi M365 \/ M365 Pro \/ Essential \/ 1S \/ Mi Scooter 3 Id\u00e9al pour customiser sa trottinette et \u00eatre voyant sur la route. Taille : 8,5 X 2.0 .","rel":"","context":"Avec 2 commentaires","block_context":{"text":"Avec 2 commentaires","link":"https:\/\/m365-boutique.fr\/?product=pneu-plein-fluorescent-pour-xiaomi-m365-m365-pro-essential-1s-mi-scooter-3#comments"},"img":{"alt_text":"","src":"https:\/\/i0.wp.com\/m365-boutique.fr\/wp-content\/uploads\/2021\/11\/img_5991.jpeg?resize=350%2C200&ssl=1","width":350,"height":200,"srcset":"https:\/\/i0.wp.com\/m365-boutique.fr\/wp-content\/uploads\/2021\/11\/img_5991.jpeg?resize=350%2C200&ssl=1 1x, https:\/\/i0.wp.com\/m365-boutique.fr\/wp-content\/uploads\/2021\/11\/img_5991.jpeg?resize=525%2C300&ssl=1 1.5x, https:\/\/i0.wp.com\/m365-boutique.fr\/wp-content\/uploads\/2021\/11\/img_5991.jpeg?resize=700%2C400&ssl=1 2x, https:\/\/i0.wp.com\/m365-boutique.fr\/wp-content\/uploads\/2021\/11\/img_5991.jpeg?resize=1050%2C600&ssl=1 3x"},"classes":[]},{"id":2899,"url":"https:\/\/m365-boutique.fr\/?product=pneu-plein-next-urban-pour-xiaomi-m365-m365-pro-essential-1s-mi-scooter-3","url_meta":{"origin":1838,"position":1},"title":"Pneu plein Next Urban pour Xiaomi M365\/M365 Pro\/Essential\/1S\/Mi Scooter 3","author":"m365boutique","date":"3 f\u00e9vrier 2023","format":false,"excerpt":"Pneu plein New Urban pour trottinette \u00e9lectrique Xiaomi M365 \/ M365 Pro \/ Essential \/ 1S \/ Mi Scooter 3. Pneu plein de qualit\u00e9, alevoles a l'int\u00e9rieur du pneu vous apportant confort et l'esth\u00e9tique qui va avec. Dimension : 8,5 X 2","rel":"","context":"Article similaire","block_context":{"text":"Article similaire","link":""},"img":{"alt_text":"","src":"https:\/\/i0.wp.com\/m365-boutique.fr\/wp-content\/uploads\/2023\/02\/img_9040.jpeg?resize=350%2C200&ssl=1","width":350,"height":200,"srcset":"https:\/\/i0.wp.com\/m365-boutique.fr\/wp-content\/uploads\/2023\/02\/img_9040.jpeg?resize=350%2C200&ssl=1 1x, https:\/\/i0.wp.com\/m365-boutique.fr\/wp-content\/uploads\/2023\/02\/img_9040.jpeg?resize=525%2C300&ssl=1 1.5x, https:\/\/i0.wp.com\/m365-boutique.fr\/wp-content\/uploads\/2023\/02\/img_9040.jpeg?resize=700%2C400&ssl=1 2x, https:\/\/i0.wp.com\/m365-boutique.fr\/wp-content\/uploads\/2023\/02\/img_9040.jpeg?resize=1050%2C600&ssl=1 3x"},"classes":[]},{"id":225,"url":"https:\/\/m365-boutique.fr\/?product=pneu-plein-alveole-pour-xiaomi-m365-m365-pro-essential-1s-mi-scooter-3","url_meta":{"origin":1838,"position":2},"title":"Pneu plein alv\u00e9ol\u00e9 pour Xiaomi M365\/M365 Pro\/Essential\/1S\/Mi Scooter 3","author":"m365boutique","date":"24 mai 2020","format":false,"excerpt":"Pneu plein alv\u00e9ol\u00e9, anti cravaison pour trottinette Xiaomi M365 \/ M365 Pro \/ Essential \/ 1S \/ Mi Scooter 3 Increvable et compatibles pour la roue avant et arri\u00e8re. Le pneu alv\u00e9ol\u00e9 permet de diminuer le poids et d\u2019am\u00e9liorer le confort. Taille : 8,5 X 2.0 .","rel":"","context":"Avec 8 commentaires","block_context":{"text":"Avec 8 commentaires","link":"https:\/\/m365-boutique.fr\/?product=pneu-plein-alveole-pour-xiaomi-m365-m365-pro-essential-1s-mi-scooter-3#comments"},"img":{"alt_text":"","src":"https:\/\/i0.wp.com\/m365-boutique.fr\/wp-content\/uploads\/2020\/05\/FF3268A0-1C57-409D-AD46-74FD918D29EE.jpeg?resize=350%2C200&ssl=1","width":350,"height":200,"srcset":"https:\/\/i0.wp.com\/m365-boutique.fr\/wp-content\/uploads\/2020\/05\/FF3268A0-1C57-409D-AD46-74FD918D29EE.jpeg?resize=350%2C200&ssl=1 1x, https:\/\/i0.wp.com\/m365-boutique.fr\/wp-content\/uploads\/2020\/05\/FF3268A0-1C57-409D-AD46-74FD918D29EE.jpeg?resize=525%2C300&ssl=1 1.5x, https:\/\/i0.wp.com\/m365-boutique.fr\/wp-content\/uploads\/2020\/05\/FF3268A0-1C57-409D-AD46-74FD918D29EE.jpeg?resize=700%2C400&ssl=1 2x, https:\/\/i0.wp.com\/m365-boutique.fr\/wp-content\/uploads\/2020\/05\/FF3268A0-1C57-409D-AD46-74FD918D29EE.jpeg?resize=1050%2C600&ssl=1 3x"},"classes":[]},{"id":2905,"url":"https:\/\/m365-boutique.fr\/?product=pneu-plein-new-generation-pour-xiaomi-m365-m365-pro-essential-1s-mi-scooter-3","url_meta":{"origin":1838,"position":3},"title":"Pneu plein New Generation pour Xiaomi M365\/M365 Pro\/Essential\/1S\/Mi Scooter 3","author":"m365boutique","date":"3 f\u00e9vrier 2023","format":false,"excerpt":"Pneu plein New Generation pour trottinette \u00e9lectrique Xiaomi M365 \/ M365 Pro \/ Essential \/ 1S \/ Mi Scooter 3. Extremement souple et d'une l\u00e9g\u00e8ret\u00e9, ce pneu vous apportera confort et adh\u00e9rence lors de vos sorties quotidiennes. Dimension : 8,5 X 2 Couleur : NOIR,ROUGE OU BLEU","rel":"","context":"Article similaire","block_context":{"text":"Article similaire","link":""},"img":{"alt_text":"","src":"https:\/\/i0.wp.com\/m365-boutique.fr\/wp-content\/uploads\/2023\/02\/img_9034.jpeg?resize=350%2C200&ssl=1","width":350,"height":200,"srcset":"https:\/\/i0.wp.com\/m365-boutique.fr\/wp-content\/uploads\/2023\/02\/img_9034.jpeg?resize=350%2C200&ssl=1 1x, https:\/\/i0.wp.com\/m365-boutique.fr\/wp-content\/uploads\/2023\/02\/img_9034.jpeg?resize=525%2C300&ssl=1 1.5x, https:\/\/i0.wp.com\/m365-boutique.fr\/wp-content\/uploads\/2023\/02\/img_9034.jpeg?resize=700%2C400&ssl=1 2x, https:\/\/i0.wp.com\/m365-boutique.fr\/wp-content\/uploads\/2023\/02\/img_9034.jpeg?resize=1050%2C600&ssl=1 3x"},"classes":[]},{"id":512,"url":"https:\/\/m365-boutique.fr\/?product=demonte-pneu-pour-xiaomi-m365-m365-pro-essential-1s-mi-scooter-3","url_meta":{"origin":1838,"position":4},"title":"Demonte pneu pour Xiaomi M365\/M365 Pro\/Essential\/1S\/Mi Scooter 3","author":"m365boutique","date":"25 ao\u00fbt 2020","format":false,"excerpt":"D\u00e9monte\u00a0pneu pour Xiaomi M365 \/ M365 Pro \/ Essential \/ 1S \/ Mi Scooter 3 Id\u00e9al pour le d\u00e9montage et montage de vos\u00a0pneus plein ou d\u2019origine.","rel":"","context":"Avec 11 commentaires","block_context":{"text":"Avec 11 commentaires","link":"https:\/\/m365-boutique.fr\/?product=demonte-pneu-pour-xiaomi-m365-m365-pro-essential-1s-mi-scooter-3#comments"},"img":{"alt_text":"","src":"https:\/\/i0.wp.com\/m365-boutique.fr\/wp-content\/uploads\/2020\/08\/06AF075D-26A4-4977-BA23-C394000A374A.jpeg?resize=350%2C200&ssl=1","width":350,"height":200,"srcset":"https:\/\/i0.wp.com\/m365-boutique.fr\/wp-content\/uploads\/2020\/08\/06AF075D-26A4-4977-BA23-C394000A374A.jpeg?resize=350%2C200&ssl=1 1x, https:\/\/i0.wp.com\/m365-boutique.fr\/wp-content\/uploads\/2020\/08\/06AF075D-26A4-4977-BA23-C394000A374A.jpeg?resize=525%2C300&ssl=1 1.5x, https:\/\/i0.wp.com\/m365-boutique.fr\/wp-content\/uploads\/2020\/08\/06AF075D-26A4-4977-BA23-C394000A374A.jpeg?resize=700%2C400&ssl=1 2x, https:\/\/i0.wp.com\/m365-boutique.fr\/wp-content\/uploads\/2020\/08\/06AF075D-26A4-4977-BA23-C394000A374A.jpeg?resize=1050%2C600&ssl=1 3x"},"classes":[]},{"id":847,"url":"https:\/\/m365-boutique.fr\/?product=roue-arriere-avec-pneu-plein-pour-xiaomi-m365-m365-pro-essential-1s-mi-scooter-3","url_meta":{"origin":1838,"position":5},"title":"Roue arri\u00e8re avec pneu plein pour Xiaomi M365\/M365 Pro\/Essential\/1S\/Mi Scooter 3","author":"m365boutique","date":"7 avril 2021","format":false,"excerpt":"Jante arri\u00e8re \u00e9quip\u00e9 d'un pneu plein pour Xiaomi M365 \/ M365 Pro \/Essential \/ 1S \/ Mi Scooter 3 Vendu sans le disque, id\u00e9al pour remplacer la roue arri\u00e8re en toutes simplicit\u00e9. M365\/Essential\/1S\/Mi Scooter 3 : TAILLE 110MM M365 Pro : TAILLE 120MM","rel":"","context":"Avec 3 commentaires","block_context":{"text":"Avec 3 commentaires","link":"https:\/\/m365-boutique.fr\/?product=roue-arriere-avec-pneu-plein-pour-xiaomi-m365-m365-pro-essential-1s-mi-scooter-3#comments"},"img":{"alt_text":"","src":"https:\/\/i0.wp.com\/m365-boutique.fr\/wp-content\/uploads\/2021\/04\/img_4961.jpeg?resize=350%2C200&ssl=1","width":350,"height":200,"srcset":"https:\/\/i0.wp.com\/m365-boutique.fr\/wp-content\/uploads\/2021\/04\/img_4961.jpeg?resize=350%2C200&ssl=1 1x, https:\/\/i0.wp.com\/m365-boutique.fr\/wp-content\/uploads\/2021\/04\/img_4961.jpeg?resize=525%2C300&ssl=1 1.5x, https:\/\/i0.wp.com\/m365-boutique.fr\/wp-content\/uploads\/2021\/04\/img_4961.jpeg?resize=700%2C400&ssl=1 2x, https:\/\/i0.wp.com\/m365-boutique.fr\/wp-content\/uploads\/2021\/04\/img_4961.jpeg?resize=1050%2C600&ssl=1 3x"},"classes":[]}],"jetpack_sharing_enabled":true,"amp_enabled":true,"_links":{"self":[{"href":"https:\/\/m365-boutique.fr\/index.php?rest_route=\/wp\/v2\/product\/1838","targetHints":{"allow":["GET"]}}],"collection":[{"href":"https:\/\/m365-boutique.fr\/index.php?rest_route=\/wp\/v2\/product"}],"about":[{"href":"https:\/\/m365-boutique.fr\/index.php?rest_route=\/wp\/v2\/types\/product"}],"replies":[{"embeddable":true,"href":"https:\/\/m365-boutique.fr\/index.php?rest_route=%2Fwp%2Fv2%2Fcomments&post=1838"}],"wp:featuredmedia":[{"embeddable":true,"href":"https:\/\/m365-boutique.fr\/index.php?rest_route=\/wp\/v2\/media\/3004"}],"wp:attachment":[{"href":"https:\/\/m365-boutique.fr\/index.php?rest_route=%2Fwp%2Fv2%2Fmedia&parent=1838"}],"wp:term":[{"taxonomy":"product_brand","embeddable":true,"href":"https:\/\/m365-boutique.fr\/index.php?rest_route=%2Fwp%2Fv2%2Fproduct_brand&post=1838"},{"taxonomy":"product_cat","embeddable":true,"href":"https:\/\/m365-boutique.fr\/index.php?rest_route=%2Fwp%2Fv2%2Fproduct_cat&post=1838"},{"taxonomy":"product_tag","embeddable":true,"href":"https:\/\/m365-boutique.fr\/index.php?rest_route=%2Fwp%2Fv2%2Fproduct_tag&post=1838"}],"curies":[{"name":"wp","href":"https:\/\/api.w.org\/{rel}","templated":true}]}}