{"id":1884,"date":"2022-05-09T00:41:09","date_gmt":"2022-05-08T22:41:09","guid":{"rendered":"https:\/\/m365-boutique.fr\/produit\/kit-de-rotation-de-fourche-pour-xiaomi-m365-m365-pro"},"modified":"2024-10-08T19:38:54","modified_gmt":"2024-10-08T17:38:54","slug":"kit-de-rotation-de-fourche-pour-xiaomi-m365-m365-pro","status":"publish","type":"product","link":"https:\/\/m365-boutique.fr\/?product=kit-de-rotation-de-fourche-pour-xiaomi-m365-m365-pro","title":{"rendered":"Kit de rotation de fourche pour Xiaomi M365\/M365 Pro"},"content":{"rendered":"<p>Kit de rotation de fourche pour trottinette \u00e9lectrique Xiaomi M365 \/M365 Pro.<\/p>\n","protected":false},"excerpt":{"rendered":"<p>Kit de rotation de fourche pour trottinette \u00e9lectrique Xiaomi M365 \/M365 Pro.<\/p>\n","protected":false},"featured_media":1880,"comment_status":"open","ping_status":"closed","template":"","meta":[],"product_brand":[],"product_cat":[19],"product_tag":[],"class_list":{"0":"post-1884","1":"product","2":"type-product","3":"status-publish","4":"has-post-thumbnail","6":"product_cat-boutique","8":"first","9":"instock","10":"sale","11":"purchasable","12":"product-type-simple"},"aioseo_notices":[],"jetpack-related-posts":[{"id":900,"url":"https:\/\/m365-boutique.fr\/?product=fourche-avant-pour-xiaomi-m365-m365-pro-essential-1s-mi-scooter-3","url_meta":{"origin":1884,"position":0},"title":"Fourche avant pour Xiaomi M365\/M365 Pro\/Essential\/1S\/Mi Scooter 3","author":"m365boutique","date":"7 avril 2021","format":false,"excerpt":"Fourche avant pour Xiaomi M365 \/ M365 Pro \/ Essential \/ 1S \/ Mi Scooter 3","rel":"","context":"Article similaire","block_context":{"text":"Article similaire","link":""},"img":{"alt_text":"","src":"https:\/\/i0.wp.com\/m365-boutique.fr\/wp-content\/uploads\/2021\/04\/img_5011.jpeg?resize=350%2C200&ssl=1","width":350,"height":200,"srcset":"https:\/\/i0.wp.com\/m365-boutique.fr\/wp-content\/uploads\/2021\/04\/img_5011.jpeg?resize=350%2C200&ssl=1 1x, https:\/\/i0.wp.com\/m365-boutique.fr\/wp-content\/uploads\/2021\/04\/img_5011.jpeg?resize=525%2C300&ssl=1 1.5x, https:\/\/i0.wp.com\/m365-boutique.fr\/wp-content\/uploads\/2021\/04\/img_5011.jpeg?resize=700%2C400&ssl=1 2x, https:\/\/i0.wp.com\/m365-boutique.fr\/wp-content\/uploads\/2021\/04\/img_5011.jpeg?resize=1050%2C600&ssl=1 3x"},"classes":[]},{"id":2864,"url":"https:\/\/m365-boutique.fr\/?product=pack-rehausseur-pour-xiaomi-m365-m365-pro-essential-1s-mi-scooter-3","url_meta":{"origin":1884,"position":1},"title":"Pack r\u00e9hausseur pour Xiaomi M365\/M365 Pro\/Essential\/1S\/Mi Scooter 3","author":"m365boutique","date":"2 f\u00e9vrier 2023","format":false,"excerpt":"Pack r\u00e9hausseur 10 Pouces pour trottinette \u00e9lectrique Xiaomi M365 \/ M365 Pro Essential \/ 1S \/ Mi Scooter 3. En \u00e9quipant votre trottinette de pneus 10 Pouces vous gagnerez en confort, en adh\u00e9rence et en stabilit\u00e9 lors de vos d\u00e9placements quotidiens. Le pack comporte : - 2 Pneu 10 Pouces\u2026","rel":"","context":"Avec 2 commentaires","block_context":{"text":"Avec 2 commentaires","link":"https:\/\/m365-boutique.fr\/?product=pack-rehausseur-pour-xiaomi-m365-m365-pro-essential-1s-mi-scooter-3#comments"},"img":{"alt_text":"","src":"https:\/\/i0.wp.com\/m365-boutique.fr\/wp-content\/uploads\/2023\/02\/img_9005.jpeg?resize=350%2C200&ssl=1","width":350,"height":200,"srcset":"https:\/\/i0.wp.com\/m365-boutique.fr\/wp-content\/uploads\/2023\/02\/img_9005.jpeg?resize=350%2C200&ssl=1 1x, https:\/\/i0.wp.com\/m365-boutique.fr\/wp-content\/uploads\/2023\/02\/img_9005.jpeg?resize=525%2C300&ssl=1 1.5x, https:\/\/i0.wp.com\/m365-boutique.fr\/wp-content\/uploads\/2023\/02\/img_9005.jpeg?resize=700%2C400&ssl=1 2x, https:\/\/i0.wp.com\/m365-boutique.fr\/wp-content\/uploads\/2023\/02\/img_9005.jpeg?resize=1050%2C600&ssl=1 3x"},"classes":[]},{"id":2303,"url":"https:\/\/m365-boutique.fr\/?product=lock-renforce-complet-pour-xiaomi-m365-m365-pro-essential-1s-mi-scooter-3","url_meta":{"origin":1884,"position":2},"title":"Lock renforc\u00e9 complet pour Xiaomi M365\/M365 Pro\/Essential\/1S\/Mi Scooter 3","author":"m365boutique","date":"4 ao\u00fbt 2022","format":false,"excerpt":"Lock renforc\u00e9 complet pour trottinette \u00e9lectrique Xiaomi M365 \/ M365 Pro \/ Essential \/ 1S \/ Mi Scooter 3 Kit de remplacement complet tr\u00e8s r\u00e9sistant qui vous permettra de bloquer le syst\u00e8me de pliage ab\u00eem\u00e9. Contient : - Lock renforc\u00e9 - Goupille - Vis de verrouillage","rel":"","context":"Avec 4 commentaires","block_context":{"text":"Avec 4 commentaires","link":"https:\/\/m365-boutique.fr\/?product=lock-renforce-complet-pour-xiaomi-m365-m365-pro-essential-1s-mi-scooter-3#comments"},"img":{"alt_text":"","src":"https:\/\/i0.wp.com\/m365-boutique.fr\/wp-content\/uploads\/2022\/08\/img_7291.jpeg?resize=350%2C200&ssl=1","width":350,"height":200,"srcset":"https:\/\/i0.wp.com\/m365-boutique.fr\/wp-content\/uploads\/2022\/08\/img_7291.jpeg?resize=350%2C200&ssl=1 1x, https:\/\/i0.wp.com\/m365-boutique.fr\/wp-content\/uploads\/2022\/08\/img_7291.jpeg?resize=525%2C300&ssl=1 1.5x, https:\/\/i0.wp.com\/m365-boutique.fr\/wp-content\/uploads\/2022\/08\/img_7291.jpeg?resize=700%2C400&ssl=1 2x, https:\/\/i0.wp.com\/m365-boutique.fr\/wp-content\/uploads\/2022\/08\/img_7291.jpeg?resize=1050%2C600&ssl=1 3x"},"classes":[]},{"id":1193,"url":"https:\/\/m365-boutique.fr\/?product=suspension-arriere-monorim-pour-xiaomi-m365-m365-pro-essential-1s-mi-scooter-3","url_meta":{"origin":1884,"position":3},"title":"Suspension arri\u00e8re Monorim pour Xiaomi M365\/M365 Pro\/Essential\/1S\/Mi Scooter 3","author":"m365boutique","date":"27 juillet 2021","format":false,"excerpt":"Suspension arri\u00e8re Monorim pour Xiaomi M365 \/ M365 Pro \/ Essential \/ 1S \/ Mi Scooter 3 Si vous cherchez plus de confort lors de vos d\u00e9placements en trottinette alors vous \u00eates au bon endroit. De plus, ces suspensions vous assurent plus de stabilit\u00e9 et vous permettent donc de rouler\u2026","rel":"","context":"Avec 2 commentaires","block_context":{"text":"Avec 2 commentaires","link":"https:\/\/m365-boutique.fr\/?product=suspension-arriere-monorim-pour-xiaomi-m365-m365-pro-essential-1s-mi-scooter-3#comments"},"img":{"alt_text":"","src":"https:\/\/i0.wp.com\/m365-boutique.fr\/wp-content\/uploads\/2021\/07\/img_5550.jpeg?resize=350%2C200&ssl=1","width":350,"height":200,"srcset":"https:\/\/i0.wp.com\/m365-boutique.fr\/wp-content\/uploads\/2021\/07\/img_5550.jpeg?resize=350%2C200&ssl=1 1x, https:\/\/i0.wp.com\/m365-boutique.fr\/wp-content\/uploads\/2021\/07\/img_5550.jpeg?resize=525%2C300&ssl=1 1.5x, https:\/\/i0.wp.com\/m365-boutique.fr\/wp-content\/uploads\/2021\/07\/img_5550.jpeg?resize=700%2C400&ssl=1 2x, https:\/\/i0.wp.com\/m365-boutique.fr\/wp-content\/uploads\/2021\/07\/img_5550.jpeg?resize=1050%2C600&ssl=1 3x"},"classes":[]},{"id":444,"url":"https:\/\/m365-boutique.fr\/?product=plaquettes-de-frein-pour-xiaomi-m365-pro-essential-1s-mi-scooter-3","url_meta":{"origin":1884,"position":4},"title":"Plaquettes de frein pour Xiaomi M365 Pro\/Essential\/1S\/Mi Scooter 3","author":"m365boutique","date":"20 juillet 2020","format":false,"excerpt":"Kit Plaquettes de freins pour trottinette Xiaomi M365 Pro \/ Essential \/ 1S \/ Mi Scooter 3 Vendu par paire.","rel":"","context":"Avec 16 commentaires","block_context":{"text":"Avec 16 commentaires","link":"https:\/\/m365-boutique.fr\/?product=plaquettes-de-frein-pour-xiaomi-m365-pro-essential-1s-mi-scooter-3#comments"},"img":{"alt_text":"","src":"https:\/\/i0.wp.com\/m365-boutique.fr\/wp-content\/uploads\/2020\/07\/87D8B16D-E7DD-4FA1-864C-2B8DDE4EFA2A.jpeg?resize=350%2C200&ssl=1","width":350,"height":200,"srcset":"https:\/\/i0.wp.com\/m365-boutique.fr\/wp-content\/uploads\/2020\/07\/87D8B16D-E7DD-4FA1-864C-2B8DDE4EFA2A.jpeg?resize=350%2C200&ssl=1 1x, https:\/\/i0.wp.com\/m365-boutique.fr\/wp-content\/uploads\/2020\/07\/87D8B16D-E7DD-4FA1-864C-2B8DDE4EFA2A.jpeg?resize=525%2C300&ssl=1 1.5x, https:\/\/i0.wp.com\/m365-boutique.fr\/wp-content\/uploads\/2020\/07\/87D8B16D-E7DD-4FA1-864C-2B8DDE4EFA2A.jpeg?resize=700%2C400&ssl=1 2x"},"classes":[]},{"id":2893,"url":"https:\/\/m365-boutique.fr\/?product=kit-rehausseur-10-pouces-pour-xiaomi-m365-m365-pro-essential-1s-mi-scooter-3","url_meta":{"origin":1884,"position":5},"title":"Kit r\u00e9hausseur 10 Pouces pour Xiaomi M365\/M365 Pro\/Essential\/1S\/Mi Scooter 3","author":"m365boutique","date":"2 f\u00e9vrier 2023","format":false,"excerpt":"Kit de rehaussement 10 Pouces pour Xiaomi M365 \/ M365 Pro \/ Essential \/ 1S \/ Mi Scooter 3. Necessaire a l'installation de pneu 10 Pouces Le kit comprend : - 2 Pi\u00e8ce 3D ( \u00e9l\u00e9vation garde boue et bequille ) - Rallonge feux arri\u00e8re - Vis","rel":"","context":"Article similaire","block_context":{"text":"Article similaire","link":""},"img":{"alt_text":"","src":"https:\/\/i0.wp.com\/m365-boutique.fr\/wp-content\/uploads\/2023\/02\/img_9025.jpeg?resize=350%2C200&ssl=1","width":350,"height":200},"classes":[]}],"jetpack_sharing_enabled":true,"amp_enabled":true,"_links":{"self":[{"href":"https:\/\/m365-boutique.fr\/index.php?rest_route=\/wp\/v2\/product\/1884","targetHints":{"allow":["GET"]}}],"collection":[{"href":"https:\/\/m365-boutique.fr\/index.php?rest_route=\/wp\/v2\/product"}],"about":[{"href":"https:\/\/m365-boutique.fr\/index.php?rest_route=\/wp\/v2\/types\/product"}],"replies":[{"embeddable":true,"href":"https:\/\/m365-boutique.fr\/index.php?rest_route=%2Fwp%2Fv2%2Fcomments&post=1884"}],"wp:featuredmedia":[{"embeddable":true,"href":"https:\/\/m365-boutique.fr\/index.php?rest_route=\/wp\/v2\/media\/1880"}],"wp:attachment":[{"href":"https:\/\/m365-boutique.fr\/index.php?rest_route=%2Fwp%2Fv2%2Fmedia&parent=1884"}],"wp:term":[{"taxonomy":"product_brand","embeddable":true,"href":"https:\/\/m365-boutique.fr\/index.php?rest_route=%2Fwp%2Fv2%2Fproduct_brand&post=1884"},{"taxonomy":"product_cat","embeddable":true,"href":"https:\/\/m365-boutique.fr\/index.php?rest_route=%2Fwp%2Fv2%2Fproduct_cat&post=1884"},{"taxonomy":"product_tag","embeddable":true,"href":"https:\/\/m365-boutique.fr\/index.php?rest_route=%2Fwp%2Fv2%2Fproduct_tag&post=1884"}],"curies":[{"name":"wp","href":"https:\/\/api.w.org\/{rel}","templated":true}]}}