{"id":1930,"date":"2022-05-09T03:54:32","date_gmt":"2022-05-09T01:54:32","guid":{"rendered":"https:\/\/m365-boutique.fr\/produit\/lock-renforce-pour-xiaomi-m365-m365-pro-essential-1s"},"modified":"2023-11-08T00:20:04","modified_gmt":"2023-11-07T22:20:04","slug":"lock-renforce-pour-xiaomi-m365-m365-pro-essential-1s","status":"publish","type":"product","link":"https:\/\/m365-boutique.fr\/?product=lock-renforce-pour-xiaomi-m365-m365-pro-essential-1s","title":{"rendered":"Lock renforc\u00e9 pour Xiaomi M365\/M365 Pro\/Essential\/1S\/Mi Scooter 3"},"content":{"rendered":"<p>Lock renforc\u00e9 pour trottinette \u00e9lectrique Xiaomi M365 \/ M365 Pro \/ Essential \/ 1S\/ Mi Scooter 3<\/p>\n<p>Lock de remplacement r\u00e9sistant qui vous permettra de bloquer le syst\u00e8me de pliage.<\/p>\n","protected":false},"excerpt":{"rendered":"<p>Lock renforc\u00e9 pour trottinette \u00e9lectrique Xiaomi M365 \/ M365 Pro \/ Essential \/ 1S\/ Mi Scooter 3 Lock de remplacement r\u00e9sistant qui vous permettra de bloquer le syst\u00e8me de pliage.<\/p>\n","protected":false},"featured_media":1929,"comment_status":"open","ping_status":"closed","template":"","meta":[],"product_brand":[],"product_cat":[19],"product_tag":[],"class_list":{"0":"post-1930","1":"product","2":"type-product","3":"status-publish","4":"has-post-thumbnail","6":"product_cat-boutique","8":"first","9":"instock","10":"sale","11":"purchasable","12":"product-type-simple"},"aioseo_notices":[],"jetpack-related-posts":[{"id":2303,"url":"https:\/\/m365-boutique.fr\/?product=lock-renforce-complet-pour-xiaomi-m365-m365-pro-essential-1s-mi-scooter-3","url_meta":{"origin":1930,"position":0},"title":"Lock renforc\u00e9 complet pour Xiaomi M365\/M365 Pro\/Essential\/1S\/Mi Scooter 3","author":"m365boutique","date":"4 ao\u00fbt 2022","format":false,"excerpt":"Lock renforc\u00e9 complet pour trottinette \u00e9lectrique Xiaomi M365 \/ M365 Pro \/ Essential \/ 1S \/ Mi Scooter 3 Kit de remplacement complet tr\u00e8s r\u00e9sistant qui vous permettra de bloquer le syst\u00e8me de pliage ab\u00eem\u00e9. Contient : - Lock renforc\u00e9 - Goupille - Vis de verrouillage","rel":"","context":"Avec 4 commentaires","block_context":{"text":"Avec 4 commentaires","link":"https:\/\/m365-boutique.fr\/?product=lock-renforce-complet-pour-xiaomi-m365-m365-pro-essential-1s-mi-scooter-3#comments"},"img":{"alt_text":"","src":"https:\/\/i0.wp.com\/m365-boutique.fr\/wp-content\/uploads\/2022\/08\/img_7291.jpeg?resize=350%2C200&ssl=1","width":350,"height":200,"srcset":"https:\/\/i0.wp.com\/m365-boutique.fr\/wp-content\/uploads\/2022\/08\/img_7291.jpeg?resize=350%2C200&ssl=1 1x, https:\/\/i0.wp.com\/m365-boutique.fr\/wp-content\/uploads\/2022\/08\/img_7291.jpeg?resize=525%2C300&ssl=1 1.5x, https:\/\/i0.wp.com\/m365-boutique.fr\/wp-content\/uploads\/2022\/08\/img_7291.jpeg?resize=700%2C400&ssl=1 2x, https:\/\/i0.wp.com\/m365-boutique.fr\/wp-content\/uploads\/2022\/08\/img_7291.jpeg?resize=1050%2C600&ssl=1 3x"},"classes":[]},{"id":2075,"url":"https:\/\/m365-boutique.fr\/?product=goupille-pour-lock-xiaomi-m365-m365-pro-essential-1s-mi-scooter-3","url_meta":{"origin":1930,"position":1},"title":"Goupille pour lock Xiaomi M365\/M365 Pro\/Essential\/1S\/Mi Scooter 3","author":"m365boutique","date":"21 juin 2022","format":false,"excerpt":"Goupille de remplacement pour votre lock de trottinette \u00e9lectrique Xiaomi M365 \/ M365 Pro \/ Essential \/ 1S \/ Mi Scooter 3","rel":"","context":"Avec 5 commentaires","block_context":{"text":"Avec 5 commentaires","link":"https:\/\/m365-boutique.fr\/?product=goupille-pour-lock-xiaomi-m365-m365-pro-essential-1s-mi-scooter-3#comments"},"img":{"alt_text":"","src":"https:\/\/i0.wp.com\/m365-boutique.fr\/wp-content\/uploads\/2022\/06\/img_7025-1.jpeg?resize=350%2C200&ssl=1","width":350,"height":200,"srcset":"https:\/\/i0.wp.com\/m365-boutique.fr\/wp-content\/uploads\/2022\/06\/img_7025-1.jpeg?resize=350%2C200&ssl=1 1x, https:\/\/i0.wp.com\/m365-boutique.fr\/wp-content\/uploads\/2022\/06\/img_7025-1.jpeg?resize=525%2C300&ssl=1 1.5x, https:\/\/i0.wp.com\/m365-boutique.fr\/wp-content\/uploads\/2022\/06\/img_7025-1.jpeg?resize=700%2C400&ssl=1 2x, https:\/\/i0.wp.com\/m365-boutique.fr\/wp-content\/uploads\/2022\/06\/img_7025-1.jpeg?resize=1050%2C600&ssl=1 3x"},"classes":[]},{"id":2137,"url":"https:\/\/m365-boutique.fr\/?product=vis-de-verrouillage-pour-xiaomi-m365-m365-pro-essential-1s-mi-scooter-3","url_meta":{"origin":1930,"position":2},"title":"Vis de verrouillage pour Xiaomi M365\/M365 Pro\/Essential\/1S\/Mi Scooter 3","author":"m365boutique","date":"5 juillet 2022","format":false,"excerpt":"Vis de remplacement pour votre votre lock de trottinette \u00e9lectrique Xiaomi M365 \/ M365 Pro \/ Essential \/ 1S \/ Mi Scooter 3","rel":"","context":"Article similaire","block_context":{"text":"Article similaire","link":""},"img":{"alt_text":"","src":"https:\/\/i0.wp.com\/m365-boutique.fr\/wp-content\/uploads\/2022\/07\/img_7112-1.jpeg?resize=350%2C200&ssl=1","width":350,"height":200,"srcset":"https:\/\/i0.wp.com\/m365-boutique.fr\/wp-content\/uploads\/2022\/07\/img_7112-1.jpeg?resize=350%2C200&ssl=1 1x, https:\/\/i0.wp.com\/m365-boutique.fr\/wp-content\/uploads\/2022\/07\/img_7112-1.jpeg?resize=525%2C300&ssl=1 1.5x, https:\/\/i0.wp.com\/m365-boutique.fr\/wp-content\/uploads\/2022\/07\/img_7112-1.jpeg?resize=700%2C400&ssl=1 2x, https:\/\/i0.wp.com\/m365-boutique.fr\/wp-content\/uploads\/2022\/07\/img_7112-1.jpeg?resize=1050%2C600&ssl=1 3x"},"classes":[]},{"id":400,"url":"https:\/\/m365-boutique.fr\/?product=systeme-de-pliage-pour-xiaomi-m365-m365-pro-essential-1s-mi-scooter-3","url_meta":{"origin":1930,"position":3},"title":"Syst\u00e8me de pliage pour Xiaomi M365\/M365 Pro\/Essential\/1S\/Mi Scooter 3","author":"m365boutique","date":"6 juillet 2020","format":false,"excerpt":"Syst\u00e8me de pliage pour Xiaomi M365 \/ M365 Pro \/ Essential \/ 1S \/ Mi Scooter 3 Syst\u00e8me de pliage Lock de verrouillage Syst\u00e8me de s\u00e9cutit\u00e9 Couleur : NOIR OU BLANC","rel":"","context":"Avec 26 commentaires","block_context":{"text":"Avec 26 commentaires","link":"https:\/\/m365-boutique.fr\/?product=systeme-de-pliage-pour-xiaomi-m365-m365-pro-essential-1s-mi-scooter-3#comments"},"img":{"alt_text":"","src":"https:\/\/i0.wp.com\/m365-boutique.fr\/wp-content\/uploads\/2020\/07\/0E5DF63B-2D4F-48F8-BDCA-0A575C5CCA80.jpeg?resize=350%2C200&ssl=1","width":350,"height":200,"srcset":"https:\/\/i0.wp.com\/m365-boutique.fr\/wp-content\/uploads\/2020\/07\/0E5DF63B-2D4F-48F8-BDCA-0A575C5CCA80.jpeg?resize=350%2C200&ssl=1 1x, https:\/\/i0.wp.com\/m365-boutique.fr\/wp-content\/uploads\/2020\/07\/0E5DF63B-2D4F-48F8-BDCA-0A575C5CCA80.jpeg?resize=525%2C300&ssl=1 1.5x, https:\/\/i0.wp.com\/m365-boutique.fr\/wp-content\/uploads\/2020\/07\/0E5DF63B-2D4F-48F8-BDCA-0A575C5CCA80.jpeg?resize=700%2C400&ssl=1 2x, https:\/\/i0.wp.com\/m365-boutique.fr\/wp-content\/uploads\/2020\/07\/0E5DF63B-2D4F-48F8-BDCA-0A575C5CCA80.jpeg?resize=1050%2C600&ssl=1 3x"},"classes":[]},{"id":958,"url":"https:\/\/m365-boutique.fr\/?product=pneu-ultra-renforce-runflat-by-ninebot-pour-xiaomi-m365-m365-pro-essential-1s-mi-scooter-3","url_meta":{"origin":1930,"position":4},"title":"Pneu ultra renforc\u00e9 runflat by Ninebot pour Xiaomi M365\/M365 Pro\/Essential\/1S\/Mi Scooter 3","author":"m365boutique","date":"21 avril 2021","format":false,"excerpt":"Pneu ultra renforc\u00e9 runflat de la marque Ninebot pour Xiaomi M365 \/ M365 Pro \/ Essential \/ 1S \/ Mi Scooter 3 Flanc renforc\u00e9 et combin\u00e9 avec une chambre \u00e0 air renforc\u00e9e qui r\u00e9siste durablement a la crevaison. Taille : 9 X 2.0 .","rel":"","context":"Avec 6 commentaires","block_context":{"text":"Avec 6 commentaires","link":"https:\/\/m365-boutique.fr\/?product=pneu-ultra-renforce-runflat-by-ninebot-pour-xiaomi-m365-m365-pro-essential-1s-mi-scooter-3#comments"},"img":{"alt_text":"","src":"https:\/\/i0.wp.com\/m365-boutique.fr\/wp-content\/uploads\/2021\/04\/img_5127.jpeg?resize=350%2C200&ssl=1","width":350,"height":200,"srcset":"https:\/\/i0.wp.com\/m365-boutique.fr\/wp-content\/uploads\/2021\/04\/img_5127.jpeg?resize=350%2C200&ssl=1 1x, https:\/\/i0.wp.com\/m365-boutique.fr\/wp-content\/uploads\/2021\/04\/img_5127.jpeg?resize=525%2C300&ssl=1 1.5x, https:\/\/i0.wp.com\/m365-boutique.fr\/wp-content\/uploads\/2021\/04\/img_5127.jpeg?resize=700%2C400&ssl=1 2x, https:\/\/i0.wp.com\/m365-boutique.fr\/wp-content\/uploads\/2021\/04\/img_5127.jpeg?resize=1050%2C600&ssl=1 3x"},"classes":[]},{"id":3047,"url":"https:\/\/m365-boutique.fr\/?product=plaquettes-de-frein-renforce-pour-xiaomi-m365-pro-essential-1s-mi-scooter-3","url_meta":{"origin":1930,"position":5},"title":"Plaquettes de frein renforc\u00e9 pour Xiaomi M365 Pro\/Essential\/1S\/Mi Scooter 3","author":"m365boutique","date":"26 mars 2023","format":false,"excerpt":"Plaquettes renforc\u00e9 pour Xiaomi M365 Pro \/ Essential \/ 1S \/ Mi Scooter 3. C\u00e9ramique beaucoup plus r\u00e9sistant qui vous apportera moins d'usure lors de vos freinages.","rel":"","context":"Article similaire","block_context":{"text":"Article similaire","link":""},"img":{"alt_text":"","src":"https:\/\/i0.wp.com\/m365-boutique.fr\/wp-content\/uploads\/2023\/03\/img_9356.jpeg?resize=350%2C200&ssl=1","width":350,"height":200,"srcset":"https:\/\/i0.wp.com\/m365-boutique.fr\/wp-content\/uploads\/2023\/03\/img_9356.jpeg?resize=350%2C200&ssl=1 1x, https:\/\/i0.wp.com\/m365-boutique.fr\/wp-content\/uploads\/2023\/03\/img_9356.jpeg?resize=525%2C300&ssl=1 1.5x, https:\/\/i0.wp.com\/m365-boutique.fr\/wp-content\/uploads\/2023\/03\/img_9356.jpeg?resize=700%2C400&ssl=1 2x, https:\/\/i0.wp.com\/m365-boutique.fr\/wp-content\/uploads\/2023\/03\/img_9356.jpeg?resize=1050%2C600&ssl=1 3x"},"classes":[]}],"jetpack_sharing_enabled":true,"amp_enabled":true,"_links":{"self":[{"href":"https:\/\/m365-boutique.fr\/index.php?rest_route=\/wp\/v2\/product\/1930","targetHints":{"allow":["GET"]}}],"collection":[{"href":"https:\/\/m365-boutique.fr\/index.php?rest_route=\/wp\/v2\/product"}],"about":[{"href":"https:\/\/m365-boutique.fr\/index.php?rest_route=\/wp\/v2\/types\/product"}],"replies":[{"embeddable":true,"href":"https:\/\/m365-boutique.fr\/index.php?rest_route=%2Fwp%2Fv2%2Fcomments&post=1930"}],"wp:featuredmedia":[{"embeddable":true,"href":"https:\/\/m365-boutique.fr\/index.php?rest_route=\/wp\/v2\/media\/1929"}],"wp:attachment":[{"href":"https:\/\/m365-boutique.fr\/index.php?rest_route=%2Fwp%2Fv2%2Fmedia&parent=1930"}],"wp:term":[{"taxonomy":"product_brand","embeddable":true,"href":"https:\/\/m365-boutique.fr\/index.php?rest_route=%2Fwp%2Fv2%2Fproduct_brand&post=1930"},{"taxonomy":"product_cat","embeddable":true,"href":"https:\/\/m365-boutique.fr\/index.php?rest_route=%2Fwp%2Fv2%2Fproduct_cat&post=1930"},{"taxonomy":"product_tag","embeddable":true,"href":"https:\/\/m365-boutique.fr\/index.php?rest_route=%2Fwp%2Fv2%2Fproduct_tag&post=1930"}],"curies":[{"name":"wp","href":"https:\/\/api.w.org\/{rel}","templated":true}]}}