{"id":202,"date":"2020-05-23T20:04:22","date_gmt":"2020-05-23T18:04:22","guid":{"rendered":"https:\/\/m365-boutique.fr\/?post_type=product&#038;p=202"},"modified":"2024-11-26T23:03:52","modified_gmt":"2024-11-26T21:03:52","slug":"bande-reflechissante-xiaomi-m365-m365-pro","status":"publish","type":"product","link":"https:\/\/m365-boutique.fr\/?product=bande-reflechissante-xiaomi-m365-m365-pro","title":{"rendered":"Bande r\u00e9fl\u00e9chissante Xiaomi M365\/M365 Pro"},"content":{"rendered":"<p>Bande r\u00e9fl\u00e9chissante pour roue avant et arri\u00e8re de Xiaomi M365 &amp; M365 Pro<\/p>\n","protected":false},"excerpt":{"rendered":"<p>Bande r\u00e9fl\u00e9chissante pour roue avant et arri\u00e8re de Xiaomi M365 &amp; M365 Pro<\/p>\n","protected":false},"featured_media":203,"comment_status":"open","ping_status":"closed","template":"","meta":[],"product_brand":[],"product_cat":[19],"product_tag":[],"class_list":{"0":"post-202","1":"product","2":"type-product","3":"status-publish","4":"has-post-thumbnail","6":"product_cat-boutique","8":"first","9":"instock","10":"sale","11":"purchasable","12":"product-type-variable"},"aioseo_notices":[],"jetpack-related-posts":[{"id":326,"url":"https:\/\/m365-boutique.fr\/?product=stickers-reflechissant-pour-xiaomi-m365-m365-pro-essential-1s-mi-scooter-3","url_meta":{"origin":202,"position":0},"title":"Stickers r\u00e9fl\u00e9chissant pour Xiaomi M365\/M365 Pro\/Essential\/1S\/Mi Scooter 3","author":"m365boutique","date":"26 mai 2020","format":false,"excerpt":"Alliez style et s\u00e9curit\u00e9 gr\u00e2ce au stickers r\u00e9fl\u00e9chissants pour votre trottinette M365 \/ M365 Pro \/ Essential \/ 1S \/ Mi Scooter 3 Bandes adh\u00e9sives qui ce positionne facilement et recouverte d\u2019un marquage r\u00e9fl\u00e9chissant. 4 bandes r\u00e9fl\u00e9chissantes pour couvrir chaque c\u00f4t\u00e9 de votre trottinette. Couleur : ROUGE\/BLANC OU BLEU\/BLANC","rel":"","context":"Avec 1 commentaire","block_context":{"text":"Avec 1 commentaire","link":"https:\/\/m365-boutique.fr\/?product=stickers-reflechissant-pour-xiaomi-m365-m365-pro-essential-1s-mi-scooter-3#comments"},"img":{"alt_text":"","src":"https:\/\/i0.wp.com\/m365-boutique.fr\/wp-content\/uploads\/2020\/05\/90BDDB6D-B742-4B26-810D-A4ABE1BE865E.jpeg?resize=350%2C200&ssl=1","width":350,"height":200,"srcset":"https:\/\/i0.wp.com\/m365-boutique.fr\/wp-content\/uploads\/2020\/05\/90BDDB6D-B742-4B26-810D-A4ABE1BE865E.jpeg?resize=350%2C200&ssl=1 1x, https:\/\/i0.wp.com\/m365-boutique.fr\/wp-content\/uploads\/2020\/05\/90BDDB6D-B742-4B26-810D-A4ABE1BE865E.jpeg?resize=525%2C300&ssl=1 1.5x, https:\/\/i0.wp.com\/m365-boutique.fr\/wp-content\/uploads\/2020\/05\/90BDDB6D-B742-4B26-810D-A4ABE1BE865E.jpeg?resize=700%2C400&ssl=1 2x, https:\/\/i0.wp.com\/m365-boutique.fr\/wp-content\/uploads\/2020\/05\/90BDDB6D-B742-4B26-810D-A4ABE1BE865E.jpeg?resize=1050%2C600&ssl=1 3x"},"classes":[]},{"id":912,"url":"https:\/\/m365-boutique.fr\/?product=protection-avant-et-arriere-pour-xiaomi-m365-m365-pro","url_meta":{"origin":202,"position":1},"title":"Protection avant et arri\u00e8re pour Xiaomi M365\/M365 Pro","author":"m365boutique","date":"7 avril 2021","format":false,"excerpt":"Cache de protection roue avant et arri\u00e8re pour Xiaomi M365 & M365 Pro. Couleur : NOIR OU BLANC","rel":"","context":"Avec 5 commentaires","block_context":{"text":"Avec 5 commentaires","link":"https:\/\/m365-boutique.fr\/?product=protection-avant-et-arriere-pour-xiaomi-m365-m365-pro#comments"},"img":{"alt_text":"","src":"https:\/\/i0.wp.com\/m365-boutique.fr\/wp-content\/uploads\/2021\/04\/img_5023.jpeg?resize=350%2C200&ssl=1","width":350,"height":200,"srcset":"https:\/\/i0.wp.com\/m365-boutique.fr\/wp-content\/uploads\/2021\/04\/img_5023.jpeg?resize=350%2C200&ssl=1 1x, https:\/\/i0.wp.com\/m365-boutique.fr\/wp-content\/uploads\/2021\/04\/img_5023.jpeg?resize=525%2C300&ssl=1 1.5x, https:\/\/i0.wp.com\/m365-boutique.fr\/wp-content\/uploads\/2021\/04\/img_5023.jpeg?resize=700%2C400&ssl=1 2x, https:\/\/i0.wp.com\/m365-boutique.fr\/wp-content\/uploads\/2021\/04\/img_5023.jpeg?resize=1050%2C600&ssl=1 3x"},"classes":[]},{"id":1387,"url":"https:\/\/m365-boutique.fr\/?product=protection-avant-et-arriere-pour-xiaomi-m365-pro-essential-1s-mi-scooter-3","url_meta":{"origin":202,"position":2},"title":"Protection avant et arri\u00e8re pour Xiaomi M365 Pro\/Essential\/1S\/Mi Scooter 3","author":"m365boutique","date":"14 septembre 2021","format":false,"excerpt":"Cache de protection roue avant et arri\u00e8re pour Xiaomi M365 Pro \/ Essential \/ 1S \/ Mi Scooter 3 Plusieu coloris","rel":"","context":"Article similaire","block_context":{"text":"Article similaire","link":""},"img":{"alt_text":"","src":"https:\/\/i0.wp.com\/m365-boutique.fr\/wp-content\/uploads\/2021\/09\/img_5761.jpeg?resize=350%2C200&ssl=1","width":350,"height":200,"srcset":"https:\/\/i0.wp.com\/m365-boutique.fr\/wp-content\/uploads\/2021\/09\/img_5761.jpeg?resize=350%2C200&ssl=1 1x, https:\/\/i0.wp.com\/m365-boutique.fr\/wp-content\/uploads\/2021\/09\/img_5761.jpeg?resize=525%2C300&ssl=1 1.5x, https:\/\/i0.wp.com\/m365-boutique.fr\/wp-content\/uploads\/2021\/09\/img_5761.jpeg?resize=700%2C400&ssl=1 2x, https:\/\/i0.wp.com\/m365-boutique.fr\/wp-content\/uploads\/2021\/09\/img_5761.jpeg?resize=1050%2C600&ssl=1 3x"},"classes":[]},{"id":3635,"url":"https:\/\/m365-boutique.fr\/?product=protection-avant-et-arriere-pour-xiaomi-pro-4","url_meta":{"origin":202,"position":3},"title":"Protection avant et arri\u00e8re pour Xiaomi Pro 4","author":"m365boutique","date":"19 mars 2024","format":false,"excerpt":"Cache de protection roue avant et arri\u00e8re pour Xiaomi Pro 4","rel":"","context":"Article similaire","block_context":{"text":"Article similaire","link":""},"img":{"alt_text":"","src":"https:\/\/i0.wp.com\/m365-boutique.fr\/wp-content\/uploads\/2024\/03\/img_0899.jpeg?resize=350%2C200&ssl=1","width":350,"height":200,"srcset":"https:\/\/i0.wp.com\/m365-boutique.fr\/wp-content\/uploads\/2024\/03\/img_0899.jpeg?resize=350%2C200&ssl=1 1x, https:\/\/i0.wp.com\/m365-boutique.fr\/wp-content\/uploads\/2024\/03\/img_0899.jpeg?resize=525%2C300&ssl=1 1.5x, https:\/\/i0.wp.com\/m365-boutique.fr\/wp-content\/uploads\/2024\/03\/img_0899.jpeg?resize=700%2C400&ssl=1 2x"},"classes":[]},{"id":1888,"url":"https:\/\/m365-boutique.fr\/?product=vis-roue-arriere-pour-xiaomi-m365-m365-pro-essential-1s-mi-scooter-3","url_meta":{"origin":202,"position":4},"title":"Vis roue arri\u00e8re pour Xiaomi M365\/M365 Pro\/Essential\/1S\/Mi Scooter 3","author":"m365boutique","date":"9 mai 2022","format":false,"excerpt":"Vis roue arri\u00e8re pour trottinette \u00e9lectrique Xiaomi M365 \/M365 Pro \/ Essential \/ 1S \/ Mi Scooter 3 Vendu par pair","rel":"","context":"Article similaire","block_context":{"text":"Article similaire","link":""},"img":{"alt_text":"","src":"https:\/\/i0.wp.com\/m365-boutique.fr\/wp-content\/uploads\/2022\/05\/img_6737.jpeg?resize=350%2C200&ssl=1","width":350,"height":200,"srcset":"https:\/\/i0.wp.com\/m365-boutique.fr\/wp-content\/uploads\/2022\/05\/img_6737.jpeg?resize=350%2C200&ssl=1 1x, https:\/\/i0.wp.com\/m365-boutique.fr\/wp-content\/uploads\/2022\/05\/img_6737.jpeg?resize=525%2C300&ssl=1 1.5x, https:\/\/i0.wp.com\/m365-boutique.fr\/wp-content\/uploads\/2022\/05\/img_6737.jpeg?resize=700%2C400&ssl=1 2x, https:\/\/i0.wp.com\/m365-boutique.fr\/wp-content\/uploads\/2022\/05\/img_6737.jpeg?resize=1050%2C600&ssl=1 3x"},"classes":[]},{"id":847,"url":"https:\/\/m365-boutique.fr\/?product=roue-arriere-avec-pneu-plein-pour-xiaomi-m365-m365-pro-essential-1s-mi-scooter-3","url_meta":{"origin":202,"position":5},"title":"Roue arri\u00e8re avec pneu plein pour Xiaomi M365\/M365 Pro\/Essential\/1S\/Mi Scooter 3","author":"m365boutique","date":"7 avril 2021","format":false,"excerpt":"Jante arri\u00e8re \u00e9quip\u00e9 d'un pneu plein pour Xiaomi M365 \/ M365 Pro \/Essential \/ 1S \/ Mi Scooter 3 Vendu sans le disque, id\u00e9al pour remplacer la roue arri\u00e8re en toutes simplicit\u00e9. M365\/Essential\/1S\/Mi Scooter 3 : TAILLE 110MM M365 Pro : TAILLE 120MM","rel":"","context":"Avec 3 commentaires","block_context":{"text":"Avec 3 commentaires","link":"https:\/\/m365-boutique.fr\/?product=roue-arriere-avec-pneu-plein-pour-xiaomi-m365-m365-pro-essential-1s-mi-scooter-3#comments"},"img":{"alt_text":"","src":"https:\/\/i0.wp.com\/m365-boutique.fr\/wp-content\/uploads\/2021\/04\/img_4961.jpeg?resize=350%2C200&ssl=1","width":350,"height":200,"srcset":"https:\/\/i0.wp.com\/m365-boutique.fr\/wp-content\/uploads\/2021\/04\/img_4961.jpeg?resize=350%2C200&ssl=1 1x, https:\/\/i0.wp.com\/m365-boutique.fr\/wp-content\/uploads\/2021\/04\/img_4961.jpeg?resize=525%2C300&ssl=1 1.5x, https:\/\/i0.wp.com\/m365-boutique.fr\/wp-content\/uploads\/2021\/04\/img_4961.jpeg?resize=700%2C400&ssl=1 2x, https:\/\/i0.wp.com\/m365-boutique.fr\/wp-content\/uploads\/2021\/04\/img_4961.jpeg?resize=1050%2C600&ssl=1 3x"},"classes":[]}],"jetpack_sharing_enabled":true,"amp_enabled":true,"_links":{"self":[{"href":"https:\/\/m365-boutique.fr\/index.php?rest_route=\/wp\/v2\/product\/202","targetHints":{"allow":["GET"]}}],"collection":[{"href":"https:\/\/m365-boutique.fr\/index.php?rest_route=\/wp\/v2\/product"}],"about":[{"href":"https:\/\/m365-boutique.fr\/index.php?rest_route=\/wp\/v2\/types\/product"}],"replies":[{"embeddable":true,"href":"https:\/\/m365-boutique.fr\/index.php?rest_route=%2Fwp%2Fv2%2Fcomments&post=202"}],"wp:featuredmedia":[{"embeddable":true,"href":"https:\/\/m365-boutique.fr\/index.php?rest_route=\/wp\/v2\/media\/203"}],"wp:attachment":[{"href":"https:\/\/m365-boutique.fr\/index.php?rest_route=%2Fwp%2Fv2%2Fmedia&parent=202"}],"wp:term":[{"taxonomy":"product_brand","embeddable":true,"href":"https:\/\/m365-boutique.fr\/index.php?rest_route=%2Fwp%2Fv2%2Fproduct_brand&post=202"},{"taxonomy":"product_cat","embeddable":true,"href":"https:\/\/m365-boutique.fr\/index.php?rest_route=%2Fwp%2Fv2%2Fproduct_cat&post=202"},{"taxonomy":"product_tag","embeddable":true,"href":"https:\/\/m365-boutique.fr\/index.php?rest_route=%2Fwp%2Fv2%2Fproduct_tag&post=202"}],"curies":[{"name":"wp","href":"https:\/\/api.w.org\/{rel}","templated":true}]}}