{"id":2100,"date":"2022-06-23T23:57:05","date_gmt":"2022-06-23T21:57:05","guid":{"rendered":"https:\/\/m365-boutique.fr\/produit\/sifflet"},"modified":"2023-02-06T00:09:31","modified_gmt":"2023-02-05T22:09:31","slug":"sifflet-de-presence","status":"publish","type":"product","link":"https:\/\/m365-boutique.fr\/?product=sifflet-de-presence","title":{"rendered":"Sifflet de pr\u00e9sence"},"content":{"rendered":"<p>Avertisser votre pr\u00e9sence gr\u00e2ce a ce sifflet.<\/p>\n<p>Vous pouvez le fixer sur votre veste ou sac afin de l&#8217;avoir toujours avec vous lors de vos d\u00e9placements.<\/p>\n","protected":false},"excerpt":{"rendered":"<p>Avertisser votre pr\u00e9sence gr\u00e2ce a ce sifflet. Vous pouvez le fixer sur votre veste ou sac afin de l&#8217;avoir toujours avec vous lors de vos d\u00e9placements.<\/p>\n","protected":false},"featured_media":2099,"comment_status":"open","ping_status":"closed","template":"","meta":[],"product_brand":[],"product_cat":[19],"product_tag":[],"class_list":{"0":"post-2100","1":"product","2":"type-product","3":"status-publish","4":"has-post-thumbnail","6":"product_cat-boutique","8":"first","9":"instock","10":"sale","11":"purchasable","12":"product-type-simple"},"aioseo_notices":[],"jetpack-related-posts":[{"id":415,"url":"https:\/\/m365-boutique.fr\/?product=cloche-multi-son-pour-xiaomi-m365-m365-pro-essential-1s-mi-scooter-3","url_meta":{"origin":2100,"position":0},"title":"Cloche multi son pour Xiaomi M365\/M365 Pro\/Essential\/1S\/Mi Scooter 3","author":"m365boutique","date":"7 juillet 2020","format":false,"excerpt":"Cloche multi son pour Xiaomi M365 \/ M365 Pro \/ Essential \/ 1S \/ Mi Scooter 3 Id\u00e9al pour signaler votre pr\u00e9sence.","rel":"","context":"Article similaire","block_context":{"text":"Article similaire","link":""},"img":{"alt_text":"","src":"https:\/\/i0.wp.com\/m365-boutique.fr\/wp-content\/uploads\/2020\/07\/B3170FF2-6432-4EE7-A4F0-96005DDD5BB3.jpeg?resize=350%2C200&ssl=1","width":350,"height":200,"srcset":"https:\/\/i0.wp.com\/m365-boutique.fr\/wp-content\/uploads\/2020\/07\/B3170FF2-6432-4EE7-A4F0-96005DDD5BB3.jpeg?resize=350%2C200&ssl=1 1x, https:\/\/i0.wp.com\/m365-boutique.fr\/wp-content\/uploads\/2020\/07\/B3170FF2-6432-4EE7-A4F0-96005DDD5BB3.jpeg?resize=525%2C300&ssl=1 1.5x, https:\/\/i0.wp.com\/m365-boutique.fr\/wp-content\/uploads\/2020\/07\/B3170FF2-6432-4EE7-A4F0-96005DDD5BB3.jpeg?resize=700%2C400&ssl=1 2x, https:\/\/i0.wp.com\/m365-boutique.fr\/wp-content\/uploads\/2020\/07\/B3170FF2-6432-4EE7-A4F0-96005DDD5BB3.jpeg?resize=1050%2C600&ssl=1 3x"},"classes":[]}],"jetpack_sharing_enabled":true,"amp_enabled":true,"_links":{"self":[{"href":"https:\/\/m365-boutique.fr\/index.php?rest_route=\/wp\/v2\/product\/2100","targetHints":{"allow":["GET"]}}],"collection":[{"href":"https:\/\/m365-boutique.fr\/index.php?rest_route=\/wp\/v2\/product"}],"about":[{"href":"https:\/\/m365-boutique.fr\/index.php?rest_route=\/wp\/v2\/types\/product"}],"replies":[{"embeddable":true,"href":"https:\/\/m365-boutique.fr\/index.php?rest_route=%2Fwp%2Fv2%2Fcomments&post=2100"}],"wp:featuredmedia":[{"embeddable":true,"href":"https:\/\/m365-boutique.fr\/index.php?rest_route=\/wp\/v2\/media\/2099"}],"wp:attachment":[{"href":"https:\/\/m365-boutique.fr\/index.php?rest_route=%2Fwp%2Fv2%2Fmedia&parent=2100"}],"wp:term":[{"taxonomy":"product_brand","embeddable":true,"href":"https:\/\/m365-boutique.fr\/index.php?rest_route=%2Fwp%2Fv2%2Fproduct_brand&post=2100"},{"taxonomy":"product_cat","embeddable":true,"href":"https:\/\/m365-boutique.fr\/index.php?rest_route=%2Fwp%2Fv2%2Fproduct_cat&post=2100"},{"taxonomy":"product_tag","embeddable":true,"href":"https:\/\/m365-boutique.fr\/index.php?rest_route=%2Fwp%2Fv2%2Fproduct_tag&post=2100"}],"curies":[{"name":"wp","href":"https:\/\/api.w.org\/{rel}","templated":true}]}}