{"id":2150,"date":"2022-07-05T19:00:33","date_gmt":"2022-07-05T17:00:33","guid":{"rendered":"https:\/\/m365-boutique.fr\/produit\/sac-a-dos-ninebot"},"modified":"2023-05-22T15:33:38","modified_gmt":"2023-05-22T13:33:38","slug":"sac-a-dos-ninebot","status":"publish","type":"product","link":"https:\/\/m365-boutique.fr\/?product=sac-a-dos-ninebot","title":{"rendered":"Sac a dos Ninebot"},"content":{"rendered":"<p>Sac a dos de marque Ninebot id\u00e9al pour vos trajets professionnels ou pour vos balades. Dot\u00e9e de plusieurs emplacement de rangement afin de transporter ce que vous d\u00e9sirez en toutes s\u00e9curit\u00e9.<\/p>\n","protected":false},"excerpt":{"rendered":"<p>Sac a dos de marque Ninebot id\u00e9al pour vos trajets professionnels ou pour vos balades. Dot\u00e9e de plusieurs emplacement de rangement afin de transporter ce que vous d\u00e9sirez en toutes s\u00e9curit\u00e9.<\/p>\n","protected":false},"featured_media":2149,"comment_status":"open","ping_status":"closed","template":"","meta":[],"product_brand":[],"product_cat":[19],"product_tag":[],"class_list":{"0":"post-2150","1":"product","2":"type-product","3":"status-publish","4":"has-post-thumbnail","6":"product_cat-boutique","8":"first","9":"instock","10":"sale","11":"purchasable","12":"product-type-simple"},"aioseo_notices":[],"jetpack-related-posts":[{"id":958,"url":"https:\/\/m365-boutique.fr\/?product=pneu-ultra-renforce-runflat-by-ninebot-pour-xiaomi-m365-m365-pro-essential-1s-mi-scooter-3","url_meta":{"origin":2150,"position":0},"title":"Pneu ultra renforc\u00e9 runflat by Ninebot pour Xiaomi M365\/M365 Pro\/Essential\/1S\/Mi Scooter 3","author":"m365boutique","date":"21 avril 2021","format":false,"excerpt":"Pneu ultra renforc\u00e9 runflat de la marque Ninebot pour Xiaomi M365 \/ M365 Pro \/ Essential \/ 1S \/ Mi Scooter 3 Flanc renforc\u00e9 et combin\u00e9 avec une chambre \u00e0 air renforc\u00e9e qui r\u00e9siste durablement a la crevaison. Taille : 9 X 2.0 .","rel":"","context":"Avec 6 commentaires","block_context":{"text":"Avec 6 commentaires","link":"https:\/\/m365-boutique.fr\/?product=pneu-ultra-renforce-runflat-by-ninebot-pour-xiaomi-m365-m365-pro-essential-1s-mi-scooter-3#comments"},"img":{"alt_text":"","src":"https:\/\/i0.wp.com\/m365-boutique.fr\/wp-content\/uploads\/2021\/04\/img_5127.jpeg?resize=350%2C200&ssl=1","width":350,"height":200,"srcset":"https:\/\/i0.wp.com\/m365-boutique.fr\/wp-content\/uploads\/2021\/04\/img_5127.jpeg?resize=350%2C200&ssl=1 1x, https:\/\/i0.wp.com\/m365-boutique.fr\/wp-content\/uploads\/2021\/04\/img_5127.jpeg?resize=525%2C300&ssl=1 1.5x, https:\/\/i0.wp.com\/m365-boutique.fr\/wp-content\/uploads\/2021\/04\/img_5127.jpeg?resize=700%2C400&ssl=1 2x, https:\/\/i0.wp.com\/m365-boutique.fr\/wp-content\/uploads\/2021\/04\/img_5127.jpeg?resize=1050%2C600&ssl=1 3x"},"classes":[]},{"id":3270,"url":"https:\/\/m365-boutique.fr\/?product=moteur-by-ninebot-pour-xiaomi-m365-m365-pro-essential-1s-mi-scooter-3","url_meta":{"origin":2150,"position":1},"title":"Moteur by Ninebot pour Xiaomi M365\/M365 Pro\/Essential\/1S\/Mi Scooter 3","author":"m365boutique","date":"28 juillet 2023","format":false,"excerpt":"Moteur de la Marque Ninebot con\u00e7u sp\u00e9cialement pour les trottinettes Xiaomi M365 \/ M365 Pro \/ Essential \/ 1S \/ Mi Scooter 3. D'une puissance de 350W qui est sup\u00e9rieure a ceux propos\u00e9s, celle ci permettra \u00e0 votre trottinette d'avoir plus de couples en mont\u00e9e et plus de vitesse.","rel":"","context":"Article similaire","block_context":{"text":"Article similaire","link":""},"img":{"alt_text":"","src":"https:\/\/i0.wp.com\/m365-boutique.fr\/wp-content\/uploads\/2023\/07\/img_9872.jpeg?resize=350%2C200&ssl=1","width":350,"height":200},"classes":[]},{"id":651,"url":"https:\/\/m365-boutique.fr\/?product=sac-a-dos-dindicateur-de-direction","url_meta":{"origin":2150,"position":2},"title":"Sac a dos d\u2019indicateur de direction","author":"m365boutique","date":"11 novembre 2020","format":false,"excerpt":"Sac a dos de s\u00e9curit\u00e9 avec avertissement LED de direction. Syst\u00e8me sans fils, rechargeable USB. Id\u00e9al pour des d\u00e9placements en toutes s\u00e9curit\u00e9.","rel":"","context":"Avec 1 commentaire","block_context":{"text":"Avec 1 commentaire","link":"https:\/\/m365-boutique.fr\/?product=sac-a-dos-dindicateur-de-direction#comments"},"img":{"alt_text":"","src":"https:\/\/i0.wp.com\/m365-boutique.fr\/wp-content\/uploads\/2020\/11\/D73C2D10-5D4F-4805-97C9-B9C8DD82F33D.jpeg?resize=350%2C200&ssl=1","width":350,"height":200,"srcset":"https:\/\/i0.wp.com\/m365-boutique.fr\/wp-content\/uploads\/2020\/11\/D73C2D10-5D4F-4805-97C9-B9C8DD82F33D.jpeg?resize=350%2C200&ssl=1 1x, https:\/\/i0.wp.com\/m365-boutique.fr\/wp-content\/uploads\/2020\/11\/D73C2D10-5D4F-4805-97C9-B9C8DD82F33D.jpeg?resize=525%2C300&ssl=1 1.5x, https:\/\/i0.wp.com\/m365-boutique.fr\/wp-content\/uploads\/2020\/11\/D73C2D10-5D4F-4805-97C9-B9C8DD82F33D.jpeg?resize=700%2C400&ssl=1 2x, https:\/\/i0.wp.com\/m365-boutique.fr\/wp-content\/uploads\/2020\/11\/D73C2D10-5D4F-4805-97C9-B9C8DD82F33D.jpeg?resize=1050%2C600&ssl=1 3x"},"classes":[]},{"id":3780,"url":"https:\/\/m365-boutique.fr\/?product=sac-a-dos-usb-rockthestreet","url_meta":{"origin":2150,"position":3},"title":"Sac a dos USB Rockthestreet","author":"m365boutique","date":"17 novembre 2024","format":false,"excerpt":"Le sac \u00e0 dos ordinateur roll-top Rock the Street 37 x 49 x 13 cm \u2013 17 pouces au design jeune et urbain convient aussi bien aux \u00e9tudiants qu\u2019aux actifs pour un usage quotidien. Con\u00e7u en polyester et nylon imperm\u00e9able il est ultra l\u00e9ger et se porte \u00e0 la main\u2026","rel":"","context":"Article similaire","block_context":{"text":"Article similaire","link":""},"img":{"alt_text":"","src":"https:\/\/i0.wp.com\/m365-boutique.fr\/wp-content\/uploads\/2024\/11\/img_1757.jpeg?resize=350%2C200&ssl=1","width":350,"height":200,"srcset":"https:\/\/i0.wp.com\/m365-boutique.fr\/wp-content\/uploads\/2024\/11\/img_1757.jpeg?resize=350%2C200&ssl=1 1x, https:\/\/i0.wp.com\/m365-boutique.fr\/wp-content\/uploads\/2024\/11\/img_1757.jpeg?resize=525%2C300&ssl=1 1.5x, https:\/\/i0.wp.com\/m365-boutique.fr\/wp-content\/uploads\/2024\/11\/img_1757.jpeg?resize=700%2C400&ssl=1 2x, https:\/\/i0.wp.com\/m365-boutique.fr\/wp-content\/uploads\/2024\/11\/img_1757.jpeg?resize=1050%2C600&ssl=1 3x"},"classes":[]},{"id":1981,"url":"https:\/\/m365-boutique.fr\/?product=cadenas-pour-trottinette-electrique","url_meta":{"origin":2150,"position":4},"title":"Cadenas pour trottinette \u00e9lectrique","author":"m365boutique","date":"29 mai 2022","format":false,"excerpt":"Cadenas cod\u00e9 de marque Ninebot pour toutes trottinette \u00e9lectrique. Fabriqu\u00e9 en c\u00e2ble torsad\u00e9 r\u00e9sistant envelopp\u00e9 d'une mati\u00e8re en vinyle r\u00e9sistant a l'eau. Dimension : 120x1.2x1.2 cm","rel":"","context":"Article similaire","block_context":{"text":"Article similaire","link":""},"img":{"alt_text":"","src":"https:\/\/i0.wp.com\/m365-boutique.fr\/wp-content\/uploads\/2022\/05\/img_6864.jpeg?resize=350%2C200&ssl=1","width":350,"height":200,"srcset":"https:\/\/i0.wp.com\/m365-boutique.fr\/wp-content\/uploads\/2022\/05\/img_6864.jpeg?resize=350%2C200&ssl=1 1x, https:\/\/i0.wp.com\/m365-boutique.fr\/wp-content\/uploads\/2022\/05\/img_6864.jpeg?resize=525%2C300&ssl=1 1.5x, https:\/\/i0.wp.com\/m365-boutique.fr\/wp-content\/uploads\/2022\/05\/img_6864.jpeg?resize=700%2C400&ssl=1 2x, https:\/\/i0.wp.com\/m365-boutique.fr\/wp-content\/uploads\/2022\/05\/img_6864.jpeg?resize=1050%2C600&ssl=1 3x"},"classes":[]},{"id":2100,"url":"https:\/\/m365-boutique.fr\/?product=sifflet-de-presence","url_meta":{"origin":2150,"position":5},"title":"Sifflet de pr\u00e9sence","author":"m365boutique","date":"23 juin 2022","format":false,"excerpt":"Avertisser votre pr\u00e9sence gr\u00e2ce a ce sifflet. Vous pouvez le fixer sur votre veste ou sac afin de l'avoir toujours avec vous lors de vos d\u00e9placements.","rel":"","context":"Article similaire","block_context":{"text":"Article similaire","link":""},"img":{"alt_text":"","src":"https:\/\/i0.wp.com\/m365-boutique.fr\/wp-content\/uploads\/2022\/06\/img_7053.jpeg?resize=350%2C200&ssl=1","width":350,"height":200,"srcset":"https:\/\/i0.wp.com\/m365-boutique.fr\/wp-content\/uploads\/2022\/06\/img_7053.jpeg?resize=350%2C200&ssl=1 1x, https:\/\/i0.wp.com\/m365-boutique.fr\/wp-content\/uploads\/2022\/06\/img_7053.jpeg?resize=525%2C300&ssl=1 1.5x, https:\/\/i0.wp.com\/m365-boutique.fr\/wp-content\/uploads\/2022\/06\/img_7053.jpeg?resize=700%2C400&ssl=1 2x, https:\/\/i0.wp.com\/m365-boutique.fr\/wp-content\/uploads\/2022\/06\/img_7053.jpeg?resize=1050%2C600&ssl=1 3x"},"classes":[]}],"jetpack_sharing_enabled":true,"amp_enabled":true,"_links":{"self":[{"href":"https:\/\/m365-boutique.fr\/index.php?rest_route=\/wp\/v2\/product\/2150","targetHints":{"allow":["GET"]}}],"collection":[{"href":"https:\/\/m365-boutique.fr\/index.php?rest_route=\/wp\/v2\/product"}],"about":[{"href":"https:\/\/m365-boutique.fr\/index.php?rest_route=\/wp\/v2\/types\/product"}],"replies":[{"embeddable":true,"href":"https:\/\/m365-boutique.fr\/index.php?rest_route=%2Fwp%2Fv2%2Fcomments&post=2150"}],"wp:featuredmedia":[{"embeddable":true,"href":"https:\/\/m365-boutique.fr\/index.php?rest_route=\/wp\/v2\/media\/2149"}],"wp:attachment":[{"href":"https:\/\/m365-boutique.fr\/index.php?rest_route=%2Fwp%2Fv2%2Fmedia&parent=2150"}],"wp:term":[{"taxonomy":"product_brand","embeddable":true,"href":"https:\/\/m365-boutique.fr\/index.php?rest_route=%2Fwp%2Fv2%2Fproduct_brand&post=2150"},{"taxonomy":"product_cat","embeddable":true,"href":"https:\/\/m365-boutique.fr\/index.php?rest_route=%2Fwp%2Fv2%2Fproduct_cat&post=2150"},{"taxonomy":"product_tag","embeddable":true,"href":"https:\/\/m365-boutique.fr\/index.php?rest_route=%2Fwp%2Fv2%2Fproduct_tag&post=2150"}],"curies":[{"name":"wp","href":"https:\/\/api.w.org\/{rel}","templated":true}]}}