{"id":2194,"date":"2022-07-12T15:39:54","date_gmt":"2022-07-12T13:39:54","guid":{"rendered":"https:\/\/m365-boutique.fr\/produit\/antivol-alarme-pour-trottinette-electrique"},"modified":"2026-04-21T16:19:49","modified_gmt":"2026-04-21T14:19:49","slug":"antivol-alarme-pour-trottinette-electrique","status":"publish","type":"product","link":"https:\/\/m365-boutique.fr\/?product=antivol-alarme-pour-trottinette-electrique","title":{"rendered":"Antivol alarme pour trottinette \u00e9lectrique"},"content":{"rendered":"<p>Cadenas \u00e9quip\u00e9 d&#8217;une alarme de dissuasion d&#8217;une puissance de 110dB. Fabriqu\u00e9 avec des c\u00e2ble en acier r\u00e9sistant et efficace.<\/p>\n<p>Parfait pour attacher votre trottinette \u00e9lectrique quelques soit le mod\u00e8le.<\/p>\n","protected":false},"excerpt":{"rendered":"<p>Cadenas \u00e9quip\u00e9 d&#8217;une alarme de dissuasion d&#8217;une puissance de 110dB. Fabriqu\u00e9 avec des c\u00e2ble en acier r\u00e9sistant et efficace. Parfait pour attacher votre trottinette \u00e9lectrique quelques soit le mod\u00e8le.<\/p>\n","protected":false},"featured_media":2196,"comment_status":"open","ping_status":"closed","template":"","meta":[],"product_brand":[],"product_cat":[19],"product_tag":[],"class_list":{"0":"post-2194","1":"product","2":"type-product","3":"status-publish","4":"has-post-thumbnail","6":"product_cat-boutique","8":"first","9":"instock","10":"sale","11":"purchasable","12":"product-type-simple"},"aioseo_notices":[],"jetpack-related-posts":[{"id":396,"url":"https:\/\/m365-boutique.fr\/?product=sacoche-pour-trottinette-electrique","url_meta":{"origin":2194,"position":0},"title":"Sacoche pour trottinette \u00e9lectrique","author":"m365boutique","date":"6 juillet 2020","format":false,"excerpt":"Sacoche pour tous mod\u00e8les de trottinette \u00e9lectrique. Id\u00e9al pour ranger des petits objets du quotidien lors de l\u2019utilisation de la trottinette. Mat\u00e9riau\u202f: EVA Etanche Capacit\u00e9\u202f: 3L Compatible avec Xiaomi Mijia M365 \/ M365 Pro \/Essential \/ S1 et \u00e9galement d\u2019autres scooters \u00e9lectriques Fixations par 3 bandes scratch, montage rapide.","rel":"","context":"Avec 2 commentaires","block_context":{"text":"Avec 2 commentaires","link":"https:\/\/m365-boutique.fr\/?product=sacoche-pour-trottinette-electrique#comments"},"img":{"alt_text":"","src":"https:\/\/i0.wp.com\/m365-boutique.fr\/wp-content\/uploads\/2020\/07\/8A90FEE6-4C52-4C5A-B9FF-B9C5AA2FE3B5.jpeg?resize=350%2C200&ssl=1","width":350,"height":200,"srcset":"https:\/\/i0.wp.com\/m365-boutique.fr\/wp-content\/uploads\/2020\/07\/8A90FEE6-4C52-4C5A-B9FF-B9C5AA2FE3B5.jpeg?resize=350%2C200&ssl=1 1x, https:\/\/i0.wp.com\/m365-boutique.fr\/wp-content\/uploads\/2020\/07\/8A90FEE6-4C52-4C5A-B9FF-B9C5AA2FE3B5.jpeg?resize=525%2C300&ssl=1 1.5x, https:\/\/i0.wp.com\/m365-boutique.fr\/wp-content\/uploads\/2020\/07\/8A90FEE6-4C52-4C5A-B9FF-B9C5AA2FE3B5.jpeg?resize=700%2C400&ssl=1 2x, https:\/\/i0.wp.com\/m365-boutique.fr\/wp-content\/uploads\/2020\/07\/8A90FEE6-4C52-4C5A-B9FF-B9C5AA2FE3B5.jpeg?resize=1050%2C600&ssl=1 3x"},"classes":[]},{"id":1878,"url":"https:\/\/m365-boutique.fr\/?product=sacoche-wildman-pour-trottinette-electrique","url_meta":{"origin":2194,"position":1},"title":"Sacoche Wildman pour trottinette \u00e9lectrique","author":"m365boutique","date":"8 mai 2022","format":false,"excerpt":"Sacoche Wildmann pour tous mod\u00e8les de trottinette \u00e9lectrique. Id\u00e9al pour ranger des petits objets du quotidien lors de l\u2019utilisation \u00a0de la trottinette. Capacit\u00e9 : 2L ou 3L \u00c9tanche Couleur : Noir Compatible avec Xiaomi Mijia M365 \/ M365 Pro \/Essential \/ S1 et \u00e9galement d\u2019autres scooters \u00e9lectriques Fixations par 3\u2026","rel":"","context":"Article similaire","block_context":{"text":"Article similaire","link":""},"img":{"alt_text":"","src":"https:\/\/i0.wp.com\/m365-boutique.fr\/wp-content\/uploads\/2022\/05\/img_6715.jpeg?resize=350%2C200&ssl=1","width":350,"height":200,"srcset":"https:\/\/i0.wp.com\/m365-boutique.fr\/wp-content\/uploads\/2022\/05\/img_6715.jpeg?resize=350%2C200&ssl=1 1x, https:\/\/i0.wp.com\/m365-boutique.fr\/wp-content\/uploads\/2022\/05\/img_6715.jpeg?resize=525%2C300&ssl=1 1.5x, https:\/\/i0.wp.com\/m365-boutique.fr\/wp-content\/uploads\/2022\/05\/img_6715.jpeg?resize=700%2C400&ssl=1 2x, https:\/\/i0.wp.com\/m365-boutique.fr\/wp-content\/uploads\/2022\/05\/img_6715.jpeg?resize=1050%2C600&ssl=1 3x"},"classes":[]},{"id":1981,"url":"https:\/\/m365-boutique.fr\/?product=cadenas-pour-trottinette-electrique","url_meta":{"origin":2194,"position":2},"title":"Cadenas pour trottinette \u00e9lectrique","author":"m365boutique","date":"29 mai 2022","format":false,"excerpt":"Cadenas cod\u00e9 de marque Ninebot pour toutes trottinette \u00e9lectrique. Fabriqu\u00e9 en c\u00e2ble torsad\u00e9 r\u00e9sistant envelopp\u00e9 d'une mati\u00e8re en vinyle r\u00e9sistant a l'eau. Dimension : 120x1.2x1.2 cm","rel":"","context":"Article similaire","block_context":{"text":"Article similaire","link":""},"img":{"alt_text":"","src":"https:\/\/i0.wp.com\/m365-boutique.fr\/wp-content\/uploads\/2022\/05\/img_6864.jpeg?resize=350%2C200&ssl=1","width":350,"height":200,"srcset":"https:\/\/i0.wp.com\/m365-boutique.fr\/wp-content\/uploads\/2022\/05\/img_6864.jpeg?resize=350%2C200&ssl=1 1x, https:\/\/i0.wp.com\/m365-boutique.fr\/wp-content\/uploads\/2022\/05\/img_6864.jpeg?resize=525%2C300&ssl=1 1.5x, https:\/\/i0.wp.com\/m365-boutique.fr\/wp-content\/uploads\/2022\/05\/img_6864.jpeg?resize=700%2C400&ssl=1 2x, https:\/\/i0.wp.com\/m365-boutique.fr\/wp-content\/uploads\/2022\/05\/img_6864.jpeg?resize=1050%2C600&ssl=1 3x"},"classes":[]},{"id":1869,"url":"https:\/\/m365-boutique.fr\/?product=extension-de-guidon-pour-trottinette-electrique","url_meta":{"origin":2194,"position":3},"title":"Extension de guidon pour trottinette \u00e9lectrique","author":"m365boutique","date":"8 mai 2022","format":false,"excerpt":"Extension de guidon en aluminium pour tous mod\u00e8les de trottinette \u00e9lectrique. Id\u00e9al pour installer des \u00e9quipements suppl\u00e9mentaires ( smartphone, klaxon, lampes, gps ) sur votre guidon d'origine. Dimension : 20 x 2.22 x 9.5 cm Couleur : Noir","rel":"","context":"Article similaire","block_context":{"text":"Article similaire","link":""},"img":{"alt_text":"","src":"https:\/\/i0.wp.com\/m365-boutique.fr\/wp-content\/uploads\/2022\/05\/img_6707-1.jpeg?resize=350%2C200&ssl=1","width":350,"height":200,"srcset":"https:\/\/i0.wp.com\/m365-boutique.fr\/wp-content\/uploads\/2022\/05\/img_6707-1.jpeg?resize=350%2C200&ssl=1 1x, https:\/\/i0.wp.com\/m365-boutique.fr\/wp-content\/uploads\/2022\/05\/img_6707-1.jpeg?resize=525%2C300&ssl=1 1.5x, https:\/\/i0.wp.com\/m365-boutique.fr\/wp-content\/uploads\/2022\/05\/img_6707-1.jpeg?resize=700%2C400&ssl=1 2x, https:\/\/i0.wp.com\/m365-boutique.fr\/wp-content\/uploads\/2022\/05\/img_6707-1.jpeg?resize=1050%2C600&ssl=1 3x"},"classes":[]},{"id":1898,"url":"https:\/\/m365-boutique.fr\/?product=cable-moteur-pour-xiaomi-m365-m365-pro-essential-1s-mi-scooter-3","url_meta":{"origin":2194,"position":4},"title":"C\u00e2ble moteur pour Xiaomi M365\/M365 Pro\/Essential\/1S\/Mi Scooter 3","author":"m365boutique","date":"9 mai 2022","format":false,"excerpt":"C\u00e2ble mour pour trottinette \u00e9lectrique Xiaomi M365 \/ M365 Pro \/ Essential \/ 1S \/ Mi Scooter 3 Cette pi\u00e8ces permet de relier le moteur au contr\u00f4leur de votre trottinette \u00e9lectrique.","rel":"","context":"Article similaire","block_context":{"text":"Article similaire","link":""},"img":{"alt_text":"","src":"https:\/\/i0.wp.com\/m365-boutique.fr\/wp-content\/uploads\/2022\/05\/img_6747.jpeg?resize=350%2C200&ssl=1","width":350,"height":200,"srcset":"https:\/\/i0.wp.com\/m365-boutique.fr\/wp-content\/uploads\/2022\/05\/img_6747.jpeg?resize=350%2C200&ssl=1 1x, https:\/\/i0.wp.com\/m365-boutique.fr\/wp-content\/uploads\/2022\/05\/img_6747.jpeg?resize=525%2C300&ssl=1 1.5x, https:\/\/i0.wp.com\/m365-boutique.fr\/wp-content\/uploads\/2022\/05\/img_6747.jpeg?resize=700%2C400&ssl=1 2x, https:\/\/i0.wp.com\/m365-boutique.fr\/wp-content\/uploads\/2022\/05\/img_6747.jpeg?resize=1050%2C600&ssl=1 3x"},"classes":[]},{"id":2568,"url":"https:\/\/m365-boutique.fr\/?product=socle-de-protection-pour-xiaomi-m365-m365-pro-essential-1s-mi-scooter-3","url_meta":{"origin":2194,"position":5},"title":"Socle de protection pour Xiaomi M365\/M365 Pro\/Essential\/1S\/Mi Scooter 3","author":"m365boutique","date":"17 octobre 2022","format":false,"excerpt":"Socle de protection pour trottinette \u00e9lectrique Xiaomi M365 \/ M365 Pro \/ Essential \/ 1S \/ Mi Scooter 3. Emp\u00eache l'eau et la salet\u00e9 de s'incruster dans les composants \u00e9lectrique.","rel":"","context":"Article similaire","block_context":{"text":"Article similaire","link":""},"img":{"alt_text":"","src":"https:\/\/i0.wp.com\/m365-boutique.fr\/wp-content\/uploads\/2022\/05\/img_6765.jpeg?resize=350%2C200&ssl=1","width":350,"height":200,"srcset":"https:\/\/i0.wp.com\/m365-boutique.fr\/wp-content\/uploads\/2022\/05\/img_6765.jpeg?resize=350%2C200&ssl=1 1x, https:\/\/i0.wp.com\/m365-boutique.fr\/wp-content\/uploads\/2022\/05\/img_6765.jpeg?resize=525%2C300&ssl=1 1.5x, https:\/\/i0.wp.com\/m365-boutique.fr\/wp-content\/uploads\/2022\/05\/img_6765.jpeg?resize=700%2C400&ssl=1 2x, https:\/\/i0.wp.com\/m365-boutique.fr\/wp-content\/uploads\/2022\/05\/img_6765.jpeg?resize=1050%2C600&ssl=1 3x"},"classes":[]}],"jetpack_sharing_enabled":true,"amp_enabled":true,"_links":{"self":[{"href":"https:\/\/m365-boutique.fr\/index.php?rest_route=\/wp\/v2\/product\/2194","targetHints":{"allow":["GET"]}}],"collection":[{"href":"https:\/\/m365-boutique.fr\/index.php?rest_route=\/wp\/v2\/product"}],"about":[{"href":"https:\/\/m365-boutique.fr\/index.php?rest_route=\/wp\/v2\/types\/product"}],"replies":[{"embeddable":true,"href":"https:\/\/m365-boutique.fr\/index.php?rest_route=%2Fwp%2Fv2%2Fcomments&post=2194"}],"wp:featuredmedia":[{"embeddable":true,"href":"https:\/\/m365-boutique.fr\/index.php?rest_route=\/wp\/v2\/media\/2196"}],"wp:attachment":[{"href":"https:\/\/m365-boutique.fr\/index.php?rest_route=%2Fwp%2Fv2%2Fmedia&parent=2194"}],"wp:term":[{"taxonomy":"product_brand","embeddable":true,"href":"https:\/\/m365-boutique.fr\/index.php?rest_route=%2Fwp%2Fv2%2Fproduct_brand&post=2194"},{"taxonomy":"product_cat","embeddable":true,"href":"https:\/\/m365-boutique.fr\/index.php?rest_route=%2Fwp%2Fv2%2Fproduct_cat&post=2194"},{"taxonomy":"product_tag","embeddable":true,"href":"https:\/\/m365-boutique.fr\/index.php?rest_route=%2Fwp%2Fv2%2Fproduct_tag&post=2194"}],"curies":[{"name":"wp","href":"https:\/\/api.w.org\/{rel}","templated":true}]}}