{"id":2544,"date":"2022-10-12T01:10:10","date_gmt":"2022-10-11T23:10:10","guid":{"rendered":"https:\/\/m365-boutique.fr\/?post_type=product&#038;p=2544"},"modified":"2023-06-02T18:59:23","modified_gmt":"2023-06-02T16:59:23","slug":"coque-iphone-en-silicone-avec-bandouliere","status":"publish","type":"product","link":"https:\/\/m365-boutique.fr\/?product=coque-iphone-en-silicone-avec-bandouliere","title":{"rendered":"Coque Iphone en silicone avec bandouli\u00e8re"},"content":{"rendered":"<p>Coque en silicone munie d&#8217;une bandouli\u00e8re pour tous mod\u00e8les d&#8217;Iphone. Tr\u00e8s original et pratique<\/p>\n","protected":false},"excerpt":{"rendered":"<p>Coque en silicone munie d&#8217;une bandouli\u00e8re pour tous mod\u00e8les d&#8217;Iphone. Tr\u00e8s original et pratique<\/p>\n","protected":false},"featured_media":2542,"comment_status":"open","ping_status":"closed","template":"","meta":[],"product_brand":[],"product_cat":[19],"product_tag":[],"class_list":{"0":"post-2544","1":"product","2":"type-product","3":"status-publish","4":"has-post-thumbnail","6":"product_cat-boutique","8":"first","9":"instock","10":"sale","11":"taxable","12":"shipping-taxable","13":"purchasable","14":"product-type-variable"},"aioseo_notices":[],"jetpack-related-posts":[{"id":3581,"url":"https:\/\/m365-boutique.fr\/?product=sacoche-micro-usb-integre","url_meta":{"origin":2544,"position":0},"title":"Sacoche Follow Up micro USB batterie externe int\u00e9gr\u00e9","author":"m365boutique","date":"29 f\u00e9vrier 2024","format":false,"excerpt":"Sacoche Follow Up Micro USB conn\u00e9ct\u00e9 - Gris - Tissu d\u00e9perlant - 3 Cables fourni ( USB type C\/MicroUSB\/Lightning ) Compatible pour Iphone\/Samsung\/PC portable jusqu'\u00e0 15.6\" - Batterie externe int\u00e9gr\u00e9e 7000 mAh - Port USB externe - Bandouli\u00e8re ajustable - Ce sac vous offre plusieurs rangements pour une organisation optimale\u2026","rel":"","context":"Article similaire","block_context":{"text":"Article similaire","link":""},"img":{"alt_text":"","src":"https:\/\/i0.wp.com\/m365-boutique.fr\/wp-content\/uploads\/2024\/02\/img_0799.jpeg?resize=350%2C200&ssl=1","width":350,"height":200},"classes":[]},{"id":327,"url":"https:\/\/m365-boutique.fr\/?product=protection-en-silicone-pour-xiaomi-m365-m365-pro-essential-1s-mi-scooter-3","url_meta":{"origin":2544,"position":1},"title":"Protection en silicone pour Xiaomi M365\/M365 Pro\/Essential\/1S\/Mi Scooter 3","author":"m365boutique","date":"26 mai 2020","format":false,"excerpt":"Protection en silicone pour poign\u00e9e de frein pour Xiaomi M365 \/ M365 Pro \/ Essential \/ 1S \/ Mi Scooter 3 Am\u00e9liore la sensation, doux, confortable et facile \u00e0 installer. couleur : NOIR","rel":"","context":"Avec 1 commentaire","block_context":{"text":"Avec 1 commentaire","link":"https:\/\/m365-boutique.fr\/?product=protection-en-silicone-pour-xiaomi-m365-m365-pro-essential-1s-mi-scooter-3#comments"},"img":{"alt_text":"","src":"https:\/\/i0.wp.com\/m365-boutique.fr\/wp-content\/uploads\/2020\/05\/55549F13-CCD7-42B7-B28C-39296D4E8F3A.jpeg?resize=350%2C200&ssl=1","width":350,"height":200,"srcset":"https:\/\/i0.wp.com\/m365-boutique.fr\/wp-content\/uploads\/2020\/05\/55549F13-CCD7-42B7-B28C-39296D4E8F3A.jpeg?resize=350%2C200&ssl=1 1x, https:\/\/i0.wp.com\/m365-boutique.fr\/wp-content\/uploads\/2020\/05\/55549F13-CCD7-42B7-B28C-39296D4E8F3A.jpeg?resize=525%2C300&ssl=1 1.5x, https:\/\/i0.wp.com\/m365-boutique.fr\/wp-content\/uploads\/2020\/05\/55549F13-CCD7-42B7-B28C-39296D4E8F3A.jpeg?resize=700%2C400&ssl=1 2x, https:\/\/i0.wp.com\/m365-boutique.fr\/wp-content\/uploads\/2020\/05\/55549F13-CCD7-42B7-B28C-39296D4E8F3A.jpeg?resize=1050%2C600&ssl=1 3x"},"classes":[]},{"id":387,"url":"https:\/\/m365-boutique.fr\/?product=vis-et-bouchons-garde-boue-pour-xiaomi-m365-m365-pro-essential-1s-mi-scooter-3","url_meta":{"origin":2544,"position":2},"title":"Vis et bouchons garde boue pour Xiaomi M365\/M365 Pro\/Essential\/1S\/Mi Scooter 3","author":"m365boutique","date":"6 juillet 2020","format":false,"excerpt":"Kit de vis et bouchons pour garde boue arri\u00e8re de la Xiaomi M365 \/ M365 Pro \/ Essential \/ 1S \/ Mi Scooter 3 Contient 3 capuchons en silicone et 3 vis inox A2.","rel":"","context":"Avec 2 commentaires","block_context":{"text":"Avec 2 commentaires","link":"https:\/\/m365-boutique.fr\/?product=vis-et-bouchons-garde-boue-pour-xiaomi-m365-m365-pro-essential-1s-mi-scooter-3#comments"},"img":{"alt_text":"","src":"https:\/\/i0.wp.com\/m365-boutique.fr\/wp-content\/uploads\/2020\/07\/6D6AA5C7-52CB-407C-8179-4B7E95030470.jpeg?resize=350%2C200&ssl=1","width":350,"height":200,"srcset":"https:\/\/i0.wp.com\/m365-boutique.fr\/wp-content\/uploads\/2020\/07\/6D6AA5C7-52CB-407C-8179-4B7E95030470.jpeg?resize=350%2C200&ssl=1 1x, https:\/\/i0.wp.com\/m365-boutique.fr\/wp-content\/uploads\/2020\/07\/6D6AA5C7-52CB-407C-8179-4B7E95030470.jpeg?resize=525%2C300&ssl=1 1.5x, https:\/\/i0.wp.com\/m365-boutique.fr\/wp-content\/uploads\/2020\/07\/6D6AA5C7-52CB-407C-8179-4B7E95030470.jpeg?resize=700%2C400&ssl=1 2x, https:\/\/i0.wp.com\/m365-boutique.fr\/wp-content\/uploads\/2020\/07\/6D6AA5C7-52CB-407C-8179-4B7E95030470.jpeg?resize=1050%2C600&ssl=1 3x"},"classes":[]},{"id":3780,"url":"https:\/\/m365-boutique.fr\/?product=sac-a-dos-usb-rockthestreet","url_meta":{"origin":2544,"position":3},"title":"Sac a dos USB Rockthestreet","author":"m365boutique","date":"17 novembre 2024","format":false,"excerpt":"Le sac \u00e0 dos ordinateur roll-top Rock the Street 37 x 49 x 13 cm \u2013 17 pouces au design jeune et urbain convient aussi bien aux \u00e9tudiants qu\u2019aux actifs pour un usage quotidien. Con\u00e7u en polyester et nylon imperm\u00e9able il est ultra l\u00e9ger et se porte \u00e0 la main\u2026","rel":"","context":"Article similaire","block_context":{"text":"Article similaire","link":""},"img":{"alt_text":"","src":"https:\/\/i0.wp.com\/m365-boutique.fr\/wp-content\/uploads\/2024\/11\/img_1757.jpeg?resize=350%2C200&ssl=1","width":350,"height":200,"srcset":"https:\/\/i0.wp.com\/m365-boutique.fr\/wp-content\/uploads\/2024\/11\/img_1757.jpeg?resize=350%2C200&ssl=1 1x, https:\/\/i0.wp.com\/m365-boutique.fr\/wp-content\/uploads\/2024\/11\/img_1757.jpeg?resize=525%2C300&ssl=1 1.5x, https:\/\/i0.wp.com\/m365-boutique.fr\/wp-content\/uploads\/2024\/11\/img_1757.jpeg?resize=700%2C400&ssl=1 2x, https:\/\/i0.wp.com\/m365-boutique.fr\/wp-content\/uploads\/2024\/11\/img_1757.jpeg?resize=1050%2C600&ssl=1 3x"},"classes":[]},{"id":1869,"url":"https:\/\/m365-boutique.fr\/?product=extension-de-guidon-pour-trottinette-electrique","url_meta":{"origin":2544,"position":4},"title":"Extension de guidon pour trottinette \u00e9lectrique","author":"m365boutique","date":"8 mai 2022","format":false,"excerpt":"Extension de guidon en aluminium pour tous mod\u00e8les de trottinette \u00e9lectrique. Id\u00e9al pour installer des \u00e9quipements suppl\u00e9mentaires ( smartphone, klaxon, lampes, gps ) sur votre guidon d'origine. Dimension : 20 x 2.22 x 9.5 cm Couleur : Noir","rel":"","context":"Article similaire","block_context":{"text":"Article similaire","link":""},"img":{"alt_text":"","src":"https:\/\/i0.wp.com\/m365-boutique.fr\/wp-content\/uploads\/2022\/05\/img_6707-1.jpeg?resize=350%2C200&ssl=1","width":350,"height":200,"srcset":"https:\/\/i0.wp.com\/m365-boutique.fr\/wp-content\/uploads\/2022\/05\/img_6707-1.jpeg?resize=350%2C200&ssl=1 1x, https:\/\/i0.wp.com\/m365-boutique.fr\/wp-content\/uploads\/2022\/05\/img_6707-1.jpeg?resize=525%2C300&ssl=1 1.5x, https:\/\/i0.wp.com\/m365-boutique.fr\/wp-content\/uploads\/2022\/05\/img_6707-1.jpeg?resize=700%2C400&ssl=1 2x, https:\/\/i0.wp.com\/m365-boutique.fr\/wp-content\/uploads\/2022\/05\/img_6707-1.jpeg?resize=1050%2C600&ssl=1 3x"},"classes":[]},{"id":291,"url":"https:\/\/m365-boutique.fr\/?product=support-telephone-pour-xiaomi-m365-m365-pro-essential-1s-mi-scooter-3-2","url_meta":{"origin":2544,"position":5},"title":"Support t\u00e9l\u00e9phone pour Xiaomi M365\/M365 Pro\/Essential\/1S\/Mi Scooter 3","author":"m365boutique","date":"25 mai 2020","format":false,"excerpt":"Support t\u00e9l\u00e9phone en m\u00e9tal pour Xiaomi M365 \/ M365 Pro \/ Essential \/ 1S \/ Mi Scooter 3 Compatible\u00a0tous mod\u00e8les de t\u00e9l\u00e9phones.","rel":"","context":"Avec 4 commentaires","block_context":{"text":"Avec 4 commentaires","link":"https:\/\/m365-boutique.fr\/?product=support-telephone-pour-xiaomi-m365-m365-pro-essential-1s-mi-scooter-3-2#comments"},"img":{"alt_text":"","src":"https:\/\/i0.wp.com\/m365-boutique.fr\/wp-content\/uploads\/2020\/05\/50AA6254-597B-4DC8-9299-10CA4231C451.jpeg?resize=350%2C200&ssl=1","width":350,"height":200,"srcset":"https:\/\/i0.wp.com\/m365-boutique.fr\/wp-content\/uploads\/2020\/05\/50AA6254-597B-4DC8-9299-10CA4231C451.jpeg?resize=350%2C200&ssl=1 1x, https:\/\/i0.wp.com\/m365-boutique.fr\/wp-content\/uploads\/2020\/05\/50AA6254-597B-4DC8-9299-10CA4231C451.jpeg?resize=525%2C300&ssl=1 1.5x, https:\/\/i0.wp.com\/m365-boutique.fr\/wp-content\/uploads\/2020\/05\/50AA6254-597B-4DC8-9299-10CA4231C451.jpeg?resize=700%2C400&ssl=1 2x, https:\/\/i0.wp.com\/m365-boutique.fr\/wp-content\/uploads\/2020\/05\/50AA6254-597B-4DC8-9299-10CA4231C451.jpeg?resize=1050%2C600&ssl=1 3x"},"classes":[]}],"jetpack_sharing_enabled":true,"amp_enabled":true,"_links":{"self":[{"href":"https:\/\/m365-boutique.fr\/index.php?rest_route=\/wp\/v2\/product\/2544","targetHints":{"allow":["GET"]}}],"collection":[{"href":"https:\/\/m365-boutique.fr\/index.php?rest_route=\/wp\/v2\/product"}],"about":[{"href":"https:\/\/m365-boutique.fr\/index.php?rest_route=\/wp\/v2\/types\/product"}],"replies":[{"embeddable":true,"href":"https:\/\/m365-boutique.fr\/index.php?rest_route=%2Fwp%2Fv2%2Fcomments&post=2544"}],"wp:featuredmedia":[{"embeddable":true,"href":"https:\/\/m365-boutique.fr\/index.php?rest_route=\/wp\/v2\/media\/2542"}],"wp:attachment":[{"href":"https:\/\/m365-boutique.fr\/index.php?rest_route=%2Fwp%2Fv2%2Fmedia&parent=2544"}],"wp:term":[{"taxonomy":"product_brand","embeddable":true,"href":"https:\/\/m365-boutique.fr\/index.php?rest_route=%2Fwp%2Fv2%2Fproduct_brand&post=2544"},{"taxonomy":"product_cat","embeddable":true,"href":"https:\/\/m365-boutique.fr\/index.php?rest_route=%2Fwp%2Fv2%2Fproduct_cat&post=2544"},{"taxonomy":"product_tag","embeddable":true,"href":"https:\/\/m365-boutique.fr\/index.php?rest_route=%2Fwp%2Fv2%2Fproduct_tag&post=2544"}],"curies":[{"name":"wp","href":"https:\/\/api.w.org\/{rel}","templated":true}]}}