{"id":2741,"date":"2023-01-03T03:07:33","date_gmt":"2023-01-03T01:07:33","guid":{"rendered":"https:\/\/m365-boutique.fr\/produit\/renfort-garde-boue-pour-mi-scooter-3"},"modified":"2026-04-21T16:52:01","modified_gmt":"2026-04-21T14:52:01","slug":"renfort-garde-boue-pour-mi-scooter-3","status":"publish","type":"product","link":"https:\/\/m365-boutique.fr\/?product=renfort-garde-boue-pour-mi-scooter-3","title":{"rendered":"Renfort garde boue pour Mi Scooter 3"},"content":{"rendered":"<p>Renfort garde boue en m\u00e9tal pour Mi Scooter 3.<\/p>\n<p>Vis fourni<\/p>\n","protected":false},"excerpt":{"rendered":"<p>Renfort garde boue en m\u00e9tal pour Mi Scooter 3. Vis fourni<\/p>\n","protected":false},"featured_media":2736,"comment_status":"open","ping_status":"closed","template":"","meta":[],"product_brand":[],"product_cat":[19],"product_tag":[],"class_list":{"0":"post-2741","1":"product","2":"type-product","3":"status-publish","4":"has-post-thumbnail","6":"product_cat-boutique","8":"first","9":"instock","10":"sale","11":"purchasable","12":"product-type-simple"},"aioseo_notices":[],"jetpack-related-posts":[{"id":2422,"url":"https:\/\/m365-boutique.fr\/?product=renfort-de-garde-boue-pour-xiaomi-m365-m365-pro-essential-1s-mi-scooter-3","url_meta":{"origin":2741,"position":0},"title":"Renfort de garde boue pour Xiaomi M365\/M365 Pro\/Essential\/1S\/Mi Scooter 3","author":"m365boutique","date":"6 septembre 2022","format":false,"excerpt":"Renfort de garde boue pour Xiaomi M365 \/ M365 Pro \/ M365 Pro 2 \/Essential \/ 1S \/ Mi Scooter 3 Syst\u00e8me de maintient en metal permettant d\u2019emp\u00eacher celui-ci de se tordre et de vibrer afin d\u2019\u00e9viter la casse du garde boue. Mati\u00e8re : METAL","rel":"","context":"Avec 1 commentaire","block_context":{"text":"Avec 1 commentaire","link":"https:\/\/m365-boutique.fr\/?product=renfort-de-garde-boue-pour-xiaomi-m365-m365-pro-essential-1s-mi-scooter-3#comments"},"img":{"alt_text":"","src":"https:\/\/i0.wp.com\/m365-boutique.fr\/wp-content\/uploads\/2022\/09\/img_7493-5.jpeg?resize=350%2C200&ssl=1","width":350,"height":200,"srcset":"https:\/\/i0.wp.com\/m365-boutique.fr\/wp-content\/uploads\/2022\/09\/img_7493-5.jpeg?resize=350%2C200&ssl=1 1x, https:\/\/i0.wp.com\/m365-boutique.fr\/wp-content\/uploads\/2022\/09\/img_7493-5.jpeg?resize=525%2C300&ssl=1 1.5x, https:\/\/i0.wp.com\/m365-boutique.fr\/wp-content\/uploads\/2022\/09\/img_7493-5.jpeg?resize=700%2C400&ssl=1 2x, https:\/\/i0.wp.com\/m365-boutique.fr\/wp-content\/uploads\/2022\/09\/img_7493-5.jpeg?resize=1050%2C600&ssl=1 3x"},"classes":[]},{"id":770,"url":"https:\/\/m365-boutique.fr\/?product=renfort-de-garde-boue-pour-xiaomi-m365-m365-pro-essential-1s-mi-scooter-3-2","url_meta":{"origin":2741,"position":1},"title":"Renfort de garde boue pour Xiaomi M365\/M365 Pro\/Essential\/1S\/Mi Scooter 3","author":"m365boutique","date":"7 mars 2021","format":false,"excerpt":"Renfort de garde boue pour Xiaomi M365 \/ M365 Pro \/ M365 Pro 2 \/Essential \/ 1S \/ Mi Scooter 3 Syst\u00e8me de maintient qui permet d\u2019emp\u00eacher celui-ci de se tordre et de vibrer afin d\u2019\u00e9viter la casse du garde boue.","rel":"","context":"Avec 4 commentaires","block_context":{"text":"Avec 4 commentaires","link":"https:\/\/m365-boutique.fr\/?product=renfort-de-garde-boue-pour-xiaomi-m365-m365-pro-essential-1s-mi-scooter-3-2#comments"},"img":{"alt_text":"","src":"https:\/\/i0.wp.com\/m365-boutique.fr\/wp-content\/uploads\/2021\/03\/img_4832.jpeg?resize=350%2C200&ssl=1","width":350,"height":200,"srcset":"https:\/\/i0.wp.com\/m365-boutique.fr\/wp-content\/uploads\/2021\/03\/img_4832.jpeg?resize=350%2C200&ssl=1 1x, https:\/\/i0.wp.com\/m365-boutique.fr\/wp-content\/uploads\/2021\/03\/img_4832.jpeg?resize=525%2C300&ssl=1 1.5x, https:\/\/i0.wp.com\/m365-boutique.fr\/wp-content\/uploads\/2021\/03\/img_4832.jpeg?resize=700%2C400&ssl=1 2x, https:\/\/i0.wp.com\/m365-boutique.fr\/wp-content\/uploads\/2021\/03\/img_4832.jpeg?resize=1050%2C600&ssl=1 3x"},"classes":[]},{"id":387,"url":"https:\/\/m365-boutique.fr\/?product=vis-et-bouchons-garde-boue-pour-xiaomi-m365-m365-pro-essential-1s-mi-scooter-3","url_meta":{"origin":2741,"position":2},"title":"Vis et bouchons garde boue pour Xiaomi M365\/M365 Pro\/Essential\/1S\/Mi Scooter 3","author":"m365boutique","date":"6 juillet 2020","format":false,"excerpt":"Kit de vis et bouchons pour garde boue arri\u00e8re de la Xiaomi M365 \/ M365 Pro \/ Essential \/ 1S \/ Mi Scooter 3 Contient 3 capuchons en silicone et 3 vis inox A2.","rel":"","context":"Avec 2 commentaires","block_context":{"text":"Avec 2 commentaires","link":"https:\/\/m365-boutique.fr\/?product=vis-et-bouchons-garde-boue-pour-xiaomi-m365-m365-pro-essential-1s-mi-scooter-3#comments"},"img":{"alt_text":"","src":"https:\/\/i0.wp.com\/m365-boutique.fr\/wp-content\/uploads\/2020\/07\/6D6AA5C7-52CB-407C-8179-4B7E95030470.jpeg?resize=350%2C200&ssl=1","width":350,"height":200,"srcset":"https:\/\/i0.wp.com\/m365-boutique.fr\/wp-content\/uploads\/2020\/07\/6D6AA5C7-52CB-407C-8179-4B7E95030470.jpeg?resize=350%2C200&ssl=1 1x, https:\/\/i0.wp.com\/m365-boutique.fr\/wp-content\/uploads\/2020\/07\/6D6AA5C7-52CB-407C-8179-4B7E95030470.jpeg?resize=525%2C300&ssl=1 1.5x, https:\/\/i0.wp.com\/m365-boutique.fr\/wp-content\/uploads\/2020\/07\/6D6AA5C7-52CB-407C-8179-4B7E95030470.jpeg?resize=700%2C400&ssl=1 2x, https:\/\/i0.wp.com\/m365-boutique.fr\/wp-content\/uploads\/2020\/07\/6D6AA5C7-52CB-407C-8179-4B7E95030470.jpeg?resize=1050%2C600&ssl=1 3x"},"classes":[]},{"id":787,"url":"https:\/\/m365-boutique.fr\/?product=pack-garde-boue-arriere-pour-xiaomi-m365-m365-pro-essential-1s-mi-scooter-3","url_meta":{"origin":2741,"position":3},"title":"Pack garde boue arri\u00e8re pour Xiaomi M365\/M365 Pro\/Essential\/1S\/Mi Scooter 3","author":"m365boutique","date":"7 mars 2021","format":false,"excerpt":"Pack garde boue arri\u00e8re pour Xiaomi M365 \/ M365 Pro \/ M365 Pro 2 \/ Essential \/ 1S \/ Mi Scooter 3 1 Garde boue arri\u00e8re Noir 1 feux arri\u00e8re 1 Support garde boue 1 kit de vis Couleur : NOIR ET BLANC","rel":"","context":"Avec 14 commentaires","block_context":{"text":"Avec 14 commentaires","link":"https:\/\/m365-boutique.fr\/?product=pack-garde-boue-arriere-pour-xiaomi-m365-m365-pro-essential-1s-mi-scooter-3#comments"},"img":{"alt_text":"","src":"https:\/\/i0.wp.com\/m365-boutique.fr\/wp-content\/uploads\/2021\/03\/img_4822-1.jpeg?resize=350%2C200&ssl=1","width":350,"height":200,"srcset":"https:\/\/i0.wp.com\/m365-boutique.fr\/wp-content\/uploads\/2021\/03\/img_4822-1.jpeg?resize=350%2C200&ssl=1 1x, https:\/\/i0.wp.com\/m365-boutique.fr\/wp-content\/uploads\/2021\/03\/img_4822-1.jpeg?resize=525%2C300&ssl=1 1.5x, https:\/\/i0.wp.com\/m365-boutique.fr\/wp-content\/uploads\/2021\/03\/img_4822-1.jpeg?resize=700%2C400&ssl=1 2x, https:\/\/i0.wp.com\/m365-boutique.fr\/wp-content\/uploads\/2021\/03\/img_4822-1.jpeg?resize=1050%2C600&ssl=1 3x"},"classes":[]},{"id":1693,"url":"https:\/\/m365-boutique.fr\/?product=garde-boue-arriere-sport-pour-xiaomi-m365-pro-essential-1s-mi-scooter-3","url_meta":{"origin":2741,"position":4},"title":"Garde boue arri\u00e8re sport pour Xiaomi M365 Pro\/Essential\/1S\/Mi Scooter 3","author":"m365boutique","date":"28 janvier 2022","format":false,"excerpt":"Garde boue sport pour Xiaomi M365 Pro \/ Essential \/ 1S \/ Mi Scooter 3 Ce garde boue est r\u00e9tr\u00e9cie pour donner un cot\u00e9 plus sport \u00e0 votre trottinette.","rel":"","context":"Avec 1 commentaire","block_context":{"text":"Avec 1 commentaire","link":"https:\/\/m365-boutique.fr\/?product=garde-boue-arriere-sport-pour-xiaomi-m365-pro-essential-1s-mi-scooter-3#comments"},"img":{"alt_text":"","src":"https:\/\/i0.wp.com\/m365-boutique.fr\/wp-content\/uploads\/2022\/01\/img_6228-1.jpeg?resize=350%2C200&ssl=1","width":350,"height":200,"srcset":"https:\/\/i0.wp.com\/m365-boutique.fr\/wp-content\/uploads\/2022\/01\/img_6228-1.jpeg?resize=350%2C200&ssl=1 1x, https:\/\/i0.wp.com\/m365-boutique.fr\/wp-content\/uploads\/2022\/01\/img_6228-1.jpeg?resize=525%2C300&ssl=1 1.5x, https:\/\/i0.wp.com\/m365-boutique.fr\/wp-content\/uploads\/2022\/01\/img_6228-1.jpeg?resize=700%2C400&ssl=1 2x, https:\/\/i0.wp.com\/m365-boutique.fr\/wp-content\/uploads\/2022\/01\/img_6228-1.jpeg?resize=1050%2C600&ssl=1 3x"},"classes":[]},{"id":820,"url":"https:\/\/m365-boutique.fr\/?product=garde-boue-arriere-sport-pour-xiaomi-m365-m365-pro-essential-s1-mi-scooter-3","url_meta":{"origin":2741,"position":5},"title":"Garde boue arri\u00e8re sport pour Xiaomi M365\/M365 Pro\/Essential\/1S\/Mi Scooter 3","author":"m365boutique","date":"31 mars 2021","format":false,"excerpt":"Garde boue sport pour Xiaomi M365 \/ M365 Pro \/ Essential \/ 1S \/ Mi Scooter 3 Ce garde boue est r\u00e9tr\u00e9cie pour donner un cot\u00e9 plus sport \u00e0 votre trottinette. Couleur : NOIR OU BLANC","rel":"","context":"Avec 3 commentaires","block_context":{"text":"Avec 3 commentaires","link":"https:\/\/m365-boutique.fr\/?product=garde-boue-arriere-sport-pour-xiaomi-m365-m365-pro-essential-s1-mi-scooter-3#comments"},"img":{"alt_text":"","src":"https:\/\/i0.wp.com\/m365-boutique.fr\/wp-content\/uploads\/2021\/03\/img_4891.jpeg?resize=350%2C200&ssl=1","width":350,"height":200,"srcset":"https:\/\/i0.wp.com\/m365-boutique.fr\/wp-content\/uploads\/2021\/03\/img_4891.jpeg?resize=350%2C200&ssl=1 1x, https:\/\/i0.wp.com\/m365-boutique.fr\/wp-content\/uploads\/2021\/03\/img_4891.jpeg?resize=525%2C300&ssl=1 1.5x, https:\/\/i0.wp.com\/m365-boutique.fr\/wp-content\/uploads\/2021\/03\/img_4891.jpeg?resize=700%2C400&ssl=1 2x, https:\/\/i0.wp.com\/m365-boutique.fr\/wp-content\/uploads\/2021\/03\/img_4891.jpeg?resize=1050%2C600&ssl=1 3x"},"classes":[]}],"jetpack_sharing_enabled":true,"amp_enabled":true,"_links":{"self":[{"href":"https:\/\/m365-boutique.fr\/index.php?rest_route=\/wp\/v2\/product\/2741","targetHints":{"allow":["GET"]}}],"collection":[{"href":"https:\/\/m365-boutique.fr\/index.php?rest_route=\/wp\/v2\/product"}],"about":[{"href":"https:\/\/m365-boutique.fr\/index.php?rest_route=\/wp\/v2\/types\/product"}],"replies":[{"embeddable":true,"href":"https:\/\/m365-boutique.fr\/index.php?rest_route=%2Fwp%2Fv2%2Fcomments&post=2741"}],"wp:featuredmedia":[{"embeddable":true,"href":"https:\/\/m365-boutique.fr\/index.php?rest_route=\/wp\/v2\/media\/2736"}],"wp:attachment":[{"href":"https:\/\/m365-boutique.fr\/index.php?rest_route=%2Fwp%2Fv2%2Fmedia&parent=2741"}],"wp:term":[{"taxonomy":"product_brand","embeddable":true,"href":"https:\/\/m365-boutique.fr\/index.php?rest_route=%2Fwp%2Fv2%2Fproduct_brand&post=2741"},{"taxonomy":"product_cat","embeddable":true,"href":"https:\/\/m365-boutique.fr\/index.php?rest_route=%2Fwp%2Fv2%2Fproduct_cat&post=2741"},{"taxonomy":"product_tag","embeddable":true,"href":"https:\/\/m365-boutique.fr\/index.php?rest_route=%2Fwp%2Fv2%2Fproduct_tag&post=2741"}],"curies":[{"name":"wp","href":"https:\/\/api.w.org\/{rel}","templated":true}]}}