{"id":3147,"date":"2023-06-02T18:28:08","date_gmt":"2023-06-02T16:28:08","guid":{"rendered":"https:\/\/m365-boutique.fr\/produit\/clignotant-pour-xiaomi-m365-m365-pro"},"modified":"2023-09-15T13:02:53","modified_gmt":"2023-09-15T11:02:53","slug":"clignotant-pour-xiaomi-m365-m365-pro","status":"publish","type":"product","link":"https:\/\/m365-boutique.fr\/?product=clignotant-pour-xiaomi-m365-m365-pro","title":{"rendered":"Clignotant pour Xiaomi M365\/M365 Pro\/Essential\/1S\/ Mi Scooter 3"},"content":{"rendered":"<p>Ensemble de clignotant avant et arri\u00e8re pour trottinette Xiaomi M365 \/ M365 Pro<span style=\"font-family: Poppins, sans-serif;font-size: 14px;font-style: normal;font-weight: 400;letter-spacing: normal;text-align: start;text-indent: 0px;text-transform: none;text-decoration: none;float: none\"> \/ Essential \/ 1S \/ Mi Scooter 3<\/span><\/p>\n<p><span style=\"font-family: Poppins, sans-serif;font-size: 14px;font-style: normal;font-weight: 400;letter-spacing: normal;text-align: start;text-indent: 0px;text-transform: none;text-decoration: none;float: none\">Id\u00e9al pour circuler en ville pour une s\u00e9curit\u00e9 optimale de jour comme de nuit. <\/span><\/p>\n<p>Installation facile, fournie avec les cables de branchement, <span style=\"font-family: Poppins, sans-serif;font-size: 14px;font-style: normal;font-weight: 400;letter-spacing: normal;text-align: start;text-indent: 0px;text-transform: none;text-decoration: none;float: none\">commande d\u2019indication de direction<\/span>, cache fil et vis.<\/p>\n","protected":false},"excerpt":{"rendered":"<p>Ensemble de clignotant avant et arri\u00e8re pour trottinette Xiaomi M365 \/ M365 Pro \/ Essential \/ 1S \/ Mi Scooter 3 Id\u00e9al pour circuler en ville pour une s\u00e9curit\u00e9 optimale de jour comme de nuit. Installation facile, fournie avec les cables de branchement, commande d\u2019indication de direction, cache fil et vis.<\/p>\n","protected":false},"featured_media":3145,"comment_status":"open","ping_status":"closed","template":"","meta":[],"product_brand":[],"product_cat":[19],"product_tag":[],"class_list":{"0":"post-3147","1":"product","2":"type-product","3":"status-publish","4":"has-post-thumbnail","6":"product_cat-boutique","8":"first","9":"instock","10":"sale","11":"purchasable","12":"product-type-simple"},"aioseo_notices":[],"jetpack-related-posts":[{"id":663,"url":"https:\/\/m365-boutique.fr\/?product=bms-complet-pour-xiaomi-m365-m365-pro-essential-1s-mi-scooter-3","url_meta":{"origin":3147,"position":0},"title":"BMS complet pour Xiaomi M365\/Essential\/1S","author":"m365boutique","date":"11 novembre 2020","format":false,"excerpt":"BMS (Battery System Management) pour batterie de Xiaomi M365 \/M365 Pro \/ Essential \/ 1S Si votre de batterie ne marche plus (pas de clignotement des LED ou clignote rouge) alors il y a 90% de chance que ce soit un probl\u00e8me avec le BMS. Le BMS est fourni avec\u2026","rel":"","context":"Avec 3 commentaires","block_context":{"text":"Avec 3 commentaires","link":"https:\/\/m365-boutique.fr\/?product=bms-complet-pour-xiaomi-m365-m365-pro-essential-1s-mi-scooter-3#comments"},"img":{"alt_text":"","src":"https:\/\/i0.wp.com\/m365-boutique.fr\/wp-content\/uploads\/2020\/11\/007882D1-1E36-4D4A-9298-83B7D00AF35B.jpeg?resize=350%2C200&ssl=1","width":350,"height":200,"srcset":"https:\/\/i0.wp.com\/m365-boutique.fr\/wp-content\/uploads\/2020\/11\/007882D1-1E36-4D4A-9298-83B7D00AF35B.jpeg?resize=350%2C200&ssl=1 1x, https:\/\/i0.wp.com\/m365-boutique.fr\/wp-content\/uploads\/2020\/11\/007882D1-1E36-4D4A-9298-83B7D00AF35B.jpeg?resize=525%2C300&ssl=1 1.5x, https:\/\/i0.wp.com\/m365-boutique.fr\/wp-content\/uploads\/2020\/11\/007882D1-1E36-4D4A-9298-83B7D00AF35B.jpeg?resize=700%2C400&ssl=1 2x, https:\/\/i0.wp.com\/m365-boutique.fr\/wp-content\/uploads\/2020\/11\/007882D1-1E36-4D4A-9298-83B7D00AF35B.jpeg?resize=1050%2C600&ssl=1 3x"},"classes":[]},{"id":900,"url":"https:\/\/m365-boutique.fr\/?product=fourche-avant-pour-xiaomi-m365-m365-pro-essential-1s-mi-scooter-3","url_meta":{"origin":3147,"position":1},"title":"Fourche avant pour Xiaomi M365\/M365 Pro\/Essential\/1S\/Mi Scooter 3","author":"m365boutique","date":"7 avril 2021","format":false,"excerpt":"Fourche avant pour Xiaomi M365 \/ M365 Pro \/ Essential \/ 1S \/ Mi Scooter 3","rel":"","context":"Article similaire","block_context":{"text":"Article similaire","link":""},"img":{"alt_text":"","src":"https:\/\/i0.wp.com\/m365-boutique.fr\/wp-content\/uploads\/2021\/04\/img_5011.jpeg?resize=350%2C200&ssl=1","width":350,"height":200,"srcset":"https:\/\/i0.wp.com\/m365-boutique.fr\/wp-content\/uploads\/2021\/04\/img_5011.jpeg?resize=350%2C200&ssl=1 1x, https:\/\/i0.wp.com\/m365-boutique.fr\/wp-content\/uploads\/2021\/04\/img_5011.jpeg?resize=525%2C300&ssl=1 1.5x, https:\/\/i0.wp.com\/m365-boutique.fr\/wp-content\/uploads\/2021\/04\/img_5011.jpeg?resize=700%2C400&ssl=1 2x, https:\/\/i0.wp.com\/m365-boutique.fr\/wp-content\/uploads\/2021\/04\/img_5011.jpeg?resize=1050%2C600&ssl=1 3x"},"classes":[]},{"id":301,"url":"https:\/\/m365-boutique.fr\/?product=support-telephone-pour-xiaomi-m365-m365-pro-essential-1s-mi-scooter-3","url_meta":{"origin":3147,"position":2},"title":"Support t\u00e9l\u00e9phone pour Xiaomi M365\/M365 Pro\/Essential\/1S\/Mi Scooter 3","author":"m365boutique","date":"25 mai 2020","format":false,"excerpt":"Support t\u00e9l\u00e9phone pour Xiaomi M365 \/ M365 Pro \/ Essential \/ 1S \/ Mi Scooter 3 Compatible\u00a0tous mod\u00e8les de t\u00e9l\u00e9phones. COULEUR : GRIS","rel":"","context":"Article similaire","block_context":{"text":"Article similaire","link":""},"img":{"alt_text":"","src":"https:\/\/i0.wp.com\/m365-boutique.fr\/wp-content\/uploads\/2020\/05\/5D5FE00A-E7DB-45A3-BED2-DF2B51475C51.jpeg?resize=350%2C200&ssl=1","width":350,"height":200,"srcset":"https:\/\/i0.wp.com\/m365-boutique.fr\/wp-content\/uploads\/2020\/05\/5D5FE00A-E7DB-45A3-BED2-DF2B51475C51.jpeg?resize=350%2C200&ssl=1 1x, https:\/\/i0.wp.com\/m365-boutique.fr\/wp-content\/uploads\/2020\/05\/5D5FE00A-E7DB-45A3-BED2-DF2B51475C51.jpeg?resize=525%2C300&ssl=1 1.5x, https:\/\/i0.wp.com\/m365-boutique.fr\/wp-content\/uploads\/2020\/05\/5D5FE00A-E7DB-45A3-BED2-DF2B51475C51.jpeg?resize=700%2C400&ssl=1 2x, https:\/\/i0.wp.com\/m365-boutique.fr\/wp-content\/uploads\/2020\/05\/5D5FE00A-E7DB-45A3-BED2-DF2B51475C51.jpeg?resize=1050%2C600&ssl=1 3x"},"classes":[]},{"id":247,"url":"https:\/\/m365-boutique.fr\/?product=crochet-pour-xiaomi-m365-m365-pro-essential-1s-mi-scooter-3-3","url_meta":{"origin":3147,"position":3},"title":"Crochet pour Xiaomi M365\/M365 Pro\/Essential\/1S\/Mi Scooter 3 (B)","author":"m365boutique","date":"24 mai 2020","format":false,"excerpt":"Crochet pour Xiaomi M365 \/ M365 Pro \/ Essential \/ 1S \/ Mi Scooter 3 Pratique et\u00a0tr\u00e8s r\u00e9sistant pour supporter tout types de charge. Couleur : BLANC","rel":"","context":"Article similaire","block_context":{"text":"Article similaire","link":""},"img":{"alt_text":"","src":"https:\/\/i0.wp.com\/m365-boutique.fr\/wp-content\/uploads\/2020\/05\/BAB96050-9FD7-488F-B62B-7E5A4E8D89E9.jpeg?resize=350%2C200&ssl=1","width":350,"height":200,"srcset":"https:\/\/i0.wp.com\/m365-boutique.fr\/wp-content\/uploads\/2020\/05\/BAB96050-9FD7-488F-B62B-7E5A4E8D89E9.jpeg?resize=350%2C200&ssl=1 1x, https:\/\/i0.wp.com\/m365-boutique.fr\/wp-content\/uploads\/2020\/05\/BAB96050-9FD7-488F-B62B-7E5A4E8D89E9.jpeg?resize=525%2C300&ssl=1 1.5x, https:\/\/i0.wp.com\/m365-boutique.fr\/wp-content\/uploads\/2020\/05\/BAB96050-9FD7-488F-B62B-7E5A4E8D89E9.jpeg?resize=700%2C400&ssl=1 2x, https:\/\/i0.wp.com\/m365-boutique.fr\/wp-content\/uploads\/2020\/05\/BAB96050-9FD7-488F-B62B-7E5A4E8D89E9.jpeg?resize=1050%2C600&ssl=1 3x"},"classes":[]},{"id":1007,"url":"https:\/\/m365-boutique.fr\/?product=suspension-arriere-pour-xiaomi-m365-m365-pro-essential-1s-mi-scooter-3","url_meta":{"origin":3147,"position":4},"title":"Suspension arri\u00e8re pour Xiaomi M365\/M365 Pro\/Essential\/1S\/Mi Scooter 3","author":"m365boutique","date":"29 mai 2021","format":false,"excerpt":"Suspension arri\u00e8re pour Xiaomi M365 \/ M365 Pro \/ Essential \/ 1S \/ Mi Scooter 3 Id\u00e9al pour rouler plus confortablement. L'amortisseur diminue les vibrations sur les routes.","rel":"","context":"Avec 2 commentaires","block_context":{"text":"Avec 2 commentaires","link":"https:\/\/m365-boutique.fr\/?product=suspension-arriere-pour-xiaomi-m365-m365-pro-essential-1s-mi-scooter-3#comments"},"img":{"alt_text":"","src":"https:\/\/i0.wp.com\/m365-boutique.fr\/wp-content\/uploads\/2021\/04\/img_4956.jpeg?resize=350%2C200&ssl=1","width":350,"height":200,"srcset":"https:\/\/i0.wp.com\/m365-boutique.fr\/wp-content\/uploads\/2021\/04\/img_4956.jpeg?resize=350%2C200&ssl=1 1x, https:\/\/i0.wp.com\/m365-boutique.fr\/wp-content\/uploads\/2021\/04\/img_4956.jpeg?resize=525%2C300&ssl=1 1.5x, https:\/\/i0.wp.com\/m365-boutique.fr\/wp-content\/uploads\/2021\/04\/img_4956.jpeg?resize=700%2C400&ssl=1 2x, https:\/\/i0.wp.com\/m365-boutique.fr\/wp-content\/uploads\/2021\/04\/img_4956.jpeg?resize=1050%2C600&ssl=1 3x"},"classes":[]},{"id":221,"url":"https:\/\/m365-boutique.fr\/?product=guidon-enfant-pour-xiaomi-m365-m365-pro-essential-1s-mi-scooter-3","url_meta":{"origin":3147,"position":5},"title":"Guidon enfant pour Xiaomi M365\/M365 Pro\/Essential\/1S\/Mi Scooter 3","author":"m365boutique","date":"23 mai 2020","format":false,"excerpt":"Guidon pour enfant adapt\u00e9 \u00e0 la trottinette Xiaomi M365 \/ M365 Pro \/ Essential \/ 1S \/ Mi Scooter 3 Id\u00e9al pour les balades avec son enfant \u00a0","rel":"","context":"Avec 8 commentaires","block_context":{"text":"Avec 8 commentaires","link":"https:\/\/m365-boutique.fr\/?product=guidon-enfant-pour-xiaomi-m365-m365-pro-essential-1s-mi-scooter-3#comments"},"img":{"alt_text":"","src":"https:\/\/i0.wp.com\/m365-boutique.fr\/wp-content\/uploads\/2020\/05\/7CF94219-5985-4AC3-AA6D-1F19408FFBBE.jpeg?resize=350%2C200&ssl=1","width":350,"height":200,"srcset":"https:\/\/i0.wp.com\/m365-boutique.fr\/wp-content\/uploads\/2020\/05\/7CF94219-5985-4AC3-AA6D-1F19408FFBBE.jpeg?resize=350%2C200&ssl=1 1x, https:\/\/i0.wp.com\/m365-boutique.fr\/wp-content\/uploads\/2020\/05\/7CF94219-5985-4AC3-AA6D-1F19408FFBBE.jpeg?resize=525%2C300&ssl=1 1.5x, https:\/\/i0.wp.com\/m365-boutique.fr\/wp-content\/uploads\/2020\/05\/7CF94219-5985-4AC3-AA6D-1F19408FFBBE.jpeg?resize=700%2C400&ssl=1 2x, https:\/\/i0.wp.com\/m365-boutique.fr\/wp-content\/uploads\/2020\/05\/7CF94219-5985-4AC3-AA6D-1F19408FFBBE.jpeg?resize=1050%2C600&ssl=1 3x"},"classes":[]}],"jetpack_sharing_enabled":true,"amp_enabled":true,"_links":{"self":[{"href":"https:\/\/m365-boutique.fr\/index.php?rest_route=\/wp\/v2\/product\/3147","targetHints":{"allow":["GET"]}}],"collection":[{"href":"https:\/\/m365-boutique.fr\/index.php?rest_route=\/wp\/v2\/product"}],"about":[{"href":"https:\/\/m365-boutique.fr\/index.php?rest_route=\/wp\/v2\/types\/product"}],"replies":[{"embeddable":true,"href":"https:\/\/m365-boutique.fr\/index.php?rest_route=%2Fwp%2Fv2%2Fcomments&post=3147"}],"wp:featuredmedia":[{"embeddable":true,"href":"https:\/\/m365-boutique.fr\/index.php?rest_route=\/wp\/v2\/media\/3145"}],"wp:attachment":[{"href":"https:\/\/m365-boutique.fr\/index.php?rest_route=%2Fwp%2Fv2%2Fmedia&parent=3147"}],"wp:term":[{"taxonomy":"product_brand","embeddable":true,"href":"https:\/\/m365-boutique.fr\/index.php?rest_route=%2Fwp%2Fv2%2Fproduct_brand&post=3147"},{"taxonomy":"product_cat","embeddable":true,"href":"https:\/\/m365-boutique.fr\/index.php?rest_route=%2Fwp%2Fv2%2Fproduct_cat&post=3147"},{"taxonomy":"product_tag","embeddable":true,"href":"https:\/\/m365-boutique.fr\/index.php?rest_route=%2Fwp%2Fv2%2Fproduct_tag&post=3147"}],"curies":[{"name":"wp","href":"https:\/\/api.w.org\/{rel}","templated":true}]}}