{"id":3581,"date":"2024-02-29T17:04:50","date_gmt":"2024-02-29T15:04:50","guid":{"rendered":"https:\/\/m365-boutique.fr\/?product=sacoche-micro-usb-integre"},"modified":"2024-04-14T02:46:24","modified_gmt":"2024-04-14T00:46:24","slug":"sacoche-micro-usb-integre","status":"publish","type":"product","link":"https:\/\/m365-boutique.fr\/?product=sacoche-micro-usb-integre","title":{"rendered":"Sacoche Follow Up micro USB batterie externe int\u00e9gr\u00e9"},"content":{"rendered":"<p>Sacoche Follow Up Micro USB conn\u00e9ct\u00e9 &#8211; Gris &#8211; Tissu d\u00e9perlant &#8211; 3 Cables fourni ( USB type C\/MicroUSB\/Lightning ) Compatible pour Iphone\/Samsung\/PC portable jusqu&#8217;\u00e0 15.6&#8243; &#8211; Batterie externe int\u00e9gr\u00e9e 7000 mAh &#8211; Port USB externe &#8211; Bandouli\u00e8re ajustable &#8211; Ce sac vous offre plusieurs rangements pour une organisation optimale &#8211; Dimensions : 37 x 32 x 7 cm.<\/p>\n<p>Couleur : GRIS<\/p>\n","protected":false},"excerpt":{"rendered":"<p>Sacoche Follow Up Micro USB conn\u00e9ct\u00e9 &#8211; Gris &#8211; Tissu d\u00e9perlant &#8211; 3 Cables fourni ( USB type C\/MicroUSB\/Lightning ) Compatible pour Iphone\/Samsung\/PC portable jusqu&#8217;\u00e0 15.6&#8243; &#8211; Batterie externe int\u00e9gr\u00e9e 7000 mAh &#8211; Port USB externe &#8211; Bandouli\u00e8re ajustable &#8211; Ce sac vous offre plusieurs rangements pour une organisation optimale &#8211; Dimensions : 37 x [&hellip;]<\/p>\n","protected":false},"featured_media":3580,"comment_status":"open","ping_status":"closed","template":"","meta":[],"product_brand":[],"product_cat":[19],"product_tag":[],"class_list":{"0":"post-3581","1":"product","2":"type-product","3":"status-publish","4":"has-post-thumbnail","6":"product_cat-boutique","8":"first","9":"instock","10":"sale","11":"purchasable","12":"product-type-simple"},"aioseo_notices":[],"jetpack-related-posts":[{"id":3780,"url":"https:\/\/m365-boutique.fr\/?product=sac-a-dos-usb-rockthestreet","url_meta":{"origin":3581,"position":0},"title":"Sac a dos USB Rockthestreet","author":"m365boutique","date":"17 novembre 2024","format":false,"excerpt":"Le sac \u00e0 dos ordinateur roll-top Rock the Street 37 x 49 x 13 cm \u2013 17 pouces au design jeune et urbain convient aussi bien aux \u00e9tudiants qu\u2019aux actifs pour un usage quotidien. Con\u00e7u en polyester et nylon imperm\u00e9able il est ultra l\u00e9ger et se porte \u00e0 la main\u2026","rel":"","context":"Article similaire","block_context":{"text":"Article similaire","link":""},"img":{"alt_text":"","src":"https:\/\/i0.wp.com\/m365-boutique.fr\/wp-content\/uploads\/2024\/11\/img_1757.jpeg?resize=350%2C200&ssl=1","width":350,"height":200,"srcset":"https:\/\/i0.wp.com\/m365-boutique.fr\/wp-content\/uploads\/2024\/11\/img_1757.jpeg?resize=350%2C200&ssl=1 1x, https:\/\/i0.wp.com\/m365-boutique.fr\/wp-content\/uploads\/2024\/11\/img_1757.jpeg?resize=525%2C300&ssl=1 1.5x, https:\/\/i0.wp.com\/m365-boutique.fr\/wp-content\/uploads\/2024\/11\/img_1757.jpeg?resize=700%2C400&ssl=1 2x, https:\/\/i0.wp.com\/m365-boutique.fr\/wp-content\/uploads\/2024\/11\/img_1757.jpeg?resize=1050%2C600&ssl=1 3x"},"classes":[]},{"id":599,"url":"https:\/\/m365-boutique.fr\/?product=casque-de-protection-lumineux","url_meta":{"origin":3581,"position":1},"title":"Casque de protection lumineux","author":"m365boutique","date":"1 octobre 2020","format":false,"excerpt":"Casque de protection \u00e9quip\u00e9 de lumiere avant et arri\u00e8re recharchable par usb, id\u00e9al pour \u00eatre vue sur la route et pour une meilleure s\u00e9curit\u00e9. Taille M","rel":"","context":"Avec 1 commentaire","block_context":{"text":"Avec 1 commentaire","link":"https:\/\/m365-boutique.fr\/?product=casque-de-protection-lumineux#comments"},"img":{"alt_text":"","src":"https:\/\/i0.wp.com\/m365-boutique.fr\/wp-content\/uploads\/2020\/10\/F496CAA7-84E2-459B-BBB8-B6D909C539FA.jpeg?resize=350%2C200&ssl=1","width":350,"height":200,"srcset":"https:\/\/i0.wp.com\/m365-boutique.fr\/wp-content\/uploads\/2020\/10\/F496CAA7-84E2-459B-BBB8-B6D909C539FA.jpeg?resize=350%2C200&ssl=1 1x, https:\/\/i0.wp.com\/m365-boutique.fr\/wp-content\/uploads\/2020\/10\/F496CAA7-84E2-459B-BBB8-B6D909C539FA.jpeg?resize=525%2C300&ssl=1 1.5x, https:\/\/i0.wp.com\/m365-boutique.fr\/wp-content\/uploads\/2020\/10\/F496CAA7-84E2-459B-BBB8-B6D909C539FA.jpeg?resize=700%2C400&ssl=1 2x, https:\/\/i0.wp.com\/m365-boutique.fr\/wp-content\/uploads\/2020\/10\/F496CAA7-84E2-459B-BBB8-B6D909C539FA.jpeg?resize=1050%2C600&ssl=1 3x"},"classes":[]},{"id":651,"url":"https:\/\/m365-boutique.fr\/?product=sac-a-dos-dindicateur-de-direction","url_meta":{"origin":3581,"position":2},"title":"Sac a dos d\u2019indicateur de direction","author":"m365boutique","date":"11 novembre 2020","format":false,"excerpt":"Sac a dos de s\u00e9curit\u00e9 avec avertissement LED de direction. Syst\u00e8me sans fils, rechargeable USB. Id\u00e9al pour des d\u00e9placements en toutes s\u00e9curit\u00e9.","rel":"","context":"Avec 1 commentaire","block_context":{"text":"Avec 1 commentaire","link":"https:\/\/m365-boutique.fr\/?product=sac-a-dos-dindicateur-de-direction#comments"},"img":{"alt_text":"","src":"https:\/\/i0.wp.com\/m365-boutique.fr\/wp-content\/uploads\/2020\/11\/D73C2D10-5D4F-4805-97C9-B9C8DD82F33D.jpeg?resize=350%2C200&ssl=1","width":350,"height":200,"srcset":"https:\/\/i0.wp.com\/m365-boutique.fr\/wp-content\/uploads\/2020\/11\/D73C2D10-5D4F-4805-97C9-B9C8DD82F33D.jpeg?resize=350%2C200&ssl=1 1x, https:\/\/i0.wp.com\/m365-boutique.fr\/wp-content\/uploads\/2020\/11\/D73C2D10-5D4F-4805-97C9-B9C8DD82F33D.jpeg?resize=525%2C300&ssl=1 1.5x, https:\/\/i0.wp.com\/m365-boutique.fr\/wp-content\/uploads\/2020\/11\/D73C2D10-5D4F-4805-97C9-B9C8DD82F33D.jpeg?resize=700%2C400&ssl=1 2x, https:\/\/i0.wp.com\/m365-boutique.fr\/wp-content\/uploads\/2020\/11\/D73C2D10-5D4F-4805-97C9-B9C8DD82F33D.jpeg?resize=1050%2C600&ssl=1 3x"},"classes":[]},{"id":312,"url":"https:\/\/m365-boutique.fr\/?product=pack-lumiere-led-pour-xiaomi-m365-m365-pro-essential-1s-mi-scooter-3","url_meta":{"origin":3581,"position":3},"title":"Pack lumiere led pour Xiaomi M365\/M365 Pro\/Essential\/1S\/Mi Scooter 3","author":"m365boutique","date":"26 mai 2020","format":false,"excerpt":"Lumi\u00e8re USB rechargeable feux arri\u00e8re de s\u00e9curit\u00e9 pour Xiaomi M365 \/ M365 Pro \/ Essential \/ 1S \/ Mi Scooter 3 Le pack comprend 2 lumi\u00e8res LED.","rel":"","context":"Avec 5 commentaires","block_context":{"text":"Avec 5 commentaires","link":"https:\/\/m365-boutique.fr\/?product=pack-lumiere-led-pour-xiaomi-m365-m365-pro-essential-1s-mi-scooter-3#comments"},"img":{"alt_text":"","src":"https:\/\/i0.wp.com\/m365-boutique.fr\/wp-content\/uploads\/2020\/05\/726BDA2D-CA3E-43CB-B92D-D48FB26777AF.jpeg?resize=350%2C200&ssl=1","width":350,"height":200},"classes":[]},{"id":3163,"url":"https:\/\/m365-boutique.fr\/?product=lumiere-led-pour-xiaomi-m365-m365-pro-essential-1s-mi-scooter-3","url_meta":{"origin":3581,"position":4},"title":"Lumi\u00e8re led pour Xiaomi M365\/M365 Pro\/Essential\/1S\/Mi Scooter 3","author":"m365boutique","date":"12 juin 2023","format":false,"excerpt":"Lumi\u00e8re led stroboscopique pour trottinette \u00e9lectrique Xiaomi M365 \/ M365 Pro \/ Essential \/ 1S \/ Mi Scooter 3. Couleur de led multi choix, chargement par prise usb et fixation velcro. Longue port\u00e9e de visibilit\u00e9.","rel":"","context":"Avec 1 commentaire","block_context":{"text":"Avec 1 commentaire","link":"https:\/\/m365-boutique.fr\/?product=lumiere-led-pour-xiaomi-m365-m365-pro-essential-1s-mi-scooter-3#comments"},"img":{"alt_text":"","src":"https:\/\/i0.wp.com\/m365-boutique.fr\/wp-content\/uploads\/2023\/06\/img_9677.jpeg?resize=350%2C200&ssl=1","width":350,"height":200,"srcset":"https:\/\/i0.wp.com\/m365-boutique.fr\/wp-content\/uploads\/2023\/06\/img_9677.jpeg?resize=350%2C200&ssl=1 1x, https:\/\/i0.wp.com\/m365-boutique.fr\/wp-content\/uploads\/2023\/06\/img_9677.jpeg?resize=525%2C300&ssl=1 1.5x, https:\/\/i0.wp.com\/m365-boutique.fr\/wp-content\/uploads\/2023\/06\/img_9677.jpeg?resize=700%2C400&ssl=1 2x"},"classes":[]},{"id":427,"url":"https:\/\/m365-boutique.fr\/?product=gonfleur-portable-pour-xiaomi-m365-m365-pro-essential-1s-mi-scooter-3","url_meta":{"origin":3581,"position":5},"title":"Gonfleur portable pour Xiaomi M365\/M365 Pro\/Essential\/1S\/Mi Scooter 3","author":"m365boutique","date":"12 juillet 2020","format":false,"excerpt":"Gonfleur portable pour trottinette Xiaomi M365 \/ M365 Pro \/ Essential \/ 1S \/ Mi Scooter 3 Rechargeable par usb avec ecran de contr\u00f4le pour la pression du pneu.","rel":"","context":"Avec 1 commentaire","block_context":{"text":"Avec 1 commentaire","link":"https:\/\/m365-boutique.fr\/?product=gonfleur-portable-pour-xiaomi-m365-m365-pro-essential-1s-mi-scooter-3#comments"},"img":{"alt_text":"","src":"https:\/\/i0.wp.com\/m365-boutique.fr\/wp-content\/uploads\/2020\/07\/32DB1441-76F9-4719-B132-F3F47B8A3364.jpeg?resize=350%2C200&ssl=1","width":350,"height":200,"srcset":"https:\/\/i0.wp.com\/m365-boutique.fr\/wp-content\/uploads\/2020\/07\/32DB1441-76F9-4719-B132-F3F47B8A3364.jpeg?resize=350%2C200&ssl=1 1x, https:\/\/i0.wp.com\/m365-boutique.fr\/wp-content\/uploads\/2020\/07\/32DB1441-76F9-4719-B132-F3F47B8A3364.jpeg?resize=525%2C300&ssl=1 1.5x, https:\/\/i0.wp.com\/m365-boutique.fr\/wp-content\/uploads\/2020\/07\/32DB1441-76F9-4719-B132-F3F47B8A3364.jpeg?resize=700%2C400&ssl=1 2x, https:\/\/i0.wp.com\/m365-boutique.fr\/wp-content\/uploads\/2020\/07\/32DB1441-76F9-4719-B132-F3F47B8A3364.jpeg?resize=1050%2C600&ssl=1 3x"},"classes":[]}],"jetpack_sharing_enabled":true,"amp_enabled":true,"_links":{"self":[{"href":"https:\/\/m365-boutique.fr\/index.php?rest_route=\/wp\/v2\/product\/3581","targetHints":{"allow":["GET"]}}],"collection":[{"href":"https:\/\/m365-boutique.fr\/index.php?rest_route=\/wp\/v2\/product"}],"about":[{"href":"https:\/\/m365-boutique.fr\/index.php?rest_route=\/wp\/v2\/types\/product"}],"replies":[{"embeddable":true,"href":"https:\/\/m365-boutique.fr\/index.php?rest_route=%2Fwp%2Fv2%2Fcomments&post=3581"}],"wp:featuredmedia":[{"embeddable":true,"href":"https:\/\/m365-boutique.fr\/index.php?rest_route=\/wp\/v2\/media\/3580"}],"wp:attachment":[{"href":"https:\/\/m365-boutique.fr\/index.php?rest_route=%2Fwp%2Fv2%2Fmedia&parent=3581"}],"wp:term":[{"taxonomy":"product_brand","embeddable":true,"href":"https:\/\/m365-boutique.fr\/index.php?rest_route=%2Fwp%2Fv2%2Fproduct_brand&post=3581"},{"taxonomy":"product_cat","embeddable":true,"href":"https:\/\/m365-boutique.fr\/index.php?rest_route=%2Fwp%2Fv2%2Fproduct_cat&post=3581"},{"taxonomy":"product_tag","embeddable":true,"href":"https:\/\/m365-boutique.fr\/index.php?rest_route=%2Fwp%2Fv2%2Fproduct_tag&post=3581"}],"curies":[{"name":"wp","href":"https:\/\/api.w.org\/{rel}","templated":true}]}}