{"id":3610,"date":"2024-03-19T00:11:52","date_gmt":"2024-03-18T22:11:52","guid":{"rendered":"https:\/\/m365-boutique.fr\/?product=accelerateur-pour-xiaomi-pro-4"},"modified":"2024-09-16T01:08:13","modified_gmt":"2024-09-15T23:08:13","slug":"accelerateur-pour-xiaomi-pro-4","status":"publish","type":"product","link":"https:\/\/m365-boutique.fr\/?product=accelerateur-pour-xiaomi-pro-4","title":{"rendered":"Acc\u00e9l\u00e9rateur pour Xiaomi Pro 4"},"content":{"rendered":"<p>Acc\u00e9l\u00e9rateur pour Xiaomi Pro 4<\/p>\n","protected":false},"excerpt":{"rendered":"<p>Acc\u00e9l\u00e9rateur pour Xiaomi Pro 4<\/p>\n","protected":false},"featured_media":3608,"comment_status":"open","ping_status":"closed","template":"","meta":[],"product_brand":[],"product_cat":[19],"product_tag":[],"class_list":{"0":"post-3610","1":"product","2":"type-product","3":"status-publish","4":"has-post-thumbnail","6":"product_cat-boutique","8":"first","9":"instock","10":"sale","11":"purchasable","12":"product-type-simple"},"aioseo_notices":[],"jetpack-related-posts":[{"id":721,"url":"https:\/\/m365-boutique.fr\/?product=accelerateur-pour-xiaomi-m365-pro-essential-1s-mi-scooter-3","url_meta":{"origin":3610,"position":0},"title":"Accelerateur pour Xiaomi M365 Pro\/Essential\/1S\/Mi Scooter 3","author":"m365boutique","date":"27 f\u00e9vrier 2021","format":false,"excerpt":"Acc\u00e9l\u00e9rateur pour Xiaomi M365 Pro \/ Essential \/ 1S \/ Mi Scooter 3","rel":"","context":"Avec 4 commentaires","block_context":{"text":"Avec 4 commentaires","link":"https:\/\/m365-boutique.fr\/?product=accelerateur-pour-xiaomi-m365-pro-essential-1s-mi-scooter-3#comments"},"img":{"alt_text":"","src":"https:\/\/i0.wp.com\/m365-boutique.fr\/wp-content\/uploads\/2021\/02\/img_4775.jpeg?resize=350%2C200&ssl=1","width":350,"height":200,"srcset":"https:\/\/i0.wp.com\/m365-boutique.fr\/wp-content\/uploads\/2021\/02\/img_4775.jpeg?resize=350%2C200&ssl=1 1x, https:\/\/i0.wp.com\/m365-boutique.fr\/wp-content\/uploads\/2021\/02\/img_4775.jpeg?resize=525%2C300&ssl=1 1.5x, https:\/\/i0.wp.com\/m365-boutique.fr\/wp-content\/uploads\/2021\/02\/img_4775.jpeg?resize=700%2C400&ssl=1 2x, https:\/\/i0.wp.com\/m365-boutique.fr\/wp-content\/uploads\/2021\/02\/img_4775.jpeg?resize=1050%2C600&ssl=1 3x"},"classes":[]},{"id":1044,"url":"https:\/\/m365-boutique.fr\/?product=moteur-pour-xiaomi-m365-pro","url_meta":{"origin":3610,"position":1},"title":"Moteur pour Xiaomi M365 Pro","author":"m365boutique","date":"8 juin 2021","format":false,"excerpt":"Moteur avec pneu et chambre a air pour Xiaomi M365 Pro. Dot\u00e9 d'une puissance de 350W qui vous procurera une acc\u00e9l\u00e9ration rapide et \u00e9galement de mont\u00e9e en pente plus facilement.","rel":"","context":"Avec 1 commentaire","block_context":{"text":"Avec 1 commentaire","link":"https:\/\/m365-boutique.fr\/?product=moteur-pour-xiaomi-m365-pro#comments"},"img":{"alt_text":"","src":"https:\/\/i0.wp.com\/m365-boutique.fr\/wp-content\/uploads\/2021\/06\/img_5299.jpeg?resize=350%2C200&ssl=1","width":350,"height":200,"srcset":"https:\/\/i0.wp.com\/m365-boutique.fr\/wp-content\/uploads\/2021\/06\/img_5299.jpeg?resize=350%2C200&ssl=1 1x, https:\/\/i0.wp.com\/m365-boutique.fr\/wp-content\/uploads\/2021\/06\/img_5299.jpeg?resize=525%2C300&ssl=1 1.5x, https:\/\/i0.wp.com\/m365-boutique.fr\/wp-content\/uploads\/2021\/06\/img_5299.jpeg?resize=700%2C400&ssl=1 2x, https:\/\/i0.wp.com\/m365-boutique.fr\/wp-content\/uploads\/2021\/06\/img_5299.jpeg?resize=1050%2C600&ssl=1 3x"},"classes":[]},{"id":406,"url":"https:\/\/m365-boutique.fr\/?product=autocollant-de-protection-tableau-de-bord-pour-xiaomi-m365-m365-pro-essential-1s-mi-scooter-3","url_meta":{"origin":3610,"position":2},"title":"Autocollant de protection pour Xiaomi M365\/M365 Pro\/Essential\/1S\/Mi Scooter 3","author":"m365boutique","date":"6 juillet 2020","format":false,"excerpt":"Autocollant de protection tableau de bord et acc\u00e9l\u00e9rateur en carbone pour Xiaomi M365 \/ M365 Pro \/ Essential \/ 1S \/ Mi Scooter 3","rel":"","context":"Avec 15 commentaires","block_context":{"text":"Avec 15 commentaires","link":"https:\/\/m365-boutique.fr\/?product=autocollant-de-protection-tableau-de-bord-pour-xiaomi-m365-m365-pro-essential-1s-mi-scooter-3#comments"},"img":{"alt_text":"","src":"https:\/\/i0.wp.com\/m365-boutique.fr\/wp-content\/uploads\/2023\/05\/img_9507.jpeg?resize=350%2C200&ssl=1","width":350,"height":200,"srcset":"https:\/\/i0.wp.com\/m365-boutique.fr\/wp-content\/uploads\/2023\/05\/img_9507.jpeg?resize=350%2C200&ssl=1 1x, https:\/\/i0.wp.com\/m365-boutique.fr\/wp-content\/uploads\/2023\/05\/img_9507.jpeg?resize=525%2C300&ssl=1 1.5x, https:\/\/i0.wp.com\/m365-boutique.fr\/wp-content\/uploads\/2023\/05\/img_9507.jpeg?resize=700%2C400&ssl=1 2x, https:\/\/i0.wp.com\/m365-boutique.fr\/wp-content\/uploads\/2023\/05\/img_9507.jpeg?resize=1050%2C600&ssl=1 3x"},"classes":[]},{"id":715,"url":"https:\/\/m365-boutique.fr\/?product=accelerateur-pour-xiaomi-m365","url_meta":{"origin":3610,"position":3},"title":"Accelerateur pour Xiaomi M365","author":"m365boutique","date":"27 f\u00e9vrier 2021","format":false,"excerpt":"Accelerateur pour Xiaomi M365","rel":"","context":"Avec 10 commentaires","block_context":{"text":"Avec 10 commentaires","link":"https:\/\/m365-boutique.fr\/?product=accelerateur-pour-xiaomi-m365#comments"},"img":{"alt_text":"","src":"https:\/\/i0.wp.com\/m365-boutique.fr\/wp-content\/uploads\/2021\/02\/img_4737.jpeg?resize=350%2C200&ssl=1","width":350,"height":200,"srcset":"https:\/\/i0.wp.com\/m365-boutique.fr\/wp-content\/uploads\/2021\/02\/img_4737.jpeg?resize=350%2C200&ssl=1 1x, https:\/\/i0.wp.com\/m365-boutique.fr\/wp-content\/uploads\/2021\/02\/img_4737.jpeg?resize=525%2C300&ssl=1 1.5x, https:\/\/i0.wp.com\/m365-boutique.fr\/wp-content\/uploads\/2021\/02\/img_4737.jpeg?resize=700%2C400&ssl=1 2x, https:\/\/i0.wp.com\/m365-boutique.fr\/wp-content\/uploads\/2021\/02\/img_4737.jpeg?resize=1050%2C600&ssl=1 3x"},"classes":[]},{"id":3523,"url":"https:\/\/m365-boutique.fr\/?product=chargeur-pour-xiaomi-pro-4","url_meta":{"origin":3610,"position":4},"title":"Chargeur pour Xiaomi Pro 4","author":"m365boutique","date":"11 d\u00e9cembre 2023","format":false,"excerpt":"Chargeur aimant\u00e9 pour trottinette \u00e9lectrique Xiaomi Pro 4","rel":"","context":"Article similaire","block_context":{"text":"Article similaire","link":""},"img":{"alt_text":"","src":"https:\/\/i0.wp.com\/m365-boutique.fr\/wp-content\/uploads\/2023\/12\/img_0364.jpeg?resize=350%2C200&ssl=1","width":350,"height":200,"srcset":"https:\/\/i0.wp.com\/m365-boutique.fr\/wp-content\/uploads\/2023\/12\/img_0364.jpeg?resize=350%2C200&ssl=1 1x, https:\/\/i0.wp.com\/m365-boutique.fr\/wp-content\/uploads\/2023\/12\/img_0364.jpeg?resize=525%2C300&ssl=1 1.5x, https:\/\/i0.wp.com\/m365-boutique.fr\/wp-content\/uploads\/2023\/12\/img_0364.jpeg?resize=700%2C400&ssl=1 2x, https:\/\/i0.wp.com\/m365-boutique.fr\/wp-content\/uploads\/2023\/12\/img_0364.jpeg?resize=1050%2C600&ssl=1 3x"},"classes":[]},{"id":182,"url":"https:\/\/m365-boutique.fr\/?product=poignee-de-frein-pour-xiaomi-m365-m365-pro-essential-1s-mi-scooter-3","url_meta":{"origin":3610,"position":5},"title":"Poign\u00e9e de frein pour Xiaomi M365\/M365 Pro\/Essential\/1S\/Mi Scooter 3\/Xiaomi Pro 4","author":"m365boutique","date":"21 mai 2020","format":false,"excerpt":"Poign\u00e9e de frein pour Xiaomi M365 \/ M365 Pro \/ Essential \/ 1S \/ Mi Scooter 3 \/ Xiaomi Pro 4","rel":"","context":"Avec 18 commentaires","block_context":{"text":"Avec 18 commentaires","link":"https:\/\/m365-boutique.fr\/?product=poignee-de-frein-pour-xiaomi-m365-m365-pro-essential-1s-mi-scooter-3#comments"},"img":{"alt_text":"","src":"https:\/\/i0.wp.com\/m365-boutique.fr\/wp-content\/uploads\/2020\/05\/E77F49E2-1B65-4851-855F-751635216528.jpeg?resize=350%2C200&ssl=1","width":350,"height":200,"srcset":"https:\/\/i0.wp.com\/m365-boutique.fr\/wp-content\/uploads\/2020\/05\/E77F49E2-1B65-4851-855F-751635216528.jpeg?resize=350%2C200&ssl=1 1x, https:\/\/i0.wp.com\/m365-boutique.fr\/wp-content\/uploads\/2020\/05\/E77F49E2-1B65-4851-855F-751635216528.jpeg?resize=525%2C300&ssl=1 1.5x"},"classes":[]}],"jetpack_sharing_enabled":true,"amp_enabled":true,"_links":{"self":[{"href":"https:\/\/m365-boutique.fr\/index.php?rest_route=\/wp\/v2\/product\/3610","targetHints":{"allow":["GET"]}}],"collection":[{"href":"https:\/\/m365-boutique.fr\/index.php?rest_route=\/wp\/v2\/product"}],"about":[{"href":"https:\/\/m365-boutique.fr\/index.php?rest_route=\/wp\/v2\/types\/product"}],"replies":[{"embeddable":true,"href":"https:\/\/m365-boutique.fr\/index.php?rest_route=%2Fwp%2Fv2%2Fcomments&post=3610"}],"wp:featuredmedia":[{"embeddable":true,"href":"https:\/\/m365-boutique.fr\/index.php?rest_route=\/wp\/v2\/media\/3608"}],"wp:attachment":[{"href":"https:\/\/m365-boutique.fr\/index.php?rest_route=%2Fwp%2Fv2%2Fmedia&parent=3610"}],"wp:term":[{"taxonomy":"product_brand","embeddable":true,"href":"https:\/\/m365-boutique.fr\/index.php?rest_route=%2Fwp%2Fv2%2Fproduct_brand&post=3610"},{"taxonomy":"product_cat","embeddable":true,"href":"https:\/\/m365-boutique.fr\/index.php?rest_route=%2Fwp%2Fv2%2Fproduct_cat&post=3610"},{"taxonomy":"product_tag","embeddable":true,"href":"https:\/\/m365-boutique.fr\/index.php?rest_route=%2Fwp%2Fv2%2Fproduct_tag&post=3610"}],"curies":[{"name":"wp","href":"https:\/\/api.w.org\/{rel}","templated":true}]}}