{"id":3617,"date":"2024-03-19T00:14:28","date_gmt":"2024-03-18T22:14:28","guid":{"rendered":"https:\/\/m365-boutique.fr\/?product=garde-boue-arriere-pour-xiaomi-pro-4"},"modified":"2024-09-20T21:21:48","modified_gmt":"2024-09-20T19:21:48","slug":"garde-boue-arriere-pour-xiaomi-pro-4","status":"publish","type":"product","link":"https:\/\/m365-boutique.fr\/?product=garde-boue-arriere-pour-xiaomi-pro-4","title":{"rendered":"Garde boue arri\u00e8re pour Xiaomi Pro 4"},"content":{"rendered":"<p>Garde boue arri\u00e8re pour Xiaomi Pro 4<\/p>\n","protected":false},"excerpt":{"rendered":"<p>Garde boue arri\u00e8re pour Xiaomi Pro 4<\/p>\n","protected":false},"featured_media":3614,"comment_status":"open","ping_status":"closed","template":"","meta":[],"product_brand":[],"product_cat":[19],"product_tag":[],"class_list":{"0":"post-3617","1":"product","2":"type-product","3":"status-publish","4":"has-post-thumbnail","6":"product_cat-boutique","8":"first","9":"instock","10":"sale","11":"purchasable","12":"product-type-variable"},"aioseo_notices":[],"jetpack-related-posts":[{"id":1693,"url":"https:\/\/m365-boutique.fr\/?product=garde-boue-arriere-sport-pour-xiaomi-m365-pro-essential-1s-mi-scooter-3","url_meta":{"origin":3617,"position":0},"title":"Garde boue arri\u00e8re sport pour Xiaomi M365 Pro\/Essential\/1S\/Mi Scooter 3","author":"m365boutique","date":"28 janvier 2022","format":false,"excerpt":"Garde boue sport pour Xiaomi M365 Pro \/ Essential \/ 1S \/ Mi Scooter 3 Ce garde boue est r\u00e9tr\u00e9cie pour donner un cot\u00e9 plus sport \u00e0 votre trottinette.","rel":"","context":"Avec 1 commentaire","block_context":{"text":"Avec 1 commentaire","link":"https:\/\/m365-boutique.fr\/?product=garde-boue-arriere-sport-pour-xiaomi-m365-pro-essential-1s-mi-scooter-3#comments"},"img":{"alt_text":"","src":"https:\/\/i0.wp.com\/m365-boutique.fr\/wp-content\/uploads\/2022\/01\/img_6228-1.jpeg?resize=350%2C200&ssl=1","width":350,"height":200,"srcset":"https:\/\/i0.wp.com\/m365-boutique.fr\/wp-content\/uploads\/2022\/01\/img_6228-1.jpeg?resize=350%2C200&ssl=1 1x, https:\/\/i0.wp.com\/m365-boutique.fr\/wp-content\/uploads\/2022\/01\/img_6228-1.jpeg?resize=525%2C300&ssl=1 1.5x, https:\/\/i0.wp.com\/m365-boutique.fr\/wp-content\/uploads\/2022\/01\/img_6228-1.jpeg?resize=700%2C400&ssl=1 2x, https:\/\/i0.wp.com\/m365-boutique.fr\/wp-content\/uploads\/2022\/01\/img_6228-1.jpeg?resize=1050%2C600&ssl=1 3x"},"classes":[]},{"id":820,"url":"https:\/\/m365-boutique.fr\/?product=garde-boue-arriere-sport-pour-xiaomi-m365-m365-pro-essential-s1-mi-scooter-3","url_meta":{"origin":3617,"position":1},"title":"Garde boue arri\u00e8re sport pour Xiaomi M365\/M365 Pro\/Essential\/1S\/Mi Scooter 3","author":"m365boutique","date":"31 mars 2021","format":false,"excerpt":"Garde boue sport pour Xiaomi M365 \/ M365 Pro \/ Essential \/ 1S \/ Mi Scooter 3 Ce garde boue est r\u00e9tr\u00e9cie pour donner un cot\u00e9 plus sport \u00e0 votre trottinette. Couleur : NOIR OU BLANC","rel":"","context":"Avec 3 commentaires","block_context":{"text":"Avec 3 commentaires","link":"https:\/\/m365-boutique.fr\/?product=garde-boue-arriere-sport-pour-xiaomi-m365-m365-pro-essential-s1-mi-scooter-3#comments"},"img":{"alt_text":"","src":"https:\/\/i0.wp.com\/m365-boutique.fr\/wp-content\/uploads\/2021\/03\/img_4891.jpeg?resize=350%2C200&ssl=1","width":350,"height":200,"srcset":"https:\/\/i0.wp.com\/m365-boutique.fr\/wp-content\/uploads\/2021\/03\/img_4891.jpeg?resize=350%2C200&ssl=1 1x, https:\/\/i0.wp.com\/m365-boutique.fr\/wp-content\/uploads\/2021\/03\/img_4891.jpeg?resize=525%2C300&ssl=1 1.5x, https:\/\/i0.wp.com\/m365-boutique.fr\/wp-content\/uploads\/2021\/03\/img_4891.jpeg?resize=700%2C400&ssl=1 2x, https:\/\/i0.wp.com\/m365-boutique.fr\/wp-content\/uploads\/2021\/03\/img_4891.jpeg?resize=1050%2C600&ssl=1 3x"},"classes":[]},{"id":606,"url":"https:\/\/m365-boutique.fr\/?product=pack-garde-boue-arriere-pour-xiaomi-m365-m365-pro","url_meta":{"origin":3617,"position":2},"title":"Pack garde boue arri\u00e8re pour Xiaomi M365\/M365 Pro","author":"m365boutique","date":"1 octobre 2020","format":false,"excerpt":"Pack garde boue arri\u00e8re pour Xiaomi M365 & M365 Pro. 1 Garde boue arri\u00e8re Noir ou Blanc 1 feux arri\u00e8re 1 Support garde boue 1 kit de vis \u00a0","rel":"","context":"Avec 14 commentaires","block_context":{"text":"Avec 14 commentaires","link":"https:\/\/m365-boutique.fr\/?product=pack-garde-boue-arriere-pour-xiaomi-m365-m365-pro#comments"},"img":{"alt_text":"","src":"https:\/\/i0.wp.com\/m365-boutique.fr\/wp-content\/uploads\/2020\/10\/8509C8F5-EE51-4363-824E-9161A20B7C45.jpeg?resize=350%2C200&ssl=1","width":350,"height":200,"srcset":"https:\/\/i0.wp.com\/m365-boutique.fr\/wp-content\/uploads\/2020\/10\/8509C8F5-EE51-4363-824E-9161A20B7C45.jpeg?resize=350%2C200&ssl=1 1x, https:\/\/i0.wp.com\/m365-boutique.fr\/wp-content\/uploads\/2020\/10\/8509C8F5-EE51-4363-824E-9161A20B7C45.jpeg?resize=525%2C300&ssl=1 1.5x, https:\/\/i0.wp.com\/m365-boutique.fr\/wp-content\/uploads\/2020\/10\/8509C8F5-EE51-4363-824E-9161A20B7C45.jpeg?resize=700%2C400&ssl=1 2x, https:\/\/i0.wp.com\/m365-boutique.fr\/wp-content\/uploads\/2020\/10\/8509C8F5-EE51-4363-824E-9161A20B7C45.jpeg?resize=1050%2C600&ssl=1 3x"},"classes":[]},{"id":787,"url":"https:\/\/m365-boutique.fr\/?product=pack-garde-boue-arriere-pour-xiaomi-m365-m365-pro-essential-1s-mi-scooter-3","url_meta":{"origin":3617,"position":3},"title":"Pack garde boue arri\u00e8re pour Xiaomi M365\/M365 Pro\/Essential\/1S\/Mi Scooter 3","author":"m365boutique","date":"7 mars 2021","format":false,"excerpt":"Pack garde boue arri\u00e8re pour Xiaomi M365 \/ M365 Pro \/ M365 Pro 2 \/ Essential \/ 1S \/ Mi Scooter 3 1 Garde boue arri\u00e8re Noir 1 feux arri\u00e8re 1 Support garde boue 1 kit de vis Couleur : NOIR ET BLANC","rel":"","context":"Avec 14 commentaires","block_context":{"text":"Avec 14 commentaires","link":"https:\/\/m365-boutique.fr\/?product=pack-garde-boue-arriere-pour-xiaomi-m365-m365-pro-essential-1s-mi-scooter-3#comments"},"img":{"alt_text":"","src":"https:\/\/i0.wp.com\/m365-boutique.fr\/wp-content\/uploads\/2021\/03\/img_4822-1.jpeg?resize=350%2C200&ssl=1","width":350,"height":200,"srcset":"https:\/\/i0.wp.com\/m365-boutique.fr\/wp-content\/uploads\/2021\/03\/img_4822-1.jpeg?resize=350%2C200&ssl=1 1x, https:\/\/i0.wp.com\/m365-boutique.fr\/wp-content\/uploads\/2021\/03\/img_4822-1.jpeg?resize=525%2C300&ssl=1 1.5x, https:\/\/i0.wp.com\/m365-boutique.fr\/wp-content\/uploads\/2021\/03\/img_4822-1.jpeg?resize=700%2C400&ssl=1 2x, https:\/\/i0.wp.com\/m365-boutique.fr\/wp-content\/uploads\/2021\/03\/img_4822-1.jpeg?resize=1050%2C600&ssl=1 3x"},"classes":[]},{"id":233,"url":"https:\/\/m365-boutique.fr\/?product=garde-boue-arriere-pour-xiaomi-m365-m365-pro","url_meta":{"origin":3617,"position":4},"title":"Garde boue arri\u00e8re pour Xiaomi M365\/M365 Pro","author":"m365boutique","date":"24 mai 2020","format":false,"excerpt":"Garde boue arri\u00e8re pour trottinette Xiaomi M365 & M365 Pro avec accroche guidon, sans feu arri\u00e8re. COULEUR : NOIR OU BLANC","rel":"","context":"Avec 27 commentaires","block_context":{"text":"Avec 27 commentaires","link":"https:\/\/m365-boutique.fr\/?product=garde-boue-arriere-pour-xiaomi-m365-m365-pro#comments"},"img":{"alt_text":"","src":"https:\/\/i0.wp.com\/m365-boutique.fr\/wp-content\/uploads\/2020\/05\/18108626-64C6-4068-92EF-AA0441AFB3A1.jpeg?resize=350%2C200&ssl=1","width":350,"height":200,"srcset":"https:\/\/i0.wp.com\/m365-boutique.fr\/wp-content\/uploads\/2020\/05\/18108626-64C6-4068-92EF-AA0441AFB3A1.jpeg?resize=350%2C200&ssl=1 1x, https:\/\/i0.wp.com\/m365-boutique.fr\/wp-content\/uploads\/2020\/05\/18108626-64C6-4068-92EF-AA0441AFB3A1.jpeg?resize=525%2C300&ssl=1 1.5x, https:\/\/i0.wp.com\/m365-boutique.fr\/wp-content\/uploads\/2020\/05\/18108626-64C6-4068-92EF-AA0441AFB3A1.jpeg?resize=700%2C400&ssl=1 2x, https:\/\/i0.wp.com\/m365-boutique.fr\/wp-content\/uploads\/2020\/05\/18108626-64C6-4068-92EF-AA0441AFB3A1.jpeg?resize=1050%2C600&ssl=1 3x"},"classes":[]},{"id":776,"url":"https:\/\/m365-boutique.fr\/?product=garde-boue-arriere-noir-pour-xiaomi-m365-m365-pro-essential-1s","url_meta":{"origin":3617,"position":5},"title":"Garde boue arri\u00e8re pour Xiaomi M365\/M365 Pro\/Essential\/1S\/Mi Scooter 3","author":"m365boutique","date":"7 mars 2021","format":false,"excerpt":"Garde boue arri\u00e8re pour trottinette Xiaomi M365 \/ M365 Pro \/ Essential \/ 1S \/ Mi Scooter 3 COULEUR : NOIR OU BLANC","rel":"","context":"Avec 6 commentaires","block_context":{"text":"Avec 6 commentaires","link":"https:\/\/m365-boutique.fr\/?product=garde-boue-arriere-noir-pour-xiaomi-m365-m365-pro-essential-1s#comments"},"img":{"alt_text":"","src":"https:\/\/i0.wp.com\/m365-boutique.fr\/wp-content\/uploads\/2021\/03\/img_4825.jpeg?resize=350%2C200&ssl=1","width":350,"height":200,"srcset":"https:\/\/i0.wp.com\/m365-boutique.fr\/wp-content\/uploads\/2021\/03\/img_4825.jpeg?resize=350%2C200&ssl=1 1x, https:\/\/i0.wp.com\/m365-boutique.fr\/wp-content\/uploads\/2021\/03\/img_4825.jpeg?resize=525%2C300&ssl=1 1.5x, https:\/\/i0.wp.com\/m365-boutique.fr\/wp-content\/uploads\/2021\/03\/img_4825.jpeg?resize=700%2C400&ssl=1 2x, https:\/\/i0.wp.com\/m365-boutique.fr\/wp-content\/uploads\/2021\/03\/img_4825.jpeg?resize=1050%2C600&ssl=1 3x"},"classes":[]}],"jetpack_sharing_enabled":true,"amp_enabled":true,"_links":{"self":[{"href":"https:\/\/m365-boutique.fr\/index.php?rest_route=\/wp\/v2\/product\/3617","targetHints":{"allow":["GET"]}}],"collection":[{"href":"https:\/\/m365-boutique.fr\/index.php?rest_route=\/wp\/v2\/product"}],"about":[{"href":"https:\/\/m365-boutique.fr\/index.php?rest_route=\/wp\/v2\/types\/product"}],"replies":[{"embeddable":true,"href":"https:\/\/m365-boutique.fr\/index.php?rest_route=%2Fwp%2Fv2%2Fcomments&post=3617"}],"wp:featuredmedia":[{"embeddable":true,"href":"https:\/\/m365-boutique.fr\/index.php?rest_route=\/wp\/v2\/media\/3614"}],"wp:attachment":[{"href":"https:\/\/m365-boutique.fr\/index.php?rest_route=%2Fwp%2Fv2%2Fmedia&parent=3617"}],"wp:term":[{"taxonomy":"product_brand","embeddable":true,"href":"https:\/\/m365-boutique.fr\/index.php?rest_route=%2Fwp%2Fv2%2Fproduct_brand&post=3617"},{"taxonomy":"product_cat","embeddable":true,"href":"https:\/\/m365-boutique.fr\/index.php?rest_route=%2Fwp%2Fv2%2Fproduct_cat&post=3617"},{"taxonomy":"product_tag","embeddable":true,"href":"https:\/\/m365-boutique.fr\/index.php?rest_route=%2Fwp%2Fv2%2Fproduct_tag&post=3617"}],"curies":[{"name":"wp","href":"https:\/\/api.w.org\/{rel}","templated":true}]}}