{"id":3635,"date":"2024-03-19T00:47:01","date_gmt":"2024-03-18T22:47:01","guid":{"rendered":"https:\/\/m365-boutique.fr\/?product=protection-avant-et-arriere-pour-xiaomi-pro-4"},"modified":"2024-03-19T00:49:07","modified_gmt":"2024-03-18T22:49:07","slug":"protection-avant-et-arriere-pour-xiaomi-pro-4","status":"publish","type":"product","link":"https:\/\/m365-boutique.fr\/?product=protection-avant-et-arriere-pour-xiaomi-pro-4","title":{"rendered":"Protection avant et arri\u00e8re pour Xiaomi Pro 4"},"content":{"rendered":"<p>Cache de protection roue avant et arri\u00e8re pour Xiaomi Pro 4<\/p>\n","protected":false},"excerpt":{"rendered":"<p>Cache de protection roue avant et arri\u00e8re pour Xiaomi Pro 4<\/p>\n","protected":false},"featured_media":3634,"comment_status":"open","ping_status":"closed","template":"","meta":[],"product_brand":[],"product_cat":[19],"product_tag":[],"class_list":{"0":"post-3635","1":"product","2":"type-product","3":"status-publish","4":"has-post-thumbnail","6":"product_cat-boutique","8":"first","9":"instock","10":"sale","11":"purchasable","12":"product-type-simple"},"aioseo_notices":[],"jetpack-related-posts":[{"id":912,"url":"https:\/\/m365-boutique.fr\/?product=protection-avant-et-arriere-pour-xiaomi-m365-m365-pro","url_meta":{"origin":3635,"position":0},"title":"Protection avant et arri\u00e8re pour Xiaomi M365\/M365 Pro","author":"m365boutique","date":"7 avril 2021","format":false,"excerpt":"Cache de protection roue avant et arri\u00e8re pour Xiaomi M365 & M365 Pro. Couleur : NOIR OU BLANC","rel":"","context":"Avec 5 commentaires","block_context":{"text":"Avec 5 commentaires","link":"https:\/\/m365-boutique.fr\/?product=protection-avant-et-arriere-pour-xiaomi-m365-m365-pro#comments"},"img":{"alt_text":"","src":"https:\/\/i0.wp.com\/m365-boutique.fr\/wp-content\/uploads\/2021\/04\/img_5023.jpeg?resize=350%2C200&ssl=1","width":350,"height":200,"srcset":"https:\/\/i0.wp.com\/m365-boutique.fr\/wp-content\/uploads\/2021\/04\/img_5023.jpeg?resize=350%2C200&ssl=1 1x, https:\/\/i0.wp.com\/m365-boutique.fr\/wp-content\/uploads\/2021\/04\/img_5023.jpeg?resize=525%2C300&ssl=1 1.5x, https:\/\/i0.wp.com\/m365-boutique.fr\/wp-content\/uploads\/2021\/04\/img_5023.jpeg?resize=700%2C400&ssl=1 2x, https:\/\/i0.wp.com\/m365-boutique.fr\/wp-content\/uploads\/2021\/04\/img_5023.jpeg?resize=1050%2C600&ssl=1 3x"},"classes":[]},{"id":1387,"url":"https:\/\/m365-boutique.fr\/?product=protection-avant-et-arriere-pour-xiaomi-m365-pro-essential-1s-mi-scooter-3","url_meta":{"origin":3635,"position":1},"title":"Protection avant et arri\u00e8re pour Xiaomi M365 Pro\/Essential\/1S\/Mi Scooter 3","author":"m365boutique","date":"14 septembre 2021","format":false,"excerpt":"Cache de protection roue avant et arri\u00e8re pour Xiaomi M365 Pro \/ Essential \/ 1S \/ Mi Scooter 3 Plusieu coloris","rel":"","context":"Article similaire","block_context":{"text":"Article similaire","link":""},"img":{"alt_text":"","src":"https:\/\/i0.wp.com\/m365-boutique.fr\/wp-content\/uploads\/2021\/09\/img_5761.jpeg?resize=350%2C200&ssl=1","width":350,"height":200,"srcset":"https:\/\/i0.wp.com\/m365-boutique.fr\/wp-content\/uploads\/2021\/09\/img_5761.jpeg?resize=350%2C200&ssl=1 1x, https:\/\/i0.wp.com\/m365-boutique.fr\/wp-content\/uploads\/2021\/09\/img_5761.jpeg?resize=525%2C300&ssl=1 1.5x, https:\/\/i0.wp.com\/m365-boutique.fr\/wp-content\/uploads\/2021\/09\/img_5761.jpeg?resize=700%2C400&ssl=1 2x, https:\/\/i0.wp.com\/m365-boutique.fr\/wp-content\/uploads\/2021\/09\/img_5761.jpeg?resize=1050%2C600&ssl=1 3x"},"classes":[]},{"id":1058,"url":"https:\/\/m365-boutique.fr\/?product=protection-arriere-pour-xiaomi-m365-pro-essential-1s-mi-scooter-3","url_meta":{"origin":3635,"position":2},"title":"Protection arri\u00e8re pour Xiaomi M365 Pro\/Essential\/1S\/Mi Scooter 3","author":"m365boutique","date":"9 juin 2021","format":false,"excerpt":"Cache de protection roue arri\u00e8re pour Xiaomi M365 Pro \/ Essential \/ 1S \/ Mi Scooter 3 Plusieurs coloris","rel":"","context":"Avec 4 commentaires","block_context":{"text":"Avec 4 commentaires","link":"https:\/\/m365-boutique.fr\/?product=protection-arriere-pour-xiaomi-m365-pro-essential-1s-mi-scooter-3#comments"},"img":{"alt_text":"","src":"https:\/\/i0.wp.com\/m365-boutique.fr\/wp-content\/uploads\/2021\/06\/img_5316.jpeg?resize=350%2C200&ssl=1","width":350,"height":200,"srcset":"https:\/\/i0.wp.com\/m365-boutique.fr\/wp-content\/uploads\/2021\/06\/img_5316.jpeg?resize=350%2C200&ssl=1 1x, https:\/\/i0.wp.com\/m365-boutique.fr\/wp-content\/uploads\/2021\/06\/img_5316.jpeg?resize=525%2C300&ssl=1 1.5x, https:\/\/i0.wp.com\/m365-boutique.fr\/wp-content\/uploads\/2021\/06\/img_5316.jpeg?resize=700%2C400&ssl=1 2x, https:\/\/i0.wp.com\/m365-boutique.fr\/wp-content\/uploads\/2021\/06\/img_5316.jpeg?resize=1050%2C600&ssl=1 3x"},"classes":[]},{"id":1472,"url":"https:\/\/m365-boutique.fr\/?product=protection-avant-pour-xiaomi-m365-pro-essential-1s-mi-scooter-3","url_meta":{"origin":3635,"position":3},"title":"Protection avant pour Xiaomi M365 Pro\/ Essential\/1S\/Mi Scooter 3","author":"m365boutique","date":"14 octobre 2021","format":false,"excerpt":"Cache de protection roue avant pour Xiaomi M365 Pro \/ Essential \/ 1S \/ Mi Scooter 3 Plusieurs coloris","rel":"","context":"Avec 1 commentaire","block_context":{"text":"Avec 1 commentaire","link":"https:\/\/m365-boutique.fr\/?product=protection-avant-pour-xiaomi-m365-pro-essential-1s-mi-scooter-3#comments"},"img":{"alt_text":"","src":"https:\/\/i0.wp.com\/m365-boutique.fr\/wp-content\/uploads\/2021\/10\/img_5879-3.jpeg?resize=350%2C200&ssl=1","width":350,"height":200,"srcset":"https:\/\/i0.wp.com\/m365-boutique.fr\/wp-content\/uploads\/2021\/10\/img_5879-3.jpeg?resize=350%2C200&ssl=1 1x, https:\/\/i0.wp.com\/m365-boutique.fr\/wp-content\/uploads\/2021\/10\/img_5879-3.jpeg?resize=525%2C300&ssl=1 1.5x, https:\/\/i0.wp.com\/m365-boutique.fr\/wp-content\/uploads\/2021\/10\/img_5879-3.jpeg?resize=700%2C400&ssl=1 2x, https:\/\/i0.wp.com\/m365-boutique.fr\/wp-content\/uploads\/2021\/10\/img_5879-3.jpeg?resize=1050%2C600&ssl=1 3x"},"classes":[]},{"id":1026,"url":"https:\/\/m365-boutique.fr\/?product=cache-feux-arriere-pour-xiaomi-m365-m365-pro","url_meta":{"origin":3635,"position":4},"title":"Cache feux arri\u00e8re pour Xiaomi M365\/M365 Pro","author":"m365boutique","date":"3 juin 2021","format":false,"excerpt":"Cache feux arri\u00e8re pour Xiaomi M365 \/ M365 Pro Permet de remplacer le cache rouge en cas de casse. Fourni avec le cache arri\u00e8re et vis.","rel":"","context":"Avec 4 commentaires","block_context":{"text":"Avec 4 commentaires","link":"https:\/\/m365-boutique.fr\/?product=cache-feux-arriere-pour-xiaomi-m365-m365-pro#comments"},"img":{"alt_text":"","src":"https:\/\/i0.wp.com\/m365-boutique.fr\/wp-content\/uploads\/2021\/06\/img_5278.jpeg?resize=350%2C200&ssl=1","width":350,"height":200,"srcset":"https:\/\/i0.wp.com\/m365-boutique.fr\/wp-content\/uploads\/2021\/06\/img_5278.jpeg?resize=350%2C200&ssl=1 1x, https:\/\/i0.wp.com\/m365-boutique.fr\/wp-content\/uploads\/2021\/06\/img_5278.jpeg?resize=525%2C300&ssl=1 1.5x, https:\/\/i0.wp.com\/m365-boutique.fr\/wp-content\/uploads\/2021\/06\/img_5278.jpeg?resize=700%2C400&ssl=1 2x, https:\/\/i0.wp.com\/m365-boutique.fr\/wp-content\/uploads\/2021\/06\/img_5278.jpeg?resize=1050%2C600&ssl=1 3x"},"classes":[]},{"id":202,"url":"https:\/\/m365-boutique.fr\/?product=bande-reflechissante-xiaomi-m365-m365-pro","url_meta":{"origin":3635,"position":5},"title":"Bande r\u00e9fl\u00e9chissante Xiaomi M365\/M365 Pro","author":"m365boutique","date":"23 mai 2020","format":false,"excerpt":"Bande r\u00e9fl\u00e9chissante pour roue avant et arri\u00e8re de Xiaomi M365 & M365 Pro","rel":"","context":"Avec 13 commentaires","block_context":{"text":"Avec 13 commentaires","link":"https:\/\/m365-boutique.fr\/?product=bande-reflechissante-xiaomi-m365-m365-pro#comments"},"img":{"alt_text":"","src":"https:\/\/i0.wp.com\/m365-boutique.fr\/wp-content\/uploads\/2020\/05\/4AC32D81-7B31-410A-90FE-DCB2ED131C77.jpeg?resize=350%2C200&ssl=1","width":350,"height":200,"srcset":"https:\/\/i0.wp.com\/m365-boutique.fr\/wp-content\/uploads\/2020\/05\/4AC32D81-7B31-410A-90FE-DCB2ED131C77.jpeg?resize=350%2C200&ssl=1 1x, https:\/\/i0.wp.com\/m365-boutique.fr\/wp-content\/uploads\/2020\/05\/4AC32D81-7B31-410A-90FE-DCB2ED131C77.jpeg?resize=525%2C300&ssl=1 1.5x, https:\/\/i0.wp.com\/m365-boutique.fr\/wp-content\/uploads\/2020\/05\/4AC32D81-7B31-410A-90FE-DCB2ED131C77.jpeg?resize=700%2C400&ssl=1 2x, https:\/\/i0.wp.com\/m365-boutique.fr\/wp-content\/uploads\/2020\/05\/4AC32D81-7B31-410A-90FE-DCB2ED131C77.jpeg?resize=1050%2C600&ssl=1 3x"},"classes":[]}],"jetpack_sharing_enabled":true,"amp_enabled":true,"_links":{"self":[{"href":"https:\/\/m365-boutique.fr\/index.php?rest_route=\/wp\/v2\/product\/3635","targetHints":{"allow":["GET"]}}],"collection":[{"href":"https:\/\/m365-boutique.fr\/index.php?rest_route=\/wp\/v2\/product"}],"about":[{"href":"https:\/\/m365-boutique.fr\/index.php?rest_route=\/wp\/v2\/types\/product"}],"replies":[{"embeddable":true,"href":"https:\/\/m365-boutique.fr\/index.php?rest_route=%2Fwp%2Fv2%2Fcomments&post=3635"}],"wp:featuredmedia":[{"embeddable":true,"href":"https:\/\/m365-boutique.fr\/index.php?rest_route=\/wp\/v2\/media\/3634"}],"wp:attachment":[{"href":"https:\/\/m365-boutique.fr\/index.php?rest_route=%2Fwp%2Fv2%2Fmedia&parent=3635"}],"wp:term":[{"taxonomy":"product_brand","embeddable":true,"href":"https:\/\/m365-boutique.fr\/index.php?rest_route=%2Fwp%2Fv2%2Fproduct_brand&post=3635"},{"taxonomy":"product_cat","embeddable":true,"href":"https:\/\/m365-boutique.fr\/index.php?rest_route=%2Fwp%2Fv2%2Fproduct_cat&post=3635"},{"taxonomy":"product_tag","embeddable":true,"href":"https:\/\/m365-boutique.fr\/index.php?rest_route=%2Fwp%2Fv2%2Fproduct_tag&post=3635"}],"curies":[{"name":"wp","href":"https:\/\/api.w.org\/{rel}","templated":true}]}}