{"id":3780,"date":"2024-11-17T20:14:11","date_gmt":"2024-11-17T18:14:11","guid":{"rendered":"https:\/\/m365-boutique.fr\/?product=sac-a-dos-usb-rockthestreet"},"modified":"2025-03-31T02:26:10","modified_gmt":"2025-03-31T00:26:10","slug":"sac-a-dos-usb-rockthestreet","status":"publish","type":"product","link":"https:\/\/m365-boutique.fr\/?product=sac-a-dos-usb-rockthestreet","title":{"rendered":"Sac a dos USB Rockthestreet"},"content":{"rendered":"<p>Le sac \u00e0 dos ordinateur roll-top Rock the Street 37 x 49 x 13 cm \u2013 17 pouces au design jeune et urbain convient aussi bien aux \u00e9tudiants qu\u2019aux actifs pour un usage quotidien. Con\u00e7u en polyester et nylon imperm\u00e9able il est ultra l\u00e9ger et se porte \u00e0 la main par sa poign\u00e9e sup\u00e9rieure ou \u00e0 dos par ses bretelles rembourr\u00e9es et r\u00e9glables et son dossier matelass\u00e9 et micro-a\u00e9r\u00e9. 2 poches lat\u00e9rales permettent le rangement de bouteilles ou objets \u00e0 port\u00e9e de main, et un passant arri\u00e8re permet de l\u2019adapter au trolley d\u2019un bagage roulant pour l\u2019emporter en voyage.<\/p>\n<p>Connect\u00e9, ce sac \u00e0 dos Rock the Street poss\u00e8de un port USB externe pour recharger votre smartphone (c\u00e2ble non fourni). Il dispose d\u2019une poche frontale zipp\u00e9e marqu\u00e9e du logo X-Lightpack qui peut \u00eatre \u00e9clair\u00e9 en fixe (rouge) ou clignotant (bleu 2 secondes, ou vert 1 seconde) tr\u00e8s utile pour \u00eatre vu dans l\u2019obscurit\u00e9 (\u00e0 l\u2019aide d\u2019une powerbank non<\/p>\n<p>fournie munie de 2 ports USB).<\/p>\n<p>Enti\u00e8rement doubl\u00e9 int\u00e9rieurement, ce sac \u00e0 dos roll-top Rock the Street s\u2019ouvre sur son compartiment principal par zip bidirectionnel situ\u00e9 sous sa partie sup\u00e9rieure enroul\u00e9e munie de 2 lani\u00e8res et boucles clipsables. Vous y rangerez ais\u00e9ment vos dossiers et documents de travail, et on y trouve une poche double matelass\u00e9e pouvant accueillir un ordinateur portable de 17 pouces et une tablette avec<\/p>\n<p>patte de maintien \u00e0 scratch. Jeune et branch\u00e9, ce sac \u00e0 dos mixte b\u00e9n\u00e9ficie d\u2019un prix attractif<\/p>\n<p>* SAC \u00c0 DOS ORDINATEUR 17 POUCES<\/p>\n<p>* PORT USB INT\u00c9GR\u00c9<\/p>\n<p>* BRETELLES REMBOURR\u00c9ES ET R\u00c9GLABLES<\/p>\n<p>* LOGO LUMINEUX<\/p>\n<p>* PRIX ATTRACTIF<\/p>\n","protected":false},"excerpt":{"rendered":"<p>Le sac \u00e0 dos ordinateur roll-top Rock the Street 37 x 49 x 13 cm \u2013 17 pouces au design jeune et urbain convient aussi bien aux \u00e9tudiants qu\u2019aux actifs pour un usage quotidien. Con\u00e7u en polyester et nylon imperm\u00e9able il est ultra l\u00e9ger et se porte \u00e0 la main par sa poign\u00e9e sup\u00e9rieure ou [&hellip;]<\/p>\n","protected":false},"featured_media":3779,"comment_status":"open","ping_status":"closed","template":"","meta":[],"product_brand":[],"product_cat":[19],"product_tag":[],"class_list":{"0":"post-3780","1":"product","2":"type-product","3":"status-publish","4":"has-post-thumbnail","6":"product_cat-boutique","8":"first","9":"instock","10":"sale","11":"purchasable","12":"product-type-simple"},"aioseo_notices":[],"jetpack-related-posts":[{"id":651,"url":"https:\/\/m365-boutique.fr\/?product=sac-a-dos-dindicateur-de-direction","url_meta":{"origin":3780,"position":0},"title":"Sac a dos d\u2019indicateur de direction","author":"m365boutique","date":"11 novembre 2020","format":false,"excerpt":"Sac a dos de s\u00e9curit\u00e9 avec avertissement LED de direction. Syst\u00e8me sans fils, rechargeable USB. Id\u00e9al pour des d\u00e9placements en toutes s\u00e9curit\u00e9.","rel":"","context":"Avec 1 commentaire","block_context":{"text":"Avec 1 commentaire","link":"https:\/\/m365-boutique.fr\/?product=sac-a-dos-dindicateur-de-direction#comments"},"img":{"alt_text":"","src":"https:\/\/i0.wp.com\/m365-boutique.fr\/wp-content\/uploads\/2020\/11\/D73C2D10-5D4F-4805-97C9-B9C8DD82F33D.jpeg?resize=350%2C200&ssl=1","width":350,"height":200,"srcset":"https:\/\/i0.wp.com\/m365-boutique.fr\/wp-content\/uploads\/2020\/11\/D73C2D10-5D4F-4805-97C9-B9C8DD82F33D.jpeg?resize=350%2C200&ssl=1 1x, https:\/\/i0.wp.com\/m365-boutique.fr\/wp-content\/uploads\/2020\/11\/D73C2D10-5D4F-4805-97C9-B9C8DD82F33D.jpeg?resize=525%2C300&ssl=1 1.5x, https:\/\/i0.wp.com\/m365-boutique.fr\/wp-content\/uploads\/2020\/11\/D73C2D10-5D4F-4805-97C9-B9C8DD82F33D.jpeg?resize=700%2C400&ssl=1 2x, https:\/\/i0.wp.com\/m365-boutique.fr\/wp-content\/uploads\/2020\/11\/D73C2D10-5D4F-4805-97C9-B9C8DD82F33D.jpeg?resize=1050%2C600&ssl=1 3x"},"classes":[]},{"id":3581,"url":"https:\/\/m365-boutique.fr\/?product=sacoche-micro-usb-integre","url_meta":{"origin":3780,"position":1},"title":"Sacoche Follow Up micro USB batterie externe int\u00e9gr\u00e9","author":"m365boutique","date":"29 f\u00e9vrier 2024","format":false,"excerpt":"Sacoche Follow Up Micro USB conn\u00e9ct\u00e9 - Gris - Tissu d\u00e9perlant - 3 Cables fourni ( USB type C\/MicroUSB\/Lightning ) Compatible pour Iphone\/Samsung\/PC portable jusqu'\u00e0 15.6\" - Batterie externe int\u00e9gr\u00e9e 7000 mAh - Port USB externe - Bandouli\u00e8re ajustable - Ce sac vous offre plusieurs rangements pour une organisation optimale\u2026","rel":"","context":"Article similaire","block_context":{"text":"Article similaire","link":""},"img":{"alt_text":"","src":"https:\/\/i0.wp.com\/m365-boutique.fr\/wp-content\/uploads\/2024\/02\/img_0799.jpeg?resize=350%2C200&ssl=1","width":350,"height":200},"classes":[]},{"id":2150,"url":"https:\/\/m365-boutique.fr\/?product=sac-a-dos-ninebot","url_meta":{"origin":3780,"position":2},"title":"Sac a dos Ninebot","author":"m365boutique","date":"5 juillet 2022","format":false,"excerpt":"Sac a dos de marque Ninebot id\u00e9al pour vos trajets professionnels ou pour vos balades. Dot\u00e9e de plusieurs emplacement de rangement afin de transporter ce que vous d\u00e9sirez en toutes s\u00e9curit\u00e9.","rel":"","context":"Article similaire","block_context":{"text":"Article similaire","link":""},"img":{"alt_text":"","src":"https:\/\/i0.wp.com\/m365-boutique.fr\/wp-content\/uploads\/2022\/07\/img_7113-1.jpeg?resize=350%2C200&ssl=1","width":350,"height":200,"srcset":"https:\/\/i0.wp.com\/m365-boutique.fr\/wp-content\/uploads\/2022\/07\/img_7113-1.jpeg?resize=350%2C200&ssl=1 1x, https:\/\/i0.wp.com\/m365-boutique.fr\/wp-content\/uploads\/2022\/07\/img_7113-1.jpeg?resize=525%2C300&ssl=1 1.5x, https:\/\/i0.wp.com\/m365-boutique.fr\/wp-content\/uploads\/2022\/07\/img_7113-1.jpeg?resize=700%2C400&ssl=1 2x, https:\/\/i0.wp.com\/m365-boutique.fr\/wp-content\/uploads\/2022\/07\/img_7113-1.jpeg?resize=1050%2C600&ssl=1 3x"},"classes":[]},{"id":599,"url":"https:\/\/m365-boutique.fr\/?product=casque-de-protection-lumineux","url_meta":{"origin":3780,"position":3},"title":"Casque de protection lumineux","author":"m365boutique","date":"1 octobre 2020","format":false,"excerpt":"Casque de protection \u00e9quip\u00e9 de lumiere avant et arri\u00e8re recharchable par usb, id\u00e9al pour \u00eatre vue sur la route et pour une meilleure s\u00e9curit\u00e9. Taille M","rel":"","context":"Avec 1 commentaire","block_context":{"text":"Avec 1 commentaire","link":"https:\/\/m365-boutique.fr\/?product=casque-de-protection-lumineux#comments"},"img":{"alt_text":"","src":"https:\/\/i0.wp.com\/m365-boutique.fr\/wp-content\/uploads\/2020\/10\/F496CAA7-84E2-459B-BBB8-B6D909C539FA.jpeg?resize=350%2C200&ssl=1","width":350,"height":200,"srcset":"https:\/\/i0.wp.com\/m365-boutique.fr\/wp-content\/uploads\/2020\/10\/F496CAA7-84E2-459B-BBB8-B6D909C539FA.jpeg?resize=350%2C200&ssl=1 1x, https:\/\/i0.wp.com\/m365-boutique.fr\/wp-content\/uploads\/2020\/10\/F496CAA7-84E2-459B-BBB8-B6D909C539FA.jpeg?resize=525%2C300&ssl=1 1.5x, https:\/\/i0.wp.com\/m365-boutique.fr\/wp-content\/uploads\/2020\/10\/F496CAA7-84E2-459B-BBB8-B6D909C539FA.jpeg?resize=700%2C400&ssl=1 2x, https:\/\/i0.wp.com\/m365-boutique.fr\/wp-content\/uploads\/2020\/10\/F496CAA7-84E2-459B-BBB8-B6D909C539FA.jpeg?resize=1050%2C600&ssl=1 3x"},"classes":[]},{"id":312,"url":"https:\/\/m365-boutique.fr\/?product=pack-lumiere-led-pour-xiaomi-m365-m365-pro-essential-1s-mi-scooter-3","url_meta":{"origin":3780,"position":4},"title":"Pack lumiere led pour Xiaomi M365\/M365 Pro\/Essential\/1S\/Mi Scooter 3","author":"m365boutique","date":"26 mai 2020","format":false,"excerpt":"Lumi\u00e8re USB rechargeable feux arri\u00e8re de s\u00e9curit\u00e9 pour Xiaomi M365 \/ M365 Pro \/ Essential \/ 1S \/ Mi Scooter 3 Le pack comprend 2 lumi\u00e8res LED.","rel":"","context":"Avec 5 commentaires","block_context":{"text":"Avec 5 commentaires","link":"https:\/\/m365-boutique.fr\/?product=pack-lumiere-led-pour-xiaomi-m365-m365-pro-essential-1s-mi-scooter-3#comments"},"img":{"alt_text":"","src":"https:\/\/i0.wp.com\/m365-boutique.fr\/wp-content\/uploads\/2020\/05\/726BDA2D-CA3E-43CB-B92D-D48FB26777AF.jpeg?resize=350%2C200&ssl=1","width":350,"height":200},"classes":[]},{"id":2885,"url":"https:\/\/m365-boutique.fr\/?product=chambre-a-air-10-pouces-pour-xiaomi-m365-m365-pro-essential-1s-mi-scooter-3","url_meta":{"origin":3780,"position":5},"title":"Chambre \u00e0 air 10 Pouces Pour Xiaomi M365\/M365 Pro\/Essential\/1S\/Mi Scooter 3","author":"m365boutique","date":"2 f\u00e9vrier 2023","format":false,"excerpt":"Chambre \u00e0 air renforc\u00e9 10 Pouces pour trottinette \u00e9lectrique Xiaomi M365 \/ M365 Pro \/ Essential \/ 1S \/ Mi Scooter 3. Chambre a air Standard ou Coud\u00e9e Dimension : 10 X 2 \/ 250 X 50MM","rel":"","context":"Article similaire","block_context":{"text":"Article similaire","link":""},"img":{"alt_text":"","src":"https:\/\/i0.wp.com\/m365-boutique.fr\/wp-content\/uploads\/2023\/02\/img_9023.jpeg?resize=350%2C200&ssl=1","width":350,"height":200,"srcset":"https:\/\/i0.wp.com\/m365-boutique.fr\/wp-content\/uploads\/2023\/02\/img_9023.jpeg?resize=350%2C200&ssl=1 1x, https:\/\/i0.wp.com\/m365-boutique.fr\/wp-content\/uploads\/2023\/02\/img_9023.jpeg?resize=525%2C300&ssl=1 1.5x, https:\/\/i0.wp.com\/m365-boutique.fr\/wp-content\/uploads\/2023\/02\/img_9023.jpeg?resize=700%2C400&ssl=1 2x, https:\/\/i0.wp.com\/m365-boutique.fr\/wp-content\/uploads\/2023\/02\/img_9023.jpeg?resize=1050%2C600&ssl=1 3x"},"classes":[]}],"jetpack_sharing_enabled":true,"amp_enabled":true,"_links":{"self":[{"href":"https:\/\/m365-boutique.fr\/index.php?rest_route=\/wp\/v2\/product\/3780","targetHints":{"allow":["GET"]}}],"collection":[{"href":"https:\/\/m365-boutique.fr\/index.php?rest_route=\/wp\/v2\/product"}],"about":[{"href":"https:\/\/m365-boutique.fr\/index.php?rest_route=\/wp\/v2\/types\/product"}],"replies":[{"embeddable":true,"href":"https:\/\/m365-boutique.fr\/index.php?rest_route=%2Fwp%2Fv2%2Fcomments&post=3780"}],"wp:featuredmedia":[{"embeddable":true,"href":"https:\/\/m365-boutique.fr\/index.php?rest_route=\/wp\/v2\/media\/3779"}],"wp:attachment":[{"href":"https:\/\/m365-boutique.fr\/index.php?rest_route=%2Fwp%2Fv2%2Fmedia&parent=3780"}],"wp:term":[{"taxonomy":"product_brand","embeddable":true,"href":"https:\/\/m365-boutique.fr\/index.php?rest_route=%2Fwp%2Fv2%2Fproduct_brand&post=3780"},{"taxonomy":"product_cat","embeddable":true,"href":"https:\/\/m365-boutique.fr\/index.php?rest_route=%2Fwp%2Fv2%2Fproduct_cat&post=3780"},{"taxonomy":"product_tag","embeddable":true,"href":"https:\/\/m365-boutique.fr\/index.php?rest_route=%2Fwp%2Fv2%2Fproduct_tag&post=3780"}],"curies":[{"name":"wp","href":"https:\/\/api.w.org\/{rel}","templated":true}]}}