{"id":407,"date":"2020-07-06T23:41:53","date_gmt":"2020-07-06T23:41:53","guid":{"rendered":"https:\/\/m365-boutique.fr\/?post_type=product&#038;p=407"},"modified":"2026-04-21T16:31:01","modified_gmt":"2026-04-21T14:31:01","slug":"feux-arriere-pour-xiaomi-m365-m365-pro","status":"publish","type":"product","link":"https:\/\/m365-boutique.fr\/?product=feux-arriere-pour-xiaomi-m365-m365-pro","title":{"rendered":"Feux arri\u00e8re pour Xiaomi M365\/M365 Pro"},"content":{"rendered":"<p>Feux arri\u00e8re avec son cable pour Xiaomi M365 &amp; M365 Pro. Facile d\u2019installation.<\/p>\n","protected":false},"excerpt":{"rendered":"<p>Feux arri\u00e8re avec son cable pour Xiaomi M365 &amp; M365 Pro. Facile d\u2019installation.<\/p>\n","protected":false},"featured_media":408,"comment_status":"open","ping_status":"closed","template":"","meta":[],"product_brand":[],"product_cat":[19],"product_tag":[],"class_list":{"0":"post-407","1":"product","2":"type-product","3":"status-publish","4":"has-post-thumbnail","6":"product_cat-boutique","8":"first","9":"instock","10":"sale","11":"taxable","12":"shipping-taxable","13":"purchasable","14":"product-type-simple"},"aioseo_notices":[],"jetpack-related-posts":[{"id":1615,"url":"https:\/\/m365-boutique.fr\/?product=feux-arriere-pour-xiaomi-m365-pro-essential-1s-mi-scooter-3","url_meta":{"origin":407,"position":0},"title":"Feux arri\u00e8re pour Xiaomi M365 Pro\/Essential\/1S\/Mi Scooter 3\/Xiaomi Pro 4","author":"m365boutique","date":"9 d\u00e9cembre 2021","format":false,"excerpt":"Feux arri\u00e8re avec son cable pour Xiaomi M365 Pro \/ Essential \/ 1S \/ Mi Scooter 3 \/ Xiaomi Pro 4 Facile d\u2019installation.","rel":"","context":"Avec 3 commentaires","block_context":{"text":"Avec 3 commentaires","link":"https:\/\/m365-boutique.fr\/?product=feux-arriere-pour-xiaomi-m365-pro-essential-1s-mi-scooter-3#comments"},"img":{"alt_text":"","src":"https:\/\/i0.wp.com\/m365-boutique.fr\/wp-content\/uploads\/2021\/12\/img_6070-1.jpeg?resize=350%2C200&ssl=1","width":350,"height":200,"srcset":"https:\/\/i0.wp.com\/m365-boutique.fr\/wp-content\/uploads\/2021\/12\/img_6070-1.jpeg?resize=350%2C200&ssl=1 1x, https:\/\/i0.wp.com\/m365-boutique.fr\/wp-content\/uploads\/2021\/12\/img_6070-1.jpeg?resize=525%2C300&ssl=1 1.5x, https:\/\/i0.wp.com\/m365-boutique.fr\/wp-content\/uploads\/2021\/12\/img_6070-1.jpeg?resize=700%2C400&ssl=1 2x, https:\/\/i0.wp.com\/m365-boutique.fr\/wp-content\/uploads\/2021\/12\/img_6070-1.jpeg?resize=1050%2C600&ssl=1 3x"},"classes":[]},{"id":1899,"url":"https:\/\/m365-boutique.fr\/?product=cable-de-connexion-feux-arriere-pour-xiaomi-m365-m365-pro-essential-1s-mi-scooter-3","url_meta":{"origin":407,"position":1},"title":"C\u00e2ble de connexion feux arri\u00e8re pour Xiaomi M365\/M365 Pro\/Essential\/1S\/Mi Scooter 3","author":"m365boutique","date":"9 mai 2022","format":false,"excerpt":"C\u00e2ble de conexion feux arri\u00e8re pour Xiaomi M365 \/ M365 Pro \/ Essential \/ 1S \/ Mi Scooter 3 Permet de remplacer le c\u00e2ble qui relie la batterie \u00e0 votre feux arri\u00e8re de trottinette \u00e9lectrique.","rel":"","context":"Avec 6 commentaires","block_context":{"text":"Avec 6 commentaires","link":"https:\/\/m365-boutique.fr\/?product=cable-de-connexion-feux-arriere-pour-xiaomi-m365-m365-pro-essential-1s-mi-scooter-3#comments"},"img":{"alt_text":"","src":"https:\/\/i0.wp.com\/m365-boutique.fr\/wp-content\/uploads\/2022\/05\/img_6749.jpeg?resize=350%2C200&ssl=1","width":350,"height":200,"srcset":"https:\/\/i0.wp.com\/m365-boutique.fr\/wp-content\/uploads\/2022\/05\/img_6749.jpeg?resize=350%2C200&ssl=1 1x, https:\/\/i0.wp.com\/m365-boutique.fr\/wp-content\/uploads\/2022\/05\/img_6749.jpeg?resize=525%2C300&ssl=1 1.5x, https:\/\/i0.wp.com\/m365-boutique.fr\/wp-content\/uploads\/2022\/05\/img_6749.jpeg?resize=700%2C400&ssl=1 2x, https:\/\/i0.wp.com\/m365-boutique.fr\/wp-content\/uploads\/2022\/05\/img_6749.jpeg?resize=1050%2C600&ssl=1 3x"},"classes":[]},{"id":1026,"url":"https:\/\/m365-boutique.fr\/?product=cache-feux-arriere-pour-xiaomi-m365-m365-pro","url_meta":{"origin":407,"position":2},"title":"Cache feux arri\u00e8re pour Xiaomi M365\/M365 Pro","author":"m365boutique","date":"3 juin 2021","format":false,"excerpt":"Cache feux arri\u00e8re pour Xiaomi M365 \/ M365 Pro Permet de remplacer le cache rouge en cas de casse. Fourni avec le cache arri\u00e8re et vis.","rel":"","context":"Avec 4 commentaires","block_context":{"text":"Avec 4 commentaires","link":"https:\/\/m365-boutique.fr\/?product=cache-feux-arriere-pour-xiaomi-m365-m365-pro#comments"},"img":{"alt_text":"","src":"https:\/\/i0.wp.com\/m365-boutique.fr\/wp-content\/uploads\/2021\/06\/img_5278.jpeg?resize=350%2C200&ssl=1","width":350,"height":200,"srcset":"https:\/\/i0.wp.com\/m365-boutique.fr\/wp-content\/uploads\/2021\/06\/img_5278.jpeg?resize=350%2C200&ssl=1 1x, https:\/\/i0.wp.com\/m365-boutique.fr\/wp-content\/uploads\/2021\/06\/img_5278.jpeg?resize=525%2C300&ssl=1 1.5x, https:\/\/i0.wp.com\/m365-boutique.fr\/wp-content\/uploads\/2021\/06\/img_5278.jpeg?resize=700%2C400&ssl=1 2x, https:\/\/i0.wp.com\/m365-boutique.fr\/wp-content\/uploads\/2021\/06\/img_5278.jpeg?resize=1050%2C600&ssl=1 3x"},"classes":[]},{"id":606,"url":"https:\/\/m365-boutique.fr\/?product=pack-garde-boue-arriere-pour-xiaomi-m365-m365-pro","url_meta":{"origin":407,"position":3},"title":"Pack garde boue arri\u00e8re pour Xiaomi M365\/M365 Pro","author":"m365boutique","date":"1 octobre 2020","format":false,"excerpt":"Pack garde boue arri\u00e8re pour Xiaomi M365 & M365 Pro. 1 Garde boue arri\u00e8re Noir ou Blanc 1 feux arri\u00e8re 1 Support garde boue 1 kit de vis \u00a0","rel":"","context":"Avec 14 commentaires","block_context":{"text":"Avec 14 commentaires","link":"https:\/\/m365-boutique.fr\/?product=pack-garde-boue-arriere-pour-xiaomi-m365-m365-pro#comments"},"img":{"alt_text":"","src":"https:\/\/i0.wp.com\/m365-boutique.fr\/wp-content\/uploads\/2020\/10\/8509C8F5-EE51-4363-824E-9161A20B7C45.jpeg?resize=350%2C200&ssl=1","width":350,"height":200,"srcset":"https:\/\/i0.wp.com\/m365-boutique.fr\/wp-content\/uploads\/2020\/10\/8509C8F5-EE51-4363-824E-9161A20B7C45.jpeg?resize=350%2C200&ssl=1 1x, https:\/\/i0.wp.com\/m365-boutique.fr\/wp-content\/uploads\/2020\/10\/8509C8F5-EE51-4363-824E-9161A20B7C45.jpeg?resize=525%2C300&ssl=1 1.5x, https:\/\/i0.wp.com\/m365-boutique.fr\/wp-content\/uploads\/2020\/10\/8509C8F5-EE51-4363-824E-9161A20B7C45.jpeg?resize=700%2C400&ssl=1 2x, https:\/\/i0.wp.com\/m365-boutique.fr\/wp-content\/uploads\/2020\/10\/8509C8F5-EE51-4363-824E-9161A20B7C45.jpeg?resize=1050%2C600&ssl=1 3x"},"classes":[]},{"id":787,"url":"https:\/\/m365-boutique.fr\/?product=pack-garde-boue-arriere-pour-xiaomi-m365-m365-pro-essential-1s-mi-scooter-3","url_meta":{"origin":407,"position":4},"title":"Pack garde boue arri\u00e8re pour Xiaomi M365\/M365 Pro\/Essential\/1S\/Mi Scooter 3","author":"m365boutique","date":"7 mars 2021","format":false,"excerpt":"Pack garde boue arri\u00e8re pour Xiaomi M365 \/ M365 Pro \/ M365 Pro 2 \/ Essential \/ 1S \/ Mi Scooter 3 1 Garde boue arri\u00e8re Noir 1 feux arri\u00e8re 1 Support garde boue 1 kit de vis Couleur : NOIR ET BLANC","rel":"","context":"Avec 14 commentaires","block_context":{"text":"Avec 14 commentaires","link":"https:\/\/m365-boutique.fr\/?product=pack-garde-boue-arriere-pour-xiaomi-m365-m365-pro-essential-1s-mi-scooter-3#comments"},"img":{"alt_text":"","src":"https:\/\/i0.wp.com\/m365-boutique.fr\/wp-content\/uploads\/2021\/03\/img_4822-1.jpeg?resize=350%2C200&ssl=1","width":350,"height":200,"srcset":"https:\/\/i0.wp.com\/m365-boutique.fr\/wp-content\/uploads\/2021\/03\/img_4822-1.jpeg?resize=350%2C200&ssl=1 1x, https:\/\/i0.wp.com\/m365-boutique.fr\/wp-content\/uploads\/2021\/03\/img_4822-1.jpeg?resize=525%2C300&ssl=1 1.5x, https:\/\/i0.wp.com\/m365-boutique.fr\/wp-content\/uploads\/2021\/03\/img_4822-1.jpeg?resize=700%2C400&ssl=1 2x, https:\/\/i0.wp.com\/m365-boutique.fr\/wp-content\/uploads\/2021\/03\/img_4822-1.jpeg?resize=1050%2C600&ssl=1 3x"},"classes":[]},{"id":2893,"url":"https:\/\/m365-boutique.fr\/?product=kit-rehausseur-10-pouces-pour-xiaomi-m365-m365-pro-essential-1s-mi-scooter-3","url_meta":{"origin":407,"position":5},"title":"Kit r\u00e9hausseur 10 Pouces pour Xiaomi M365\/M365 Pro\/Essential\/1S\/Mi Scooter 3","author":"m365boutique","date":"2 f\u00e9vrier 2023","format":false,"excerpt":"Kit de rehaussement 10 Pouces pour Xiaomi M365 \/ M365 Pro \/ Essential \/ 1S \/ Mi Scooter 3. Necessaire a l'installation de pneu 10 Pouces Le kit comprend : - 2 Pi\u00e8ce 3D ( \u00e9l\u00e9vation garde boue et bequille ) - Rallonge feux arri\u00e8re - Vis","rel":"","context":"Article similaire","block_context":{"text":"Article similaire","link":""},"img":{"alt_text":"","src":"https:\/\/i0.wp.com\/m365-boutique.fr\/wp-content\/uploads\/2023\/02\/img_9025.jpeg?resize=350%2C200&ssl=1","width":350,"height":200},"classes":[]}],"jetpack_sharing_enabled":true,"amp_enabled":true,"_links":{"self":[{"href":"https:\/\/m365-boutique.fr\/index.php?rest_route=\/wp\/v2\/product\/407","targetHints":{"allow":["GET"]}}],"collection":[{"href":"https:\/\/m365-boutique.fr\/index.php?rest_route=\/wp\/v2\/product"}],"about":[{"href":"https:\/\/m365-boutique.fr\/index.php?rest_route=\/wp\/v2\/types\/product"}],"replies":[{"embeddable":true,"href":"https:\/\/m365-boutique.fr\/index.php?rest_route=%2Fwp%2Fv2%2Fcomments&post=407"}],"wp:featuredmedia":[{"embeddable":true,"href":"https:\/\/m365-boutique.fr\/index.php?rest_route=\/wp\/v2\/media\/408"}],"wp:attachment":[{"href":"https:\/\/m365-boutique.fr\/index.php?rest_route=%2Fwp%2Fv2%2Fmedia&parent=407"}],"wp:term":[{"taxonomy":"product_brand","embeddable":true,"href":"https:\/\/m365-boutique.fr\/index.php?rest_route=%2Fwp%2Fv2%2Fproduct_brand&post=407"},{"taxonomy":"product_cat","embeddable":true,"href":"https:\/\/m365-boutique.fr\/index.php?rest_route=%2Fwp%2Fv2%2Fproduct_cat&post=407"},{"taxonomy":"product_tag","embeddable":true,"href":"https:\/\/m365-boutique.fr\/index.php?rest_route=%2Fwp%2Fv2%2Fproduct_tag&post=407"}],"curies":[{"name":"wp","href":"https:\/\/api.w.org\/{rel}","templated":true}]}}