{"id":551,"date":"2020-09-05T01:23:15","date_gmt":"2020-09-04T23:23:15","guid":{"rendered":"https:\/\/m365-boutique.fr\/?post_type=product&#038;p=551"},"modified":"2023-11-08T00:16:52","modified_gmt":"2023-11-07T22:16:52","slug":"kit-de-feux-de-signalements","status":"publish","type":"product","link":"https:\/\/m365-boutique.fr\/?product=kit-de-feux-de-signalements","title":{"rendered":"Clignotant pour trottinette"},"content":{"rendered":"<p>Feux de signalements arri\u00e8re et clignotant, id\u00e9al pour circuler en ville pour une s\u00e9curit\u00e9 optimal de jour comme de nuit. \u00a0Commande d\u2019indication de direction sans fil, facile \u00e0 installer.<\/p>\n","protected":false},"excerpt":{"rendered":"<p>Feux de signalements arri\u00e8re et clignotant, id\u00e9al pour circuler en ville pour une s\u00e9curit\u00e9 optimal de jour comme de nuit. \u00a0Commande d\u2019indication de direction sans fil, facile \u00e0 installer.<\/p>\n","protected":false},"featured_media":553,"comment_status":"open","ping_status":"closed","template":"","meta":[],"product_brand":[],"product_cat":[19],"product_tag":[],"class_list":{"0":"post-551","1":"product","2":"type-product","3":"status-publish","4":"has-post-thumbnail","6":"product_cat-boutique","8":"first","9":"instock","10":"sale","11":"taxable","12":"shipping-taxable","13":"purchasable","14":"product-type-simple"},"aioseo_notices":[],"jetpack-related-posts":[{"id":3147,"url":"https:\/\/m365-boutique.fr\/?product=clignotant-pour-xiaomi-m365-m365-pro","url_meta":{"origin":551,"position":0},"title":"Clignotant pour Xiaomi M365\/M365 Pro\/Essential\/1S\/ Mi Scooter 3","author":"m365boutique","date":"2 juin 2023","format":false,"excerpt":"Ensemble de clignotant avant et arri\u00e8re pour trottinette Xiaomi M365 \/ M365 Pro \/ Essential \/ 1S \/ Mi Scooter 3 Id\u00e9al pour circuler en ville pour une s\u00e9curit\u00e9 optimale de jour comme de nuit. Installation facile, fournie avec les cables de branchement, commande d\u2019indication de direction, cache fil et\u2026","rel":"","context":"Article similaire","block_context":{"text":"Article similaire","link":""},"img":{"alt_text":"","src":"https:\/\/i0.wp.com\/m365-boutique.fr\/wp-content\/uploads\/2023\/06\/img_9636.jpeg?resize=350%2C200&ssl=1","width":350,"height":200,"srcset":"https:\/\/i0.wp.com\/m365-boutique.fr\/wp-content\/uploads\/2023\/06\/img_9636.jpeg?resize=350%2C200&ssl=1 1x, https:\/\/i0.wp.com\/m365-boutique.fr\/wp-content\/uploads\/2023\/06\/img_9636.jpeg?resize=525%2C300&ssl=1 1.5x, https:\/\/i0.wp.com\/m365-boutique.fr\/wp-content\/uploads\/2023\/06\/img_9636.jpeg?resize=700%2C400&ssl=1 2x"},"classes":[]},{"id":663,"url":"https:\/\/m365-boutique.fr\/?product=bms-complet-pour-xiaomi-m365-m365-pro-essential-1s-mi-scooter-3","url_meta":{"origin":551,"position":1},"title":"BMS complet pour Xiaomi M365\/Essential\/1S","author":"m365boutique","date":"11 novembre 2020","format":false,"excerpt":"BMS (Battery System Management) pour batterie de Xiaomi M365 \/M365 Pro \/ Essential \/ 1S Si votre de batterie ne marche plus (pas de clignotement des LED ou clignote rouge) alors il y a 90% de chance que ce soit un probl\u00e8me avec le BMS. Le BMS est fourni avec\u2026","rel":"","context":"Avec 3 commentaires","block_context":{"text":"Avec 3 commentaires","link":"https:\/\/m365-boutique.fr\/?product=bms-complet-pour-xiaomi-m365-m365-pro-essential-1s-mi-scooter-3#comments"},"img":{"alt_text":"","src":"https:\/\/i0.wp.com\/m365-boutique.fr\/wp-content\/uploads\/2020\/11\/007882D1-1E36-4D4A-9298-83B7D00AF35B.jpeg?resize=350%2C200&ssl=1","width":350,"height":200,"srcset":"https:\/\/i0.wp.com\/m365-boutique.fr\/wp-content\/uploads\/2020\/11\/007882D1-1E36-4D4A-9298-83B7D00AF35B.jpeg?resize=350%2C200&ssl=1 1x, https:\/\/i0.wp.com\/m365-boutique.fr\/wp-content\/uploads\/2020\/11\/007882D1-1E36-4D4A-9298-83B7D00AF35B.jpeg?resize=525%2C300&ssl=1 1.5x, https:\/\/i0.wp.com\/m365-boutique.fr\/wp-content\/uploads\/2020\/11\/007882D1-1E36-4D4A-9298-83B7D00AF35B.jpeg?resize=700%2C400&ssl=1 2x, https:\/\/i0.wp.com\/m365-boutique.fr\/wp-content\/uploads\/2020\/11\/007882D1-1E36-4D4A-9298-83B7D00AF35B.jpeg?resize=1050%2C600&ssl=1 3x"},"classes":[]},{"id":3780,"url":"https:\/\/m365-boutique.fr\/?product=sac-a-dos-usb-rockthestreet","url_meta":{"origin":551,"position":2},"title":"Sac a dos USB Rockthestreet","author":"m365boutique","date":"17 novembre 2024","format":false,"excerpt":"Le sac \u00e0 dos ordinateur roll-top Rock the Street 37 x 49 x 13 cm \u2013 17 pouces au design jeune et urbain convient aussi bien aux \u00e9tudiants qu\u2019aux actifs pour un usage quotidien. Con\u00e7u en polyester et nylon imperm\u00e9able il est ultra l\u00e9ger et se porte \u00e0 la main\u2026","rel":"","context":"Article similaire","block_context":{"text":"Article similaire","link":""},"img":{"alt_text":"","src":"https:\/\/i0.wp.com\/m365-boutique.fr\/wp-content\/uploads\/2024\/11\/img_1757.jpeg?resize=350%2C200&ssl=1","width":350,"height":200,"srcset":"https:\/\/i0.wp.com\/m365-boutique.fr\/wp-content\/uploads\/2024\/11\/img_1757.jpeg?resize=350%2C200&ssl=1 1x, https:\/\/i0.wp.com\/m365-boutique.fr\/wp-content\/uploads\/2024\/11\/img_1757.jpeg?resize=525%2C300&ssl=1 1.5x, https:\/\/i0.wp.com\/m365-boutique.fr\/wp-content\/uploads\/2024\/11\/img_1757.jpeg?resize=700%2C400&ssl=1 2x, https:\/\/i0.wp.com\/m365-boutique.fr\/wp-content\/uploads\/2024\/11\/img_1757.jpeg?resize=1050%2C600&ssl=1 3x"},"classes":[]}],"jetpack_sharing_enabled":true,"amp_enabled":true,"_links":{"self":[{"href":"https:\/\/m365-boutique.fr\/index.php?rest_route=\/wp\/v2\/product\/551","targetHints":{"allow":["GET"]}}],"collection":[{"href":"https:\/\/m365-boutique.fr\/index.php?rest_route=\/wp\/v2\/product"}],"about":[{"href":"https:\/\/m365-boutique.fr\/index.php?rest_route=\/wp\/v2\/types\/product"}],"replies":[{"embeddable":true,"href":"https:\/\/m365-boutique.fr\/index.php?rest_route=%2Fwp%2Fv2%2Fcomments&post=551"}],"wp:featuredmedia":[{"embeddable":true,"href":"https:\/\/m365-boutique.fr\/index.php?rest_route=\/wp\/v2\/media\/553"}],"wp:attachment":[{"href":"https:\/\/m365-boutique.fr\/index.php?rest_route=%2Fwp%2Fv2%2Fmedia&parent=551"}],"wp:term":[{"taxonomy":"product_brand","embeddable":true,"href":"https:\/\/m365-boutique.fr\/index.php?rest_route=%2Fwp%2Fv2%2Fproduct_brand&post=551"},{"taxonomy":"product_cat","embeddable":true,"href":"https:\/\/m365-boutique.fr\/index.php?rest_route=%2Fwp%2Fv2%2Fproduct_cat&post=551"},{"taxonomy":"product_tag","embeddable":true,"href":"https:\/\/m365-boutique.fr\/index.php?rest_route=%2Fwp%2Fv2%2Fproduct_tag&post=551"}],"curies":[{"name":"wp","href":"https:\/\/api.w.org\/{rel}","templated":true}]}}