{"id":599,"date":"2020-10-01T01:29:33","date_gmt":"2020-10-01T01:29:33","guid":{"rendered":"https:\/\/m365-boutique.fr\/?post_type=product&#038;p=599"},"modified":"2023-06-02T18:54:26","modified_gmt":"2023-06-02T16:54:26","slug":"casque-de-protection-lumineux","status":"publish","type":"product","link":"https:\/\/m365-boutique.fr\/?product=casque-de-protection-lumineux","title":{"rendered":"Casque de protection lumineux"},"content":{"rendered":"<p>Casque de protection \u00e9quip\u00e9 de lumiere avant et arri\u00e8re recharchable par usb, id\u00e9al pour \u00eatre vue sur la route et pour une meilleure s\u00e9curit\u00e9.<\/p>\n<p>Taille M<\/p>\n","protected":false},"excerpt":{"rendered":"<p>Casque de protection \u00e9quip\u00e9 de lumiere avant et arri\u00e8re recharchable par usb, id\u00e9al pour \u00eatre vue sur la route et pour une meilleure s\u00e9curit\u00e9. Taille M<\/p>\n","protected":false},"featured_media":603,"comment_status":"open","ping_status":"closed","template":"","meta":[],"product_brand":[],"product_cat":[19],"product_tag":[],"class_list":{"0":"post-599","1":"product","2":"type-product","3":"status-publish","4":"has-post-thumbnail","6":"product_cat-boutique","8":"first","9":"instock","10":"sale","11":"taxable","12":"shipping-taxable","13":"purchasable","14":"product-type-simple"},"aioseo_notices":[],"jetpack-related-posts":[{"id":912,"url":"https:\/\/m365-boutique.fr\/?product=protection-avant-et-arriere-pour-xiaomi-m365-m365-pro","url_meta":{"origin":599,"position":0},"title":"Protection avant et arri\u00e8re pour Xiaomi M365\/M365 Pro","author":"m365boutique","date":"7 avril 2021","format":false,"excerpt":"Cache de protection roue avant et arri\u00e8re pour Xiaomi M365 & M365 Pro. Couleur : NOIR OU BLANC","rel":"","context":"Avec 5 commentaires","block_context":{"text":"Avec 5 commentaires","link":"https:\/\/m365-boutique.fr\/?product=protection-avant-et-arriere-pour-xiaomi-m365-m365-pro#comments"},"img":{"alt_text":"","src":"https:\/\/i0.wp.com\/m365-boutique.fr\/wp-content\/uploads\/2021\/04\/img_5023.jpeg?resize=350%2C200&ssl=1","width":350,"height":200,"srcset":"https:\/\/i0.wp.com\/m365-boutique.fr\/wp-content\/uploads\/2021\/04\/img_5023.jpeg?resize=350%2C200&ssl=1 1x, https:\/\/i0.wp.com\/m365-boutique.fr\/wp-content\/uploads\/2021\/04\/img_5023.jpeg?resize=525%2C300&ssl=1 1.5x, https:\/\/i0.wp.com\/m365-boutique.fr\/wp-content\/uploads\/2021\/04\/img_5023.jpeg?resize=700%2C400&ssl=1 2x, https:\/\/i0.wp.com\/m365-boutique.fr\/wp-content\/uploads\/2021\/04\/img_5023.jpeg?resize=1050%2C600&ssl=1 3x"},"classes":[]},{"id":1472,"url":"https:\/\/m365-boutique.fr\/?product=protection-avant-pour-xiaomi-m365-pro-essential-1s-mi-scooter-3","url_meta":{"origin":599,"position":1},"title":"Protection avant pour Xiaomi M365 Pro\/ Essential\/1S\/Mi Scooter 3","author":"m365boutique","date":"14 octobre 2021","format":false,"excerpt":"Cache de protection roue avant pour Xiaomi M365 Pro \/ Essential \/ 1S \/ Mi Scooter 3 Plusieurs coloris","rel":"","context":"Avec 1 commentaire","block_context":{"text":"Avec 1 commentaire","link":"https:\/\/m365-boutique.fr\/?product=protection-avant-pour-xiaomi-m365-pro-essential-1s-mi-scooter-3#comments"},"img":{"alt_text":"","src":"https:\/\/i0.wp.com\/m365-boutique.fr\/wp-content\/uploads\/2021\/10\/img_5879-3.jpeg?resize=350%2C200&ssl=1","width":350,"height":200,"srcset":"https:\/\/i0.wp.com\/m365-boutique.fr\/wp-content\/uploads\/2021\/10\/img_5879-3.jpeg?resize=350%2C200&ssl=1 1x, https:\/\/i0.wp.com\/m365-boutique.fr\/wp-content\/uploads\/2021\/10\/img_5879-3.jpeg?resize=525%2C300&ssl=1 1.5x, https:\/\/i0.wp.com\/m365-boutique.fr\/wp-content\/uploads\/2021\/10\/img_5879-3.jpeg?resize=700%2C400&ssl=1 2x, https:\/\/i0.wp.com\/m365-boutique.fr\/wp-content\/uploads\/2021\/10\/img_5879-3.jpeg?resize=1050%2C600&ssl=1 3x"},"classes":[]},{"id":1387,"url":"https:\/\/m365-boutique.fr\/?product=protection-avant-et-arriere-pour-xiaomi-m365-pro-essential-1s-mi-scooter-3","url_meta":{"origin":599,"position":2},"title":"Protection avant et arri\u00e8re pour Xiaomi M365 Pro\/Essential\/1S\/Mi Scooter 3","author":"m365boutique","date":"14 septembre 2021","format":false,"excerpt":"Cache de protection roue avant et arri\u00e8re pour Xiaomi M365 Pro \/ Essential \/ 1S \/ Mi Scooter 3 Plusieu coloris","rel":"","context":"Article similaire","block_context":{"text":"Article similaire","link":""},"img":{"alt_text":"","src":"https:\/\/i0.wp.com\/m365-boutique.fr\/wp-content\/uploads\/2021\/09\/img_5761.jpeg?resize=350%2C200&ssl=1","width":350,"height":200,"srcset":"https:\/\/i0.wp.com\/m365-boutique.fr\/wp-content\/uploads\/2021\/09\/img_5761.jpeg?resize=350%2C200&ssl=1 1x, https:\/\/i0.wp.com\/m365-boutique.fr\/wp-content\/uploads\/2021\/09\/img_5761.jpeg?resize=525%2C300&ssl=1 1.5x, https:\/\/i0.wp.com\/m365-boutique.fr\/wp-content\/uploads\/2021\/09\/img_5761.jpeg?resize=700%2C400&ssl=1 2x, https:\/\/i0.wp.com\/m365-boutique.fr\/wp-content\/uploads\/2021\/09\/img_5761.jpeg?resize=1050%2C600&ssl=1 3x"},"classes":[]},{"id":3635,"url":"https:\/\/m365-boutique.fr\/?product=protection-avant-et-arriere-pour-xiaomi-pro-4","url_meta":{"origin":599,"position":3},"title":"Protection avant et arri\u00e8re pour Xiaomi Pro 4","author":"m365boutique","date":"19 mars 2024","format":false,"excerpt":"Cache de protection roue avant et arri\u00e8re pour Xiaomi Pro 4","rel":"","context":"Article similaire","block_context":{"text":"Article similaire","link":""},"img":{"alt_text":"","src":"https:\/\/i0.wp.com\/m365-boutique.fr\/wp-content\/uploads\/2024\/03\/img_0899.jpeg?resize=350%2C200&ssl=1","width":350,"height":200,"srcset":"https:\/\/i0.wp.com\/m365-boutique.fr\/wp-content\/uploads\/2024\/03\/img_0899.jpeg?resize=350%2C200&ssl=1 1x, https:\/\/i0.wp.com\/m365-boutique.fr\/wp-content\/uploads\/2024\/03\/img_0899.jpeg?resize=525%2C300&ssl=1 1.5x, https:\/\/i0.wp.com\/m365-boutique.fr\/wp-content\/uploads\/2024\/03\/img_0899.jpeg?resize=700%2C400&ssl=1 2x"},"classes":[]},{"id":327,"url":"https:\/\/m365-boutique.fr\/?product=protection-en-silicone-pour-xiaomi-m365-m365-pro-essential-1s-mi-scooter-3","url_meta":{"origin":599,"position":4},"title":"Protection en silicone pour Xiaomi M365\/M365 Pro\/Essential\/1S\/Mi Scooter 3","author":"m365boutique","date":"26 mai 2020","format":false,"excerpt":"Protection en silicone pour poign\u00e9e de frein pour Xiaomi M365 \/ M365 Pro \/ Essential \/ 1S \/ Mi Scooter 3 Am\u00e9liore la sensation, doux, confortable et facile \u00e0 installer. couleur : NOIR","rel":"","context":"Avec 1 commentaire","block_context":{"text":"Avec 1 commentaire","link":"https:\/\/m365-boutique.fr\/?product=protection-en-silicone-pour-xiaomi-m365-m365-pro-essential-1s-mi-scooter-3#comments"},"img":{"alt_text":"","src":"https:\/\/i0.wp.com\/m365-boutique.fr\/wp-content\/uploads\/2020\/05\/55549F13-CCD7-42B7-B28C-39296D4E8F3A.jpeg?resize=350%2C200&ssl=1","width":350,"height":200,"srcset":"https:\/\/i0.wp.com\/m365-boutique.fr\/wp-content\/uploads\/2020\/05\/55549F13-CCD7-42B7-B28C-39296D4E8F3A.jpeg?resize=350%2C200&ssl=1 1x, https:\/\/i0.wp.com\/m365-boutique.fr\/wp-content\/uploads\/2020\/05\/55549F13-CCD7-42B7-B28C-39296D4E8F3A.jpeg?resize=525%2C300&ssl=1 1.5x, https:\/\/i0.wp.com\/m365-boutique.fr\/wp-content\/uploads\/2020\/05\/55549F13-CCD7-42B7-B28C-39296D4E8F3A.jpeg?resize=700%2C400&ssl=1 2x, https:\/\/i0.wp.com\/m365-boutique.fr\/wp-content\/uploads\/2020\/05\/55549F13-CCD7-42B7-B28C-39296D4E8F3A.jpeg?resize=1050%2C600&ssl=1 3x"},"classes":[]},{"id":659,"url":"https:\/\/m365-boutique.fr\/?product=pack-tableau-de-bord-bluetooth-housse-de-protection-et-caoutchouc-anti-vibration","url_meta":{"origin":599,"position":5},"title":"Pack tableau de bord Bluetooth + Housse de protection et caoutchouc anti vibration","author":"m365boutique","date":"11 novembre 2020","format":false,"excerpt":"Pack tableau de bord Bluetooth pour trottinette Xiaomi M365 \/ M365 Pro \/ Essential \/ 1S avec compteur de Vitesse, montage sur toute sortent de Xiaomi M365, trois mode disponible ( Eco, Dynamique, Sport ) avec la possibilit\u00e9 d\u2019augmenter la puissance avec un fireware + Housse de protection + Caoutchouc\u2026","rel":"","context":"Avec 5 commentaires","block_context":{"text":"Avec 5 commentaires","link":"https:\/\/m365-boutique.fr\/?product=pack-tableau-de-bord-bluetooth-housse-de-protection-et-caoutchouc-anti-vibration#comments"},"img":{"alt_text":"","src":"https:\/\/i0.wp.com\/m365-boutique.fr\/wp-content\/uploads\/2020\/11\/828C8FD4-5D89-471A-A31F-55BB801984C5.jpeg?resize=350%2C200&ssl=1","width":350,"height":200,"srcset":"https:\/\/i0.wp.com\/m365-boutique.fr\/wp-content\/uploads\/2020\/11\/828C8FD4-5D89-471A-A31F-55BB801984C5.jpeg?resize=350%2C200&ssl=1 1x, https:\/\/i0.wp.com\/m365-boutique.fr\/wp-content\/uploads\/2020\/11\/828C8FD4-5D89-471A-A31F-55BB801984C5.jpeg?resize=525%2C300&ssl=1 1.5x, https:\/\/i0.wp.com\/m365-boutique.fr\/wp-content\/uploads\/2020\/11\/828C8FD4-5D89-471A-A31F-55BB801984C5.jpeg?resize=700%2C400&ssl=1 2x, https:\/\/i0.wp.com\/m365-boutique.fr\/wp-content\/uploads\/2020\/11\/828C8FD4-5D89-471A-A31F-55BB801984C5.jpeg?resize=1050%2C600&ssl=1 3x"},"classes":[]}],"jetpack_sharing_enabled":true,"amp_enabled":true,"_links":{"self":[{"href":"https:\/\/m365-boutique.fr\/index.php?rest_route=\/wp\/v2\/product\/599","targetHints":{"allow":["GET"]}}],"collection":[{"href":"https:\/\/m365-boutique.fr\/index.php?rest_route=\/wp\/v2\/product"}],"about":[{"href":"https:\/\/m365-boutique.fr\/index.php?rest_route=\/wp\/v2\/types\/product"}],"replies":[{"embeddable":true,"href":"https:\/\/m365-boutique.fr\/index.php?rest_route=%2Fwp%2Fv2%2Fcomments&post=599"}],"wp:featuredmedia":[{"embeddable":true,"href":"https:\/\/m365-boutique.fr\/index.php?rest_route=\/wp\/v2\/media\/603"}],"wp:attachment":[{"href":"https:\/\/m365-boutique.fr\/index.php?rest_route=%2Fwp%2Fv2%2Fmedia&parent=599"}],"wp:term":[{"taxonomy":"product_brand","embeddable":true,"href":"https:\/\/m365-boutique.fr\/index.php?rest_route=%2Fwp%2Fv2%2Fproduct_brand&post=599"},{"taxonomy":"product_cat","embeddable":true,"href":"https:\/\/m365-boutique.fr\/index.php?rest_route=%2Fwp%2Fv2%2Fproduct_cat&post=599"},{"taxonomy":"product_tag","embeddable":true,"href":"https:\/\/m365-boutique.fr\/index.php?rest_route=%2Fwp%2Fv2%2Fproduct_tag&post=599"}],"curies":[{"name":"wp","href":"https:\/\/api.w.org\/{rel}","templated":true}]}}