{"id":606,"date":"2020-10-01T19:11:32","date_gmt":"2020-10-01T17:11:32","guid":{"rendered":"https:\/\/m365-boutique.fr\/?post_type=product&#038;p=606"},"modified":"2024-11-10T18:05:38","modified_gmt":"2024-11-10T16:05:38","slug":"pack-garde-boue-arriere-pour-xiaomi-m365-m365-pro","status":"publish","type":"product","link":"https:\/\/m365-boutique.fr\/?product=pack-garde-boue-arriere-pour-xiaomi-m365-m365-pro","title":{"rendered":"Pack garde boue arri\u00e8re pour Xiaomi M365\/M365 Pro"},"content":{"rendered":"<p>Pack garde boue arri\u00e8re pour Xiaomi M365 &amp; M365 Pro.<\/p>\n<p>1 Garde boue arri\u00e8re Noir ou Blanc<\/p>\n<p>1 feux arri\u00e8re<\/p>\n<p>1 Support garde boue<\/p>\n<p>1 kit de vis<\/p>\n<p>&nbsp;<\/p>\n","protected":false},"excerpt":{"rendered":"<p>Pack garde boue arri\u00e8re pour Xiaomi M365 &amp; M365 Pro. 1 Garde boue arri\u00e8re Noir ou Blanc 1 feux arri\u00e8re 1 Support garde boue 1 kit de vis &nbsp;<\/p>\n","protected":false},"featured_media":607,"comment_status":"open","ping_status":"closed","template":"","meta":[],"product_brand":[],"product_cat":[19],"product_tag":[],"class_list":{"0":"post-606","1":"product","2":"type-product","3":"status-publish","4":"has-post-thumbnail","6":"product_cat-boutique","8":"first","9":"instock","10":"sale","11":"taxable","12":"shipping-taxable","13":"purchasable","14":"product-type-variable"},"aioseo_notices":[],"jetpack-related-posts":[{"id":787,"url":"https:\/\/m365-boutique.fr\/?product=pack-garde-boue-arriere-pour-xiaomi-m365-m365-pro-essential-1s-mi-scooter-3","url_meta":{"origin":606,"position":0},"title":"Pack garde boue arri\u00e8re pour Xiaomi M365\/M365 Pro\/Essential\/1S\/Mi Scooter 3","author":"m365boutique","date":"7 mars 2021","format":false,"excerpt":"Pack garde boue arri\u00e8re pour Xiaomi M365 \/ M365 Pro \/ M365 Pro 2 \/ Essential \/ 1S \/ Mi Scooter 3 1 Garde boue arri\u00e8re Noir 1 feux arri\u00e8re 1 Support garde boue 1 kit de vis Couleur : NOIR ET BLANC","rel":"","context":"Avec 14 commentaires","block_context":{"text":"Avec 14 commentaires","link":"https:\/\/m365-boutique.fr\/?product=pack-garde-boue-arriere-pour-xiaomi-m365-m365-pro-essential-1s-mi-scooter-3#comments"},"img":{"alt_text":"","src":"https:\/\/i0.wp.com\/m365-boutique.fr\/wp-content\/uploads\/2021\/03\/img_4822-1.jpeg?resize=350%2C200&ssl=1","width":350,"height":200,"srcset":"https:\/\/i0.wp.com\/m365-boutique.fr\/wp-content\/uploads\/2021\/03\/img_4822-1.jpeg?resize=350%2C200&ssl=1 1x, https:\/\/i0.wp.com\/m365-boutique.fr\/wp-content\/uploads\/2021\/03\/img_4822-1.jpeg?resize=525%2C300&ssl=1 1.5x, https:\/\/i0.wp.com\/m365-boutique.fr\/wp-content\/uploads\/2021\/03\/img_4822-1.jpeg?resize=700%2C400&ssl=1 2x, https:\/\/i0.wp.com\/m365-boutique.fr\/wp-content\/uploads\/2021\/03\/img_4822-1.jpeg?resize=1050%2C600&ssl=1 3x"},"classes":[]},{"id":1208,"url":"https:\/\/m365-boutique.fr\/?product=pack-confort-pour-xiaomi-m365-m365-pro","url_meta":{"origin":606,"position":1},"title":"Pack confort pour Xiaomi M365\/M365 Pro","author":"m365boutique","date":"30 juillet 2021","format":false,"excerpt":"Pack confort pour Xiaomi M365\/ M365 Pro. - 1 support garde boue arri\u00e8re noir - 1 housse de protection \u00e9tanche noir - 3 caoutchouc anti vibration - 1 crochet de support","rel":"","context":"Article similaire","block_context":{"text":"Article similaire","link":""},"img":{"alt_text":"","src":"https:\/\/i0.wp.com\/m365-boutique.fr\/wp-content\/uploads\/2021\/07\/img_5563.jpeg?resize=350%2C200&ssl=1","width":350,"height":200,"srcset":"https:\/\/i0.wp.com\/m365-boutique.fr\/wp-content\/uploads\/2021\/07\/img_5563.jpeg?resize=350%2C200&ssl=1 1x, https:\/\/i0.wp.com\/m365-boutique.fr\/wp-content\/uploads\/2021\/07\/img_5563.jpeg?resize=525%2C300&ssl=1 1.5x, https:\/\/i0.wp.com\/m365-boutique.fr\/wp-content\/uploads\/2021\/07\/img_5563.jpeg?resize=700%2C400&ssl=1 2x, https:\/\/i0.wp.com\/m365-boutique.fr\/wp-content\/uploads\/2021\/07\/img_5563.jpeg?resize=1050%2C600&ssl=1 3x"},"classes":[]},{"id":776,"url":"https:\/\/m365-boutique.fr\/?product=garde-boue-arriere-noir-pour-xiaomi-m365-m365-pro-essential-1s","url_meta":{"origin":606,"position":2},"title":"Garde boue arri\u00e8re pour Xiaomi M365\/M365 Pro\/Essential\/1S\/Mi Scooter 3","author":"m365boutique","date":"7 mars 2021","format":false,"excerpt":"Garde boue arri\u00e8re pour trottinette Xiaomi M365 \/ M365 Pro \/ Essential \/ 1S \/ Mi Scooter 3 COULEUR : NOIR OU BLANC","rel":"","context":"Avec 6 commentaires","block_context":{"text":"Avec 6 commentaires","link":"https:\/\/m365-boutique.fr\/?product=garde-boue-arriere-noir-pour-xiaomi-m365-m365-pro-essential-1s#comments"},"img":{"alt_text":"","src":"https:\/\/i0.wp.com\/m365-boutique.fr\/wp-content\/uploads\/2021\/03\/img_4825.jpeg?resize=350%2C200&ssl=1","width":350,"height":200,"srcset":"https:\/\/i0.wp.com\/m365-boutique.fr\/wp-content\/uploads\/2021\/03\/img_4825.jpeg?resize=350%2C200&ssl=1 1x, https:\/\/i0.wp.com\/m365-boutique.fr\/wp-content\/uploads\/2021\/03\/img_4825.jpeg?resize=525%2C300&ssl=1 1.5x, https:\/\/i0.wp.com\/m365-boutique.fr\/wp-content\/uploads\/2021\/03\/img_4825.jpeg?resize=700%2C400&ssl=1 2x, https:\/\/i0.wp.com\/m365-boutique.fr\/wp-content\/uploads\/2021\/03\/img_4825.jpeg?resize=1050%2C600&ssl=1 3x"},"classes":[]},{"id":1693,"url":"https:\/\/m365-boutique.fr\/?product=garde-boue-arriere-sport-pour-xiaomi-m365-pro-essential-1s-mi-scooter-3","url_meta":{"origin":606,"position":3},"title":"Garde boue arri\u00e8re sport pour Xiaomi M365 Pro\/Essential\/1S\/Mi Scooter 3","author":"m365boutique","date":"28 janvier 2022","format":false,"excerpt":"Garde boue sport pour Xiaomi M365 Pro \/ Essential \/ 1S \/ Mi Scooter 3 Ce garde boue est r\u00e9tr\u00e9cie pour donner un cot\u00e9 plus sport \u00e0 votre trottinette.","rel":"","context":"Avec 1 commentaire","block_context":{"text":"Avec 1 commentaire","link":"https:\/\/m365-boutique.fr\/?product=garde-boue-arriere-sport-pour-xiaomi-m365-pro-essential-1s-mi-scooter-3#comments"},"img":{"alt_text":"","src":"https:\/\/i0.wp.com\/m365-boutique.fr\/wp-content\/uploads\/2022\/01\/img_6228-1.jpeg?resize=350%2C200&ssl=1","width":350,"height":200,"srcset":"https:\/\/i0.wp.com\/m365-boutique.fr\/wp-content\/uploads\/2022\/01\/img_6228-1.jpeg?resize=350%2C200&ssl=1 1x, https:\/\/i0.wp.com\/m365-boutique.fr\/wp-content\/uploads\/2022\/01\/img_6228-1.jpeg?resize=525%2C300&ssl=1 1.5x, https:\/\/i0.wp.com\/m365-boutique.fr\/wp-content\/uploads\/2022\/01\/img_6228-1.jpeg?resize=700%2C400&ssl=1 2x, https:\/\/i0.wp.com\/m365-boutique.fr\/wp-content\/uploads\/2022\/01\/img_6228-1.jpeg?resize=1050%2C600&ssl=1 3x"},"classes":[]},{"id":820,"url":"https:\/\/m365-boutique.fr\/?product=garde-boue-arriere-sport-pour-xiaomi-m365-m365-pro-essential-s1-mi-scooter-3","url_meta":{"origin":606,"position":4},"title":"Garde boue arri\u00e8re sport pour Xiaomi M365\/M365 Pro\/Essential\/1S\/Mi Scooter 3","author":"m365boutique","date":"31 mars 2021","format":false,"excerpt":"Garde boue sport pour Xiaomi M365 \/ M365 Pro \/ Essential \/ 1S \/ Mi Scooter 3 Ce garde boue est r\u00e9tr\u00e9cie pour donner un cot\u00e9 plus sport \u00e0 votre trottinette. Couleur : NOIR OU BLANC","rel":"","context":"Avec 3 commentaires","block_context":{"text":"Avec 3 commentaires","link":"https:\/\/m365-boutique.fr\/?product=garde-boue-arriere-sport-pour-xiaomi-m365-m365-pro-essential-s1-mi-scooter-3#comments"},"img":{"alt_text":"","src":"https:\/\/i0.wp.com\/m365-boutique.fr\/wp-content\/uploads\/2021\/03\/img_4891.jpeg?resize=350%2C200&ssl=1","width":350,"height":200,"srcset":"https:\/\/i0.wp.com\/m365-boutique.fr\/wp-content\/uploads\/2021\/03\/img_4891.jpeg?resize=350%2C200&ssl=1 1x, https:\/\/i0.wp.com\/m365-boutique.fr\/wp-content\/uploads\/2021\/03\/img_4891.jpeg?resize=525%2C300&ssl=1 1.5x, https:\/\/i0.wp.com\/m365-boutique.fr\/wp-content\/uploads\/2021\/03\/img_4891.jpeg?resize=700%2C400&ssl=1 2x, https:\/\/i0.wp.com\/m365-boutique.fr\/wp-content\/uploads\/2021\/03\/img_4891.jpeg?resize=1050%2C600&ssl=1 3x"},"classes":[]},{"id":387,"url":"https:\/\/m365-boutique.fr\/?product=vis-et-bouchons-garde-boue-pour-xiaomi-m365-m365-pro-essential-1s-mi-scooter-3","url_meta":{"origin":606,"position":5},"title":"Vis et bouchons garde boue pour Xiaomi M365\/M365 Pro\/Essential\/1S\/Mi Scooter 3","author":"m365boutique","date":"6 juillet 2020","format":false,"excerpt":"Kit de vis et bouchons pour garde boue arri\u00e8re de la Xiaomi M365 \/ M365 Pro \/ Essential \/ 1S \/ Mi Scooter 3 Contient 3 capuchons en silicone et 3 vis inox A2.","rel":"","context":"Avec 2 commentaires","block_context":{"text":"Avec 2 commentaires","link":"https:\/\/m365-boutique.fr\/?product=vis-et-bouchons-garde-boue-pour-xiaomi-m365-m365-pro-essential-1s-mi-scooter-3#comments"},"img":{"alt_text":"","src":"https:\/\/i0.wp.com\/m365-boutique.fr\/wp-content\/uploads\/2020\/07\/6D6AA5C7-52CB-407C-8179-4B7E95030470.jpeg?resize=350%2C200&ssl=1","width":350,"height":200,"srcset":"https:\/\/i0.wp.com\/m365-boutique.fr\/wp-content\/uploads\/2020\/07\/6D6AA5C7-52CB-407C-8179-4B7E95030470.jpeg?resize=350%2C200&ssl=1 1x, https:\/\/i0.wp.com\/m365-boutique.fr\/wp-content\/uploads\/2020\/07\/6D6AA5C7-52CB-407C-8179-4B7E95030470.jpeg?resize=525%2C300&ssl=1 1.5x, https:\/\/i0.wp.com\/m365-boutique.fr\/wp-content\/uploads\/2020\/07\/6D6AA5C7-52CB-407C-8179-4B7E95030470.jpeg?resize=700%2C400&ssl=1 2x, https:\/\/i0.wp.com\/m365-boutique.fr\/wp-content\/uploads\/2020\/07\/6D6AA5C7-52CB-407C-8179-4B7E95030470.jpeg?resize=1050%2C600&ssl=1 3x"},"classes":[]}],"jetpack_sharing_enabled":true,"amp_enabled":true,"_links":{"self":[{"href":"https:\/\/m365-boutique.fr\/index.php?rest_route=\/wp\/v2\/product\/606","targetHints":{"allow":["GET"]}}],"collection":[{"href":"https:\/\/m365-boutique.fr\/index.php?rest_route=\/wp\/v2\/product"}],"about":[{"href":"https:\/\/m365-boutique.fr\/index.php?rest_route=\/wp\/v2\/types\/product"}],"replies":[{"embeddable":true,"href":"https:\/\/m365-boutique.fr\/index.php?rest_route=%2Fwp%2Fv2%2Fcomments&post=606"}],"wp:featuredmedia":[{"embeddable":true,"href":"https:\/\/m365-boutique.fr\/index.php?rest_route=\/wp\/v2\/media\/607"}],"wp:attachment":[{"href":"https:\/\/m365-boutique.fr\/index.php?rest_route=%2Fwp%2Fv2%2Fmedia&parent=606"}],"wp:term":[{"taxonomy":"product_brand","embeddable":true,"href":"https:\/\/m365-boutique.fr\/index.php?rest_route=%2Fwp%2Fv2%2Fproduct_brand&post=606"},{"taxonomy":"product_cat","embeddable":true,"href":"https:\/\/m365-boutique.fr\/index.php?rest_route=%2Fwp%2Fv2%2Fproduct_cat&post=606"},{"taxonomy":"product_tag","embeddable":true,"href":"https:\/\/m365-boutique.fr\/index.php?rest_route=%2Fwp%2Fv2%2Fproduct_tag&post=606"}],"curies":[{"name":"wp","href":"https:\/\/api.w.org\/{rel}","templated":true}]}}