{"id":651,"date":"2020-11-11T19:41:16","date_gmt":"2020-11-11T19:41:16","guid":{"rendered":"https:\/\/m365-boutique.fr\/?post_type=product&#038;p=651"},"modified":"2022-06-05T04:07:38","modified_gmt":"2022-06-05T02:07:38","slug":"sac-a-dos-dindicateur-de-direction","status":"publish","type":"product","link":"https:\/\/m365-boutique.fr\/?product=sac-a-dos-dindicateur-de-direction","title":{"rendered":"Sac a dos d\u2019indicateur de direction"},"content":{"rendered":"<p>Sac a dos de s\u00e9curit\u00e9 avec avertissement LED de direction. Syst\u00e8me sans fils, rechargeable USB. Id\u00e9al pour des d\u00e9placements en toutes s\u00e9curit\u00e9.<\/p>\n","protected":false},"excerpt":{"rendered":"<p>Sac a dos de s\u00e9curit\u00e9 avec avertissement LED de direction. Syst\u00e8me sans fils, rechargeable USB. Id\u00e9al pour des d\u00e9placements en toutes s\u00e9curit\u00e9.<\/p>\n","protected":false},"featured_media":652,"comment_status":"open","ping_status":"closed","template":"","meta":[],"product_brand":[],"product_cat":[19],"product_tag":[],"class_list":{"0":"post-651","1":"product","2":"type-product","3":"status-publish","4":"has-post-thumbnail","6":"product_cat-boutique","8":"first","9":"instock","10":"sale","11":"taxable","12":"shipping-taxable","13":"purchasable","14":"product-type-simple"},"aioseo_notices":[],"jetpack-related-posts":[{"id":2150,"url":"https:\/\/m365-boutique.fr\/?product=sac-a-dos-ninebot","url_meta":{"origin":651,"position":0},"title":"Sac a dos Ninebot","author":"m365boutique","date":"5 juillet 2022","format":false,"excerpt":"Sac a dos de marque Ninebot id\u00e9al pour vos trajets professionnels ou pour vos balades. Dot\u00e9e de plusieurs emplacement de rangement afin de transporter ce que vous d\u00e9sirez en toutes s\u00e9curit\u00e9.","rel":"","context":"Article similaire","block_context":{"text":"Article similaire","link":""},"img":{"alt_text":"","src":"https:\/\/i0.wp.com\/m365-boutique.fr\/wp-content\/uploads\/2022\/07\/img_7113-1.jpeg?resize=350%2C200&ssl=1","width":350,"height":200,"srcset":"https:\/\/i0.wp.com\/m365-boutique.fr\/wp-content\/uploads\/2022\/07\/img_7113-1.jpeg?resize=350%2C200&ssl=1 1x, https:\/\/i0.wp.com\/m365-boutique.fr\/wp-content\/uploads\/2022\/07\/img_7113-1.jpeg?resize=525%2C300&ssl=1 1.5x, https:\/\/i0.wp.com\/m365-boutique.fr\/wp-content\/uploads\/2022\/07\/img_7113-1.jpeg?resize=700%2C400&ssl=1 2x, https:\/\/i0.wp.com\/m365-boutique.fr\/wp-content\/uploads\/2022\/07\/img_7113-1.jpeg?resize=1050%2C600&ssl=1 3x"},"classes":[]},{"id":3780,"url":"https:\/\/m365-boutique.fr\/?product=sac-a-dos-usb-rockthestreet","url_meta":{"origin":651,"position":1},"title":"Sac a dos USB Rockthestreet","author":"m365boutique","date":"17 novembre 2024","format":false,"excerpt":"Le sac \u00e0 dos ordinateur roll-top Rock the Street 37 x 49 x 13 cm \u2013 17 pouces au design jeune et urbain convient aussi bien aux \u00e9tudiants qu\u2019aux actifs pour un usage quotidien. Con\u00e7u en polyester et nylon imperm\u00e9able il est ultra l\u00e9ger et se porte \u00e0 la main\u2026","rel":"","context":"Article similaire","block_context":{"text":"Article similaire","link":""},"img":{"alt_text":"","src":"https:\/\/i0.wp.com\/m365-boutique.fr\/wp-content\/uploads\/2024\/11\/img_1757.jpeg?resize=350%2C200&ssl=1","width":350,"height":200,"srcset":"https:\/\/i0.wp.com\/m365-boutique.fr\/wp-content\/uploads\/2024\/11\/img_1757.jpeg?resize=350%2C200&ssl=1 1x, https:\/\/i0.wp.com\/m365-boutique.fr\/wp-content\/uploads\/2024\/11\/img_1757.jpeg?resize=525%2C300&ssl=1 1.5x, https:\/\/i0.wp.com\/m365-boutique.fr\/wp-content\/uploads\/2024\/11\/img_1757.jpeg?resize=700%2C400&ssl=1 2x, https:\/\/i0.wp.com\/m365-boutique.fr\/wp-content\/uploads\/2024\/11\/img_1757.jpeg?resize=1050%2C600&ssl=1 3x"},"classes":[]},{"id":2100,"url":"https:\/\/m365-boutique.fr\/?product=sifflet-de-presence","url_meta":{"origin":651,"position":2},"title":"Sifflet de pr\u00e9sence","author":"m365boutique","date":"23 juin 2022","format":false,"excerpt":"Avertisser votre pr\u00e9sence gr\u00e2ce a ce sifflet. Vous pouvez le fixer sur votre veste ou sac afin de l'avoir toujours avec vous lors de vos d\u00e9placements.","rel":"","context":"Article similaire","block_context":{"text":"Article similaire","link":""},"img":{"alt_text":"","src":"https:\/\/i0.wp.com\/m365-boutique.fr\/wp-content\/uploads\/2022\/06\/img_7053.jpeg?resize=350%2C200&ssl=1","width":350,"height":200,"srcset":"https:\/\/i0.wp.com\/m365-boutique.fr\/wp-content\/uploads\/2022\/06\/img_7053.jpeg?resize=350%2C200&ssl=1 1x, https:\/\/i0.wp.com\/m365-boutique.fr\/wp-content\/uploads\/2022\/06\/img_7053.jpeg?resize=525%2C300&ssl=1 1.5x, https:\/\/i0.wp.com\/m365-boutique.fr\/wp-content\/uploads\/2022\/06\/img_7053.jpeg?resize=700%2C400&ssl=1 2x, https:\/\/i0.wp.com\/m365-boutique.fr\/wp-content\/uploads\/2022\/06\/img_7053.jpeg?resize=1050%2C600&ssl=1 3x"},"classes":[]},{"id":551,"url":"https:\/\/m365-boutique.fr\/?product=kit-de-feux-de-signalements","url_meta":{"origin":651,"position":3},"title":"Clignotant pour trottinette","author":"m365boutique","date":"5 septembre 2020","format":false,"excerpt":"Feux de signalements arri\u00e8re et clignotant, id\u00e9al pour circuler en ville pour une s\u00e9curit\u00e9 optimal de jour comme de nuit. \u00a0Commande d\u2019indication de direction sans fil, facile \u00e0 installer.","rel":"","context":"Avec 2 commentaires","block_context":{"text":"Avec 2 commentaires","link":"https:\/\/m365-boutique.fr\/?product=kit-de-feux-de-signalements#comments"},"img":{"alt_text":"","src":"https:\/\/i0.wp.com\/m365-boutique.fr\/wp-content\/uploads\/2020\/09\/997DED5C-5755-4446-B0B4-66BAB3F14BC9.jpeg?resize=350%2C200&ssl=1","width":350,"height":200,"srcset":"https:\/\/i0.wp.com\/m365-boutique.fr\/wp-content\/uploads\/2020\/09\/997DED5C-5755-4446-B0B4-66BAB3F14BC9.jpeg?resize=350%2C200&ssl=1 1x, https:\/\/i0.wp.com\/m365-boutique.fr\/wp-content\/uploads\/2020\/09\/997DED5C-5755-4446-B0B4-66BAB3F14BC9.jpeg?resize=525%2C300&ssl=1 1.5x, https:\/\/i0.wp.com\/m365-boutique.fr\/wp-content\/uploads\/2020\/09\/997DED5C-5755-4446-B0B4-66BAB3F14BC9.jpeg?resize=700%2C400&ssl=1 2x, https:\/\/i0.wp.com\/m365-boutique.fr\/wp-content\/uploads\/2020\/09\/997DED5C-5755-4446-B0B4-66BAB3F14BC9.jpeg?resize=1050%2C600&ssl=1 3x"},"classes":[]},{"id":3581,"url":"https:\/\/m365-boutique.fr\/?product=sacoche-micro-usb-integre","url_meta":{"origin":651,"position":4},"title":"Sacoche Follow Up micro USB batterie externe int\u00e9gr\u00e9","author":"m365boutique","date":"29 f\u00e9vrier 2024","format":false,"excerpt":"Sacoche Follow Up Micro USB conn\u00e9ct\u00e9 - Gris - Tissu d\u00e9perlant - 3 Cables fourni ( USB type C\/MicroUSB\/Lightning ) Compatible pour Iphone\/Samsung\/PC portable jusqu'\u00e0 15.6\" - Batterie externe int\u00e9gr\u00e9e 7000 mAh - Port USB externe - Bandouli\u00e8re ajustable - Ce sac vous offre plusieurs rangements pour une organisation optimale\u2026","rel":"","context":"Article similaire","block_context":{"text":"Article similaire","link":""},"img":{"alt_text":"","src":"https:\/\/i0.wp.com\/m365-boutique.fr\/wp-content\/uploads\/2024\/02\/img_0799.jpeg?resize=350%2C200&ssl=1","width":350,"height":200},"classes":[]},{"id":3147,"url":"https:\/\/m365-boutique.fr\/?product=clignotant-pour-xiaomi-m365-m365-pro","url_meta":{"origin":651,"position":5},"title":"Clignotant pour Xiaomi M365\/M365 Pro\/Essential\/1S\/ Mi Scooter 3","author":"m365boutique","date":"2 juin 2023","format":false,"excerpt":"Ensemble de clignotant avant et arri\u00e8re pour trottinette Xiaomi M365 \/ M365 Pro \/ Essential \/ 1S \/ Mi Scooter 3 Id\u00e9al pour circuler en ville pour une s\u00e9curit\u00e9 optimale de jour comme de nuit. Installation facile, fournie avec les cables de branchement, commande d\u2019indication de direction, cache fil et\u2026","rel":"","context":"Article similaire","block_context":{"text":"Article similaire","link":""},"img":{"alt_text":"","src":"https:\/\/i0.wp.com\/m365-boutique.fr\/wp-content\/uploads\/2023\/06\/img_9636.jpeg?resize=350%2C200&ssl=1","width":350,"height":200,"srcset":"https:\/\/i0.wp.com\/m365-boutique.fr\/wp-content\/uploads\/2023\/06\/img_9636.jpeg?resize=350%2C200&ssl=1 1x, https:\/\/i0.wp.com\/m365-boutique.fr\/wp-content\/uploads\/2023\/06\/img_9636.jpeg?resize=525%2C300&ssl=1 1.5x, https:\/\/i0.wp.com\/m365-boutique.fr\/wp-content\/uploads\/2023\/06\/img_9636.jpeg?resize=700%2C400&ssl=1 2x"},"classes":[]}],"jetpack_sharing_enabled":true,"amp_enabled":true,"_links":{"self":[{"href":"https:\/\/m365-boutique.fr\/index.php?rest_route=\/wp\/v2\/product\/651","targetHints":{"allow":["GET"]}}],"collection":[{"href":"https:\/\/m365-boutique.fr\/index.php?rest_route=\/wp\/v2\/product"}],"about":[{"href":"https:\/\/m365-boutique.fr\/index.php?rest_route=\/wp\/v2\/types\/product"}],"replies":[{"embeddable":true,"href":"https:\/\/m365-boutique.fr\/index.php?rest_route=%2Fwp%2Fv2%2Fcomments&post=651"}],"wp:featuredmedia":[{"embeddable":true,"href":"https:\/\/m365-boutique.fr\/index.php?rest_route=\/wp\/v2\/media\/652"}],"wp:attachment":[{"href":"https:\/\/m365-boutique.fr\/index.php?rest_route=%2Fwp%2Fv2%2Fmedia&parent=651"}],"wp:term":[{"taxonomy":"product_brand","embeddable":true,"href":"https:\/\/m365-boutique.fr\/index.php?rest_route=%2Fwp%2Fv2%2Fproduct_brand&post=651"},{"taxonomy":"product_cat","embeddable":true,"href":"https:\/\/m365-boutique.fr\/index.php?rest_route=%2Fwp%2Fv2%2Fproduct_cat&post=651"},{"taxonomy":"product_tag","embeddable":true,"href":"https:\/\/m365-boutique.fr\/index.php?rest_route=%2Fwp%2Fv2%2Fproduct_tag&post=651"}],"curies":[{"name":"wp","href":"https:\/\/api.w.org\/{rel}","templated":true}]}}