{"id":715,"date":"2021-02-27T03:31:49","date_gmt":"2021-02-27T01:31:49","guid":{"rendered":"https:\/\/m365-boutique.fr\/produit\/produit"},"modified":"2024-06-24T09:42:54","modified_gmt":"2024-06-24T07:42:54","slug":"accelerateur-pour-xiaomi-m365","status":"publish","type":"product","link":"https:\/\/m365-boutique.fr\/?product=accelerateur-pour-xiaomi-m365","title":{"rendered":"Accelerateur pour Xiaomi M365"},"content":{"rendered":"<p>Accelerateur pour Xiaomi M365<\/p>\n","protected":false},"excerpt":{"rendered":"<p>Accelerateur pour Xiaomi M365<\/p>\n","protected":false},"featured_media":714,"comment_status":"open","ping_status":"closed","template":"","meta":[],"product_brand":[],"product_cat":[19],"product_tag":[],"class_list":{"0":"post-715","1":"product","2":"type-product","3":"status-publish","4":"has-post-thumbnail","6":"product_cat-boutique","8":"first","9":"instock","10":"sale","11":"purchasable","12":"product-type-simple"},"aioseo_notices":[],"jetpack-related-posts":[{"id":721,"url":"https:\/\/m365-boutique.fr\/?product=accelerateur-pour-xiaomi-m365-pro-essential-1s-mi-scooter-3","url_meta":{"origin":715,"position":0},"title":"Accelerateur pour Xiaomi M365 Pro\/Essential\/1S\/Mi Scooter 3","author":"m365boutique","date":"27 f\u00e9vrier 2021","format":false,"excerpt":"Acc\u00e9l\u00e9rateur pour Xiaomi M365 Pro \/ Essential \/ 1S \/ Mi Scooter 3","rel":"","context":"Avec 4 commentaires","block_context":{"text":"Avec 4 commentaires","link":"https:\/\/m365-boutique.fr\/?product=accelerateur-pour-xiaomi-m365-pro-essential-1s-mi-scooter-3#comments"},"img":{"alt_text":"","src":"https:\/\/i0.wp.com\/m365-boutique.fr\/wp-content\/uploads\/2021\/02\/img_4775.jpeg?resize=350%2C200&ssl=1","width":350,"height":200,"srcset":"https:\/\/i0.wp.com\/m365-boutique.fr\/wp-content\/uploads\/2021\/02\/img_4775.jpeg?resize=350%2C200&ssl=1 1x, https:\/\/i0.wp.com\/m365-boutique.fr\/wp-content\/uploads\/2021\/02\/img_4775.jpeg?resize=525%2C300&ssl=1 1.5x, https:\/\/i0.wp.com\/m365-boutique.fr\/wp-content\/uploads\/2021\/02\/img_4775.jpeg?resize=700%2C400&ssl=1 2x, https:\/\/i0.wp.com\/m365-boutique.fr\/wp-content\/uploads\/2021\/02\/img_4775.jpeg?resize=1050%2C600&ssl=1 3x"},"classes":[]},{"id":3610,"url":"https:\/\/m365-boutique.fr\/?product=accelerateur-pour-xiaomi-pro-4","url_meta":{"origin":715,"position":1},"title":"Acc\u00e9l\u00e9rateur pour Xiaomi Pro 4","author":"m365boutique","date":"19 mars 2024","format":false,"excerpt":"Acc\u00e9l\u00e9rateur pour Xiaomi Pro 4","rel":"","context":"Article similaire","block_context":{"text":"Article similaire","link":""},"img":{"alt_text":"","src":"https:\/\/i0.wp.com\/m365-boutique.fr\/wp-content\/uploads\/2024\/03\/img_0889.jpeg?resize=350%2C200&ssl=1","width":350,"height":200,"srcset":"https:\/\/i0.wp.com\/m365-boutique.fr\/wp-content\/uploads\/2024\/03\/img_0889.jpeg?resize=350%2C200&ssl=1 1x, https:\/\/i0.wp.com\/m365-boutique.fr\/wp-content\/uploads\/2024\/03\/img_0889.jpeg?resize=525%2C300&ssl=1 1.5x, https:\/\/i0.wp.com\/m365-boutique.fr\/wp-content\/uploads\/2024\/03\/img_0889.jpeg?resize=700%2C400&ssl=1 2x"},"classes":[]},{"id":1044,"url":"https:\/\/m365-boutique.fr\/?product=moteur-pour-xiaomi-m365-pro","url_meta":{"origin":715,"position":2},"title":"Moteur pour Xiaomi M365 Pro","author":"m365boutique","date":"8 juin 2021","format":false,"excerpt":"Moteur avec pneu et chambre a air pour Xiaomi M365 Pro. Dot\u00e9 d'une puissance de 350W qui vous procurera une acc\u00e9l\u00e9ration rapide et \u00e9galement de mont\u00e9e en pente plus facilement.","rel":"","context":"Avec 1 commentaire","block_context":{"text":"Avec 1 commentaire","link":"https:\/\/m365-boutique.fr\/?product=moteur-pour-xiaomi-m365-pro#comments"},"img":{"alt_text":"","src":"https:\/\/i0.wp.com\/m365-boutique.fr\/wp-content\/uploads\/2021\/06\/img_5299.jpeg?resize=350%2C200&ssl=1","width":350,"height":200,"srcset":"https:\/\/i0.wp.com\/m365-boutique.fr\/wp-content\/uploads\/2021\/06\/img_5299.jpeg?resize=350%2C200&ssl=1 1x, https:\/\/i0.wp.com\/m365-boutique.fr\/wp-content\/uploads\/2021\/06\/img_5299.jpeg?resize=525%2C300&ssl=1 1.5x, https:\/\/i0.wp.com\/m365-boutique.fr\/wp-content\/uploads\/2021\/06\/img_5299.jpeg?resize=700%2C400&ssl=1 2x, https:\/\/i0.wp.com\/m365-boutique.fr\/wp-content\/uploads\/2021\/06\/img_5299.jpeg?resize=1050%2C600&ssl=1 3x"},"classes":[]},{"id":406,"url":"https:\/\/m365-boutique.fr\/?product=autocollant-de-protection-tableau-de-bord-pour-xiaomi-m365-m365-pro-essential-1s-mi-scooter-3","url_meta":{"origin":715,"position":3},"title":"Autocollant de protection pour Xiaomi M365\/M365 Pro\/Essential\/1S\/Mi Scooter 3","author":"m365boutique","date":"6 juillet 2020","format":false,"excerpt":"Autocollant de protection tableau de bord et acc\u00e9l\u00e9rateur en carbone pour Xiaomi M365 \/ M365 Pro \/ Essential \/ 1S \/ Mi Scooter 3","rel":"","context":"Avec 15 commentaires","block_context":{"text":"Avec 15 commentaires","link":"https:\/\/m365-boutique.fr\/?product=autocollant-de-protection-tableau-de-bord-pour-xiaomi-m365-m365-pro-essential-1s-mi-scooter-3#comments"},"img":{"alt_text":"","src":"https:\/\/i0.wp.com\/m365-boutique.fr\/wp-content\/uploads\/2023\/05\/img_9507.jpeg?resize=350%2C200&ssl=1","width":350,"height":200,"srcset":"https:\/\/i0.wp.com\/m365-boutique.fr\/wp-content\/uploads\/2023\/05\/img_9507.jpeg?resize=350%2C200&ssl=1 1x, https:\/\/i0.wp.com\/m365-boutique.fr\/wp-content\/uploads\/2023\/05\/img_9507.jpeg?resize=525%2C300&ssl=1 1.5x, https:\/\/i0.wp.com\/m365-boutique.fr\/wp-content\/uploads\/2023\/05\/img_9507.jpeg?resize=700%2C400&ssl=1 2x, https:\/\/i0.wp.com\/m365-boutique.fr\/wp-content\/uploads\/2023\/05\/img_9507.jpeg?resize=1050%2C600&ssl=1 3x"},"classes":[]},{"id":1040,"url":"https:\/\/m365-boutique.fr\/?product=moteur-pour-xiaomi-m365-essential-1s-mi-scooter-3","url_meta":{"origin":715,"position":4},"title":"Moteur pour Xiaomi M365\/Essential\/1S\/Mi Scooter 3","author":"m365boutique","date":"8 juin 2021","format":false,"excerpt":"Moteur avec pneu et chambre a air pour Xiaomi M365 \/ Essential \/ 1S \/ Mi Scooter 3 Dot\u00e9 d'une puissance de 350W qui vous procurera une acc\u00e9l\u00e9ration rapide et \u00e9galement de mont\u00e9e en pente plus facilement.","rel":"","context":"Article similaire","block_context":{"text":"Article similaire","link":""},"img":{"alt_text":"","src":"https:\/\/i0.wp.com\/m365-boutique.fr\/wp-content\/uploads\/2021\/06\/img_5298-1.jpeg?resize=350%2C200&ssl=1","width":350,"height":200,"srcset":"https:\/\/i0.wp.com\/m365-boutique.fr\/wp-content\/uploads\/2021\/06\/img_5298-1.jpeg?resize=350%2C200&ssl=1 1x, https:\/\/i0.wp.com\/m365-boutique.fr\/wp-content\/uploads\/2021\/06\/img_5298-1.jpeg?resize=525%2C300&ssl=1 1.5x, https:\/\/i0.wp.com\/m365-boutique.fr\/wp-content\/uploads\/2021\/06\/img_5298-1.jpeg?resize=700%2C400&ssl=1 2x, https:\/\/i0.wp.com\/m365-boutique.fr\/wp-content\/uploads\/2021\/06\/img_5298-1.jpeg?resize=1050%2C600&ssl=1 3x"},"classes":[]},{"id":1193,"url":"https:\/\/m365-boutique.fr\/?product=suspension-arriere-monorim-pour-xiaomi-m365-m365-pro-essential-1s-mi-scooter-3","url_meta":{"origin":715,"position":5},"title":"Suspension arri\u00e8re Monorim pour Xiaomi M365\/M365 Pro\/Essential\/1S\/Mi Scooter 3","author":"m365boutique","date":"27 juillet 2021","format":false,"excerpt":"Suspension arri\u00e8re Monorim pour Xiaomi M365 \/ M365 Pro \/ Essential \/ 1S \/ Mi Scooter 3 Si vous cherchez plus de confort lors de vos d\u00e9placements en trottinette alors vous \u00eates au bon endroit. De plus, ces suspensions vous assurent plus de stabilit\u00e9 et vous permettent donc de rouler\u2026","rel":"","context":"Avec 2 commentaires","block_context":{"text":"Avec 2 commentaires","link":"https:\/\/m365-boutique.fr\/?product=suspension-arriere-monorim-pour-xiaomi-m365-m365-pro-essential-1s-mi-scooter-3#comments"},"img":{"alt_text":"","src":"https:\/\/i0.wp.com\/m365-boutique.fr\/wp-content\/uploads\/2021\/07\/img_5550.jpeg?resize=350%2C200&ssl=1","width":350,"height":200,"srcset":"https:\/\/i0.wp.com\/m365-boutique.fr\/wp-content\/uploads\/2021\/07\/img_5550.jpeg?resize=350%2C200&ssl=1 1x, https:\/\/i0.wp.com\/m365-boutique.fr\/wp-content\/uploads\/2021\/07\/img_5550.jpeg?resize=525%2C300&ssl=1 1.5x, https:\/\/i0.wp.com\/m365-boutique.fr\/wp-content\/uploads\/2021\/07\/img_5550.jpeg?resize=700%2C400&ssl=1 2x, https:\/\/i0.wp.com\/m365-boutique.fr\/wp-content\/uploads\/2021\/07\/img_5550.jpeg?resize=1050%2C600&ssl=1 3x"},"classes":[]}],"jetpack_sharing_enabled":true,"amp_enabled":true,"_links":{"self":[{"href":"https:\/\/m365-boutique.fr\/index.php?rest_route=\/wp\/v2\/product\/715","targetHints":{"allow":["GET"]}}],"collection":[{"href":"https:\/\/m365-boutique.fr\/index.php?rest_route=\/wp\/v2\/product"}],"about":[{"href":"https:\/\/m365-boutique.fr\/index.php?rest_route=\/wp\/v2\/types\/product"}],"replies":[{"embeddable":true,"href":"https:\/\/m365-boutique.fr\/index.php?rest_route=%2Fwp%2Fv2%2Fcomments&post=715"}],"wp:featuredmedia":[{"embeddable":true,"href":"https:\/\/m365-boutique.fr\/index.php?rest_route=\/wp\/v2\/media\/714"}],"wp:attachment":[{"href":"https:\/\/m365-boutique.fr\/index.php?rest_route=%2Fwp%2Fv2%2Fmedia&parent=715"}],"wp:term":[{"taxonomy":"product_brand","embeddable":true,"href":"https:\/\/m365-boutique.fr\/index.php?rest_route=%2Fwp%2Fv2%2Fproduct_brand&post=715"},{"taxonomy":"product_cat","embeddable":true,"href":"https:\/\/m365-boutique.fr\/index.php?rest_route=%2Fwp%2Fv2%2Fproduct_cat&post=715"},{"taxonomy":"product_tag","embeddable":true,"href":"https:\/\/m365-boutique.fr\/index.php?rest_route=%2Fwp%2Fv2%2Fproduct_tag&post=715"}],"curies":[{"name":"wp","href":"https:\/\/api.w.org\/{rel}","templated":true}]}}