{"id":876,"date":"2021-04-07T21:28:47","date_gmt":"2021-04-07T19:28:47","guid":{"rendered":"https:\/\/m365-boutique.fr\/produit\/baterrie-pour-xiaomi-m365"},"modified":"2025-05-06T12:26:58","modified_gmt":"2025-05-06T10:26:58","slug":"baterrie-pour-xiaomi-m365-essential-1s","status":"publish","type":"product","link":"https:\/\/m365-boutique.fr\/?product=baterrie-pour-xiaomi-m365-essential-1s","title":{"rendered":"Batterie pour Xiaomi M365\/Essential\/1S"},"content":{"rendered":"<p>Batterie 36V pour Xiaomi M36<span style=\"font-family: Arial, Helvetica, sans-serif;font-size: 12px;font-style: normal;font-weight: normal;letter-spacing: normal;text-align: start;text-indent: 0px;text-transform: none;text-decoration: none;float: none\">5 \/ Essential \/ 1S<\/span><\/p>\n<p><span style=\"font-family: Arial, Helvetica, sans-serif;font-size: 12px;font-style: normal;font-weight: normal;letter-spacing: normal;text-align: start;text-indent: 0px;text-transform: none;text-decoration: none;float: none\">Capacit\u00e9 M365 : 7 800 mAh<\/span><\/p>\n","protected":false},"excerpt":{"rendered":"<p>Batterie 36V pour Xiaomi M365 \/ Essential \/ 1S Capacit\u00e9 M365 : 7 800 mAh<\/p>\n","protected":false},"featured_media":961,"comment_status":"open","ping_status":"closed","template":"","meta":[],"product_brand":[],"product_cat":[19],"product_tag":[],"class_list":{"0":"post-876","1":"product","2":"type-product","3":"status-publish","4":"has-post-thumbnail","6":"product_cat-boutique","8":"first","9":"instock","10":"sale","11":"purchasable","12":"product-type-simple"},"aioseo_notices":[],"jetpack-related-posts":[{"id":880,"url":"https:\/\/m365-boutique.fr\/?product=batterie-pour-xiaomi-m365-pro","url_meta":{"origin":876,"position":0},"title":"Batterie pour Xiaomi M365 Pro","author":"m365boutique","date":"7 avril 2021","format":false,"excerpt":"Batterie 36V pour Xiaomi M365 Pro Capacit\u00e9 : 12 800 mAh","rel":"","context":"Avec 1 commentaire","block_context":{"text":"Avec 1 commentaire","link":"https:\/\/m365-boutique.fr\/?product=batterie-pour-xiaomi-m365-pro#comments"},"img":{"alt_text":"","src":"https:\/\/i0.wp.com\/m365-boutique.fr\/wp-content\/uploads\/2021\/04\/img_4994.jpeg?resize=350%2C200&ssl=1","width":350,"height":200,"srcset":"https:\/\/i0.wp.com\/m365-boutique.fr\/wp-content\/uploads\/2021\/04\/img_4994.jpeg?resize=350%2C200&ssl=1 1x, https:\/\/i0.wp.com\/m365-boutique.fr\/wp-content\/uploads\/2021\/04\/img_4994.jpeg?resize=525%2C300&ssl=1 1.5x, https:\/\/i0.wp.com\/m365-boutique.fr\/wp-content\/uploads\/2021\/04\/img_4994.jpeg?resize=700%2C400&ssl=1 2x, https:\/\/i0.wp.com\/m365-boutique.fr\/wp-content\/uploads\/2021\/04\/img_4994.jpeg?resize=1050%2C600&ssl=1 3x"},"classes":[]},{"id":1061,"url":"https:\/\/m365-boutique.fr\/?product=vis-couvercle-de-batterie-pour-xiaomi-m365-m365-pro-essential-1s-mi-scooter-3","url_meta":{"origin":876,"position":1},"title":"Vis couvercle de batterie pour Xiaomi M365\/M365 Pro\/Essential\/1S\/Mi Scooter 3","author":"m365boutique","date":"9 juin 2021","format":false,"excerpt":"17 Vis couvre batterie pour Xiaomi M365 \/ M365 Pro \/ Essential \/ 1S \/ Mi Scooter 3","rel":"","context":"Avec 1 commentaire","block_context":{"text":"Avec 1 commentaire","link":"https:\/\/m365-boutique.fr\/?product=vis-couvercle-de-batterie-pour-xiaomi-m365-m365-pro-essential-1s-mi-scooter-3#comments"},"img":{"alt_text":"","src":"https:\/\/i0.wp.com\/m365-boutique.fr\/wp-content\/uploads\/2021\/06\/img_5319.jpeg?resize=350%2C200&ssl=1","width":350,"height":200,"srcset":"https:\/\/i0.wp.com\/m365-boutique.fr\/wp-content\/uploads\/2021\/06\/img_5319.jpeg?resize=350%2C200&ssl=1 1x, https:\/\/i0.wp.com\/m365-boutique.fr\/wp-content\/uploads\/2021\/06\/img_5319.jpeg?resize=525%2C300&ssl=1 1.5x, https:\/\/i0.wp.com\/m365-boutique.fr\/wp-content\/uploads\/2021\/06\/img_5319.jpeg?resize=700%2C400&ssl=1 2x, https:\/\/i0.wp.com\/m365-boutique.fr\/wp-content\/uploads\/2021\/06\/img_5319.jpeg?resize=1050%2C600&ssl=1 3x"},"classes":[]},{"id":868,"url":"https:\/\/m365-boutique.fr\/?product=cache-prise-baterrie-pour-xiaomi-m365-m365-pro-essential-1s-mi-scooter-3","url_meta":{"origin":876,"position":2},"title":"Cache prise batterie pour Xiaomi M365\/M365 Pro\/Essential\/1S\/Mi Scooter 3","author":"m365boutique","date":"7 avril 2021","format":false,"excerpt":"Protection prise batterie pour Xiaomi M365 \/ M365 Pro \/ Essential \/ 1S \/ Mi Scooter 3 Cache aimant\u00e9 pour les modeles M365 Pro \/ Essential \/ 1S \/ Mi Scooter 3 qui permet de prot\u00e9ger des gouttes d'eau.","rel":"","context":"Avec 2 commentaires","block_context":{"text":"Avec 2 commentaires","link":"https:\/\/m365-boutique.fr\/?product=cache-prise-baterrie-pour-xiaomi-m365-m365-pro-essential-1s-mi-scooter-3#comments"},"img":{"alt_text":"","src":"https:\/\/i0.wp.com\/m365-boutique.fr\/wp-content\/uploads\/2021\/04\/img_4985.jpeg?resize=350%2C200&ssl=1","width":350,"height":200,"srcset":"https:\/\/i0.wp.com\/m365-boutique.fr\/wp-content\/uploads\/2021\/04\/img_4985.jpeg?resize=350%2C200&ssl=1 1x, https:\/\/i0.wp.com\/m365-boutique.fr\/wp-content\/uploads\/2021\/04\/img_4985.jpeg?resize=525%2C300&ssl=1 1.5x, https:\/\/i0.wp.com\/m365-boutique.fr\/wp-content\/uploads\/2021\/04\/img_4985.jpeg?resize=700%2C400&ssl=1 2x, https:\/\/i0.wp.com\/m365-boutique.fr\/wp-content\/uploads\/2021\/04\/img_4985.jpeg?resize=1050%2C600&ssl=1 3x"},"classes":[]},{"id":663,"url":"https:\/\/m365-boutique.fr\/?product=bms-complet-pour-xiaomi-m365-m365-pro-essential-1s-mi-scooter-3","url_meta":{"origin":876,"position":3},"title":"BMS complet pour Xiaomi M365\/Essential\/1S","author":"m365boutique","date":"11 novembre 2020","format":false,"excerpt":"BMS (Battery System Management) pour batterie de Xiaomi M365 \/M365 Pro \/ Essential \/ 1S Si votre de batterie ne marche plus (pas de clignotement des LED ou clignote rouge) alors il y a 90% de chance que ce soit un probl\u00e8me avec le BMS. Le BMS est fourni avec\u2026","rel":"","context":"Avec 3 commentaires","block_context":{"text":"Avec 3 commentaires","link":"https:\/\/m365-boutique.fr\/?product=bms-complet-pour-xiaomi-m365-m365-pro-essential-1s-mi-scooter-3#comments"},"img":{"alt_text":"","src":"https:\/\/i0.wp.com\/m365-boutique.fr\/wp-content\/uploads\/2020\/11\/007882D1-1E36-4D4A-9298-83B7D00AF35B.jpeg?resize=350%2C200&ssl=1","width":350,"height":200,"srcset":"https:\/\/i0.wp.com\/m365-boutique.fr\/wp-content\/uploads\/2020\/11\/007882D1-1E36-4D4A-9298-83B7D00AF35B.jpeg?resize=350%2C200&ssl=1 1x, https:\/\/i0.wp.com\/m365-boutique.fr\/wp-content\/uploads\/2020\/11\/007882D1-1E36-4D4A-9298-83B7D00AF35B.jpeg?resize=525%2C300&ssl=1 1.5x, https:\/\/i0.wp.com\/m365-boutique.fr\/wp-content\/uploads\/2020\/11\/007882D1-1E36-4D4A-9298-83B7D00AF35B.jpeg?resize=700%2C400&ssl=1 2x, https:\/\/i0.wp.com\/m365-boutique.fr\/wp-content\/uploads\/2020\/11\/007882D1-1E36-4D4A-9298-83B7D00AF35B.jpeg?resize=1050%2C600&ssl=1 3x"},"classes":[]},{"id":1899,"url":"https:\/\/m365-boutique.fr\/?product=cable-de-connexion-feux-arriere-pour-xiaomi-m365-m365-pro-essential-1s-mi-scooter-3","url_meta":{"origin":876,"position":4},"title":"C\u00e2ble de connexion feux arri\u00e8re pour Xiaomi M365\/M365 Pro\/Essential\/1S\/Mi Scooter 3","author":"m365boutique","date":"9 mai 2022","format":false,"excerpt":"C\u00e2ble de conexion feux arri\u00e8re pour Xiaomi M365 \/ M365 Pro \/ Essential \/ 1S \/ Mi Scooter 3 Permet de remplacer le c\u00e2ble qui relie la batterie \u00e0 votre feux arri\u00e8re de trottinette \u00e9lectrique.","rel":"","context":"Avec 6 commentaires","block_context":{"text":"Avec 6 commentaires","link":"https:\/\/m365-boutique.fr\/?product=cable-de-connexion-feux-arriere-pour-xiaomi-m365-m365-pro-essential-1s-mi-scooter-3#comments"},"img":{"alt_text":"","src":"https:\/\/i0.wp.com\/m365-boutique.fr\/wp-content\/uploads\/2022\/05\/img_6749.jpeg?resize=350%2C200&ssl=1","width":350,"height":200,"srcset":"https:\/\/i0.wp.com\/m365-boutique.fr\/wp-content\/uploads\/2022\/05\/img_6749.jpeg?resize=350%2C200&ssl=1 1x, https:\/\/i0.wp.com\/m365-boutique.fr\/wp-content\/uploads\/2022\/05\/img_6749.jpeg?resize=525%2C300&ssl=1 1.5x, https:\/\/i0.wp.com\/m365-boutique.fr\/wp-content\/uploads\/2022\/05\/img_6749.jpeg?resize=700%2C400&ssl=1 2x, https:\/\/i0.wp.com\/m365-boutique.fr\/wp-content\/uploads\/2022\/05\/img_6749.jpeg?resize=1050%2C600&ssl=1 3x"},"classes":[]},{"id":1621,"url":"https:\/\/m365-boutique.fr\/?product=bloc-disque-pour-xiaomi-m365-m365-pro-essential-1s-mi-scooter-3","url_meta":{"origin":876,"position":5},"title":"Bloc disque pour Xiaomi M365\/M365 Pro\/Essential\/1S\/Mi Scooter 3","author":"m365boutique","date":"9 d\u00e9cembre 2021","format":false,"excerpt":"Bloc disque pour Xiaomi M365 \/ M365 Pro \/Essential \/ 1S \/ Mi Scooter 3 permettant de s\u00e9curiser votre trottinette. Convient aux freins \u00e0 disque d'une \u00e9paisseur inf\u00e9rieure \u00e0 7 mm. Vendu avec la cordelette d'attache et son support a fixer.","rel":"","context":"Article similaire","block_context":{"text":"Article similaire","link":""},"img":{"alt_text":"","src":"https:\/\/i0.wp.com\/m365-boutique.fr\/wp-content\/uploads\/2021\/12\/img_6061.jpeg?resize=350%2C200&ssl=1","width":350,"height":200,"srcset":"https:\/\/i0.wp.com\/m365-boutique.fr\/wp-content\/uploads\/2021\/12\/img_6061.jpeg?resize=350%2C200&ssl=1 1x, https:\/\/i0.wp.com\/m365-boutique.fr\/wp-content\/uploads\/2021\/12\/img_6061.jpeg?resize=525%2C300&ssl=1 1.5x, https:\/\/i0.wp.com\/m365-boutique.fr\/wp-content\/uploads\/2021\/12\/img_6061.jpeg?resize=700%2C400&ssl=1 2x, https:\/\/i0.wp.com\/m365-boutique.fr\/wp-content\/uploads\/2021\/12\/img_6061.jpeg?resize=1050%2C600&ssl=1 3x"},"classes":[]}],"jetpack_sharing_enabled":true,"amp_enabled":true,"_links":{"self":[{"href":"https:\/\/m365-boutique.fr\/index.php?rest_route=\/wp\/v2\/product\/876","targetHints":{"allow":["GET"]}}],"collection":[{"href":"https:\/\/m365-boutique.fr\/index.php?rest_route=\/wp\/v2\/product"}],"about":[{"href":"https:\/\/m365-boutique.fr\/index.php?rest_route=\/wp\/v2\/types\/product"}],"replies":[{"embeddable":true,"href":"https:\/\/m365-boutique.fr\/index.php?rest_route=%2Fwp%2Fv2%2Fcomments&post=876"}],"wp:featuredmedia":[{"embeddable":true,"href":"https:\/\/m365-boutique.fr\/index.php?rest_route=\/wp\/v2\/media\/961"}],"wp:attachment":[{"href":"https:\/\/m365-boutique.fr\/index.php?rest_route=%2Fwp%2Fv2%2Fmedia&parent=876"}],"wp:term":[{"taxonomy":"product_brand","embeddable":true,"href":"https:\/\/m365-boutique.fr\/index.php?rest_route=%2Fwp%2Fv2%2Fproduct_brand&post=876"},{"taxonomy":"product_cat","embeddable":true,"href":"https:\/\/m365-boutique.fr\/index.php?rest_route=%2Fwp%2Fv2%2Fproduct_cat&post=876"},{"taxonomy":"product_tag","embeddable":true,"href":"https:\/\/m365-boutique.fr\/index.php?rest_route=%2Fwp%2Fv2%2Fproduct_tag&post=876"}],"curies":[{"name":"wp","href":"https:\/\/api.w.org\/{rel}","templated":true}]}}