{"id":908,"date":"2021-04-07T22:45:15","date_gmt":"2021-04-07T20:45:15","guid":{"rendered":"https:\/\/m365-boutique.fr\/produit\/phare-avant-pour-xiaomi-m365-m365-pro"},"modified":"2024-04-15T15:16:41","modified_gmt":"2024-04-15T13:16:41","slug":"phare-avant-pour-xiaomi-m365-m365-pro-essential-1s","status":"publish","type":"product","link":"https:\/\/m365-boutique.fr\/?product=phare-avant-pour-xiaomi-m365-m365-pro-essential-1s","title":{"rendered":"Phare avant pour Xiaomi M365\/M365 Pro\/Essential\/1S"},"content":{"rendered":"<p><span style=\"font-family: Arial, Helvetica, sans-serif;font-size: 12px;font-style: normal;font-weight: normal;letter-spacing: normal;text-align: start;text-indent: 0px;text-transform: none;text-decoration: none;float: none\">Phare d&#8217;origine pour Xiaomi M365 \/ M365 Pro \/ Essential \/1S<\/span>.<span style=\"font-family: Arial, Helvetica, sans-serif;font-size: 12px;font-style: normal;font-weight: normal;letter-spacing: normal;text-align: start;text-indent: 0px;text-transform: none;text-decoration: none;float: none\"> <\/span><\/p>\n<p><span style=\"font-family: Arial, Helvetica, sans-serif;font-size: 12px;font-style: normal;font-weight: normal;letter-spacing: normal;text-align: start;text-indent: 0px;text-transform: none;text-decoration: none;float: none\">Facile et rapide \u00e0 installer.<\/span><\/p>\n","protected":false},"excerpt":{"rendered":"<p>Phare d&#8217;origine pour Xiaomi M365 \/ M365 Pro \/ Essential \/1S. Facile et rapide \u00e0 installer.<\/p>\n","protected":false},"featured_media":906,"comment_status":"open","ping_status":"closed","template":"","meta":[],"product_brand":[],"product_cat":[19],"product_tag":[],"class_list":{"0":"post-908","1":"product","2":"type-product","3":"status-publish","4":"has-post-thumbnail","6":"product_cat-boutique","8":"first","9":"instock","10":"sale","11":"purchasable","12":"product-type-simple"},"aioseo_notices":[],"jetpack-related-posts":[{"id":435,"url":"https:\/\/m365-boutique.fr\/?product=retroviseur-pour-xiaomi-m365-m365-pro-essential-1s-mi-scooter-3","url_meta":{"origin":908,"position":0},"title":"R\u00e9troviseur pour Xiaomi M365\/M365 Pro\/Essential\/1S","author":"m365boutique","date":"12 juillet 2020","format":false,"excerpt":"R\u00e9troviseur pour Xiaomi M365 \/ M365 Pro \/ Essential \/ 1S. installation facile et rapide. Taile Mini ou Standard","rel":"","context":"Avec 4 commentaires","block_context":{"text":"Avec 4 commentaires","link":"https:\/\/m365-boutique.fr\/?product=retroviseur-pour-xiaomi-m365-m365-pro-essential-1s-mi-scooter-3#comments"},"img":{"alt_text":"","src":"https:\/\/i0.wp.com\/m365-boutique.fr\/wp-content\/uploads\/2020\/07\/7E80C7D8-14D5-471C-9047-E4401AA09BF7.jpeg?resize=350%2C200&ssl=1","width":350,"height":200,"srcset":"https:\/\/i0.wp.com\/m365-boutique.fr\/wp-content\/uploads\/2020\/07\/7E80C7D8-14D5-471C-9047-E4401AA09BF7.jpeg?resize=350%2C200&ssl=1 1x, https:\/\/i0.wp.com\/m365-boutique.fr\/wp-content\/uploads\/2020\/07\/7E80C7D8-14D5-471C-9047-E4401AA09BF7.jpeg?resize=525%2C300&ssl=1 1.5x, https:\/\/i0.wp.com\/m365-boutique.fr\/wp-content\/uploads\/2020\/07\/7E80C7D8-14D5-471C-9047-E4401AA09BF7.jpeg?resize=700%2C400&ssl=1 2x, https:\/\/i0.wp.com\/m365-boutique.fr\/wp-content\/uploads\/2020\/07\/7E80C7D8-14D5-471C-9047-E4401AA09BF7.jpeg?resize=1050%2C600&ssl=1 3x"},"classes":[]},{"id":1087,"url":"https:\/\/m365-boutique.fr\/?product=controleur-pour-xiaomi-m365-m365-pro-essential-1s-mi-scooter-3","url_meta":{"origin":908,"position":1},"title":"Contr\u00f4leur pour Xiaomi M365\/M365 Pro\/Essential\/1S\/Mi Scooter 3","author":"m365boutique","date":"21 juin 2021","format":false,"excerpt":"Contr\u00f4leur pour Xiaomi M365 \/ M365 Pro \/ Essential \/ 1S \/ Essential \/ 1S Facile d'installation et compatibilit\u00e9 parfaite","rel":"","context":"Avec 2 commentaires","block_context":{"text":"Avec 2 commentaires","link":"https:\/\/m365-boutique.fr\/?product=controleur-pour-xiaomi-m365-m365-pro-essential-1s-mi-scooter-3#comments"},"img":{"alt_text":"","src":"https:\/\/i0.wp.com\/m365-boutique.fr\/wp-content\/uploads\/2021\/04\/img_4972.jpeg?resize=350%2C200&ssl=1","width":350,"height":200,"srcset":"https:\/\/i0.wp.com\/m365-boutique.fr\/wp-content\/uploads\/2021\/04\/img_4972.jpeg?resize=350%2C200&ssl=1 1x, https:\/\/i0.wp.com\/m365-boutique.fr\/wp-content\/uploads\/2021\/04\/img_4972.jpeg?resize=525%2C300&ssl=1 1.5x, https:\/\/i0.wp.com\/m365-boutique.fr\/wp-content\/uploads\/2021\/04\/img_4972.jpeg?resize=700%2C400&ssl=1 2x, https:\/\/i0.wp.com\/m365-boutique.fr\/wp-content\/uploads\/2021\/04\/img_4972.jpeg?resize=1050%2C600&ssl=1 3x"},"classes":[]},{"id":3147,"url":"https:\/\/m365-boutique.fr\/?product=clignotant-pour-xiaomi-m365-m365-pro","url_meta":{"origin":908,"position":2},"title":"Clignotant pour Xiaomi M365\/M365 Pro\/Essential\/1S\/ Mi Scooter 3","author":"m365boutique","date":"2 juin 2023","format":false,"excerpt":"Ensemble de clignotant avant et arri\u00e8re pour trottinette Xiaomi M365 \/ M365 Pro \/ Essential \/ 1S \/ Mi Scooter 3 Id\u00e9al pour circuler en ville pour une s\u00e9curit\u00e9 optimale de jour comme de nuit. Installation facile, fournie avec les cables de branchement, commande d\u2019indication de direction, cache fil et\u2026","rel":"","context":"Article similaire","block_context":{"text":"Article similaire","link":""},"img":{"alt_text":"","src":"https:\/\/i0.wp.com\/m365-boutique.fr\/wp-content\/uploads\/2023\/06\/img_9636.jpeg?resize=350%2C200&ssl=1","width":350,"height":200,"srcset":"https:\/\/i0.wp.com\/m365-boutique.fr\/wp-content\/uploads\/2023\/06\/img_9636.jpeg?resize=350%2C200&ssl=1 1x, https:\/\/i0.wp.com\/m365-boutique.fr\/wp-content\/uploads\/2023\/06\/img_9636.jpeg?resize=525%2C300&ssl=1 1.5x, https:\/\/i0.wp.com\/m365-boutique.fr\/wp-content\/uploads\/2023\/06\/img_9636.jpeg?resize=700%2C400&ssl=1 2x"},"classes":[]},{"id":327,"url":"https:\/\/m365-boutique.fr\/?product=protection-en-silicone-pour-xiaomi-m365-m365-pro-essential-1s-mi-scooter-3","url_meta":{"origin":908,"position":3},"title":"Protection en silicone pour Xiaomi M365\/M365 Pro\/Essential\/1S\/Mi Scooter 3","author":"m365boutique","date":"26 mai 2020","format":false,"excerpt":"Protection en silicone pour poign\u00e9e de frein pour Xiaomi M365 \/ M365 Pro \/ Essential \/ 1S \/ Mi Scooter 3 Am\u00e9liore la sensation, doux, confortable et facile \u00e0 installer. couleur : NOIR","rel":"","context":"Avec 1 commentaire","block_context":{"text":"Avec 1 commentaire","link":"https:\/\/m365-boutique.fr\/?product=protection-en-silicone-pour-xiaomi-m365-m365-pro-essential-1s-mi-scooter-3#comments"},"img":{"alt_text":"","src":"https:\/\/i0.wp.com\/m365-boutique.fr\/wp-content\/uploads\/2020\/05\/55549F13-CCD7-42B7-B28C-39296D4E8F3A.jpeg?resize=350%2C200&ssl=1","width":350,"height":200,"srcset":"https:\/\/i0.wp.com\/m365-boutique.fr\/wp-content\/uploads\/2020\/05\/55549F13-CCD7-42B7-B28C-39296D4E8F3A.jpeg?resize=350%2C200&ssl=1 1x, https:\/\/i0.wp.com\/m365-boutique.fr\/wp-content\/uploads\/2020\/05\/55549F13-CCD7-42B7-B28C-39296D4E8F3A.jpeg?resize=525%2C300&ssl=1 1.5x, https:\/\/i0.wp.com\/m365-boutique.fr\/wp-content\/uploads\/2020\/05\/55549F13-CCD7-42B7-B28C-39296D4E8F3A.jpeg?resize=700%2C400&ssl=1 2x, https:\/\/i0.wp.com\/m365-boutique.fr\/wp-content\/uploads\/2020\/05\/55549F13-CCD7-42B7-B28C-39296D4E8F3A.jpeg?resize=1050%2C600&ssl=1 3x"},"classes":[]},{"id":461,"url":"https:\/\/m365-boutique.fr\/?product=crochet-de-pliage-pour-xiaomi-m365-m365-pro-essential-1s-mi-scooter-3","url_meta":{"origin":908,"position":4},"title":"Crochet de pliage pour Xiaomi M365\/M365 Pro\/Essential\/1S\/Mi Scooter 3","author":"m365boutique","date":"25 juillet 2020","format":false,"excerpt":"Crochet d\u2019aide au pliage pour trottinette M365 \/ M365 Pro \/ Essential \/ 1S \/ Mi Scooter 3 Pratique et facile \u00e0 installer. COULEUR : NOIR","rel":"","context":"Avec 2 commentaires","block_context":{"text":"Avec 2 commentaires","link":"https:\/\/m365-boutique.fr\/?product=crochet-de-pliage-pour-xiaomi-m365-m365-pro-essential-1s-mi-scooter-3#comments"},"img":{"alt_text":"","src":"https:\/\/i0.wp.com\/m365-boutique.fr\/wp-content\/uploads\/2020\/07\/F86E0DAF-B04A-4149-99B1-C3B891F5E61D.jpeg?resize=350%2C200&ssl=1","width":350,"height":200,"srcset":"https:\/\/i0.wp.com\/m365-boutique.fr\/wp-content\/uploads\/2020\/07\/F86E0DAF-B04A-4149-99B1-C3B891F5E61D.jpeg?resize=350%2C200&ssl=1 1x, https:\/\/i0.wp.com\/m365-boutique.fr\/wp-content\/uploads\/2020\/07\/F86E0DAF-B04A-4149-99B1-C3B891F5E61D.jpeg?resize=525%2C300&ssl=1 1.5x, https:\/\/i0.wp.com\/m365-boutique.fr\/wp-content\/uploads\/2020\/07\/F86E0DAF-B04A-4149-99B1-C3B891F5E61D.jpeg?resize=700%2C400&ssl=1 2x, https:\/\/i0.wp.com\/m365-boutique.fr\/wp-content\/uploads\/2020\/07\/F86E0DAF-B04A-4149-99B1-C3B891F5E61D.jpeg?resize=1050%2C600&ssl=1 3x"},"classes":[]},{"id":3376,"url":"https:\/\/m365-boutique.fr\/?product=guidon-pour-xiaomi-m365-m365-pro-essential-1s-mi-scooter-3","url_meta":{"origin":908,"position":5},"title":"Guidon pour Xiaomi M365\/M365 Pro\/Essential\/1S\/Mi Scooter 3","author":"m365boutique","date":"29 septembre 2023","format":false,"excerpt":"Guidon pour trottinette Xiaomi M365 \/ M365 Pro \/ Essential \/ 1S \/ Mi Scooter 3. Dimension identique a l'original, facile d'installation.","rel":"","context":"Article similaire","block_context":{"text":"Article similaire","link":""},"img":{"alt_text":"","src":"https:\/\/i0.wp.com\/m365-boutique.fr\/wp-content\/uploads\/2023\/09\/img_0096.jpeg?resize=350%2C200&ssl=1","width":350,"height":200},"classes":[]}],"jetpack_sharing_enabled":true,"amp_enabled":true,"_links":{"self":[{"href":"https:\/\/m365-boutique.fr\/index.php?rest_route=\/wp\/v2\/product\/908","targetHints":{"allow":["GET"]}}],"collection":[{"href":"https:\/\/m365-boutique.fr\/index.php?rest_route=\/wp\/v2\/product"}],"about":[{"href":"https:\/\/m365-boutique.fr\/index.php?rest_route=\/wp\/v2\/types\/product"}],"replies":[{"embeddable":true,"href":"https:\/\/m365-boutique.fr\/index.php?rest_route=%2Fwp%2Fv2%2Fcomments&post=908"}],"wp:featuredmedia":[{"embeddable":true,"href":"https:\/\/m365-boutique.fr\/index.php?rest_route=\/wp\/v2\/media\/906"}],"wp:attachment":[{"href":"https:\/\/m365-boutique.fr\/index.php?rest_route=%2Fwp%2Fv2%2Fmedia&parent=908"}],"wp:term":[{"taxonomy":"product_brand","embeddable":true,"href":"https:\/\/m365-boutique.fr\/index.php?rest_route=%2Fwp%2Fv2%2Fproduct_brand&post=908"},{"taxonomy":"product_cat","embeddable":true,"href":"https:\/\/m365-boutique.fr\/index.php?rest_route=%2Fwp%2Fv2%2Fproduct_cat&post=908"},{"taxonomy":"product_tag","embeddable":true,"href":"https:\/\/m365-boutique.fr\/index.php?rest_route=%2Fwp%2Fv2%2Fproduct_tag&post=908"}],"curies":[{"name":"wp","href":"https:\/\/api.w.org\/{rel}","templated":true}]}}