{"id":912,"date":"2021-04-07T22:53:34","date_gmt":"2021-04-07T20:53:34","guid":{"rendered":"https:\/\/m365-boutique.fr\/produit\/protection-avant-et-arriere-pour-xiaomi-m365-m365-pro"},"modified":"2023-05-19T01:36:54","modified_gmt":"2023-05-18T23:36:54","slug":"protection-avant-et-arriere-pour-xiaomi-m365-m365-pro","status":"publish","type":"product","link":"https:\/\/m365-boutique.fr\/?product=protection-avant-et-arriere-pour-xiaomi-m365-m365-pro","title":{"rendered":"Protection avant et arri\u00e8re pour Xiaomi M365\/M365 Pro"},"content":{"rendered":"<p>Cache de protection roue avant et arri\u00e8re pour Xiaomi M365 &amp; M365 Pro.<\/p>\n<p>Couleur : NOIR OU BLANC<\/p>\n","protected":false},"excerpt":{"rendered":"<p>Cache de protection roue avant et arri\u00e8re pour Xiaomi M365 &amp; M365 Pro. Couleur : NOIR OU BLANC<\/p>\n","protected":false},"featured_media":911,"comment_status":"open","ping_status":"closed","template":"","meta":[],"product_brand":[],"product_cat":[19],"product_tag":[],"class_list":{"0":"post-912","1":"product","2":"type-product","3":"status-publish","4":"has-post-thumbnail","6":"product_cat-boutique","8":"first","9":"instock","10":"sale","11":"purchasable","12":"product-type-variable"},"aioseo_notices":[],"jetpack-related-posts":[{"id":1387,"url":"https:\/\/m365-boutique.fr\/?product=protection-avant-et-arriere-pour-xiaomi-m365-pro-essential-1s-mi-scooter-3","url_meta":{"origin":912,"position":0},"title":"Protection avant et arri\u00e8re pour Xiaomi M365 Pro\/Essential\/1S\/Mi Scooter 3","author":"m365boutique","date":"14 septembre 2021","format":false,"excerpt":"Cache de protection roue avant et arri\u00e8re pour Xiaomi M365 Pro \/ Essential \/ 1S \/ Mi Scooter 3 Plusieu coloris","rel":"","context":"Article similaire","block_context":{"text":"Article similaire","link":""},"img":{"alt_text":"","src":"https:\/\/i0.wp.com\/m365-boutique.fr\/wp-content\/uploads\/2021\/09\/img_5761.jpeg?resize=350%2C200&ssl=1","width":350,"height":200,"srcset":"https:\/\/i0.wp.com\/m365-boutique.fr\/wp-content\/uploads\/2021\/09\/img_5761.jpeg?resize=350%2C200&ssl=1 1x, https:\/\/i0.wp.com\/m365-boutique.fr\/wp-content\/uploads\/2021\/09\/img_5761.jpeg?resize=525%2C300&ssl=1 1.5x, https:\/\/i0.wp.com\/m365-boutique.fr\/wp-content\/uploads\/2021\/09\/img_5761.jpeg?resize=700%2C400&ssl=1 2x, https:\/\/i0.wp.com\/m365-boutique.fr\/wp-content\/uploads\/2021\/09\/img_5761.jpeg?resize=1050%2C600&ssl=1 3x"},"classes":[]},{"id":3635,"url":"https:\/\/m365-boutique.fr\/?product=protection-avant-et-arriere-pour-xiaomi-pro-4","url_meta":{"origin":912,"position":1},"title":"Protection avant et arri\u00e8re pour Xiaomi Pro 4","author":"m365boutique","date":"19 mars 2024","format":false,"excerpt":"Cache de protection roue avant et arri\u00e8re pour Xiaomi Pro 4","rel":"","context":"Article similaire","block_context":{"text":"Article similaire","link":""},"img":{"alt_text":"","src":"https:\/\/i0.wp.com\/m365-boutique.fr\/wp-content\/uploads\/2024\/03\/img_0899.jpeg?resize=350%2C200&ssl=1","width":350,"height":200,"srcset":"https:\/\/i0.wp.com\/m365-boutique.fr\/wp-content\/uploads\/2024\/03\/img_0899.jpeg?resize=350%2C200&ssl=1 1x, https:\/\/i0.wp.com\/m365-boutique.fr\/wp-content\/uploads\/2024\/03\/img_0899.jpeg?resize=525%2C300&ssl=1 1.5x, https:\/\/i0.wp.com\/m365-boutique.fr\/wp-content\/uploads\/2024\/03\/img_0899.jpeg?resize=700%2C400&ssl=1 2x"},"classes":[]},{"id":1058,"url":"https:\/\/m365-boutique.fr\/?product=protection-arriere-pour-xiaomi-m365-pro-essential-1s-mi-scooter-3","url_meta":{"origin":912,"position":2},"title":"Protection arri\u00e8re pour Xiaomi M365 Pro\/Essential\/1S\/Mi Scooter 3","author":"m365boutique","date":"9 juin 2021","format":false,"excerpt":"Cache de protection roue arri\u00e8re pour Xiaomi M365 Pro \/ Essential \/ 1S \/ Mi Scooter 3 Plusieurs coloris","rel":"","context":"Avec 4 commentaires","block_context":{"text":"Avec 4 commentaires","link":"https:\/\/m365-boutique.fr\/?product=protection-arriere-pour-xiaomi-m365-pro-essential-1s-mi-scooter-3#comments"},"img":{"alt_text":"","src":"https:\/\/i0.wp.com\/m365-boutique.fr\/wp-content\/uploads\/2021\/06\/img_5316.jpeg?resize=350%2C200&ssl=1","width":350,"height":200,"srcset":"https:\/\/i0.wp.com\/m365-boutique.fr\/wp-content\/uploads\/2021\/06\/img_5316.jpeg?resize=350%2C200&ssl=1 1x, https:\/\/i0.wp.com\/m365-boutique.fr\/wp-content\/uploads\/2021\/06\/img_5316.jpeg?resize=525%2C300&ssl=1 1.5x, https:\/\/i0.wp.com\/m365-boutique.fr\/wp-content\/uploads\/2021\/06\/img_5316.jpeg?resize=700%2C400&ssl=1 2x, https:\/\/i0.wp.com\/m365-boutique.fr\/wp-content\/uploads\/2021\/06\/img_5316.jpeg?resize=1050%2C600&ssl=1 3x"},"classes":[]},{"id":1208,"url":"https:\/\/m365-boutique.fr\/?product=pack-confort-pour-xiaomi-m365-m365-pro","url_meta":{"origin":912,"position":3},"title":"Pack confort pour Xiaomi M365\/M365 Pro","author":"m365boutique","date":"30 juillet 2021","format":false,"excerpt":"Pack confort pour Xiaomi M365\/ M365 Pro. - 1 support garde boue arri\u00e8re noir - 1 housse de protection \u00e9tanche noir - 3 caoutchouc anti vibration - 1 crochet de support","rel":"","context":"Article similaire","block_context":{"text":"Article similaire","link":""},"img":{"alt_text":"","src":"https:\/\/i0.wp.com\/m365-boutique.fr\/wp-content\/uploads\/2021\/07\/img_5563.jpeg?resize=350%2C200&ssl=1","width":350,"height":200,"srcset":"https:\/\/i0.wp.com\/m365-boutique.fr\/wp-content\/uploads\/2021\/07\/img_5563.jpeg?resize=350%2C200&ssl=1 1x, https:\/\/i0.wp.com\/m365-boutique.fr\/wp-content\/uploads\/2021\/07\/img_5563.jpeg?resize=525%2C300&ssl=1 1.5x, https:\/\/i0.wp.com\/m365-boutique.fr\/wp-content\/uploads\/2021\/07\/img_5563.jpeg?resize=700%2C400&ssl=1 2x, https:\/\/i0.wp.com\/m365-boutique.fr\/wp-content\/uploads\/2021\/07\/img_5563.jpeg?resize=1050%2C600&ssl=1 3x"},"classes":[]},{"id":1472,"url":"https:\/\/m365-boutique.fr\/?product=protection-avant-pour-xiaomi-m365-pro-essential-1s-mi-scooter-3","url_meta":{"origin":912,"position":4},"title":"Protection avant pour Xiaomi M365 Pro\/ Essential\/1S\/Mi Scooter 3","author":"m365boutique","date":"14 octobre 2021","format":false,"excerpt":"Cache de protection roue avant pour Xiaomi M365 Pro \/ Essential \/ 1S \/ Mi Scooter 3 Plusieurs coloris","rel":"","context":"Avec 1 commentaire","block_context":{"text":"Avec 1 commentaire","link":"https:\/\/m365-boutique.fr\/?product=protection-avant-pour-xiaomi-m365-pro-essential-1s-mi-scooter-3#comments"},"img":{"alt_text":"","src":"https:\/\/i0.wp.com\/m365-boutique.fr\/wp-content\/uploads\/2021\/10\/img_5879-3.jpeg?resize=350%2C200&ssl=1","width":350,"height":200,"srcset":"https:\/\/i0.wp.com\/m365-boutique.fr\/wp-content\/uploads\/2021\/10\/img_5879-3.jpeg?resize=350%2C200&ssl=1 1x, https:\/\/i0.wp.com\/m365-boutique.fr\/wp-content\/uploads\/2021\/10\/img_5879-3.jpeg?resize=525%2C300&ssl=1 1.5x, https:\/\/i0.wp.com\/m365-boutique.fr\/wp-content\/uploads\/2021\/10\/img_5879-3.jpeg?resize=700%2C400&ssl=1 2x, https:\/\/i0.wp.com\/m365-boutique.fr\/wp-content\/uploads\/2021\/10\/img_5879-3.jpeg?resize=1050%2C600&ssl=1 3x"},"classes":[]},{"id":202,"url":"https:\/\/m365-boutique.fr\/?product=bande-reflechissante-xiaomi-m365-m365-pro","url_meta":{"origin":912,"position":5},"title":"Bande r\u00e9fl\u00e9chissante Xiaomi M365\/M365 Pro","author":"m365boutique","date":"23 mai 2020","format":false,"excerpt":"Bande r\u00e9fl\u00e9chissante pour roue avant et arri\u00e8re de Xiaomi M365 & M365 Pro","rel":"","context":"Avec 13 commentaires","block_context":{"text":"Avec 13 commentaires","link":"https:\/\/m365-boutique.fr\/?product=bande-reflechissante-xiaomi-m365-m365-pro#comments"},"img":{"alt_text":"","src":"https:\/\/i0.wp.com\/m365-boutique.fr\/wp-content\/uploads\/2020\/05\/4AC32D81-7B31-410A-90FE-DCB2ED131C77.jpeg?resize=350%2C200&ssl=1","width":350,"height":200,"srcset":"https:\/\/i0.wp.com\/m365-boutique.fr\/wp-content\/uploads\/2020\/05\/4AC32D81-7B31-410A-90FE-DCB2ED131C77.jpeg?resize=350%2C200&ssl=1 1x, https:\/\/i0.wp.com\/m365-boutique.fr\/wp-content\/uploads\/2020\/05\/4AC32D81-7B31-410A-90FE-DCB2ED131C77.jpeg?resize=525%2C300&ssl=1 1.5x, https:\/\/i0.wp.com\/m365-boutique.fr\/wp-content\/uploads\/2020\/05\/4AC32D81-7B31-410A-90FE-DCB2ED131C77.jpeg?resize=700%2C400&ssl=1 2x, https:\/\/i0.wp.com\/m365-boutique.fr\/wp-content\/uploads\/2020\/05\/4AC32D81-7B31-410A-90FE-DCB2ED131C77.jpeg?resize=1050%2C600&ssl=1 3x"},"classes":[]}],"jetpack_sharing_enabled":true,"amp_enabled":true,"_links":{"self":[{"href":"https:\/\/m365-boutique.fr\/index.php?rest_route=\/wp\/v2\/product\/912","targetHints":{"allow":["GET"]}}],"collection":[{"href":"https:\/\/m365-boutique.fr\/index.php?rest_route=\/wp\/v2\/product"}],"about":[{"href":"https:\/\/m365-boutique.fr\/index.php?rest_route=\/wp\/v2\/types\/product"}],"replies":[{"embeddable":true,"href":"https:\/\/m365-boutique.fr\/index.php?rest_route=%2Fwp%2Fv2%2Fcomments&post=912"}],"wp:featuredmedia":[{"embeddable":true,"href":"https:\/\/m365-boutique.fr\/index.php?rest_route=\/wp\/v2\/media\/911"}],"wp:attachment":[{"href":"https:\/\/m365-boutique.fr\/index.php?rest_route=%2Fwp%2Fv2%2Fmedia&parent=912"}],"wp:term":[{"taxonomy":"product_brand","embeddable":true,"href":"https:\/\/m365-boutique.fr\/index.php?rest_route=%2Fwp%2Fv2%2Fproduct_brand&post=912"},{"taxonomy":"product_cat","embeddable":true,"href":"https:\/\/m365-boutique.fr\/index.php?rest_route=%2Fwp%2Fv2%2Fproduct_cat&post=912"},{"taxonomy":"product_tag","embeddable":true,"href":"https:\/\/m365-boutique.fr\/index.php?rest_route=%2Fwp%2Fv2%2Fproduct_tag&post=912"}],"curies":[{"name":"wp","href":"https:\/\/api.w.org\/{rel}","templated":true}]}}